{"id":8670,"date":"2017-06-27T12:05:57","date_gmt":"2017-06-27T10:05:57","guid":{"rendered":"http:\/\/projectes.xtec.cat\/pyirenefp\/?page_id=8670"},"modified":"2018-11-19T09:21:42","modified_gmt":"2018-11-19T08:21:42","slug":"euskadi","status":"publish","type":"page","link":"https:\/\/projectes.xtec.cat\/pyirenefp\/socios\/euskadi\/","title":{"rendered":"Pa\u00eds Vasco"},"content":{"rendered":"<p>El Departamento de Educaci\u00f3n, del Gobierno Vasco dispone de\u00a0las competencias en el \u00e1mbito de la formaci\u00f3n profesional y lleva desarrollando desde sus inicios diversos proyectos europeos de cooperaci\u00f3n como Erasmus + o Aquitania-Euskadi.<\/p>\n<p><img loading=\"lazy\" decoding=\"async\" class=\"wp-image-8291 alignleft\" src=\"http:\/\/projectes.xtec.cat\/pyirenefp\/wp-content\/uploads\/usu498\/2017\/03\/Jaurlaritza_logoa.jpg\" alt=\"jaurlaritza_logoa\" width=\"196\" height=\"88\" srcset=\"https:\/\/projectes.xtec.cat\/pyirenefp\/wp-content\/uploads\/usu498\/2017\/03\/Jaurlaritza_logoa.jpg 448w, https:\/\/projectes.xtec.cat\/pyirenefp\/wp-content\/uploads\/usu498\/2017\/03\/Jaurlaritza_logoa-300x135.jpg 300w\" sizes=\"auto, (max-width: 196px) 100vw, 196px\" \/><\/p>\n<p>&nbsp;<\/p>\n<p>&nbsp;<\/p>\n<p>&nbsp;<\/p>\n<p>Web: <a href=\"http:\/\/www.euskadi.eus\/informacion\/programas-europeos\/web01-a2heteik\/es\/\">http:\/\/www.euskadi.eus\/informacion\/programas-europeos\/web01-a2heteik\/es\/<\/a><\/p>\n<p>Contacto:\u00a0huisape1<span class=\"atwho-query\">@euskadi.eus<\/span><\/p>\n","protected":false},"excerpt":{"rendered":"<p>El Departamento de Educaci\u00f3n, del Gobierno Vasco dispone de\u00a0las competencias en el \u00e1mbito de la formaci\u00f3n profesional y lleva desarrollando desde sus inicios diversos proyectos europeos de cooperaci\u00f3n como Erasmus + o Aquitania-Euskadi.<\/p>\n<p>&nbsp;<br \/>\n&nbsp;<br \/>\n&nbsp;<br \/>\nWeb: <a href=\"http:\/\/www.euskadi.eus\/informacion\/programas-europeos\/web01-a2heteik\/es\/\">http:\/\/www.euskadi.eus\/informacion\/programas-europeos\/web01-a2heteik\/es\/<\/a><br \/>\nContacto:\u00a0huisape1@euskadi.eus<\/p>\n","protected":false},"author":1,"featured_media":0,"parent":8210,"menu_order":0,"comment_status":"closed","ping_status":"closed","template":"","meta":{"_bbp_topic_count":0,"_bbp_reply_count":0,"_bbp_total_topic_count":0,"_bbp_total_reply_count":0,"_bbp_voice_count":0,"_bbp_anonymous_reply_count":0,"_bbp_topic_count_hidden":0,"_bbp_reply_count_hidden":0,"_bbp_forum_subforum_count":0,"footnotes":""},"class_list":["post-8670","page","type-page","status-publish","hentry"],"post_mailing_queue_ids":[],"_links":{"self":[{"href":"https:\/\/projectes.xtec.cat\/pyirenefp\/wp-json\/wp\/v2\/pages\/8670","targetHints":{"allow":["GET"]}}],"collection":[{"href":"https:\/\/projectes.xtec.cat\/pyirenefp\/wp-json\/wp\/v2\/pages"}],"about":[{"href":"https:\/\/projectes.xtec.cat\/pyirenefp\/wp-json\/wp\/v2\/types\/page"}],"author":[{"embeddable":true,"href":"https:\/\/projectes.xtec.cat\/pyirenefp\/wp-json\/wp\/v2\/users\/1"}],"replies":[{"embeddable":true,"href":"https:\/\/projectes.xtec.cat\/pyirenefp\/wp-json\/wp\/v2\/comments?post=8670"}],"version-history":[{"count":3,"href":"https:\/\/projectes.xtec.cat\/pyirenefp\/wp-json\/wp\/v2\/pages\/8670\/revisions"}],"predecessor-version":[{"id":10884,"href":"https:\/\/projectes.xtec.cat\/pyirenefp\/wp-json\/wp\/v2\/pages\/8670\/revisions\/10884"}],"up":[{"embeddable":true,"href":"https:\/\/projectes.xtec.cat\/pyirenefp\/wp-json\/wp\/v2\/pages\/8210"}],"wp:attachment":[{"href":"https:\/\/projectes.xtec.cat\/pyirenefp\/wp-json\/wp\/v2\/media?parent=8670"}],"curies":[{"name":"wp","href":"https:\/\/api.w.org\/{rel}","templated":true}]}}