{"id":8675,"date":"2017-06-27T12:08:33","date_gmt":"2017-06-27T10:08:33","guid":{"rendered":"http:\/\/projectes.xtec.cat\/pyirenefp\/?page_id=8675"},"modified":"2018-10-28T09:24:30","modified_gmt":"2018-10-28T08:24:30","slug":"navarra","status":"publish","type":"page","link":"https:\/\/projectes.xtec.cat\/pyirenefp\/socios\/navarra\/","title":{"rendered":"Navarra"},"content":{"rendered":"<h3><img loading=\"lazy\" decoding=\"async\" class=\"wp-image-8472 alignleft\" src=\"http:\/\/projectes.xtec.cat\/pyirenefp\/wp-content\/uploads\/usu498\/2017\/03\/logoNavarra_baixa_nou.png\" alt=\"logoNavarra_baixa_nou\" width=\"245\" height=\"60\" srcset=\"https:\/\/projectes.xtec.cat\/pyirenefp\/wp-content\/uploads\/usu498\/2017\/03\/logoNavarra_baixa_nou.png 453w, https:\/\/projectes.xtec.cat\/pyirenefp\/wp-content\/uploads\/usu498\/2017\/03\/logoNavarra_baixa_nou-300x74.png 300w\" sizes=\"auto, (max-width: 245px) 100vw, 245px\" \/><\/h3>\n<p><span style=\"font-family: Arial; font-size: medium;\">El Departamento de Educaci\u00f3n de Gobierno de Navarra, desde el Negociado de Internacionalizaci\u00f3n de <u><\/u>la FP<u><\/u>, gestiona las movilidades de los alumnos de los centros p\u00fablicos de Formaci\u00f3n Profesional de la comunidad foral. Participamos en varios proyectos europeos que promueven las movilidades de cientos de estudiantes cada a\u00f1o, incluyendo aquellas que se desarrollan dentro del Proyecto PyireneFP.<\/span><\/p>\n<h3><\/h3>\n<p>Web:\u00a0<a href=\"https:\/\/www.educacion.navarra.es\/web\/dpto\/proyectos-europeos-de-movilidad\/otros-proyectos\">https:\/\/www.educacion.navarra.es\/web\/dpto\/formacion-profesional<\/a><\/p>\n<p>Contacto: fpeuropa@navarra.es<\/p>\n<p>&nbsp;<\/p>\n","protected":false},"excerpt":{"rendered":"<p>El Departamento de Educaci\u00f3n de Gobierno de Navarra, desde el Negociado de Internacionalizaci\u00f3n de la FP, gestiona las movilidades de los alumnos de los centros p\u00fablicos de Formaci\u00f3n Profesional de la comunidad foral. Participamos en varios proyectos europeos que promueven las movilidades de cientos de&hellip;  <a href=\"https:\/\/projectes.xtec.cat\/pyirenefp\/socios\/navarra\/\" title=\"Read Navarra\">Llegeix m\u00e9s\u00bb<\/a><\/p>\n","protected":false},"author":1,"featured_media":0,"parent":8210,"menu_order":0,"comment_status":"closed","ping_status":"closed","template":"","meta":{"_bbp_topic_count":0,"_bbp_reply_count":0,"_bbp_total_topic_count":0,"_bbp_total_reply_count":0,"_bbp_voice_count":0,"_bbp_anonymous_reply_count":0,"_bbp_topic_count_hidden":0,"_bbp_reply_count_hidden":0,"_bbp_forum_subforum_count":0,"footnotes":""},"class_list":["post-8675","page","type-page","status-publish","hentry"],"post_mailing_queue_ids":[],"_links":{"self":[{"href":"https:\/\/projectes.xtec.cat\/pyirenefp\/wp-json\/wp\/v2\/pages\/8675","targetHints":{"allow":["GET"]}}],"collection":[{"href":"https:\/\/projectes.xtec.cat\/pyirenefp\/wp-json\/wp\/v2\/pages"}],"about":[{"href":"https:\/\/projectes.xtec.cat\/pyirenefp\/wp-json\/wp\/v2\/types\/page"}],"author":[{"embeddable":true,"href":"https:\/\/projectes.xtec.cat\/pyirenefp\/wp-json\/wp\/v2\/users\/1"}],"replies":[{"embeddable":true,"href":"https:\/\/projectes.xtec.cat\/pyirenefp\/wp-json\/wp\/v2\/comments?post=8675"}],"version-history":[{"count":3,"href":"https:\/\/projectes.xtec.cat\/pyirenefp\/wp-json\/wp\/v2\/pages\/8675\/revisions"}],"predecessor-version":[{"id":10761,"href":"https:\/\/projectes.xtec.cat\/pyirenefp\/wp-json\/wp\/v2\/pages\/8675\/revisions\/10761"}],"up":[{"embeddable":true,"href":"https:\/\/projectes.xtec.cat\/pyirenefp\/wp-json\/wp\/v2\/pages\/8210"}],"wp:attachment":[{"href":"https:\/\/projectes.xtec.cat\/pyirenefp\/wp-json\/wp\/v2\/media?parent=8675"}],"curies":[{"name":"wp","href":"https:\/\/api.w.org\/{rel}","templated":true}]}}