{"id":8677,"date":"2017-06-27T12:09:22","date_gmt":"2017-06-27T10:09:22","guid":{"rendered":"http:\/\/projectes.xtec.cat\/pyirenefp\/?page_id=8677"},"modified":"2018-02-22T18:28:57","modified_gmt":"2018-02-22T17:28:57","slug":"nouvelle-aquitaine","status":"publish","type":"page","link":"https:\/\/projectes.xtec.cat\/pyirenefp\/socios\/nouvelle-aquitaine\/","title":{"rendered":"Nueva &#8211; Aquitania"},"content":{"rendered":"<p>Es la administraci\u00f3n p\u00fablica con competencias en el \u00e1mbito de la formaci\u00f3n inicial, del aprendizaje y de la formaci\u00f3n profesional continua en este territorio y lleva gestionando proyectos estrat\u00e9gicos territoriales europeos desde hace varios a\u00f1os, lo que la convierte en una entidad experimentada en este campo.<\/p>\n<p><a href=\"https:\/\/www.nouvelle-aquitaine.fr\/\"><img loading=\"lazy\" decoding=\"async\" class=\"alignnone wp-image-8473\" src=\"http:\/\/projectes.xtec.cat\/pyirenefp\/wp-content\/uploads\/usu498\/2017\/03\/logo-NouvelleAquitaine_nou.png\" alt=\"logo-NouvelleAquitaine_nou\" width=\"160\" height=\"90\" srcset=\"https:\/\/projectes.xtec.cat\/pyirenefp\/wp-content\/uploads\/usu498\/2017\/03\/logo-NouvelleAquitaine_nou.png 999w, https:\/\/projectes.xtec.cat\/pyirenefp\/wp-content\/uploads\/usu498\/2017\/03\/logo-NouvelleAquitaine_nou-300x169.png 300w, https:\/\/projectes.xtec.cat\/pyirenefp\/wp-content\/uploads\/usu498\/2017\/03\/logo-NouvelleAquitaine_nou-768x432.png 768w\" sizes=\"auto, (max-width: 160px) 100vw, 160px\" \/><\/a><\/p>\n<p>Web:\u00a0<a href=\"http:\/\/apprentissage.aquitaine.fr\/\">http:\/\/apprentissage.aquitaine.fr\/<\/a><\/p>\n<p>Contacto:<\/p>\n","protected":false},"excerpt":{"rendered":"<p>Es la administraci\u00f3n p\u00fablica con competencias en el \u00e1mbito de la formaci\u00f3n inicial, del aprendizaje y de la formaci\u00f3n profesional continua en este territorio y lleva gestionando proyectos estrat\u00e9gicos territoriales europeos desde hace varios a\u00f1os, lo que la convierte en una entidad experimentada en este&hellip;  <a href=\"https:\/\/projectes.xtec.cat\/pyirenefp\/socios\/nouvelle-aquitaine\/\" title=\"Read Nueva &#8211; Aquitania\">Llegeix m\u00e9s\u00bb<\/a><\/p>\n","protected":false},"author":1,"featured_media":0,"parent":8210,"menu_order":0,"comment_status":"closed","ping_status":"closed","template":"","meta":{"_bbp_topic_count":0,"_bbp_reply_count":0,"_bbp_total_topic_count":0,"_bbp_total_reply_count":0,"_bbp_voice_count":0,"_bbp_anonymous_reply_count":0,"_bbp_topic_count_hidden":0,"_bbp_reply_count_hidden":0,"_bbp_forum_subforum_count":0,"footnotes":""},"class_list":["post-8677","page","type-page","status-publish","hentry"],"post_mailing_queue_ids":[],"_links":{"self":[{"href":"https:\/\/projectes.xtec.cat\/pyirenefp\/wp-json\/wp\/v2\/pages\/8677","targetHints":{"allow":["GET"]}}],"collection":[{"href":"https:\/\/projectes.xtec.cat\/pyirenefp\/wp-json\/wp\/v2\/pages"}],"about":[{"href":"https:\/\/projectes.xtec.cat\/pyirenefp\/wp-json\/wp\/v2\/types\/page"}],"author":[{"embeddable":true,"href":"https:\/\/projectes.xtec.cat\/pyirenefp\/wp-json\/wp\/v2\/users\/1"}],"replies":[{"embeddable":true,"href":"https:\/\/projectes.xtec.cat\/pyirenefp\/wp-json\/wp\/v2\/comments?post=8677"}],"version-history":[{"count":4,"href":"https:\/\/projectes.xtec.cat\/pyirenefp\/wp-json\/wp\/v2\/pages\/8677\/revisions"}],"predecessor-version":[{"id":10079,"href":"https:\/\/projectes.xtec.cat\/pyirenefp\/wp-json\/wp\/v2\/pages\/8677\/revisions\/10079"}],"up":[{"embeddable":true,"href":"https:\/\/projectes.xtec.cat\/pyirenefp\/wp-json\/wp\/v2\/pages\/8210"}],"wp:attachment":[{"href":"https:\/\/projectes.xtec.cat\/pyirenefp\/wp-json\/wp\/v2\/media?parent=8677"}],"curies":[{"name":"wp","href":"https:\/\/api.w.org\/{rel}","templated":true}]}}