{"id":8679,"date":"2017-06-27T12:09:53","date_gmt":"2017-06-27T10:09:53","guid":{"rendered":"http:\/\/projectes.xtec.cat\/pyirenefp\/?page_id=8679"},"modified":"2017-07-07T19:33:55","modified_gmt":"2017-07-07T17:33:55","slug":"occitanie","status":"publish","type":"page","link":"https:\/\/projectes.xtec.cat\/pyirenefp\/socios\/occitanie\/","title":{"rendered":"Occitania"},"content":{"rendered":"<p style=\"text-align: left;\">Esta administraci\u00f3n p\u00fablica es miembro de la comunidad de trabajo de los Pirineos y est\u00e1 implicada en proyectos de cooperaci\u00f3n transfronteriza desde el a\u00f1o 2001 por lo que es evidente que comparte la voluntad de profundizar y ampliar la cooperaci\u00f3n interregional establecida en este proyecto con todos los socios integrantes del mismo.<\/p>\n<table class=\"noborder\" style=\"height: 140px; width: 504px;\">\n<tbody>\n<tr style=\"height: 98px;\">\n<td style=\"width: 112px; height: 98px;\"><a href=\"http:\/\/www.laregion.fr\/\"><img loading=\"lazy\" decoding=\"async\" class=\"wp-image-8475 alignleft\" src=\"http:\/\/projectes.xtec.cat\/pyirenefp\/wp-content\/uploads\/usu498\/2017\/03\/logo_region_occitaniepyreneesmediterranee_nou.jpg\" alt=\"logo_region_occitaniepyreneesmediterranee_nou\" width=\"100\" height=\"100\" srcset=\"https:\/\/projectes.xtec.cat\/pyirenefp\/wp-content\/uploads\/usu498\/2017\/03\/logo_region_occitaniepyreneesmediterranee_nou.jpg 630w, https:\/\/projectes.xtec.cat\/pyirenefp\/wp-content\/uploads\/usu498\/2017\/03\/logo_region_occitaniepyreneesmediterranee_nou-150x150.jpg 150w, https:\/\/projectes.xtec.cat\/pyirenefp\/wp-content\/uploads\/usu498\/2017\/03\/logo_region_occitaniepyreneesmediterranee_nou-300x300.jpg 300w\" sizes=\"auto, (max-width: 100px) 100vw, 100px\" \/><\/a><\/td>\n<td style=\"width: 350px; height: 98px;\">Web:\u00a0<a href=\"http:\/\/www.midipyrenees.fr\/L-apprentissage-8208\">http:\/\/www.midipyrenees.fr\/L-apprentissage-8208<\/a><\/p>\n<p>Contacto:<\/td>\n<\/tr>\n<\/tbody>\n<\/table>\n","protected":false},"excerpt":{"rendered":"<p>Esta administraci\u00f3n p\u00fablica es miembro de la comunidad de trabajo de los Pirineos y est\u00e1 implicada en proyectos de cooperaci\u00f3n transfronteriza desde el a\u00f1o 2001 por lo que es evidente que comparte la voluntad de profundizar y ampliar la cooperaci\u00f3n interregional establecida en este proyecto&hellip;  <a href=\"https:\/\/projectes.xtec.cat\/pyirenefp\/socios\/occitanie\/\" title=\"Read Occitania\">Llegeix m\u00e9s\u00bb<\/a><\/p>\n","protected":false},"author":1,"featured_media":0,"parent":8210,"menu_order":0,"comment_status":"closed","ping_status":"closed","template":"","meta":{"_bbp_topic_count":0,"_bbp_reply_count":0,"_bbp_total_topic_count":0,"_bbp_total_reply_count":0,"_bbp_voice_count":0,"_bbp_anonymous_reply_count":0,"_bbp_topic_count_hidden":0,"_bbp_reply_count_hidden":0,"_bbp_forum_subforum_count":0,"footnotes":""},"class_list":["post-8679","page","type-page","status-publish","hentry"],"post_mailing_queue_ids":[],"_links":{"self":[{"href":"https:\/\/projectes.xtec.cat\/pyirenefp\/wp-json\/wp\/v2\/pages\/8679","targetHints":{"allow":["GET"]}}],"collection":[{"href":"https:\/\/projectes.xtec.cat\/pyirenefp\/wp-json\/wp\/v2\/pages"}],"about":[{"href":"https:\/\/projectes.xtec.cat\/pyirenefp\/wp-json\/wp\/v2\/types\/page"}],"author":[{"embeddable":true,"href":"https:\/\/projectes.xtec.cat\/pyirenefp\/wp-json\/wp\/v2\/users\/1"}],"replies":[{"embeddable":true,"href":"https:\/\/projectes.xtec.cat\/pyirenefp\/wp-json\/wp\/v2\/comments?post=8679"}],"version-history":[{"count":3,"href":"https:\/\/projectes.xtec.cat\/pyirenefp\/wp-json\/wp\/v2\/pages\/8679\/revisions"}],"predecessor-version":[{"id":8929,"href":"https:\/\/projectes.xtec.cat\/pyirenefp\/wp-json\/wp\/v2\/pages\/8679\/revisions\/8929"}],"up":[{"embeddable":true,"href":"https:\/\/projectes.xtec.cat\/pyirenefp\/wp-json\/wp\/v2\/pages\/8210"}],"wp:attachment":[{"href":"https:\/\/projectes.xtec.cat\/pyirenefp\/wp-json\/wp\/v2\/media?parent=8679"}],"curies":[{"name":"wp","href":"https:\/\/api.w.org\/{rel}","templated":true}]}}