{"id":8734,"date":"2017-07-07T17:48:15","date_gmt":"2017-07-07T15:48:15","guid":{"rendered":"http:\/\/projectes.xtec.cat\/pyirenefp\/?page_id=8734"},"modified":"2018-10-23T11:09:00","modified_gmt":"2018-10-23T09:09:00","slug":"agenda-dactivitats","status":"publish","type":"page","link":"https:\/\/projectes.xtec.cat\/pyirenefp\/actualitat\/agenda-dactivitats\/","title":{"rendered":"Agenda d&#8217;activitats"},"content":{"rendered":"<p><span style=\"color: #ff6600;\"><strong>1r dia transfronterer entre les organitzacions de formaci\u00f3 d&#8217;auxiliars d&#8217;infermeria <\/strong><\/span><a href=\"https:\/\/projectes.xtec.cat\/pyirenefp\/wp-content\/uploads\/usu498\/2018\/10\/IMG_1393.jpg\"><img loading=\"lazy\" decoding=\"async\" class=\"wp-image-10728 alignright\" src=\"https:\/\/projectes.xtec.cat\/pyirenefp\/wp-content\/uploads\/usu498\/2018\/10\/IMG_1393-1024x768.jpg\" alt=\"\" width=\"222\" height=\"167\" srcset=\"https:\/\/projectes.xtec.cat\/pyirenefp\/wp-content\/uploads\/usu498\/2018\/10\/IMG_1393-1024x768.jpg 1024w, https:\/\/projectes.xtec.cat\/pyirenefp\/wp-content\/uploads\/usu498\/2018\/10\/IMG_1393-300x225.jpg 300w, https:\/\/projectes.xtec.cat\/pyirenefp\/wp-content\/uploads\/usu498\/2018\/10\/IMG_1393-768x576.jpg 768w, https:\/\/projectes.xtec.cat\/pyirenefp\/wp-content\/uploads\/usu498\/2018\/10\/IMG_1393-200x150.jpg 200w\" sizes=\"auto, (max-width: 222px) 100vw, 222px\" \/><\/a><\/p>\n<p>Data: 23\/10\/2018<\/p>\n<p>Lloc: Cambo-les-Bains<\/p>\n<hr \/>\n<p><strong><span style=\"color: #ff6600;\">Formaci\u00f3 regional d&#8217;orientaci\u00f3 transfronterera<\/span> \u2013 Nueva-Aquitania\u00a0\u00a0<\/strong> <a href=\"https:\/\/projectes.xtec.cat\/pyirenefp\/wp-content\/uploads\/usu498\/2018\/10\/Formation-orientation-26.09.jpeg\"><img loading=\"lazy\" decoding=\"async\" class=\"wp-image-10712 alignright\" src=\"https:\/\/projectes.xtec.cat\/pyirenefp\/wp-content\/uploads\/usu498\/2018\/10\/Formation-orientation-26.09-1024x768.jpeg\" alt=\"\" width=\"214\" height=\"161\" srcset=\"https:\/\/projectes.xtec.cat\/pyirenefp\/wp-content\/uploads\/usu498\/2018\/10\/Formation-orientation-26.09-1024x768.jpeg 1024w, https:\/\/projectes.xtec.cat\/pyirenefp\/wp-content\/uploads\/usu498\/2018\/10\/Formation-orientation-26.09-300x225.jpeg 300w, https:\/\/projectes.xtec.cat\/pyirenefp\/wp-content\/uploads\/usu498\/2018\/10\/Formation-orientation-26.09-768x576.jpeg 768w, https:\/\/projectes.xtec.cat\/pyirenefp\/wp-content\/uploads\/usu498\/2018\/10\/Formation-orientation-26.09-200x150.jpeg 200w, https:\/\/projectes.xtec.cat\/pyirenefp\/wp-content\/uploads\/usu498\/2018\/10\/Formation-orientation-26.09.jpeg 2048w\" sizes=\"auto, (max-width: 214px) 100vw, 214px\" \/><\/a><\/p>\n<p>Data : 26\/09\/2018<\/p>\n<p>Lloc: Mourenx<\/p>\n<p>&nbsp;<\/p>\n<hr \/>\n<p><strong><span style=\"color: #ff6600;\">Formaci\u00f3 regional mobilitat transfronterera FP &#8211; Catalunya<a href=\"http:\/\/projectes.xtec.cat\/pyirenefp\/wp-content\/uploads\/usu498\/2017\/04\/IMG-20180625-WA0003.jpg\"><img loading=\"lazy\" decoding=\"async\" class=\"alignright wp-image-10427 \" src=\"http:\/\/projectes.xtec.cat\/pyirenefp\/wp-content\/uploads\/usu498\/2017\/04\/IMG-20180625-WA0003-300x225.jpg\" alt=\"\" width=\"215\" height=\"164\" \/><\/a><br \/>\n<\/span><\/strong><\/p>\n<p>Data: 25\/06\/2018 i 27\/06\/2018<\/p>\n<p>Lloc: Institut de Vic (Catalunya)<\/p>\n<p>&nbsp;<\/p>\n<hr \/>\n<p><span style=\"color: #ff6600;\"><strong>Formaci\u00f3 regional mobilitat transfronterera \u2013 Nueva-Aquitania <\/strong><\/span><a href=\"https:\/\/projectes.xtec.cat\/pyirenefp\/wp-content\/uploads\/usu498\/2018\/10\/Formation-mobilite\u0301-transf.-17.05.jpg\"><img loading=\"lazy\" decoding=\"async\" class=\"wp-image-10704 alignright\" src=\"https:\/\/projectes.xtec.cat\/pyirenefp\/wp-content\/uploads\/usu498\/2018\/10\/Formation-mobilite\u0301-transf.-17.05-1024x768.jpg\" alt=\"\" width=\"215\" height=\"161\" srcset=\"https:\/\/projectes.xtec.cat\/pyirenefp\/wp-content\/uploads\/usu498\/2018\/10\/Formation-mobilite\u0301-transf.-17.05-1024x768.jpg 1024w, https:\/\/projectes.xtec.cat\/pyirenefp\/wp-content\/uploads\/usu498\/2018\/10\/Formation-mobilite\u0301-transf.-17.05-300x225.jpg 300w, https:\/\/projectes.xtec.cat\/pyirenefp\/wp-content\/uploads\/usu498\/2018\/10\/Formation-mobilite\u0301-transf.-17.05-768x576.jpg 768w, https:\/\/projectes.xtec.cat\/pyirenefp\/wp-content\/uploads\/usu498\/2018\/10\/Formation-mobilite\u0301-transf.-17.05-200x150.jpg 200w, https:\/\/projectes.xtec.cat\/pyirenefp\/wp-content\/uploads\/usu498\/2018\/10\/Formation-mobilite\u0301-transf.-17.05.jpg 1417w\" sizes=\"auto, (max-width: 215px) 100vw, 215px\" \/><\/a><\/p>\n<p>Data : 17\/05\/2018<\/p>\n<p>Lloc: Baiona<\/p>\n<p>&nbsp;<\/p>\n<hr \/>\n<p><strong><span style=\"color: #ff6600;\">Formaci\u00f3 regional d&#8217;orientaci\u00f3 transfronterera de l&#8217;FP &#8211; Catalunya<a href=\"http:\/\/projectes.xtec.cat\/pyirenefp\/wp-content\/uploads\/usu498\/2017\/04\/20180607_104326_web.jpg\"><img loading=\"lazy\" decoding=\"async\" class=\"wp-image-10264 alignright\" src=\"http:\/\/projectes.xtec.cat\/pyirenefp\/wp-content\/uploads\/usu498\/2017\/04\/20180607_104326_web-300x225.jpg\" alt=\"\" width=\"215\" height=\"157\" \/><\/a><br \/>\n<\/span><\/strong><\/p>\n<p>Data: 7\/05\/2018 i 7\/06\/2018<\/p>\n<p>Lloc: Institut de Vic (Catalunya)<\/p>\n<hr \/>\n<p><strong><span style=\"color: #ff6600;\">Comit\u00e9 de pilotatge del projecte PyireneFP &#8211; Regi\u00f3 Nouvelle-Aquitaine<a href=\"http:\/\/projectes.xtec.cat\/pyirenefp\/wp-content\/uploads\/usu498\/2018\/04\/Hendaya.jpg\"><img loading=\"lazy\" decoding=\"async\" class=\"wp-image-9637 alignright\" src=\"http:\/\/projectes.xtec.cat\/pyirenefp\/wp-content\/uploads\/usu498\/2018\/04\/Hendaya-300x225.jpg\" alt=\"\" width=\"212\" height=\"148\" \/><\/a><br \/>\n<\/span><\/strong><\/p>\n<p>Data: 25\/04\/2018 i 26\/04\/2018<\/p>\n<p>Lloc: Hendaya<\/p>\n<hr \/>\n<p><strong><a href=\"http:\/\/projectes.xtec.cat\/pyirenefp\/wp-content\/uploads\/usu498\/2018\/03\/HosteleriaBCN_150320182_WEB.jpg\"><img loading=\"lazy\" decoding=\"async\" class=\"wp-image-9588 alignright\" src=\"http:\/\/projectes.xtec.cat\/pyirenefp\/wp-content\/uploads\/usu498\/2018\/03\/HosteleriaBCN_150320182_WEB-1024x556.jpg\" alt=\"\" width=\"217\" height=\"118\" srcset=\"https:\/\/projectes.xtec.cat\/pyirenefp\/wp-content\/uploads\/usu498\/2018\/03\/HosteleriaBCN_150320182_WEB-1024x556.jpg 1024w, https:\/\/projectes.xtec.cat\/pyirenefp\/wp-content\/uploads\/usu498\/2018\/03\/HosteleriaBCN_150320182_WEB-300x163.jpg 300w, https:\/\/projectes.xtec.cat\/pyirenefp\/wp-content\/uploads\/usu498\/2018\/03\/HosteleriaBCN_150320182_WEB-768x417.jpg 768w, https:\/\/projectes.xtec.cat\/pyirenefp\/wp-content\/uploads\/usu498\/2018\/03\/HosteleriaBCN_150320182_WEB.jpg 1530w\" sizes=\"auto, (max-width: 217px) 100vw, 217px\" \/><\/a><span style=\"color: #ff6600;\">Jornada de Mobilitat Transfronterera en Gastronomia<br \/>\n<\/span><\/strong><\/p>\n<p>Data: 15\/03\/2018<\/p>\n<p>Lloc: Barcelona<\/p>\n<hr \/>\n<p><strong><span style=\"color: #ff6600;\">Formaci\u00f3 de Formadors de Mobilitat de la Formaci\u00f3 Professional \u2013 Occitanie<\/span><span style=\"color: #ff6600;\"><a href=\"http:\/\/projectes.xtec.cat\/pyirenefp\/wp-content\/uploads\/usu498\/2018\/02\/Fdf_Mobilidad.jpg\"><img loading=\"lazy\" decoding=\"async\" class=\"wp-image-9220 alignright\" src=\"http:\/\/projectes.xtec.cat\/pyirenefp\/wp-content\/uploads\/usu498\/2018\/02\/Fdf_Mobilidad.jpg\" alt=\"\" width=\"214\" height=\"107\" srcset=\"https:\/\/projectes.xtec.cat\/pyirenefp\/wp-content\/uploads\/usu498\/2018\/02\/Fdf_Mobilidad.jpg 1000w, https:\/\/projectes.xtec.cat\/pyirenefp\/wp-content\/uploads\/usu498\/2018\/02\/Fdf_Mobilidad-300x150.jpg 300w, https:\/\/projectes.xtec.cat\/pyirenefp\/wp-content\/uploads\/usu498\/2018\/02\/Fdf_Mobilidad-768x384.jpg 768w\" sizes=\"auto, (max-width: 214px) 100vw, 214px\" \/><\/a><\/span><\/strong><\/p>\n<p>Data: 12\/02\/2018 i 13\/02\/2018<\/p>\n<p>Lloc: Toulouse<\/p>\n<hr \/>\n<p><strong><span style=\"color: #ff6600;\">Formaci\u00f3 de Formadors d&#8217;Orientaci\u00f3 de la Formaci\u00f3 Professional \u2013 Euskadi<\/span><a href=\"http:\/\/projectes.xtec.cat\/pyirenefp\/wp-content\/uploads\/usu498\/2018\/02\/Euskadi_Foto-grup-formaci\u00f3-.jpg\"><img loading=\"lazy\" decoding=\"async\" class=\"wp-image-9219 alignright\" src=\"http:\/\/projectes.xtec.cat\/pyirenefp\/wp-content\/uploads\/usu498\/2018\/02\/Euskadi_Foto-grup-formaci\u00f3-.jpg\" alt=\"\" width=\"212\" height=\"126\" srcset=\"https:\/\/projectes.xtec.cat\/pyirenefp\/wp-content\/uploads\/usu498\/2018\/02\/Euskadi_Foto-grup-formaci\u00f3-.jpg 992w, https:\/\/projectes.xtec.cat\/pyirenefp\/wp-content\/uploads\/usu498\/2018\/02\/Euskadi_Foto-grup-formaci\u00f3--300x178.jpg 300w, https:\/\/projectes.xtec.cat\/pyirenefp\/wp-content\/uploads\/usu498\/2018\/02\/Euskadi_Foto-grup-formaci\u00f3--768x457.jpg 768w\" sizes=\"auto, (max-width: 212px) 100vw, 212px\" \/><\/a><\/strong><\/p>\n<p>Data: 22\/01\/2018 i 23\/01\/2018<\/p>\n<p>Lloc: San Sebasti\u00e1n<\/p>\n<hr \/>\n<p><a href=\"http:\/\/projectes.xtec.cat\/pyirenefp\/wp-content\/uploads\/usu498\/2018\/01\/IMG_20180109_113328_bis.jpg\"><img loading=\"lazy\" decoding=\"async\" class=\"wp-image-9016 alignright\" src=\"http:\/\/projectes.xtec.cat\/pyirenefp\/wp-content\/uploads\/usu498\/2018\/01\/IMG_20180109_113328_bis-1024x768.jpg\" alt=\"\" width=\"181\" height=\"136\" srcset=\"https:\/\/projectes.xtec.cat\/pyirenefp\/wp-content\/uploads\/usu498\/2018\/01\/IMG_20180109_113328_bis-1024x768.jpg 1024w, https:\/\/projectes.xtec.cat\/pyirenefp\/wp-content\/uploads\/usu498\/2018\/01\/IMG_20180109_113328_bis-300x225.jpg 300w, https:\/\/projectes.xtec.cat\/pyirenefp\/wp-content\/uploads\/usu498\/2018\/01\/IMG_20180109_113328_bis-768x576.jpg 768w, https:\/\/projectes.xtec.cat\/pyirenefp\/wp-content\/uploads\/usu498\/2018\/01\/IMG_20180109_113328_bis-200x150.jpg 200w\" sizes=\"auto, (max-width: 181px) 100vw, 181px\" \/><\/a><strong><span style=\"color: #ff6600;\">Reuni\u00f3 de treball de la formaci\u00f3 de formadors \u2013 Catalunya<\/span><\/strong><\/p>\n<p>Data: 09\/01\/2018<\/p>\n<p>Lloc: Departament d&#8217;Ensenyament &#8211; Barcelona<\/p>\n<hr \/>\n<p><span style=\"color: #ff6600;\"><strong>Comit\u00e8 de pilotatge del projecte PyireneFP &#8211; Navarra\u00a0\u00a0 <a href=\"http:\/\/projectes.xtec.cat\/pyirenefp\/wp-content\/uploads\/usu498\/2017\/04\/Reuni\u00f3n-Pamplona.jpg\"><img loading=\"lazy\" decoding=\"async\" class=\"wp-image-9009 alignright\" src=\"http:\/\/projectes.xtec.cat\/pyirenefp\/wp-content\/uploads\/usu498\/2017\/04\/Reuni\u00f3n-Pamplona-1024x768.jpg\" alt=\"\" width=\"187\" height=\"136\" \/><\/a> <\/strong><\/span><\/p>\n<p>Data: 19\/10\/2017 i 20\/10\/2017<\/p>\n<p>Lloc: Departamento d&#8217;Educaci\u00f3 \u2013 Pamplona<\/p>\n<hr \/>\n<p><strong><span style=\"color: #ff6600;\">Jornada presentaci\u00f3 regional projecte PyireneFP &#8211; Navarra<\/span><\/strong><\/p>\n<p>Data: 01\/06\/2017<strong><a href=\"http:\/\/projectes.xtec.cat\/pyirenefp\/wp-content\/uploads\/usu498\/2017\/04\/interreg-POCTEFA-PyireneFP-PANTONE.jpg\"><img loading=\"lazy\" decoding=\"async\" class=\"wp-image-9010 alignright\" src=\"http:\/\/projectes.xtec.cat\/pyirenefp\/wp-content\/uploads\/usu498\/2017\/04\/interreg-POCTEFA-PyireneFP-PANTONE-1024x459.jpg\" alt=\"\" width=\"194\" height=\"86\" srcset=\"https:\/\/projectes.xtec.cat\/pyirenefp\/wp-content\/uploads\/usu498\/2017\/04\/interreg-POCTEFA-PyireneFP-PANTONE-1024x459.jpg 1024w, https:\/\/projectes.xtec.cat\/pyirenefp\/wp-content\/uploads\/usu498\/2017\/04\/interreg-POCTEFA-PyireneFP-PANTONE-300x135.jpg 300w, https:\/\/projectes.xtec.cat\/pyirenefp\/wp-content\/uploads\/usu498\/2017\/04\/interreg-POCTEFA-PyireneFP-PANTONE-768x345.jpg 768w, https:\/\/projectes.xtec.cat\/pyirenefp\/wp-content\/uploads\/usu498\/2017\/04\/interreg-POCTEFA-PyireneFP-PANTONE.jpg 1843w\" sizes=\"auto, (max-width: 194px) 100vw, 194px\" \/><\/a><\/strong><\/p>\n<p>Lloc: Pamplona<\/p>\n<hr \/>\n<p><span style=\"color: #ff6600;\"><strong>Jornada presentaci\u00f3 regional projecte PyireneFP &#8211; Nueva-Aquitania<\/strong><\/span><a href=\"https:\/\/projectes.xtec.cat\/pyirenefp\/wp-content\/uploads\/usu498\/2018\/10\/Journe\u0301e-de-lancement-NA-12.05.2017.jpg\"><img loading=\"lazy\" decoding=\"async\" class=\"wp-image-10668 alignright\" src=\"https:\/\/projectes.xtec.cat\/pyirenefp\/wp-content\/uploads\/usu498\/2018\/10\/Journe\u0301e-de-lancement-NA-12.05.2017-1024x768.jpg\" alt=\"\" width=\"202\" height=\"151\" srcset=\"https:\/\/projectes.xtec.cat\/pyirenefp\/wp-content\/uploads\/usu498\/2018\/10\/Journe\u0301e-de-lancement-NA-12.05.2017-1024x768.jpg 1024w, https:\/\/projectes.xtec.cat\/pyirenefp\/wp-content\/uploads\/usu498\/2018\/10\/Journe\u0301e-de-lancement-NA-12.05.2017-300x225.jpg 300w, https:\/\/projectes.xtec.cat\/pyirenefp\/wp-content\/uploads\/usu498\/2018\/10\/Journe\u0301e-de-lancement-NA-12.05.2017-768x576.jpg 768w, https:\/\/projectes.xtec.cat\/pyirenefp\/wp-content\/uploads\/usu498\/2018\/10\/Journe\u0301e-de-lancement-NA-12.05.2017-200x150.jpg 200w, https:\/\/projectes.xtec.cat\/pyirenefp\/wp-content\/uploads\/usu498\/2018\/10\/Journe\u0301e-de-lancement-NA-12.05.2017.jpg 1600w\" sizes=\"auto, (max-width: 202px) 100vw, 202px\" \/><\/a><\/p>\n<p>Data: 12\/05\/2017<\/p>\n<p>Lloc: Bayonne<\/p>\n<hr \/>\n<p><strong><span style=\"color: #ff6600;\">Comit\u00e8 de pilotatge del projecte PyireneFP \u2013 Arag\u00f3<\/span><a href=\"http:\/\/projectes.xtec.cat\/pyirenefp\/wp-content\/uploads\/usu498\/2017\/04\/C-Q_kWTWAAEVVzT.jpg\"><img loading=\"lazy\" decoding=\"async\" class=\" wp-image-8570 alignright\" src=\"http:\/\/projectes.xtec.cat\/pyirenefp\/wp-content\/uploads\/usu498\/2017\/04\/C-Q_kWTWAAEVVzT-300x169.jpg\" alt=\"C-Q_kWTWAAEVVzT\" width=\"201\" height=\"113\" srcset=\"https:\/\/projectes.xtec.cat\/pyirenefp\/wp-content\/uploads\/usu498\/2017\/04\/C-Q_kWTWAAEVVzT-300x169.jpg 300w, https:\/\/projectes.xtec.cat\/pyirenefp\/wp-content\/uploads\/usu498\/2017\/04\/C-Q_kWTWAAEVVzT-768x432.jpg 768w, https:\/\/projectes.xtec.cat\/pyirenefp\/wp-content\/uploads\/usu498\/2017\/04\/C-Q_kWTWAAEVVzT-1024x576.jpg 1024w, https:\/\/projectes.xtec.cat\/pyirenefp\/wp-content\/uploads\/usu498\/2017\/04\/C-Q_kWTWAAEVVzT.jpg 1200w\" sizes=\"auto, (max-width: 201px) 100vw, 201px\" \/><\/a><\/strong><\/p>\n<p>Data: 25\/04\/2017<\/p>\n<p>Lloc: Saragossa<\/p>\n<hr \/>\n<p><span style=\"color: #ff6600;\"><strong>Jornada presentaci\u00f3 regional projecte PyireneFP &#8211; Euskadi<\/strong><\/span><\/p>\n<p>Data: 17\/03\/2017<strong><a href=\"http:\/\/projectes.xtec.cat\/pyirenefp\/wp-content\/uploads\/usu498\/2017\/04\/interreg-POCTEFA-PyireneFP-PANTONE.jpg\"><img loading=\"lazy\" decoding=\"async\" class=\"wp-image-9010 alignright\" src=\"http:\/\/projectes.xtec.cat\/pyirenefp\/wp-content\/uploads\/usu498\/2017\/04\/interreg-POCTEFA-PyireneFP-PANTONE-1024x459.jpg\" alt=\"\" width=\"194\" height=\"86\" srcset=\"https:\/\/projectes.xtec.cat\/pyirenefp\/wp-content\/uploads\/usu498\/2017\/04\/interreg-POCTEFA-PyireneFP-PANTONE-1024x459.jpg 1024w, https:\/\/projectes.xtec.cat\/pyirenefp\/wp-content\/uploads\/usu498\/2017\/04\/interreg-POCTEFA-PyireneFP-PANTONE-300x135.jpg 300w, https:\/\/projectes.xtec.cat\/pyirenefp\/wp-content\/uploads\/usu498\/2017\/04\/interreg-POCTEFA-PyireneFP-PANTONE-768x345.jpg 768w, https:\/\/projectes.xtec.cat\/pyirenefp\/wp-content\/uploads\/usu498\/2017\/04\/interreg-POCTEFA-PyireneFP-PANTONE.jpg 1843w\" sizes=\"auto, (max-width: 194px) 100vw, 194px\" \/><\/a><\/strong><\/p>\n<p>Lloc: Errenteria (Guipuzkkoa)<\/p>\n<hr \/>\n<p><span style=\"color: #ff6600;\"><strong>Jornada presentaci\u00f3 regional projecte PyireneFP &#8211; Arag\u00f3<\/strong><\/span><\/p>\n<p>Data: 10\/01\/2017<\/p>\n<p>Lloc: Huesca<strong><a href=\"http:\/\/projectes.xtec.cat\/pyirenefp\/wp-content\/uploads\/usu498\/2017\/04\/interreg-POCTEFA-PyireneFP-PANTONE.jpg\"><img loading=\"lazy\" decoding=\"async\" class=\"wp-image-9010 alignright\" src=\"http:\/\/projectes.xtec.cat\/pyirenefp\/wp-content\/uploads\/usu498\/2017\/04\/interreg-POCTEFA-PyireneFP-PANTONE-1024x459.jpg\" alt=\"\" width=\"194\" height=\"86\" srcset=\"https:\/\/projectes.xtec.cat\/pyirenefp\/wp-content\/uploads\/usu498\/2017\/04\/interreg-POCTEFA-PyireneFP-PANTONE-1024x459.jpg 1024w, https:\/\/projectes.xtec.cat\/pyirenefp\/wp-content\/uploads\/usu498\/2017\/04\/interreg-POCTEFA-PyireneFP-PANTONE-300x135.jpg 300w, https:\/\/projectes.xtec.cat\/pyirenefp\/wp-content\/uploads\/usu498\/2017\/04\/interreg-POCTEFA-PyireneFP-PANTONE-768x345.jpg 768w, https:\/\/projectes.xtec.cat\/pyirenefp\/wp-content\/uploads\/usu498\/2017\/04\/interreg-POCTEFA-PyireneFP-PANTONE.jpg 1843w\" sizes=\"auto, (max-width: 194px) 100vw, 194px\" \/><\/a><\/strong><\/p>\n<hr \/>\n<p><span style=\"color: #ff6600;\"><strong>Jornada presentaci\u00f3 territorial Catalunya Projecte PyireneFP<a href=\"http:\/\/projectes.xtec.cat\/pyirenefp\/wp-content\/uploads\/usu498\/2017\/04\/01-presentacio-CAT-20-des.jpg\"><img loading=\"lazy\" decoding=\"async\" class=\" wp-image-8589 alignright\" src=\"http:\/\/projectes.xtec.cat\/pyirenefp\/wp-content\/uploads\/usu498\/2017\/04\/01-presentacio-CAT-20-des-300x225.jpg\" alt=\"01 presentacio CAT 20 des\" width=\"201\" height=\"133\" \/><\/a> <\/strong><\/span><\/p>\n<p>Data: 20\/12\/2016<\/p>\n<p>Lloc: Institut Cal\u00b7lipolis \u2013 Tarragona<\/p>\n<hr \/>\n<p><span style=\"color: #ff6600;\"><strong>Presentaci\u00f3 territorial Catalunya Projecte PyireneFP <\/strong><\/span><\/p>\n<p>Data: 19\/12\/2016<strong><a href=\"http:\/\/projectes.xtec.cat\/pyirenefp\/wp-content\/uploads\/usu498\/2017\/04\/interreg-POCTEFA-PyireneFP-PANTONE.jpg\"><img loading=\"lazy\" decoding=\"async\" class=\"wp-image-9010 alignright\" src=\"http:\/\/projectes.xtec.cat\/pyirenefp\/wp-content\/uploads\/usu498\/2017\/04\/interreg-POCTEFA-PyireneFP-PANTONE-1024x459.jpg\" alt=\"\" width=\"194\" height=\"86\" srcset=\"https:\/\/projectes.xtec.cat\/pyirenefp\/wp-content\/uploads\/usu498\/2017\/04\/interreg-POCTEFA-PyireneFP-PANTONE-1024x459.jpg 1024w, https:\/\/projectes.xtec.cat\/pyirenefp\/wp-content\/uploads\/usu498\/2017\/04\/interreg-POCTEFA-PyireneFP-PANTONE-300x135.jpg 300w, https:\/\/projectes.xtec.cat\/pyirenefp\/wp-content\/uploads\/usu498\/2017\/04\/interreg-POCTEFA-PyireneFP-PANTONE-768x345.jpg 768w, https:\/\/projectes.xtec.cat\/pyirenefp\/wp-content\/uploads\/usu498\/2017\/04\/interreg-POCTEFA-PyireneFP-PANTONE.jpg 1843w\" sizes=\"auto, (max-width: 194px) 100vw, 194px\" \/><\/a><\/strong><\/p>\n<p>Lloc: Serveis Territorials d&#8217;Ensenyament a Girona<\/p>\n<hr \/>\n<p><span style=\"color: #ff6600;\"><strong>Presentaci\u00f3 territorial Catalunya Projecte PyireneFP <a href=\"http:\/\/projectes.xtec.cat\/pyirenefp\/wp-content\/uploads\/usu498\/2017\/04\/03-presentacio-CAT-13-des.jpg\"><img loading=\"lazy\" decoding=\"async\" class=\"wp-image-8588 alignright\" src=\"http:\/\/projectes.xtec.cat\/pyirenefp\/wp-content\/uploads\/usu498\/2017\/04\/03-presentacio-CAT-13-des-1024x768.jpg\" alt=\"\" width=\"174\" height=\"130\" srcset=\"https:\/\/projectes.xtec.cat\/pyirenefp\/wp-content\/uploads\/usu498\/2017\/04\/03-presentacio-CAT-13-des-1024x768.jpg 1024w, https:\/\/projectes.xtec.cat\/pyirenefp\/wp-content\/uploads\/usu498\/2017\/04\/03-presentacio-CAT-13-des-300x225.jpg 300w, https:\/\/projectes.xtec.cat\/pyirenefp\/wp-content\/uploads\/usu498\/2017\/04\/03-presentacio-CAT-13-des-768x576.jpg 768w, https:\/\/projectes.xtec.cat\/pyirenefp\/wp-content\/uploads\/usu498\/2017\/04\/03-presentacio-CAT-13-des-200x150.jpg 200w, https:\/\/projectes.xtec.cat\/pyirenefp\/wp-content\/uploads\/usu498\/2017\/04\/03-presentacio-CAT-13-des.jpg 1632w\" sizes=\"auto, (max-width: 174px) 100vw, 174px\" \/><\/a><\/strong><\/span><\/p>\n<p>Data: 13\/12\/2016<\/p>\n<p>Lloc: Institut Gallecs \u2013 Mollet del Vall\u00e8s<\/p>\n<hr \/>\n<p><span style=\"color: #ff6600;\"><strong>Jornada de llan\u00e7ament del projecte Pyirene FP &#8211; Regi\u00f3 Occitania<a href=\"http:\/\/projectes.xtec.cat\/pyirenefp\/wp-content\/uploads\/usu498\/2017\/04\/DSCN5743-v2.jpg\"><img loading=\"lazy\" decoding=\"async\" class=\"wp-image-8584 alignright\" src=\"http:\/\/projectes.xtec.cat\/pyirenefp\/wp-content\/uploads\/usu498\/2017\/04\/DSCN5743-v2-1024x768.jpg\" alt=\"\" width=\"171\" height=\"122\" \/><\/a><br \/>\n<\/strong><\/span><\/p>\n<p>Data: 21\/11\/2016 i 22\/11\/2016<\/p>\n<p>Lloc: Toulouse<\/p>\n<hr \/>\n<p><span style=\"color: #ff6600;\"><strong>Comit\u00e8 de pilotatge<\/strong> <strong>del projecte PyireneFP \u2013 Regi\u00f3 Occitania<\/strong><\/span><a href=\"http:\/\/projectes.xtec.cat\/pyirenefp\/wp-content\/uploads\/usu498\/2017\/04\/ABIAPUNTUTIK-LEHEN-BILERA.jpg\"><img loading=\"lazy\" decoding=\"async\" class=\" wp-image-8566 alignright\" src=\"http:\/\/projectes.xtec.cat\/pyirenefp\/wp-content\/uploads\/usu498\/2017\/04\/ABIAPUNTUTIK-LEHEN-BILERA-300x169.jpg\" alt=\"ABIAPUNTUTIK , LEHEN BILERA\" width=\"200\" height=\"112\" srcset=\"https:\/\/projectes.xtec.cat\/pyirenefp\/wp-content\/uploads\/usu498\/2017\/04\/ABIAPUNTUTIK-LEHEN-BILERA-300x169.jpg 300w, https:\/\/projectes.xtec.cat\/pyirenefp\/wp-content\/uploads\/usu498\/2017\/04\/ABIAPUNTUTIK-LEHEN-BILERA-768x432.jpg 768w, https:\/\/projectes.xtec.cat\/pyirenefp\/wp-content\/uploads\/usu498\/2017\/04\/ABIAPUNTUTIK-LEHEN-BILERA-1024x576.jpg 1024w, https:\/\/projectes.xtec.cat\/pyirenefp\/wp-content\/uploads\/usu498\/2017\/04\/ABIAPUNTUTIK-LEHEN-BILERA.jpg 2048w\" sizes=\"auto, (max-width: 200px) 100vw, 200px\" \/><\/a><\/p>\n<p>Data:\u00a022\/11\/2016<\/p>\n<p>Lloc: Toulouse<\/p>\n<hr \/>\n<p><strong><span style=\"color: #ff6600;\">Preparaci\u00f3 del Projecte PyireneFP<\/span><a href=\"http:\/\/projectes.xtec.cat\/pyirenefp\/wp-content\/uploads\/usu498\/2017\/04\/IMG_1158.jpg\"><img loading=\"lazy\" decoding=\"async\" class=\"wp-image-8564 alignright\" src=\"http:\/\/projectes.xtec.cat\/pyirenefp\/wp-content\/uploads\/usu498\/2017\/04\/IMG_1158-1024x768.jpg\" alt=\"IMG_1158\" width=\"197\" height=\"148\" srcset=\"https:\/\/projectes.xtec.cat\/pyirenefp\/wp-content\/uploads\/usu498\/2017\/04\/IMG_1158-1024x768.jpg 1024w, https:\/\/projectes.xtec.cat\/pyirenefp\/wp-content\/uploads\/usu498\/2017\/04\/IMG_1158-300x225.jpg 300w, https:\/\/projectes.xtec.cat\/pyirenefp\/wp-content\/uploads\/usu498\/2017\/04\/IMG_1158-768x576.jpg 768w, https:\/\/projectes.xtec.cat\/pyirenefp\/wp-content\/uploads\/usu498\/2017\/04\/IMG_1158-200x150.jpg 200w, https:\/\/projectes.xtec.cat\/pyirenefp\/wp-content\/uploads\/usu498\/2017\/04\/IMG_1158.jpg 2048w\" sizes=\"auto, (max-width: 197px) 100vw, 197px\" \/><\/a><\/strong><\/p>\n<p>Data: 5\/10\/2016 i 6\/10\/2016<\/p>\n<p>Lloc: Barcelona<\/p>\n","protected":false},"excerpt":{"rendered":"<p>1r dia transfronterer entre les organitzacions de formaci\u00f3 d&#8217;auxiliars d&#8217;infermeria <a href=\"https:\/\/projectes.xtec.cat\/pyirenefp\/wp-content\/uploads\/usu498\/2018\/10\/IMG_1393.jpg\"><\/a><br \/>\nData: 23\/10\/2018<br \/>\nLloc: Cambo-les-Bains<\/p>\n<p>Formaci\u00f3 regional d&#8217;orientaci\u00f3 transfronterera \u2013 Nueva-Aquitania\u00a0\u00a0 <a href=\"https:\/\/projectes.xtec.cat\/pyirenefp\/wp-content\/uploads\/usu498\/2018\/10\/Formation-orientation-26.09.jpeg\"><\/a><br \/>\nData : 26\/09\/2018<br \/>\nLloc: Mourenx<br \/>\n&nbsp;<\/p>\n<p>Formaci\u00f3 regional mobilitat transfronterera FP &#8211; Catalunya<a href=\"http:\/\/projectes.xtec.cat\/pyirenefp\/wp-content\/uploads\/usu498\/2017\/04\/IMG-20180625-WA0003.jpg\"><\/a><\/p>\n<p>Data: 25\/06\/2018 i 27\/06\/2018<br \/>\nLloc: Institut de Vic (Catalunya)<br \/>\n&nbsp;<\/p>\n<p>Formaci\u00f3 regional mobilitat transfronterera \u2013 Nueva-Aquitania <a href=\"https:\/\/projectes.xtec.cat\/pyirenefp\/wp-content\/uploads\/usu498\/2018\/10\/Formation-mobilite\u0301-transf.-17.05.jpg\"><\/a><br \/>\nData&hellip;  <a href=\"https:\/\/projectes.xtec.cat\/pyirenefp\/actualitat\/agenda-dactivitats\/\" title=\"Read Agenda d&#8217;activitats\">Llegeix m\u00e9s\u00bb<\/a><\/p>\n","protected":false},"author":1,"featured_media":0,"parent":8746,"menu_order":10,"comment_status":"closed","ping_status":"closed","template":"","meta":{"_bbp_topic_count":0,"_bbp_reply_count":0,"_bbp_total_topic_count":0,"_bbp_total_reply_count":0,"_bbp_voice_count":0,"_bbp_anonymous_reply_count":0,"_bbp_topic_count_hidden":0,"_bbp_reply_count_hidden":0,"_bbp_forum_subforum_count":0,"footnotes":""},"class_list":["post-8734","page","type-page","status-publish","hentry"],"post_mailing_queue_ids":[],"_links":{"self":[{"href":"https:\/\/projectes.xtec.cat\/pyirenefp\/wp-json\/wp\/v2\/pages\/8734","targetHints":{"allow":["GET"]}}],"collection":[{"href":"https:\/\/projectes.xtec.cat\/pyirenefp\/wp-json\/wp\/v2\/pages"}],"about":[{"href":"https:\/\/projectes.xtec.cat\/pyirenefp\/wp-json\/wp\/v2\/types\/page"}],"author":[{"embeddable":true,"href":"https:\/\/projectes.xtec.cat\/pyirenefp\/wp-json\/wp\/v2\/users\/1"}],"replies":[{"embeddable":true,"href":"https:\/\/projectes.xtec.cat\/pyirenefp\/wp-json\/wp\/v2\/comments?post=8734"}],"version-history":[{"count":4,"href":"https:\/\/projectes.xtec.cat\/pyirenefp\/wp-json\/wp\/v2\/pages\/8734\/revisions"}],"predecessor-version":[{"id":9598,"href":"https:\/\/projectes.xtec.cat\/pyirenefp\/wp-json\/wp\/v2\/pages\/8734\/revisions\/9598"}],"up":[{"embeddable":true,"href":"https:\/\/projectes.xtec.cat\/pyirenefp\/wp-json\/wp\/v2\/pages\/8746"}],"wp:attachment":[{"href":"https:\/\/projectes.xtec.cat\/pyirenefp\/wp-json\/wp\/v2\/media?parent=8734"}],"curies":[{"name":"wp","href":"https:\/\/api.w.org\/{rel}","templated":true}]}}