{"id":8736,"date":"2017-07-07T17:49:40","date_gmt":"2017-07-07T15:49:40","guid":{"rendered":"http:\/\/projectes.xtec.cat\/pyirenefp\/?page_id=8736"},"modified":"2018-10-23T11:08:35","modified_gmt":"2018-10-23T09:08:35","slug":"calendrier-des-evenements","status":"publish","type":"page","link":"https:\/\/projectes.xtec.cat\/pyirenefp\/aujourdhui\/calendrier-des-evenements\/","title":{"rendered":"Calendrier des \u00e9v\u00e9nements"},"content":{"rendered":"<hr \/>\n<p><strong><span style=\"color: #ff6600;\">1\u00e8re journ\u00e9e transfrontali\u00e8re inter-instituts de Formation d\u2019Aide-Soignant\u00a0<\/span><\/strong> <a href=\"https:\/\/projectes.xtec.cat\/pyirenefp\/wp-content\/uploads\/usu498\/2018\/10\/IMG_1393.jpg\"><img loading=\"lazy\" decoding=\"async\" class=\"wp-image-10728 alignright\" src=\"https:\/\/projectes.xtec.cat\/pyirenefp\/wp-content\/uploads\/usu498\/2018\/10\/IMG_1393-1024x768.jpg\" alt=\"\" width=\"222\" height=\"167\" srcset=\"https:\/\/projectes.xtec.cat\/pyirenefp\/wp-content\/uploads\/usu498\/2018\/10\/IMG_1393-1024x768.jpg 1024w, https:\/\/projectes.xtec.cat\/pyirenefp\/wp-content\/uploads\/usu498\/2018\/10\/IMG_1393-300x225.jpg 300w, https:\/\/projectes.xtec.cat\/pyirenefp\/wp-content\/uploads\/usu498\/2018\/10\/IMG_1393-768x576.jpg 768w, https:\/\/projectes.xtec.cat\/pyirenefp\/wp-content\/uploads\/usu498\/2018\/10\/IMG_1393-200x150.jpg 200w\" sizes=\"auto, (max-width: 222px) 100vw, 222px\" \/><\/a><\/p>\n<p>Date\u00a0: 23\/10\/2018<\/p>\n<p>Lieu\u00a0: Cambo-les-Bains<\/p>\n<hr \/>\n<p><strong><span style=\"color: #ff6600;\">Formation r\u00e9gionale orientation transfrontali\u00e8re \u2013 Nouvelle-Aquitaine <\/span><\/strong><a href=\"https:\/\/projectes.xtec.cat\/pyirenefp\/wp-content\/uploads\/usu498\/2018\/10\/Formation-orientation-26.09.jpeg\"><img loading=\"lazy\" decoding=\"async\" class=\"wp-image-10712 alignright\" src=\"https:\/\/projectes.xtec.cat\/pyirenefp\/wp-content\/uploads\/usu498\/2018\/10\/Formation-orientation-26.09-1024x768.jpeg\" alt=\"\" width=\"214\" height=\"161\" srcset=\"https:\/\/projectes.xtec.cat\/pyirenefp\/wp-content\/uploads\/usu498\/2018\/10\/Formation-orientation-26.09-1024x768.jpeg 1024w, https:\/\/projectes.xtec.cat\/pyirenefp\/wp-content\/uploads\/usu498\/2018\/10\/Formation-orientation-26.09-300x225.jpeg 300w, https:\/\/projectes.xtec.cat\/pyirenefp\/wp-content\/uploads\/usu498\/2018\/10\/Formation-orientation-26.09-768x576.jpeg 768w, https:\/\/projectes.xtec.cat\/pyirenefp\/wp-content\/uploads\/usu498\/2018\/10\/Formation-orientation-26.09-200x150.jpeg 200w, https:\/\/projectes.xtec.cat\/pyirenefp\/wp-content\/uploads\/usu498\/2018\/10\/Formation-orientation-26.09.jpeg 2048w\" sizes=\"auto, (max-width: 214px) 100vw, 214px\" \/><\/a><\/p>\n<p>Date : 26\/09\/2018<\/p>\n<p>Lieu: Mourenx<\/p>\n<p>&nbsp;<\/p>\n<hr \/>\n<p><strong><span style=\"color: #ff6600;\">Formaci\u00f3n regional movilidad transfronteriza FP &#8211; Catalunya<\/span><a href=\"http:\/\/projectes.xtec.cat\/pyirenefp\/wp-content\/uploads\/usu498\/2017\/04\/IMG-20180625-WA0003.jpg\"><img loading=\"lazy\" decoding=\"async\" class=\"alignright wp-image-10427 \" src=\"http:\/\/projectes.xtec.cat\/pyirenefp\/wp-content\/uploads\/usu498\/2017\/04\/IMG-20180625-WA0003-300x225.jpg\" alt=\"\" width=\"215\" height=\"164\" \/><\/a><br \/>\n<\/strong><\/p>\n<p>Date: 25\/06\/2018 y 27\/06\/2018<\/p>\n<p>Lieu\u00a0: Institut de Vic (Catalunya)<\/p>\n<p>&nbsp;<\/p>\n<hr \/>\n<p><span style=\"color: #ff6600;\"><strong>Formation r\u00e9gionale mobilit\u00e9 transfrontali\u00e8re \u2013 Nouvelle-Aquitaine<\/strong><\/span><strong>\u00a0<\/strong><a href=\"https:\/\/projectes.xtec.cat\/pyirenefp\/wp-content\/uploads\/usu498\/2018\/10\/Formation-mobilite\u0301-transf.-17.05.jpg\"><img loading=\"lazy\" decoding=\"async\" class=\"wp-image-10704 alignright\" src=\"https:\/\/projectes.xtec.cat\/pyirenefp\/wp-content\/uploads\/usu498\/2018\/10\/Formation-mobilite\u0301-transf.-17.05-1024x768.jpg\" alt=\"\" width=\"215\" height=\"161\" srcset=\"https:\/\/projectes.xtec.cat\/pyirenefp\/wp-content\/uploads\/usu498\/2018\/10\/Formation-mobilite\u0301-transf.-17.05-1024x768.jpg 1024w, https:\/\/projectes.xtec.cat\/pyirenefp\/wp-content\/uploads\/usu498\/2018\/10\/Formation-mobilite\u0301-transf.-17.05-300x225.jpg 300w, https:\/\/projectes.xtec.cat\/pyirenefp\/wp-content\/uploads\/usu498\/2018\/10\/Formation-mobilite\u0301-transf.-17.05-768x576.jpg 768w, https:\/\/projectes.xtec.cat\/pyirenefp\/wp-content\/uploads\/usu498\/2018\/10\/Formation-mobilite\u0301-transf.-17.05-200x150.jpg 200w, https:\/\/projectes.xtec.cat\/pyirenefp\/wp-content\/uploads\/usu498\/2018\/10\/Formation-mobilite\u0301-transf.-17.05.jpg 1417w\" sizes=\"auto, (max-width: 215px) 100vw, 215px\" \/><\/a><\/p>\n<p>Date : 17\/05\/2018<\/p>\n<p>Lieu: Bayonne<\/p>\n<p>&nbsp;<\/p>\n<hr \/>\n<p><strong><span style=\"color: #ff6600;\">Formaci\u00f3n regional orientaci\u00f3n transfronteriza FP &#8211; Catalunya<a style=\"color: #ff6600;\" href=\"http:\/\/projectes.xtec.cat\/pyirenefp\/wp-content\/uploads\/usu498\/2017\/04\/20180607_104326_web.jpg\"><img loading=\"lazy\" decoding=\"async\" class=\"wp-image-10264 alignright\" src=\"http:\/\/projectes.xtec.cat\/pyirenefp\/wp-content\/uploads\/usu498\/2017\/04\/20180607_104326_web-300x225.jpg\" alt=\"\" width=\"215\" height=\"157\" \/><\/a><\/span><br \/>\n<\/strong><\/p>\n<p>Date: 7\/05\/2018 y 7\/06\/2018<\/p>\n<p>Lieu: Institut de Vic (Catalunya)<\/p>\n<p>&nbsp;<\/p>\n<hr \/>\n<p><strong><span style=\"color: #ff6600;\">Comit\u00e9 de pilotaje del proyecto PyireneFP &#8211; Regi\u00f3n Nouvelle-Aquitaine<\/span><a href=\"http:\/\/projectes.xtec.cat\/pyirenefp\/wp-content\/uploads\/usu498\/2018\/04\/Hendaya.jpg\"><img loading=\"lazy\" decoding=\"async\" class=\"wp-image-9637 alignright\" src=\"http:\/\/projectes.xtec.cat\/pyirenefp\/wp-content\/uploads\/usu498\/2018\/04\/Hendaya-300x225.jpg\" alt=\"\" width=\"212\" height=\"148\" \/><\/a><br \/>\n<\/strong><\/p>\n<p>Date: 25\/04\/2018 y 26\/04\/2018<\/p>\n<p>Lieu: Hendaya<\/p>\n<hr \/>\n<p><strong><span style=\"color: #ff6600;\">Journ\u00e9e de Mobilit\u00e9 Transfrontelier dans la Gastronom\u00ede<br \/>\n<\/span><\/strong><\/p>\n<p>Date: 15\/03\/2018<a href=\"http:\/\/projectes.xtec.cat\/pyirenefp\/wp-content\/uploads\/usu498\/2018\/03\/HosteleriaBCN_150320182_WEB.jpg\"><img loading=\"lazy\" decoding=\"async\" class=\"wp-image-9588 alignright\" src=\"http:\/\/projectes.xtec.cat\/pyirenefp\/wp-content\/uploads\/usu498\/2018\/03\/HosteleriaBCN_150320182_WEB-1024x556.jpg\" alt=\"\" width=\"217\" height=\"118\" srcset=\"https:\/\/projectes.xtec.cat\/pyirenefp\/wp-content\/uploads\/usu498\/2018\/03\/HosteleriaBCN_150320182_WEB-1024x556.jpg 1024w, https:\/\/projectes.xtec.cat\/pyirenefp\/wp-content\/uploads\/usu498\/2018\/03\/HosteleriaBCN_150320182_WEB-300x163.jpg 300w, https:\/\/projectes.xtec.cat\/pyirenefp\/wp-content\/uploads\/usu498\/2018\/03\/HosteleriaBCN_150320182_WEB-768x417.jpg 768w, https:\/\/projectes.xtec.cat\/pyirenefp\/wp-content\/uploads\/usu498\/2018\/03\/HosteleriaBCN_150320182_WEB.jpg 1530w\" sizes=\"auto, (max-width: 217px) 100vw, 217px\" \/><\/a><\/p>\n<p>Lieu: Barcelone<\/p>\n<hr \/>\n<p><strong><span style=\"color: #ff6600;\">Formati\u00f3n de Formateurs de Mobilit\u00e9 de la Formati\u00f3n Professionnelle \u2013 Occitanie<\/span><span style=\"color: #ff6600;\"><a href=\"http:\/\/projectes.xtec.cat\/pyirenefp\/wp-content\/uploads\/usu498\/2018\/02\/Fdf_Mobilidad.jpg\"><img loading=\"lazy\" decoding=\"async\" class=\"wp-image-9220 alignright\" src=\"http:\/\/projectes.xtec.cat\/pyirenefp\/wp-content\/uploads\/usu498\/2018\/02\/Fdf_Mobilidad.jpg\" alt=\"\" width=\"214\" height=\"107\" srcset=\"https:\/\/projectes.xtec.cat\/pyirenefp\/wp-content\/uploads\/usu498\/2018\/02\/Fdf_Mobilidad.jpg 1000w, https:\/\/projectes.xtec.cat\/pyirenefp\/wp-content\/uploads\/usu498\/2018\/02\/Fdf_Mobilidad-300x150.jpg 300w, https:\/\/projectes.xtec.cat\/pyirenefp\/wp-content\/uploads\/usu498\/2018\/02\/Fdf_Mobilidad-768x384.jpg 768w\" sizes=\"auto, (max-width: 214px) 100vw, 214px\" \/><\/a><\/span><\/strong><\/p>\n<p>Date\u00a0: 12\/02\/2018 et 13\/02\/2018<\/p>\n<p>Lieu\u00a0: Toulouse<\/p>\n<hr \/>\n<p><strong><span style=\"color: #ff6600;\">Formati\u00f3n de Formateurs de Orientati\u00f3n de la Formati\u00f3n Professionnelle \u2013 Euskadi<\/span><a href=\"http:\/\/projectes.xtec.cat\/pyirenefp\/wp-content\/uploads\/usu498\/2018\/02\/Euskadi_Foto-grup-formaci\u00f3-.jpg\"><img loading=\"lazy\" decoding=\"async\" class=\"wp-image-9219 alignright\" src=\"http:\/\/projectes.xtec.cat\/pyirenefp\/wp-content\/uploads\/usu498\/2018\/02\/Euskadi_Foto-grup-formaci\u00f3-.jpg\" alt=\"\" width=\"212\" height=\"126\" srcset=\"https:\/\/projectes.xtec.cat\/pyirenefp\/wp-content\/uploads\/usu498\/2018\/02\/Euskadi_Foto-grup-formaci\u00f3-.jpg 992w, https:\/\/projectes.xtec.cat\/pyirenefp\/wp-content\/uploads\/usu498\/2018\/02\/Euskadi_Foto-grup-formaci\u00f3--300x178.jpg 300w, https:\/\/projectes.xtec.cat\/pyirenefp\/wp-content\/uploads\/usu498\/2018\/02\/Euskadi_Foto-grup-formaci\u00f3--768x457.jpg 768w\" sizes=\"auto, (max-width: 212px) 100vw, 212px\" \/><\/a><\/strong><\/p>\n<p>Date\u00a0: 22\/01\/2018 et 23\/01\/2018<\/p>\n<p>Lieu\u00a0: Saint S\u00e9bastien<\/p>\n<hr \/>\n<p><a href=\"http:\/\/projectes.xtec.cat\/pyirenefp\/wp-content\/uploads\/usu498\/2018\/01\/IMG_20180109_113328_bis.jpg\"><img loading=\"lazy\" decoding=\"async\" class=\"wp-image-9016 alignright\" src=\"http:\/\/projectes.xtec.cat\/pyirenefp\/wp-content\/uploads\/usu498\/2018\/01\/IMG_20180109_113328_bis-1024x768.jpg\" alt=\"\" width=\"171\" height=\"128\" srcset=\"https:\/\/projectes.xtec.cat\/pyirenefp\/wp-content\/uploads\/usu498\/2018\/01\/IMG_20180109_113328_bis-1024x768.jpg 1024w, https:\/\/projectes.xtec.cat\/pyirenefp\/wp-content\/uploads\/usu498\/2018\/01\/IMG_20180109_113328_bis-300x225.jpg 300w, https:\/\/projectes.xtec.cat\/pyirenefp\/wp-content\/uploads\/usu498\/2018\/01\/IMG_20180109_113328_bis-768x576.jpg 768w, https:\/\/projectes.xtec.cat\/pyirenefp\/wp-content\/uploads\/usu498\/2018\/01\/IMG_20180109_113328_bis-200x150.jpg 200w\" sizes=\"auto, (max-width: 171px) 100vw, 171px\" \/><\/a><strong><span style=\"color: #ff6600;\">R\u00e9uni\u00f3n du travail de la Formati\u00f3n de Formateurs \u2013 Catalunya<\/span><\/strong><\/p>\n<p>Date\u00a0: 09\/01\/2018<\/p>\n<p>Lieu\u00a0: D\u00e9partement de l\u2019enseignement &#8211; Barcelone<\/p>\n<hr \/>\n<p><span style=\"color: #ff6600;\"><strong>Comit\u00e9 de pilotage del projet PyireneFP &#8211; Navarra\u00a0\u00a0 <a href=\"http:\/\/projectes.xtec.cat\/pyirenefp\/wp-content\/uploads\/usu498\/2017\/04\/Reuni\u00f3n-Pamplona.jpg\"><img loading=\"lazy\" decoding=\"async\" class=\"wp-image-9009 alignright\" src=\"http:\/\/projectes.xtec.cat\/pyirenefp\/wp-content\/uploads\/usu498\/2017\/04\/Reuni\u00f3n-Pamplona-1024x768.jpg\" alt=\"\" width=\"187\" height=\"136\" \/><\/a> <\/strong><\/span><\/p>\n<p>Date\u00a0: 19\/10\/2017 et 20\/10\/2017<\/p>\n<p>Lieu\u00a0: D\u00e9partement de l\u2019\u00e9ducation &#8211; Pampelune<\/p>\n<hr \/>\n<p><strong><span style=\"color: #ff6600;\">Journ\u00e9e de presentati\u00f3n regionale del projet PyireneFP \u2013\u00a0Navarra<a href=\"http:\/\/projectes.xtec.cat\/pyirenefp\/wp-content\/uploads\/usu498\/2017\/04\/02-1.jpg\"><img loading=\"lazy\" decoding=\"async\" class=\"wp-image-8605 alignright\" src=\"http:\/\/projectes.xtec.cat\/pyirenefp\/wp-content\/uploads\/usu498\/2017\/04\/02-1-300x169.jpg\" alt=\"02-1\" width=\"201\" height=\"113\" srcset=\"https:\/\/projectes.xtec.cat\/pyirenefp\/wp-content\/uploads\/usu498\/2017\/04\/02-1-300x169.jpg 300w, https:\/\/projectes.xtec.cat\/pyirenefp\/wp-content\/uploads\/usu498\/2017\/04\/02-1-768x432.jpg 768w, https:\/\/projectes.xtec.cat\/pyirenefp\/wp-content\/uploads\/usu498\/2017\/04\/02-1-1024x576.jpg 1024w\" sizes=\"auto, (max-width: 201px) 100vw, 201px\" \/><\/a><br \/>\n<\/span><\/strong><\/p>\n<p>Date\u00a0:\u00a001\/06\/2017<\/p>\n<p>Lieu\u00a0:\u00a0Pampelune<\/p>\n<hr \/>\n<p><span style=\"color: #ff6600;\"><strong>Journ\u00e9e de pr\u00e9sentation r\u00e9gionale du projet PyireneFP &#8211; Nueva-Aquitania<\/strong><\/span><a href=\"https:\/\/projectes.xtec.cat\/pyirenefp\/wp-content\/uploads\/usu498\/2018\/10\/Journe\u0301e-de-lancement-NA-12.05.2017.jpg\"><img loading=\"lazy\" decoding=\"async\" class=\"wp-image-10668 alignright\" src=\"https:\/\/projectes.xtec.cat\/pyirenefp\/wp-content\/uploads\/usu498\/2018\/10\/Journe\u0301e-de-lancement-NA-12.05.2017-1024x768.jpg\" alt=\"\" width=\"202\" height=\"151\" srcset=\"https:\/\/projectes.xtec.cat\/pyirenefp\/wp-content\/uploads\/usu498\/2018\/10\/Journe\u0301e-de-lancement-NA-12.05.2017-1024x768.jpg 1024w, https:\/\/projectes.xtec.cat\/pyirenefp\/wp-content\/uploads\/usu498\/2018\/10\/Journe\u0301e-de-lancement-NA-12.05.2017-300x225.jpg 300w, https:\/\/projectes.xtec.cat\/pyirenefp\/wp-content\/uploads\/usu498\/2018\/10\/Journe\u0301e-de-lancement-NA-12.05.2017-768x576.jpg 768w, https:\/\/projectes.xtec.cat\/pyirenefp\/wp-content\/uploads\/usu498\/2018\/10\/Journe\u0301e-de-lancement-NA-12.05.2017-200x150.jpg 200w, https:\/\/projectes.xtec.cat\/pyirenefp\/wp-content\/uploads\/usu498\/2018\/10\/Journe\u0301e-de-lancement-NA-12.05.2017.jpg 1600w\" sizes=\"auto, (max-width: 202px) 100vw, 202px\" \/><\/a><\/p>\n<p>Date\u00a0: 12\/05\/2017<\/p>\n<p>Lieu: Bayonne<\/p>\n<p>&nbsp;<\/p>\n<hr \/>\n<p><strong><span style=\"color: #ff6600;\">Comit\u00e9 de pilotage del projet PyireneFP \u2013 Arag\u00f3n<\/span><a href=\"http:\/\/projectes.xtec.cat\/pyirenefp\/wp-content\/uploads\/usu498\/2017\/04\/C-Q_kWTWAAEVVzT.jpg\"><img loading=\"lazy\" decoding=\"async\" class=\" wp-image-8570 alignright\" src=\"http:\/\/projectes.xtec.cat\/pyirenefp\/wp-content\/uploads\/usu498\/2017\/04\/C-Q_kWTWAAEVVzT-300x169.jpg\" alt=\"C-Q_kWTWAAEVVzT\" width=\"201\" height=\"113\" srcset=\"https:\/\/projectes.xtec.cat\/pyirenefp\/wp-content\/uploads\/usu498\/2017\/04\/C-Q_kWTWAAEVVzT-300x169.jpg 300w, https:\/\/projectes.xtec.cat\/pyirenefp\/wp-content\/uploads\/usu498\/2017\/04\/C-Q_kWTWAAEVVzT-768x432.jpg 768w, https:\/\/projectes.xtec.cat\/pyirenefp\/wp-content\/uploads\/usu498\/2017\/04\/C-Q_kWTWAAEVVzT-1024x576.jpg 1024w, https:\/\/projectes.xtec.cat\/pyirenefp\/wp-content\/uploads\/usu498\/2017\/04\/C-Q_kWTWAAEVVzT.jpg 1200w\" sizes=\"auto, (max-width: 201px) 100vw, 201px\" \/><\/a><\/strong><\/p>\n<p>Date\u00a0: 25\/04\/2017<\/p>\n<p>Lieu\u00a0: Saragosse<\/p>\n<hr \/>\n<p><span style=\"color: #ff6600;\"><strong>Journ\u00e9e presentaci\u00f3n regionale projet PyireneFP &#8211; Euskadi<\/strong><\/span><\/p>\n<p>Date: 17\/03\/2017<strong><a href=\"http:\/\/projectes.xtec.cat\/pyirenefp\/wp-content\/uploads\/usu498\/2017\/04\/interreg-POCTEFA-PyireneFP-PANTONE.jpg\"><img loading=\"lazy\" decoding=\"async\" class=\"wp-image-9010 alignright\" src=\"http:\/\/projectes.xtec.cat\/pyirenefp\/wp-content\/uploads\/usu498\/2017\/04\/interreg-POCTEFA-PyireneFP-PANTONE-1024x459.jpg\" alt=\"\" width=\"194\" height=\"86\" srcset=\"https:\/\/projectes.xtec.cat\/pyirenefp\/wp-content\/uploads\/usu498\/2017\/04\/interreg-POCTEFA-PyireneFP-PANTONE-1024x459.jpg 1024w, https:\/\/projectes.xtec.cat\/pyirenefp\/wp-content\/uploads\/usu498\/2017\/04\/interreg-POCTEFA-PyireneFP-PANTONE-300x135.jpg 300w, https:\/\/projectes.xtec.cat\/pyirenefp\/wp-content\/uploads\/usu498\/2017\/04\/interreg-POCTEFA-PyireneFP-PANTONE-768x345.jpg 768w, https:\/\/projectes.xtec.cat\/pyirenefp\/wp-content\/uploads\/usu498\/2017\/04\/interreg-POCTEFA-PyireneFP-PANTONE.jpg 1843w\" sizes=\"auto, (max-width: 194px) 100vw, 194px\" \/><\/a><\/strong><\/p>\n<p>Place: Errenteria (Guipuzkoa)<\/p>\n<hr \/>\n<p><span style=\"color: #ff6600;\"><strong>Journ\u00e9e presentaci\u00f3n regionale projet PyireneFP &#8211; Arag\u00f3n<a href=\"http:\/\/projectes.xtec.cat\/pyirenefp\/wp-content\/uploads\/usu498\/2017\/04\/interreg-POCTEFA-PyireneFP-PANTONE.jpg\"><img loading=\"lazy\" decoding=\"async\" class=\"wp-image-9010 alignright\" src=\"http:\/\/projectes.xtec.cat\/pyirenefp\/wp-content\/uploads\/usu498\/2017\/04\/interreg-POCTEFA-PyireneFP-PANTONE-1024x459.jpg\" alt=\"\" width=\"194\" height=\"86\" srcset=\"https:\/\/projectes.xtec.cat\/pyirenefp\/wp-content\/uploads\/usu498\/2017\/04\/interreg-POCTEFA-PyireneFP-PANTONE-1024x459.jpg 1024w, https:\/\/projectes.xtec.cat\/pyirenefp\/wp-content\/uploads\/usu498\/2017\/04\/interreg-POCTEFA-PyireneFP-PANTONE-300x135.jpg 300w, https:\/\/projectes.xtec.cat\/pyirenefp\/wp-content\/uploads\/usu498\/2017\/04\/interreg-POCTEFA-PyireneFP-PANTONE-768x345.jpg 768w, https:\/\/projectes.xtec.cat\/pyirenefp\/wp-content\/uploads\/usu498\/2017\/04\/interreg-POCTEFA-PyireneFP-PANTONE.jpg 1843w\" sizes=\"auto, (max-width: 194px) 100vw, 194px\" \/><\/a><\/strong><\/span><\/p>\n<p>Date: 10\/01\/2017<\/p>\n<p>Place: Huesca<\/p>\n<hr \/>\n<p><span style=\"color: #ff6600;\"><strong>Journ\u00e9e presentaci\u00f3n territoriale\u00a0 projet PyireneFP- Catalunya<a href=\"http:\/\/projectes.xtec.cat\/pyirenefp\/wp-content\/uploads\/usu498\/2017\/04\/01-presentacio-CAT-20-des.jpg\"><img loading=\"lazy\" decoding=\"async\" class=\" wp-image-8589 alignright\" src=\"http:\/\/projectes.xtec.cat\/pyirenefp\/wp-content\/uploads\/usu498\/2017\/04\/01-presentacio-CAT-20-des-300x225.jpg\" alt=\"01 presentacio CAT 20 des\" width=\"201\" height=\"151\" srcset=\"https:\/\/projectes.xtec.cat\/pyirenefp\/wp-content\/uploads\/usu498\/2017\/04\/01-presentacio-CAT-20-des-300x225.jpg 300w, https:\/\/projectes.xtec.cat\/pyirenefp\/wp-content\/uploads\/usu498\/2017\/04\/01-presentacio-CAT-20-des-768x576.jpg 768w, https:\/\/projectes.xtec.cat\/pyirenefp\/wp-content\/uploads\/usu498\/2017\/04\/01-presentacio-CAT-20-des-1024x768.jpg 1024w, https:\/\/projectes.xtec.cat\/pyirenefp\/wp-content\/uploads\/usu498\/2017\/04\/01-presentacio-CAT-20-des-200x150.jpg 200w, https:\/\/projectes.xtec.cat\/pyirenefp\/wp-content\/uploads\/usu498\/2017\/04\/01-presentacio-CAT-20-des.jpg 1632w\" sizes=\"auto, (max-width: 201px) 100vw, 201px\" \/><\/a> <\/strong><\/span><\/p>\n<p>Date\u00a0: 20\/12\/2016<\/p>\n<p>Lieu\u00a0: Institut Cal\u00b7lipolis \u2013 Tarragone<\/p>\n<p>&nbsp;<\/p>\n<hr \/>\n<p><span style=\"color: #ff6600;\"><strong>Presentati\u00f3n territoriale Catalunya projet PyireneFP <a href=\"http:\/\/projectes.xtec.cat\/pyirenefp\/wp-content\/uploads\/usu498\/2017\/04\/interreg-POCTEFA-PyireneFP-PANTONE.jpg\"><img loading=\"lazy\" decoding=\"async\" class=\"wp-image-9010 alignright\" src=\"http:\/\/projectes.xtec.cat\/pyirenefp\/wp-content\/uploads\/usu498\/2017\/04\/interreg-POCTEFA-PyireneFP-PANTONE-1024x459.jpg\" alt=\"\" width=\"194\" height=\"86\" srcset=\"https:\/\/projectes.xtec.cat\/pyirenefp\/wp-content\/uploads\/usu498\/2017\/04\/interreg-POCTEFA-PyireneFP-PANTONE-1024x459.jpg 1024w, https:\/\/projectes.xtec.cat\/pyirenefp\/wp-content\/uploads\/usu498\/2017\/04\/interreg-POCTEFA-PyireneFP-PANTONE-300x135.jpg 300w, https:\/\/projectes.xtec.cat\/pyirenefp\/wp-content\/uploads\/usu498\/2017\/04\/interreg-POCTEFA-PyireneFP-PANTONE-768x345.jpg 768w, https:\/\/projectes.xtec.cat\/pyirenefp\/wp-content\/uploads\/usu498\/2017\/04\/interreg-POCTEFA-PyireneFP-PANTONE.jpg 1843w\" sizes=\"auto, (max-width: 194px) 100vw, 194px\" \/><\/a><\/strong><\/span><\/p>\n<p>Date\u00a0: 19\/12\/2016<\/p>\n<p>Lieu\u00a0: Services territoriaux d\u2019\u00e9ducation \u00e0 G\u00e9rone<\/p>\n<p>Pr\u00e9sentation territoriale Catalogne Projet PyireneFP<\/p>\n<hr \/>\n<p><span style=\"color: #ff6600;\"><strong>Presentati\u00f3n territoriale Catalunya \u00a0projet PyireneFP<\/strong><\/span><a href=\"http:\/\/projectes.xtec.cat\/pyirenefp\/wp-content\/uploads\/usu498\/2017\/04\/03-presentacio-CAT-13-des.jpg\"><img loading=\"lazy\" decoding=\"async\" class=\" wp-image-8588 alignright\" src=\"http:\/\/projectes.xtec.cat\/pyirenefp\/wp-content\/uploads\/usu498\/2017\/04\/03-presentacio-CAT-13-des-300x225.jpg\" alt=\"03 presentacio CAT 13 des\" width=\"196\" height=\"146\" srcset=\"https:\/\/projectes.xtec.cat\/pyirenefp\/wp-content\/uploads\/usu498\/2017\/04\/03-presentacio-CAT-13-des-300x225.jpg 300w, https:\/\/projectes.xtec.cat\/pyirenefp\/wp-content\/uploads\/usu498\/2017\/04\/03-presentacio-CAT-13-des-768x576.jpg 768w, https:\/\/projectes.xtec.cat\/pyirenefp\/wp-content\/uploads\/usu498\/2017\/04\/03-presentacio-CAT-13-des-1024x768.jpg 1024w, https:\/\/projectes.xtec.cat\/pyirenefp\/wp-content\/uploads\/usu498\/2017\/04\/03-presentacio-CAT-13-des-200x150.jpg 200w, https:\/\/projectes.xtec.cat\/pyirenefp\/wp-content\/uploads\/usu498\/2017\/04\/03-presentacio-CAT-13-des.jpg 1632w\" sizes=\"auto, (max-width: 196px) 100vw, 196px\" \/><\/a><\/p>\n<p>Date\u00a0: 13\/12\/2016<\/p>\n<p>Lieu\u00a0: Institut Gallecs \u2013 Mollet del Vall\u00e8s<\/p>\n<hr \/>\n<p><span style=\"color: #ff6600;\"><strong>Comit\u00e9 de pilotage del projet PyireneFP \u2013 Regi\u00f3n Occitania<a href=\"http:\/\/projectes.xtec.cat\/pyirenefp\/wp-content\/uploads\/usu498\/2017\/04\/ABIAPUNTUTIK-LEHEN-BILERA.jpg\"><img loading=\"lazy\" decoding=\"async\" class=\" wp-image-8566 alignright\" src=\"http:\/\/projectes.xtec.cat\/pyirenefp\/wp-content\/uploads\/usu498\/2017\/04\/ABIAPUNTUTIK-LEHEN-BILERA-300x169.jpg\" alt=\"ABIAPUNTUTIK , LEHEN BILERA\" width=\"200\" height=\"112\" srcset=\"https:\/\/projectes.xtec.cat\/pyirenefp\/wp-content\/uploads\/usu498\/2017\/04\/ABIAPUNTUTIK-LEHEN-BILERA-300x169.jpg 300w, https:\/\/projectes.xtec.cat\/pyirenefp\/wp-content\/uploads\/usu498\/2017\/04\/ABIAPUNTUTIK-LEHEN-BILERA-768x432.jpg 768w, https:\/\/projectes.xtec.cat\/pyirenefp\/wp-content\/uploads\/usu498\/2017\/04\/ABIAPUNTUTIK-LEHEN-BILERA-1024x576.jpg 1024w, https:\/\/projectes.xtec.cat\/pyirenefp\/wp-content\/uploads\/usu498\/2017\/04\/ABIAPUNTUTIK-LEHEN-BILERA.jpg 2048w\" sizes=\"auto, (max-width: 200px) 100vw, 200px\" \/><\/a><\/strong><\/span><\/p>\n<p>Date\u00a0:\u00a022\/11\/2016<\/p>\n<p>Lieu\u00a0: Toulouse<\/p>\n<hr \/>\n<p><span style=\"color: #ff6600;\"><strong>Journ\u00e9e du lancement del proyecto PyireneFP \u2013 Regi\u00f3n Occitania<\/strong><\/span><a href=\"http:\/\/projectes.xtec.cat\/pyirenefp\/wp-content\/uploads\/usu498\/2017\/04\/DSCN5743-v2.jpg\"><img loading=\"lazy\" decoding=\"async\" class=\"alignright wp-image-8584\" src=\"http:\/\/projectes.xtec.cat\/pyirenefp\/wp-content\/uploads\/usu498\/2017\/04\/DSCN5743-v2-300x225.jpg\" alt=\"DSCN5743 v2\" width=\"197\" height=\"148\" srcset=\"https:\/\/projectes.xtec.cat\/pyirenefp\/wp-content\/uploads\/usu498\/2017\/04\/DSCN5743-v2-300x225.jpg 300w, https:\/\/projectes.xtec.cat\/pyirenefp\/wp-content\/uploads\/usu498\/2017\/04\/DSCN5743-v2-768x576.jpg 768w, https:\/\/projectes.xtec.cat\/pyirenefp\/wp-content\/uploads\/usu498\/2017\/04\/DSCN5743-v2-1024x768.jpg 1024w, https:\/\/projectes.xtec.cat\/pyirenefp\/wp-content\/uploads\/usu498\/2017\/04\/DSCN5743-v2-200x150.jpg 200w, https:\/\/projectes.xtec.cat\/pyirenefp\/wp-content\/uploads\/usu498\/2017\/04\/DSCN5743-v2.jpg 1200w\" sizes=\"auto, (max-width: 197px) 100vw, 197px\" \/><\/a><\/p>\n<p>Date\u00a0: 21\/11\/2016 et 22\/11\/2016<\/p>\n<p>Lieu\u00a0: Toulouse<\/p>\n<p>&nbsp;<\/p>\n<p><strong><span style=\"color: #ff6600;\">Preparati\u00f3n del Projet PyireneFP<\/span><a href=\"http:\/\/projectes.xtec.cat\/pyirenefp\/wp-content\/uploads\/usu498\/2017\/04\/IMG_1158.jpg\"><img loading=\"lazy\" decoding=\"async\" class=\"wp-image-8564 alignright\" src=\"http:\/\/projectes.xtec.cat\/pyirenefp\/wp-content\/uploads\/usu498\/2017\/04\/IMG_1158-1024x768.jpg\" alt=\"IMG_1158\" width=\"197\" height=\"148\" srcset=\"https:\/\/projectes.xtec.cat\/pyirenefp\/wp-content\/uploads\/usu498\/2017\/04\/IMG_1158-1024x768.jpg 1024w, https:\/\/projectes.xtec.cat\/pyirenefp\/wp-content\/uploads\/usu498\/2017\/04\/IMG_1158-300x225.jpg 300w, https:\/\/projectes.xtec.cat\/pyirenefp\/wp-content\/uploads\/usu498\/2017\/04\/IMG_1158-768x576.jpg 768w, https:\/\/projectes.xtec.cat\/pyirenefp\/wp-content\/uploads\/usu498\/2017\/04\/IMG_1158-200x150.jpg 200w, https:\/\/projectes.xtec.cat\/pyirenefp\/wp-content\/uploads\/usu498\/2017\/04\/IMG_1158.jpg 2048w\" sizes=\"auto, (max-width: 197px) 100vw, 197px\" \/><\/a><\/strong><\/p>\n<p>Date\u00a0: 05\/10\/2016 et 06\/10\/2016<\/p>\n<p>Lieu\u00a0: Barcelone<\/p>\n<hr \/>\n","protected":false},"excerpt":{"rendered":"<p>1\u00e8re journ\u00e9e transfrontali\u00e8re inter-instituts de Formation d\u2019Aide-Soignant\u00a0 <a href=\"https:\/\/projectes.xtec.cat\/pyirenefp\/wp-content\/uploads\/usu498\/2018\/10\/IMG_1393.jpg\"><\/a><br \/>\nDate\u00a0: 23\/10\/2018<br \/>\nLieu\u00a0: Cambo-les-Bains<\/p>\n<p>Formation r\u00e9gionale orientation transfrontali\u00e8re \u2013 Nouvelle-Aquitaine <a href=\"https:\/\/projectes.xtec.cat\/pyirenefp\/wp-content\/uploads\/usu498\/2018\/10\/Formation-orientation-26.09.jpeg\"><\/a><br \/>\nDate : 26\/09\/2018<br \/>\nLieu: Mourenx<br \/>\n&nbsp;<\/p>\n<p>Formaci\u00f3n regional movilidad transfronteriza FP &#8211; Catalunya<a href=\"http:\/\/projectes.xtec.cat\/pyirenefp\/wp-content\/uploads\/usu498\/2017\/04\/IMG-20180625-WA0003.jpg\"><\/a><\/p>\n<p>Date: 25\/06\/2018 y 27\/06\/2018<br \/>\nLieu\u00a0: Institut de Vic (Catalunya)<br \/>\n&nbsp;<\/p>\n<p>Formation r\u00e9gionale mobilit\u00e9 transfrontali\u00e8re \u2013 Nouvelle-Aquitaine\u00a0<a href=\"https:\/\/projectes.xtec.cat\/pyirenefp\/wp-content\/uploads\/usu498\/2018\/10\/Formation-mobilite\u0301-transf.-17.05.jpg\"><\/a><br \/>\nDate : 17\/05\/2018<br \/>\nLieu: Bayonne<br \/>\n&nbsp;<\/p>\n<p>Formaci\u00f3n regional&hellip;  <a href=\"https:\/\/projectes.xtec.cat\/pyirenefp\/aujourdhui\/calendrier-des-evenements\/\" title=\"Read Calendrier des \u00e9v\u00e9nements\">Llegeix m\u00e9s\u00bb<\/a><\/p>\n","protected":false},"author":1,"featured_media":0,"parent":8748,"menu_order":10,"comment_status":"closed","ping_status":"closed","template":"","meta":{"_bbp_topic_count":0,"_bbp_reply_count":0,"_bbp_total_topic_count":0,"_bbp_total_reply_count":0,"_bbp_voice_count":0,"_bbp_anonymous_reply_count":0,"_bbp_topic_count_hidden":0,"_bbp_reply_count_hidden":0,"_bbp_forum_subforum_count":0,"footnotes":""},"class_list":["post-8736","page","type-page","status-publish","hentry"],"post_mailing_queue_ids":[],"_links":{"self":[{"href":"https:\/\/projectes.xtec.cat\/pyirenefp\/wp-json\/wp\/v2\/pages\/8736","targetHints":{"allow":["GET"]}}],"collection":[{"href":"https:\/\/projectes.xtec.cat\/pyirenefp\/wp-json\/wp\/v2\/pages"}],"about":[{"href":"https:\/\/projectes.xtec.cat\/pyirenefp\/wp-json\/wp\/v2\/types\/page"}],"author":[{"embeddable":true,"href":"https:\/\/projectes.xtec.cat\/pyirenefp\/wp-json\/wp\/v2\/users\/1"}],"replies":[{"embeddable":true,"href":"https:\/\/projectes.xtec.cat\/pyirenefp\/wp-json\/wp\/v2\/comments?post=8736"}],"version-history":[{"count":3,"href":"https:\/\/projectes.xtec.cat\/pyirenefp\/wp-json\/wp\/v2\/pages\/8736\/revisions"}],"predecessor-version":[{"id":10735,"href":"https:\/\/projectes.xtec.cat\/pyirenefp\/wp-json\/wp\/v2\/pages\/8736\/revisions\/10735"}],"up":[{"embeddable":true,"href":"https:\/\/projectes.xtec.cat\/pyirenefp\/wp-json\/wp\/v2\/pages\/8748"}],"wp:attachment":[{"href":"https:\/\/projectes.xtec.cat\/pyirenefp\/wp-json\/wp\/v2\/media?parent=8736"}],"curies":[{"name":"wp","href":"https:\/\/api.w.org\/{rel}","templated":true}]}}