{"id":8738,"date":"2017-07-07T17:50:35","date_gmt":"2017-07-07T15:50:35","guid":{"rendered":"http:\/\/projectes.xtec.cat\/pyirenefp\/?page_id=8738"},"modified":"2018-10-23T11:09:28","modified_gmt":"2018-10-23T09:09:28","slug":"agenda-jarduera","status":"publish","type":"page","link":"https:\/\/projectes.xtec.cat\/pyirenefp\/gaurkotasuna-2\/agenda-jarduera\/","title":{"rendered":"Jardueren Agenda"},"content":{"rendered":"<p><span style=\"color: #ff6600;\"><strong>1r d\u00eda transfronterizo entre los organismos de formaci\u00f3n de auxiliar de enfermer\u00eda<a href=\"https:\/\/projectes.xtec.cat\/pyirenefp\/wp-content\/uploads\/usu498\/2018\/10\/IMG_1393.jpg\"><img loading=\"lazy\" decoding=\"async\" class=\"wp-image-10728 alignright\" src=\"https:\/\/projectes.xtec.cat\/pyirenefp\/wp-content\/uploads\/usu498\/2018\/10\/IMG_1393-1024x768.jpg\" alt=\"\" width=\"222\" height=\"167\" srcset=\"https:\/\/projectes.xtec.cat\/pyirenefp\/wp-content\/uploads\/usu498\/2018\/10\/IMG_1393-1024x768.jpg 1024w, https:\/\/projectes.xtec.cat\/pyirenefp\/wp-content\/uploads\/usu498\/2018\/10\/IMG_1393-300x225.jpg 300w, https:\/\/projectes.xtec.cat\/pyirenefp\/wp-content\/uploads\/usu498\/2018\/10\/IMG_1393-768x576.jpg 768w, https:\/\/projectes.xtec.cat\/pyirenefp\/wp-content\/uploads\/usu498\/2018\/10\/IMG_1393-200x150.jpg 200w\" sizes=\"auto, (max-width: 222px) 100vw, 222px\" \/><\/a><\/strong><\/span><\/p>\n<p>Data: 2018\/10\/23<\/p>\n<p>Lugar: Cambo-les-Bains<\/p>\n<hr \/>\n<p><span style=\"color: #ff6600;\"><strong>Formaci\u00f3n regional orientaci\u00f3n transfronteriza \u2013 Nueva-Aquitania\u00a0\u00a0<\/strong><\/span> <a href=\"https:\/\/projectes.xtec.cat\/pyirenefp\/wp-content\/uploads\/usu498\/2018\/10\/Formation-orientation-26.09.jpeg\"><img loading=\"lazy\" decoding=\"async\" class=\"wp-image-10712 alignright\" src=\"https:\/\/projectes.xtec.cat\/pyirenefp\/wp-content\/uploads\/usu498\/2018\/10\/Formation-orientation-26.09-1024x768.jpeg\" alt=\"\" width=\"214\" height=\"161\" srcset=\"https:\/\/projectes.xtec.cat\/pyirenefp\/wp-content\/uploads\/usu498\/2018\/10\/Formation-orientation-26.09-1024x768.jpeg 1024w, https:\/\/projectes.xtec.cat\/pyirenefp\/wp-content\/uploads\/usu498\/2018\/10\/Formation-orientation-26.09-300x225.jpeg 300w, https:\/\/projectes.xtec.cat\/pyirenefp\/wp-content\/uploads\/usu498\/2018\/10\/Formation-orientation-26.09-768x576.jpeg 768w, https:\/\/projectes.xtec.cat\/pyirenefp\/wp-content\/uploads\/usu498\/2018\/10\/Formation-orientation-26.09-200x150.jpeg 200w, https:\/\/projectes.xtec.cat\/pyirenefp\/wp-content\/uploads\/usu498\/2018\/10\/Formation-orientation-26.09.jpeg 2048w\" sizes=\"auto, (max-width: 214px) 100vw, 214px\" \/><\/a><\/p>\n<p>Data: 2018\/09\/26<\/p>\n<p>Lugar: Mourenx<\/p>\n<p>&nbsp;<\/p>\n<hr \/>\n<p><strong><span style=\"color: #ff6600;\">Formaci\u00f3n regional movilidad transfronteriza FP &#8211; Catalunya<\/span><a href=\"http:\/\/projectes.xtec.cat\/pyirenefp\/wp-content\/uploads\/usu498\/2017\/04\/IMG-20180625-WA0003.jpg\"><img loading=\"lazy\" decoding=\"async\" class=\"alignright wp-image-10427 \" src=\"http:\/\/projectes.xtec.cat\/pyirenefp\/wp-content\/uploads\/usu498\/2017\/04\/IMG-20180625-WA0003-300x225.jpg\" alt=\"\" width=\"215\" height=\"164\" \/><\/a><br \/>\n<\/strong><\/p>\n<p>Data: 2018\/06\/25 eta 2018\/06\/27<\/p>\n<p>Tokia: Institut de Vic (Catalunya)<\/p>\n<p>&nbsp;<\/p>\n<hr \/>\n<p><span style=\"color: #ff6600;\"><strong>Formaci\u00f3n regional movilidad transfronteriza \u2013 Nueva-Aquitania <\/strong><\/span><a href=\"https:\/\/projectes.xtec.cat\/pyirenefp\/wp-content\/uploads\/usu498\/2018\/10\/Formation-mobilite\u0301-transf.-17.05.jpg\"><img loading=\"lazy\" decoding=\"async\" class=\"wp-image-10704 alignright\" src=\"https:\/\/projectes.xtec.cat\/pyirenefp\/wp-content\/uploads\/usu498\/2018\/10\/Formation-mobilite\u0301-transf.-17.05-1024x768.jpg\" alt=\"\" width=\"215\" height=\"161\" srcset=\"https:\/\/projectes.xtec.cat\/pyirenefp\/wp-content\/uploads\/usu498\/2018\/10\/Formation-mobilite\u0301-transf.-17.05-1024x768.jpg 1024w, https:\/\/projectes.xtec.cat\/pyirenefp\/wp-content\/uploads\/usu498\/2018\/10\/Formation-mobilite\u0301-transf.-17.05-300x225.jpg 300w, https:\/\/projectes.xtec.cat\/pyirenefp\/wp-content\/uploads\/usu498\/2018\/10\/Formation-mobilite\u0301-transf.-17.05-768x576.jpg 768w, https:\/\/projectes.xtec.cat\/pyirenefp\/wp-content\/uploads\/usu498\/2018\/10\/Formation-mobilite\u0301-transf.-17.05-200x150.jpg 200w, https:\/\/projectes.xtec.cat\/pyirenefp\/wp-content\/uploads\/usu498\/2018\/10\/Formation-mobilite\u0301-transf.-17.05.jpg 1417w\" sizes=\"auto, (max-width: 215px) 100vw, 215px\" \/><\/a><\/p>\n<p>Data: 2018\/05\/17<\/p>\n<p>Tokia: Baiona<\/p>\n<p>&nbsp;<\/p>\n<hr \/>\n<p><strong><span style=\"color: #ff6600;\">Formaci\u00f3n regional orientaci\u00f3n transfronteriza FP &#8211; Catalunya<\/span><a href=\"http:\/\/projectes.xtec.cat\/pyirenefp\/wp-content\/uploads\/usu498\/2017\/04\/20180607_104326_web.jpg\"><img loading=\"lazy\" decoding=\"async\" class=\"wp-image-10264 alignright\" src=\"http:\/\/projectes.xtec.cat\/pyirenefp\/wp-content\/uploads\/usu498\/2017\/04\/20180607_104326_web-300x225.jpg\" alt=\"\" width=\"215\" height=\"157\" \/><\/a><br \/>\n<\/strong><\/p>\n<p>Data: 2018\/05\/07 eta 2018\/06\/07<\/p>\n<p>Tokia: Institut de Vic (Catalunya)<\/p>\n<p>&nbsp;<\/p>\n<hr \/>\n<p><strong><span style=\"color: #ff6600;\">Comit\u00e9 de pilotaje del proyecto PyireneFP &#8211; Regi\u00f3n Nouvelle-Aquitaine<\/span><a href=\"http:\/\/projectes.xtec.cat\/pyirenefp\/wp-content\/uploads\/usu498\/2018\/04\/Hendaya.jpg\"><img loading=\"lazy\" decoding=\"async\" class=\"wp-image-9637 alignright\" src=\"http:\/\/projectes.xtec.cat\/pyirenefp\/wp-content\/uploads\/usu498\/2018\/04\/Hendaya-300x225.jpg\" alt=\"\" width=\"212\" height=\"148\" \/><\/a><br \/>\n<\/strong><\/p>\n<p>Data: 25\/04\/2018 eta 26\/04\/2018<\/p>\n<p>Tokia: Hendaya<\/p>\n<hr \/>\n<p><strong><span style=\"color: #ff6600;\">Transfronterera gastronomiako mobilidad-etako <a href=\"http:\/\/projectes.xtec.cat\/pyirenefp\/wp-content\/uploads\/usu498\/2018\/03\/HosteleriaBCN_150320182_WEB.jpg\"><img loading=\"lazy\" decoding=\"async\" class=\"wp-image-9588 alignright\" src=\"http:\/\/projectes.xtec.cat\/pyirenefp\/wp-content\/uploads\/usu498\/2018\/03\/HosteleriaBCN_150320182_WEB-1024x556.jpg\" alt=\"\" width=\"217\" height=\"118\" srcset=\"https:\/\/projectes.xtec.cat\/pyirenefp\/wp-content\/uploads\/usu498\/2018\/03\/HosteleriaBCN_150320182_WEB-1024x556.jpg 1024w, https:\/\/projectes.xtec.cat\/pyirenefp\/wp-content\/uploads\/usu498\/2018\/03\/HosteleriaBCN_150320182_WEB-300x163.jpg 300w, https:\/\/projectes.xtec.cat\/pyirenefp\/wp-content\/uploads\/usu498\/2018\/03\/HosteleriaBCN_150320182_WEB-768x417.jpg 768w, https:\/\/projectes.xtec.cat\/pyirenefp\/wp-content\/uploads\/usu498\/2018\/03\/HosteleriaBCN_150320182_WEB.jpg 1530w\" sizes=\"auto, (max-width: 217px) 100vw, 217px\" \/><\/a>jardunaldia<br \/>\n<\/span><\/strong><\/p>\n<p>Data: 2018\/03\/15<\/p>\n<p>Tokia: Barcelona<\/p>\n<hr \/>\n<p><strong><span style=\"color: #ff6600;\">Lanbide-Heziketaren Higikortasun Hezitzaile\u00a0Heziketa \u2013 Occitanie<\/span><span style=\"color: #ff6600;\"><a href=\"http:\/\/projectes.xtec.cat\/pyirenefp\/wp-content\/uploads\/usu498\/2018\/02\/Fdf_Mobilidad.jpg\"><img loading=\"lazy\" decoding=\"async\" class=\"wp-image-9220 alignright\" src=\"http:\/\/projectes.xtec.cat\/pyirenefp\/wp-content\/uploads\/usu498\/2018\/02\/Fdf_Mobilidad.jpg\" alt=\"\" width=\"214\" height=\"107\" srcset=\"https:\/\/projectes.xtec.cat\/pyirenefp\/wp-content\/uploads\/usu498\/2018\/02\/Fdf_Mobilidad.jpg 1000w, https:\/\/projectes.xtec.cat\/pyirenefp\/wp-content\/uploads\/usu498\/2018\/02\/Fdf_Mobilidad-300x150.jpg 300w, https:\/\/projectes.xtec.cat\/pyirenefp\/wp-content\/uploads\/usu498\/2018\/02\/Fdf_Mobilidad-768x384.jpg 768w\" sizes=\"auto, (max-width: 214px) 100vw, 214px\" \/><\/a><\/span><\/strong><\/p>\n<p>Data: 2018\/02\/12 eta 2018\/02\/13<\/p>\n<p>Tokia: Toulouse<\/p>\n<hr \/>\n<p><strong><a href=\"http:\/\/projectes.xtec.cat\/pyirenefp\/wp-content\/uploads\/usu498\/2018\/02\/Euskadi_Foto-grup-formaci\u00f3-.jpg\"><img loading=\"lazy\" decoding=\"async\" class=\"wp-image-9219 alignright\" src=\"http:\/\/projectes.xtec.cat\/pyirenefp\/wp-content\/uploads\/usu498\/2018\/02\/Euskadi_Foto-grup-formaci\u00f3-.jpg\" alt=\"\" width=\"212\" height=\"126\" srcset=\"https:\/\/projectes.xtec.cat\/pyirenefp\/wp-content\/uploads\/usu498\/2018\/02\/Euskadi_Foto-grup-formaci\u00f3-.jpg 992w, https:\/\/projectes.xtec.cat\/pyirenefp\/wp-content\/uploads\/usu498\/2018\/02\/Euskadi_Foto-grup-formaci\u00f3--300x178.jpg 300w, https:\/\/projectes.xtec.cat\/pyirenefp\/wp-content\/uploads\/usu498\/2018\/02\/Euskadi_Foto-grup-formaci\u00f3--768x457.jpg 768w\" sizes=\"auto, (max-width: 212px) 100vw, 212px\" \/><\/a><span style=\"color: #ff6600;\">Lanbide-Heziketaren Orientazio Hezitzaile\u00a0Heziketa \u2013 EAE<\/span><\/strong><\/p>\n<p>Data: 22\/01\/2018 eta 23\/01\/2018<\/p>\n<p>Tokia: San Sebasti\u00e1n<\/p>\n<hr \/>\n<p><a href=\"http:\/\/projectes.xtec.cat\/pyirenefp\/wp-content\/uploads\/usu498\/2018\/01\/IMG_20180109_113328_bis.jpg\"><img loading=\"lazy\" decoding=\"async\" class=\"wp-image-9016 alignright\" src=\"http:\/\/projectes.xtec.cat\/pyirenefp\/wp-content\/uploads\/usu498\/2018\/01\/IMG_20180109_113328_bis-1024x768.jpg\" alt=\"\" width=\"212\" height=\"159\" srcset=\"https:\/\/projectes.xtec.cat\/pyirenefp\/wp-content\/uploads\/usu498\/2018\/01\/IMG_20180109_113328_bis-1024x768.jpg 1024w, https:\/\/projectes.xtec.cat\/pyirenefp\/wp-content\/uploads\/usu498\/2018\/01\/IMG_20180109_113328_bis-300x225.jpg 300w, https:\/\/projectes.xtec.cat\/pyirenefp\/wp-content\/uploads\/usu498\/2018\/01\/IMG_20180109_113328_bis-768x576.jpg 768w, https:\/\/projectes.xtec.cat\/pyirenefp\/wp-content\/uploads\/usu498\/2018\/01\/IMG_20180109_113328_bis-200x150.jpg 200w\" sizes=\"auto, (max-width: 212px) 100vw, 212px\" \/><\/a><strong><span style=\"color: #ff6600;\">Lanbide-Heziketaren Orientazio Hezitzaile Heziketa \u2013 Katalunian<br \/>\n<\/span><\/strong><\/p>\n<p>Data: 2018\/01\/09<\/p>\n<p>Tokia: Departament d&#8217;Ensenyament &#8211; Barcelona<\/p>\n<hr \/>\n<p><span style=\"color: #ff6600;\"><strong>PyireneFP izeneko Europar proiektuaren Gidaritza-batzordea- Nafarroa\u00a0\u00a0 <a href=\"http:\/\/projectes.xtec.cat\/pyirenefp\/wp-content\/uploads\/usu498\/2017\/04\/Reuni\u00f3n-Pamplona.jpg\"><img loading=\"lazy\" decoding=\"async\" class=\"wp-image-9009 alignright\" src=\"http:\/\/projectes.xtec.cat\/pyirenefp\/wp-content\/uploads\/usu498\/2017\/04\/Reuni\u00f3n-Pamplona-1024x768.jpg\" alt=\"\" width=\"207\" height=\"155\" srcset=\"https:\/\/projectes.xtec.cat\/pyirenefp\/wp-content\/uploads\/usu498\/2017\/04\/Reuni\u00f3n-Pamplona-1024x768.jpg 1024w, https:\/\/projectes.xtec.cat\/pyirenefp\/wp-content\/uploads\/usu498\/2017\/04\/Reuni\u00f3n-Pamplona-300x225.jpg 300w, https:\/\/projectes.xtec.cat\/pyirenefp\/wp-content\/uploads\/usu498\/2017\/04\/Reuni\u00f3n-Pamplona-768x576.jpg 768w, https:\/\/projectes.xtec.cat\/pyirenefp\/wp-content\/uploads\/usu498\/2017\/04\/Reuni\u00f3n-Pamplona-200x150.jpg 200w, https:\/\/projectes.xtec.cat\/pyirenefp\/wp-content\/uploads\/usu498\/2017\/04\/Reuni\u00f3n-Pamplona.jpg 1600w\" sizes=\"auto, (max-width: 207px) 100vw, 207px\" \/><\/a> <\/strong><\/span><\/p>\n<p>Data: 2017\/10\/19 eta 2017\/10\/20<\/p>\n<p>Tokia: Departamento de Educaci\u00f3n \u2013 Iru\u00f1ea<\/p>\n<hr \/>\n<p><span style=\"color: #ff6600;\"><strong>PyireneFP proiektua eskualdean aurkezteko jardunaldia \u2013 Nafarroa <\/strong><\/span><\/p>\n<p><span style=\"color: #ff6600;\"><strong><a href=\"http:\/\/projectes.xtec.cat\/pyirenefp\/wp-content\/uploads\/usu498\/2017\/04\/02-1.jpg\"><img loading=\"lazy\" decoding=\"async\" class=\"wp-image-8605 alignright\" src=\"http:\/\/projectes.xtec.cat\/pyirenefp\/wp-content\/uploads\/usu498\/2017\/04\/02-1-300x169.jpg\" alt=\"02-1\" width=\"206\" height=\"116\" srcset=\"https:\/\/projectes.xtec.cat\/pyirenefp\/wp-content\/uploads\/usu498\/2017\/04\/02-1-300x169.jpg 300w, https:\/\/projectes.xtec.cat\/pyirenefp\/wp-content\/uploads\/usu498\/2017\/04\/02-1-768x432.jpg 768w, https:\/\/projectes.xtec.cat\/pyirenefp\/wp-content\/uploads\/usu498\/2017\/04\/02-1-1024x576.jpg 1024w\" sizes=\"auto, (max-width: 206px) 100vw, 206px\" \/><\/a><\/strong><\/span>Data: 2017\/06\/01<\/p>\n<p>Tokia: Iru\u00f1ea<\/p>\n<p>&nbsp;<\/p>\n<hr \/>\n<p><span style=\"color: #ff6600;\"><strong>Jornada presentaci\u00f3n regional proyecto PyireneFP &#8211; Nueva-Aquitania<\/strong><\/span><a href=\"https:\/\/projectes.xtec.cat\/pyirenefp\/wp-content\/uploads\/usu498\/2018\/10\/Journe\u0301e-de-lancement-NA-12.05.2017.jpg\"><img loading=\"lazy\" decoding=\"async\" class=\"wp-image-10668 alignright\" src=\"https:\/\/projectes.xtec.cat\/pyirenefp\/wp-content\/uploads\/usu498\/2018\/10\/Journe\u0301e-de-lancement-NA-12.05.2017-1024x768.jpg\" alt=\"\" width=\"202\" height=\"151\" srcset=\"https:\/\/projectes.xtec.cat\/pyirenefp\/wp-content\/uploads\/usu498\/2018\/10\/Journe\u0301e-de-lancement-NA-12.05.2017-1024x768.jpg 1024w, https:\/\/projectes.xtec.cat\/pyirenefp\/wp-content\/uploads\/usu498\/2018\/10\/Journe\u0301e-de-lancement-NA-12.05.2017-300x225.jpg 300w, https:\/\/projectes.xtec.cat\/pyirenefp\/wp-content\/uploads\/usu498\/2018\/10\/Journe\u0301e-de-lancement-NA-12.05.2017-768x576.jpg 768w, https:\/\/projectes.xtec.cat\/pyirenefp\/wp-content\/uploads\/usu498\/2018\/10\/Journe\u0301e-de-lancement-NA-12.05.2017-200x150.jpg 200w, https:\/\/projectes.xtec.cat\/pyirenefp\/wp-content\/uploads\/usu498\/2018\/10\/Journe\u0301e-de-lancement-NA-12.05.2017.jpg 1600w\" sizes=\"auto, (max-width: 202px) 100vw, 202px\" \/><\/a><\/p>\n<p>Data: 2017\/05\/12<\/p>\n<p>Tokia: Bayonne<\/p>\n<p>&nbsp;<\/p>\n<hr \/>\n<p><span style=\"color: #ff6600;\"><strong>PyireneFP izeneko Europar proiektuaren Gidaritza-batzordea \u2014 Aragoi eskualdea<\/strong><\/span><\/p>\n<p>Data: 2017\/04\/25<a href=\"http:\/\/projectes.xtec.cat\/pyirenefp\/wp-content\/uploads\/usu498\/2017\/04\/C-Q_kWTWAAEVVzT.jpg\"><img loading=\"lazy\" decoding=\"async\" class=\" wp-image-8570 alignright\" src=\"http:\/\/projectes.xtec.cat\/pyirenefp\/wp-content\/uploads\/usu498\/2017\/04\/C-Q_kWTWAAEVVzT-300x169.jpg\" alt=\"C-Q_kWTWAAEVVzT\" width=\"206\" height=\"116\" srcset=\"https:\/\/projectes.xtec.cat\/pyirenefp\/wp-content\/uploads\/usu498\/2017\/04\/C-Q_kWTWAAEVVzT-300x169.jpg 300w, https:\/\/projectes.xtec.cat\/pyirenefp\/wp-content\/uploads\/usu498\/2017\/04\/C-Q_kWTWAAEVVzT-768x432.jpg 768w, https:\/\/projectes.xtec.cat\/pyirenefp\/wp-content\/uploads\/usu498\/2017\/04\/C-Q_kWTWAAEVVzT-1024x576.jpg 1024w, https:\/\/projectes.xtec.cat\/pyirenefp\/wp-content\/uploads\/usu498\/2017\/04\/C-Q_kWTWAAEVVzT.jpg 1200w\" sizes=\"auto, (max-width: 206px) 100vw, 206px\" \/><\/a><\/p>\n<p>Tokia: Zaragoza<\/p>\n<hr \/>\n<p><span style=\"color: #ff6600;\"><strong>Jornada presentaci\u00f3n regional proyecto PyireneFP &#8211; Euskadi<\/strong><\/span><\/p>\n<p>Data: 2017\/03\/17<a href=\"http:\/\/projectes.xtec.cat\/pyirenefp\/wp-content\/uploads\/usu498\/2017\/04\/interreg-POCTEFA-PyireneFP-PANTONE.jpg\"><img loading=\"lazy\" decoding=\"async\" class=\"wp-image-9010 alignright\" src=\"http:\/\/projectes.xtec.cat\/pyirenefp\/wp-content\/uploads\/usu498\/2017\/04\/interreg-POCTEFA-PyireneFP-PANTONE-1024x459.jpg\" alt=\"\" width=\"232\" height=\"104\" srcset=\"https:\/\/projectes.xtec.cat\/pyirenefp\/wp-content\/uploads\/usu498\/2017\/04\/interreg-POCTEFA-PyireneFP-PANTONE-1024x459.jpg 1024w, https:\/\/projectes.xtec.cat\/pyirenefp\/wp-content\/uploads\/usu498\/2017\/04\/interreg-POCTEFA-PyireneFP-PANTONE-300x135.jpg 300w, https:\/\/projectes.xtec.cat\/pyirenefp\/wp-content\/uploads\/usu498\/2017\/04\/interreg-POCTEFA-PyireneFP-PANTONE-768x345.jpg 768w, https:\/\/projectes.xtec.cat\/pyirenefp\/wp-content\/uploads\/usu498\/2017\/04\/interreg-POCTEFA-PyireneFP-PANTONE.jpg 1843w\" sizes=\"auto, (max-width: 232px) 100vw, 232px\" \/><\/a><\/p>\n<p>Tokia: Errenteria (Guipuzkoa)<\/p>\n<hr \/>\n<p><span style=\"color: #ff6600;\"><strong>Jornada presentaci\u00f3n regional proyecto PyireneFP &#8211; Arag\u00f3n<\/strong><\/span><\/p>\n<p>Data: 2017\/01\/10<strong><a href=\"http:\/\/projectes.xtec.cat\/pyirenefp\/wp-content\/uploads\/usu498\/2017\/04\/interreg-POCTEFA-PyireneFP-PANTONE.jpg\"><img loading=\"lazy\" decoding=\"async\" class=\"wp-image-9010 alignright\" src=\"http:\/\/projectes.xtec.cat\/pyirenefp\/wp-content\/uploads\/usu498\/2017\/04\/interreg-POCTEFA-PyireneFP-PANTONE-1024x459.jpg\" alt=\"\" width=\"214\" height=\"96\" srcset=\"https:\/\/projectes.xtec.cat\/pyirenefp\/wp-content\/uploads\/usu498\/2017\/04\/interreg-POCTEFA-PyireneFP-PANTONE-1024x459.jpg 1024w, https:\/\/projectes.xtec.cat\/pyirenefp\/wp-content\/uploads\/usu498\/2017\/04\/interreg-POCTEFA-PyireneFP-PANTONE-300x135.jpg 300w, https:\/\/projectes.xtec.cat\/pyirenefp\/wp-content\/uploads\/usu498\/2017\/04\/interreg-POCTEFA-PyireneFP-PANTONE-768x345.jpg 768w, https:\/\/projectes.xtec.cat\/pyirenefp\/wp-content\/uploads\/usu498\/2017\/04\/interreg-POCTEFA-PyireneFP-PANTONE.jpg 1843w\" sizes=\"auto, (max-width: 214px) 100vw, 214px\" \/><\/a><\/strong><\/p>\n<p>Tokia: Huesca<\/p>\n<hr \/>\n<p><span style=\"color: #ff6600;\"><strong>PyireneFP proiektuaren lurraldeko aurkezpena Katalunian<a href=\"http:\/\/projectes.xtec.cat\/pyirenefp\/wp-content\/uploads\/usu498\/2017\/04\/01-presentacio-CAT-20-des.jpg\"><img loading=\"lazy\" decoding=\"async\" class=\" wp-image-8589 alignright\" src=\"http:\/\/projectes.xtec.cat\/pyirenefp\/wp-content\/uploads\/usu498\/2017\/04\/01-presentacio-CAT-20-des-300x225.jpg\" alt=\"01 presentacio CAT 20 des\" width=\"208\" height=\"156\" srcset=\"https:\/\/projectes.xtec.cat\/pyirenefp\/wp-content\/uploads\/usu498\/2017\/04\/01-presentacio-CAT-20-des-300x225.jpg 300w, https:\/\/projectes.xtec.cat\/pyirenefp\/wp-content\/uploads\/usu498\/2017\/04\/01-presentacio-CAT-20-des-768x576.jpg 768w, https:\/\/projectes.xtec.cat\/pyirenefp\/wp-content\/uploads\/usu498\/2017\/04\/01-presentacio-CAT-20-des-1024x768.jpg 1024w, https:\/\/projectes.xtec.cat\/pyirenefp\/wp-content\/uploads\/usu498\/2017\/04\/01-presentacio-CAT-20-des-200x150.jpg 200w, https:\/\/projectes.xtec.cat\/pyirenefp\/wp-content\/uploads\/usu498\/2017\/04\/01-presentacio-CAT-20-des.jpg 1632w\" sizes=\"auto, (max-width: 208px) 100vw, 208px\" \/><\/a> <\/strong><\/span><\/p>\n<p>Data: 2016\/12\/20<\/p>\n<p>Tokia: Institut Cal\u00b7lipolis \u2013 Tarragona<\/p>\n<hr \/>\n<p><span style=\"color: #ff6600;\"><strong>PyireneFP proiektuaren lurraldeko aurkezpena Katalunian<\/strong><\/span><\/p>\n<p>Data: 2016\/12\/19<strong><a href=\"http:\/\/projectes.xtec.cat\/pyirenefp\/wp-content\/uploads\/usu498\/2017\/04\/interreg-POCTEFA-PyireneFP-PANTONE.jpg\"><img loading=\"lazy\" decoding=\"async\" class=\"wp-image-9010 alignright\" src=\"http:\/\/projectes.xtec.cat\/pyirenefp\/wp-content\/uploads\/usu498\/2017\/04\/interreg-POCTEFA-PyireneFP-PANTONE-1024x459.jpg\" alt=\"\" width=\"212\" height=\"95\" srcset=\"https:\/\/projectes.xtec.cat\/pyirenefp\/wp-content\/uploads\/usu498\/2017\/04\/interreg-POCTEFA-PyireneFP-PANTONE-1024x459.jpg 1024w, https:\/\/projectes.xtec.cat\/pyirenefp\/wp-content\/uploads\/usu498\/2017\/04\/interreg-POCTEFA-PyireneFP-PANTONE-300x135.jpg 300w, https:\/\/projectes.xtec.cat\/pyirenefp\/wp-content\/uploads\/usu498\/2017\/04\/interreg-POCTEFA-PyireneFP-PANTONE-768x345.jpg 768w, https:\/\/projectes.xtec.cat\/pyirenefp\/wp-content\/uploads\/usu498\/2017\/04\/interreg-POCTEFA-PyireneFP-PANTONE.jpg 1843w\" sizes=\"auto, (max-width: 212px) 100vw, 212px\" \/><\/a><\/strong><\/p>\n<p>Tokia: Gironako Hezkuntzako lurralde zerbitzuak<\/p>\n<hr \/>\n<p><span style=\"color: #ff6600;\"><strong>PyireneFP proiektuaren lurraldeko aurkezpena Katalunian<\/strong><\/span><a href=\"http:\/\/projectes.xtec.cat\/pyirenefp\/wp-content\/uploads\/usu498\/2017\/04\/03-presentacio-CAT-13-des.jpg\"><img loading=\"lazy\" decoding=\"async\" class=\" wp-image-8588 alignright\" src=\"http:\/\/projectes.xtec.cat\/pyirenefp\/wp-content\/uploads\/usu498\/2017\/04\/03-presentacio-CAT-13-des-300x225.jpg\" alt=\"03 presentacio CAT 13 des\" width=\"196\" height=\"146\" srcset=\"https:\/\/projectes.xtec.cat\/pyirenefp\/wp-content\/uploads\/usu498\/2017\/04\/03-presentacio-CAT-13-des-300x225.jpg 300w, https:\/\/projectes.xtec.cat\/pyirenefp\/wp-content\/uploads\/usu498\/2017\/04\/03-presentacio-CAT-13-des-768x576.jpg 768w, https:\/\/projectes.xtec.cat\/pyirenefp\/wp-content\/uploads\/usu498\/2017\/04\/03-presentacio-CAT-13-des-1024x768.jpg 1024w, https:\/\/projectes.xtec.cat\/pyirenefp\/wp-content\/uploads\/usu498\/2017\/04\/03-presentacio-CAT-13-des-200x150.jpg 200w, https:\/\/projectes.xtec.cat\/pyirenefp\/wp-content\/uploads\/usu498\/2017\/04\/03-presentacio-CAT-13-des.jpg 1632w\" sizes=\"auto, (max-width: 196px) 100vw, 196px\" \/><\/a><\/p>\n<p>Data: 2016\/12\/13<\/p>\n<p>Tokia: Institut Gallecs \u2013 Mollet del Vall\u00e8s<\/p>\n<hr \/>\n<p><span style=\"color: #ff6600;\"><strong>PyireneFP izeneko Europar proiektuaren Gidaritza-batzordea \u2014 Okzitania eskualdea<a href=\"http:\/\/projectes.xtec.cat\/pyirenefp\/wp-content\/uploads\/usu498\/2017\/04\/ABIAPUNTUTIK-LEHEN-BILERA.jpg\"><img loading=\"lazy\" decoding=\"async\" class=\" wp-image-8566 alignright\" src=\"http:\/\/projectes.xtec.cat\/pyirenefp\/wp-content\/uploads\/usu498\/2017\/04\/ABIAPUNTUTIK-LEHEN-BILERA-300x169.jpg\" alt=\"ABIAPUNTUTIK , LEHEN BILERA\" width=\"200\" height=\"112\" srcset=\"https:\/\/projectes.xtec.cat\/pyirenefp\/wp-content\/uploads\/usu498\/2017\/04\/ABIAPUNTUTIK-LEHEN-BILERA-300x169.jpg 300w, https:\/\/projectes.xtec.cat\/pyirenefp\/wp-content\/uploads\/usu498\/2017\/04\/ABIAPUNTUTIK-LEHEN-BILERA-768x432.jpg 768w, https:\/\/projectes.xtec.cat\/pyirenefp\/wp-content\/uploads\/usu498\/2017\/04\/ABIAPUNTUTIK-LEHEN-BILERA-1024x576.jpg 1024w, https:\/\/projectes.xtec.cat\/pyirenefp\/wp-content\/uploads\/usu498\/2017\/04\/ABIAPUNTUTIK-LEHEN-BILERA.jpg 2048w\" sizes=\"auto, (max-width: 200px) 100vw, 200px\" \/><\/a><\/strong><\/span><\/p>\n<p>Data: 22\/11\/2016<\/p>\n<p>Tokia: Toulouse<\/p>\n<hr \/>\n<p><span style=\"color: #ff6600;\"><strong>PyireneFP proiektua abiarazteko jardunaldia \u2013 Okzitania eskualdea<\/strong><\/span><a href=\"http:\/\/projectes.xtec.cat\/pyirenefp\/wp-content\/uploads\/usu498\/2017\/04\/DSCN5743-v2.jpg\"><img loading=\"lazy\" decoding=\"async\" class=\"alignright wp-image-8584\" src=\"http:\/\/projectes.xtec.cat\/pyirenefp\/wp-content\/uploads\/usu498\/2017\/04\/DSCN5743-v2-300x225.jpg\" alt=\"DSCN5743 v2\" width=\"197\" height=\"148\" srcset=\"https:\/\/projectes.xtec.cat\/pyirenefp\/wp-content\/uploads\/usu498\/2017\/04\/DSCN5743-v2-300x225.jpg 300w, https:\/\/projectes.xtec.cat\/pyirenefp\/wp-content\/uploads\/usu498\/2017\/04\/DSCN5743-v2-768x576.jpg 768w, https:\/\/projectes.xtec.cat\/pyirenefp\/wp-content\/uploads\/usu498\/2017\/04\/DSCN5743-v2-1024x768.jpg 1024w, https:\/\/projectes.xtec.cat\/pyirenefp\/wp-content\/uploads\/usu498\/2017\/04\/DSCN5743-v2-200x150.jpg 200w, https:\/\/projectes.xtec.cat\/pyirenefp\/wp-content\/uploads\/usu498\/2017\/04\/DSCN5743-v2.jpg 1200w\" sizes=\"auto, (max-width: 197px) 100vw, 197px\" \/><\/a><\/p>\n<p>Data: 2016\/11\/21 eta 2016\/11\/22<\/p>\n<p>Tokia: Toulouse<\/p>\n<hr \/>\n<p><strong><span style=\"color: #ff6600;\">PyireneFP proiektua prestatzea<\/span><a href=\"http:\/\/projectes.xtec.cat\/pyirenefp\/wp-content\/uploads\/usu498\/2017\/04\/IMG_1158.jpg\"><img loading=\"lazy\" decoding=\"async\" class=\"wp-image-8564 alignright\" src=\"http:\/\/projectes.xtec.cat\/pyirenefp\/wp-content\/uploads\/usu498\/2017\/04\/IMG_1158-1024x768.jpg\" alt=\"IMG_1158\" width=\"197\" height=\"148\" srcset=\"https:\/\/projectes.xtec.cat\/pyirenefp\/wp-content\/uploads\/usu498\/2017\/04\/IMG_1158-1024x768.jpg 1024w, https:\/\/projectes.xtec.cat\/pyirenefp\/wp-content\/uploads\/usu498\/2017\/04\/IMG_1158-300x225.jpg 300w, https:\/\/projectes.xtec.cat\/pyirenefp\/wp-content\/uploads\/usu498\/2017\/04\/IMG_1158-768x576.jpg 768w, https:\/\/projectes.xtec.cat\/pyirenefp\/wp-content\/uploads\/usu498\/2017\/04\/IMG_1158-200x150.jpg 200w, https:\/\/projectes.xtec.cat\/pyirenefp\/wp-content\/uploads\/usu498\/2017\/04\/IMG_1158.jpg 2048w\" sizes=\"auto, (max-width: 197px) 100vw, 197px\" \/><\/a><\/strong><\/p>\n<p>Data: 2016\/10\/05 eta 2016\/10\/06<\/p>\n<p>Tokia: Barcelona<\/p>\n<hr \/>\n<p><span id=\"result_box\" class=\"short_text\" lang=\"eu\"><span class=\"\">\u00a0<\/span><\/span><\/p>\n","protected":false},"excerpt":{"rendered":"<p>1r d\u00eda transfronterizo entre los organismos de formaci\u00f3n de auxiliar de enfermer\u00eda<a href=\"https:\/\/projectes.xtec.cat\/pyirenefp\/wp-content\/uploads\/usu498\/2018\/10\/IMG_1393.jpg\"><\/a><br \/>\nData: 2018\/10\/23<br \/>\nLugar: Cambo-les-Bains<\/p>\n<p>Formaci\u00f3n regional orientaci\u00f3n transfronteriza \u2013 Nueva-Aquitania\u00a0\u00a0 <a href=\"https:\/\/projectes.xtec.cat\/pyirenefp\/wp-content\/uploads\/usu498\/2018\/10\/Formation-orientation-26.09.jpeg\"><\/a><br \/>\nData: 2018\/09\/26<br \/>\nLugar: Mourenx<br \/>\n&nbsp;<\/p>\n<p>Formaci\u00f3n regional movilidad transfronteriza FP &#8211; Catalunya<a href=\"http:\/\/projectes.xtec.cat\/pyirenefp\/wp-content\/uploads\/usu498\/2017\/04\/IMG-20180625-WA0003.jpg\"><\/a><\/p>\n<p>Data: 2018\/06\/25 eta 2018\/06\/27<br \/>\nTokia: Institut de Vic (Catalunya)<br \/>\n&nbsp;<\/p>\n<p>Formaci\u00f3n regional movilidad transfronteriza \u2013 Nueva-Aquitania <a href=\"https:\/\/projectes.xtec.cat\/pyirenefp\/wp-content\/uploads\/usu498\/2018\/10\/Formation-mobilite\u0301-transf.-17.05.jpg\"><\/a><br \/>\nData:&hellip;  <a href=\"https:\/\/projectes.xtec.cat\/pyirenefp\/gaurkotasuna-2\/agenda-jarduera\/\" title=\"Read Jardueren Agenda\">Llegeix m\u00e9s\u00bb<\/a><\/p>\n","protected":false},"author":1,"featured_media":0,"parent":10010,"menu_order":20,"comment_status":"closed","ping_status":"closed","template":"","meta":{"_bbp_topic_count":0,"_bbp_reply_count":0,"_bbp_total_topic_count":0,"_bbp_total_reply_count":0,"_bbp_voice_count":0,"_bbp_anonymous_reply_count":0,"_bbp_topic_count_hidden":0,"_bbp_reply_count_hidden":0,"_bbp_forum_subforum_count":0,"footnotes":""},"class_list":["post-8738","page","type-page","status-publish","hentry"],"post_mailing_queue_ids":[],"_links":{"self":[{"href":"https:\/\/projectes.xtec.cat\/pyirenefp\/wp-json\/wp\/v2\/pages\/8738","targetHints":{"allow":["GET"]}}],"collection":[{"href":"https:\/\/projectes.xtec.cat\/pyirenefp\/wp-json\/wp\/v2\/pages"}],"about":[{"href":"https:\/\/projectes.xtec.cat\/pyirenefp\/wp-json\/wp\/v2\/types\/page"}],"author":[{"embeddable":true,"href":"https:\/\/projectes.xtec.cat\/pyirenefp\/wp-json\/wp\/v2\/users\/1"}],"replies":[{"embeddable":true,"href":"https:\/\/projectes.xtec.cat\/pyirenefp\/wp-json\/wp\/v2\/comments?post=8738"}],"version-history":[{"count":3,"href":"https:\/\/projectes.xtec.cat\/pyirenefp\/wp-json\/wp\/v2\/pages\/8738\/revisions"}],"predecessor-version":[{"id":10733,"href":"https:\/\/projectes.xtec.cat\/pyirenefp\/wp-json\/wp\/v2\/pages\/8738\/revisions\/10733"}],"up":[{"embeddable":true,"href":"https:\/\/projectes.xtec.cat\/pyirenefp\/wp-json\/wp\/v2\/pages\/10010"}],"wp:attachment":[{"href":"https:\/\/projectes.xtec.cat\/pyirenefp\/wp-json\/wp\/v2\/media?parent=8738"}],"curies":[{"name":"wp","href":"https:\/\/api.w.org\/{rel}","templated":true}]}}