{"id":8748,"date":"2017-07-07T17:53:29","date_gmt":"2017-07-07T15:53:29","guid":{"rendered":"http:\/\/projectes.xtec.cat\/pyirenefp\/?page_id=8748"},"modified":"2018-06-20T07:57:09","modified_gmt":"2018-06-20T05:57:09","slug":"aujourdhui","status":"publish","type":"page","link":"https:\/\/projectes.xtec.cat\/pyirenefp\/aujourdhui\/","title":{"rendered":"Actualit\u00e9"},"content":{"rendered":"<p><span style=\"color: #000000;\">L\u2019actualit\u00e9 la plus compl\u00e8te avec des informations sur le d\u00e9veloppement du projet PyireneFP<\/span><\/p>\n","protected":false},"excerpt":{"rendered":"<p>L\u2019actualit\u00e9 la plus compl\u00e8te avec des informations sur le d\u00e9veloppement du projet PyireneFP<\/p>\n","protected":false},"author":1,"featured_media":0,"parent":0,"menu_order":0,"comment_status":"closed","ping_status":"closed","template":"","meta":{"_bbp_topic_count":0,"_bbp_reply_count":0,"_bbp_total_topic_count":0,"_bbp_total_reply_count":0,"_bbp_voice_count":0,"_bbp_anonymous_reply_count":0,"_bbp_topic_count_hidden":0,"_bbp_reply_count_hidden":0,"_bbp_forum_subforum_count":0,"footnotes":""},"class_list":["post-8748","page","type-page","status-publish","hentry"],"post_mailing_queue_ids":[],"_links":{"self":[{"href":"https:\/\/projectes.xtec.cat\/pyirenefp\/wp-json\/wp\/v2\/pages\/8748","targetHints":{"allow":["GET"]}}],"collection":[{"href":"https:\/\/projectes.xtec.cat\/pyirenefp\/wp-json\/wp\/v2\/pages"}],"about":[{"href":"https:\/\/projectes.xtec.cat\/pyirenefp\/wp-json\/wp\/v2\/types\/page"}],"author":[{"embeddable":true,"href":"https:\/\/projectes.xtec.cat\/pyirenefp\/wp-json\/wp\/v2\/users\/1"}],"replies":[{"embeddable":true,"href":"https:\/\/projectes.xtec.cat\/pyirenefp\/wp-json\/wp\/v2\/comments?post=8748"}],"version-history":[{"count":3,"href":"https:\/\/projectes.xtec.cat\/pyirenefp\/wp-json\/wp\/v2\/pages\/8748\/revisions"}],"predecessor-version":[{"id":10341,"href":"https:\/\/projectes.xtec.cat\/pyirenefp\/wp-json\/wp\/v2\/pages\/8748\/revisions\/10341"}],"wp:attachment":[{"href":"https:\/\/projectes.xtec.cat\/pyirenefp\/wp-json\/wp\/v2\/media?parent=8748"}],"curies":[{"name":"wp","href":"https:\/\/api.w.org\/{rel}","templated":true}]}}