{"id":8758,"date":"2017-07-07T18:07:34","date_gmt":"2017-07-07T16:07:34","guid":{"rendered":"http:\/\/projectes.xtec.cat\/pyirenefp\/?page_id=8758"},"modified":"2018-05-29T19:07:20","modified_gmt":"2018-05-29T17:07:20","slug":"pirefop-2","status":"publish","type":"page","link":"https:\/\/projectes.xtec.cat\/pyirenefp\/altres-projectes\/pirefop-2\/","title":{"rendered":"PIREFOP (cat)"},"content":{"rendered":"<p>\u00c9s un projecte de cooperaci\u00f3 transfronterera, dirigit a refor\u00e7ar la integraci\u00f3 transfronterera posant en valor els aspectes complementaris en el camp de la formaci\u00f3 professional.<\/p>\n<p>El projecte va ser aprovat en la primera fase de la convocat\u00f2ria de projectes del <span style=\"color: #800000;\"><strong>Programa Operatiu de Cooperaci\u00f3 Territorial Espanya-Fran\u00e7a-Andorra<\/strong> <\/span>2007-2013, amb una durada prevista de tres anys (octubre 2008-desembre de 2011) i un pressupost aproximat de 1,6 milions d&#8217;euros.<\/p>\n<p><strong>Antecedents<\/strong><\/p>\n<p>A partir de l&#8217;experi\u00e8ncia de projectes anteriors ( \u00abLa Formaci\u00f3 Professional Transfronterera\u00bb, \u00abLa Formaci\u00f3 professional i la Mobilitat Transfronterera\u00bb), portats a terme en el marc del programa INTERREG III A 2000-2006, els socis institucionals del projecte han afirmat la seva voluntat comuna de continuar amb el partenariat per capitalitzar el treball conjunt realitzat i consolidar un marc de cooperaci\u00f3 estable i perenne dels sistemes i dispositius de formaci\u00f3 professional de les regions pirinenques.<\/p>\n<p>Aix\u00ed el projecte PIREFOP es dirigeix \u200b\u200bprincipalment a prosseguir els treballs realitzats sobre la zona transfronterera i desenvolupar-los sobre nous estudis de formaci\u00f3 seguint les especificacions ECVET a fi de promoure el reconeixement mutu de les qualificacions i de les compet\u00e8ncies adquirides en el marc d&#8217;itineraris de mobilitat, ampliant aix\u00ed mateix la mobilitat dels estudiants d&#8217;FP i multiplicant el nombre de beneficiaris.<a href=\"http:\/\/projectes.xtec.cat\/pyirenefp\/wp-content\/uploads\/usu498\/2017\/03\/mapa.png\"><img loading=\"lazy\" decoding=\"async\" class=\"wp-image-8264 alignright\" src=\"http:\/\/projectes.xtec.cat\/pyirenefp\/wp-content\/uploads\/usu498\/2017\/03\/mapa.png\" alt=\"mapa\" width=\"246\" height=\"285\" srcset=\"https:\/\/projectes.xtec.cat\/pyirenefp\/wp-content\/uploads\/usu498\/2017\/03\/mapa.png 400w, https:\/\/projectes.xtec.cat\/pyirenefp\/wp-content\/uploads\/usu498\/2017\/03\/mapa-259x300.png 259w\" sizes=\"auto, (max-width: 246px) 100vw, 246px\" \/><\/a><\/p>\n","protected":false},"excerpt":{"rendered":"<p>\u00c9s un projecte de cooperaci\u00f3 transfronterera, dirigit a refor\u00e7ar la integraci\u00f3 transfronterera posant en valor els aspectes complementaris en el camp de la formaci\u00f3 professional.<br \/>\nEl projecte va ser aprovat en la primera fase de la convocat\u00f2ria de projectes del Programa Operatiu de Cooperaci\u00f3 Territorial Espanya-Fran\u00e7a-Andorra&hellip;  <a href=\"https:\/\/projectes.xtec.cat\/pyirenefp\/altres-projectes\/pirefop-2\/\" title=\"Read PIREFOP (cat)\">Llegeix m\u00e9s\u00bb<\/a><\/p>\n","protected":false},"author":1,"featured_media":0,"parent":8752,"menu_order":0,"comment_status":"closed","ping_status":"closed","template":"","meta":{"_bbp_topic_count":0,"_bbp_reply_count":0,"_bbp_total_topic_count":0,"_bbp_total_reply_count":0,"_bbp_voice_count":0,"_bbp_anonymous_reply_count":0,"_bbp_topic_count_hidden":0,"_bbp_reply_count_hidden":0,"_bbp_forum_subforum_count":0,"footnotes":""},"class_list":["post-8758","page","type-page","status-publish","hentry"],"post_mailing_queue_ids":[],"_links":{"self":[{"href":"https:\/\/projectes.xtec.cat\/pyirenefp\/wp-json\/wp\/v2\/pages\/8758","targetHints":{"allow":["GET"]}}],"collection":[{"href":"https:\/\/projectes.xtec.cat\/pyirenefp\/wp-json\/wp\/v2\/pages"}],"about":[{"href":"https:\/\/projectes.xtec.cat\/pyirenefp\/wp-json\/wp\/v2\/types\/page"}],"author":[{"embeddable":true,"href":"https:\/\/projectes.xtec.cat\/pyirenefp\/wp-json\/wp\/v2\/users\/1"}],"replies":[{"embeddable":true,"href":"https:\/\/projectes.xtec.cat\/pyirenefp\/wp-json\/wp\/v2\/comments?post=8758"}],"version-history":[{"count":3,"href":"https:\/\/projectes.xtec.cat\/pyirenefp\/wp-json\/wp\/v2\/pages\/8758\/revisions"}],"predecessor-version":[{"id":10054,"href":"https:\/\/projectes.xtec.cat\/pyirenefp\/wp-json\/wp\/v2\/pages\/8758\/revisions\/10054"}],"up":[{"embeddable":true,"href":"https:\/\/projectes.xtec.cat\/pyirenefp\/wp-json\/wp\/v2\/pages\/8752"}],"wp:attachment":[{"href":"https:\/\/projectes.xtec.cat\/pyirenefp\/wp-json\/wp\/v2\/media?parent=8758"}],"curies":[{"name":"wp","href":"https:\/\/api.w.org\/{rel}","templated":true}]}}