{"id":8760,"date":"2017-07-07T18:08:19","date_gmt":"2017-07-07T16:08:19","guid":{"rendered":"http:\/\/projectes.xtec.cat\/pyirenefp\/?page_id=8760"},"modified":"2018-06-20T08:25:45","modified_gmt":"2018-06-20T06:25:45","slug":"pirefop","status":"publish","type":"page","link":"https:\/\/projectes.xtec.cat\/pyirenefp\/dautres-projets\/pirefop\/","title":{"rendered":"PIREFOP (fr)"},"content":{"rendered":"<p>Il s\u2019agit d\u2019un projet de coop\u00e9ration transfrontali\u00e8re qui vise \u00e0 renforcer l\u2019int\u00e9gration transfrontali\u00e8re en mettant en valeur les aspects compl\u00e9mentaires dans le domaine de la formation professionnelle.<\/p>\n<p>Le projet fut adopt\u00e9 lors de la premi\u00e8re phase de l\u2019appel \u00e0 projets du <span style=\"color: #993300;\"><strong>Programme op\u00e9rationnel de coop\u00e9ration territoriale Espagne &#8211; France &#8211; Andorre <\/strong><\/span>2007-2013, pour une dur\u00e9e de trois ans (octobre\u00a02008 &#8211; d\u00e9cembre 2011) et un budget d\u2019environ 1,6\u00a0million d\u2019euros.<\/p>\n<p><a style=\"color: #999999;\" href=\"http:\/\/projectes.xtec.cat\/pyirenefp\/wp-content\/uploads\/usu498\/2017\/03\/mapa.png\"><img loading=\"lazy\" decoding=\"async\" class=\"wp-image-8264 alignright\" src=\"http:\/\/projectes.xtec.cat\/pyirenefp\/wp-content\/uploads\/usu498\/2017\/03\/mapa.png\" alt=\"mapa\" width=\"246\" height=\"285\" srcset=\"https:\/\/projectes.xtec.cat\/pyirenefp\/wp-content\/uploads\/usu498\/2017\/03\/mapa.png 400w, https:\/\/projectes.xtec.cat\/pyirenefp\/wp-content\/uploads\/usu498\/2017\/03\/mapa-259x300.png 259w\" sizes=\"auto, (max-width: 246px) 100vw, 246px\" \/><\/a><\/p>\n<p><strong>Ant\u00e9c\u00e9dents<\/strong><\/p>\n<p>\u00c0 partir de l\u2019exp\u00e9rience de pr\u00e9c\u00e9dents projets (\u00ab\u00a0La formation professionnelle transfrontali\u00e8re\u00a0\u00bb, \u00ab\u00a0La formation professionnelle et la mobilit\u00e9 transfrontali\u00e8re\u00a0\u00bb), men\u00e9s dans le cadre du programme INTERREG\u00a0III\u00a0A 2000-2006, les partenaires institutionnels du projet ont affirm\u00e9 leur volont\u00e9 commune de poursuivre leur partenariat afin de capitaliser le travail commun r\u00e9alis\u00e9 et de consolider un cadre de coop\u00e9ration stable et p\u00e9renne pour les syst\u00e8mes et dispositifs de formation professionnelle des r\u00e9gions pyr\u00e9n\u00e9ennes.<\/p>\n<p>Ainsi, le projet PIREFOP vise principalement \u00e0 poursuivre le travail r\u00e9alis\u00e9 sur la zone transfrontali\u00e8re et \u00e0 le d\u00e9velopper sur de nouveaux cursus de formation conform\u00e9ment aux sp\u00e9cifications ECVET afin de promouvoir la reconnaissance mutuelle des dipl\u00f4mes et des comp\u00e9tences acquises dans le cadre des itin\u00e9raires de mobilit\u00e9, \u00e9largissant ainsi la mobilit\u00e9 des \u00e9tudiants en FP et multipliant le nombre de b\u00e9n\u00e9ficiaires.<\/p>\n<p>&nbsp;<\/p>\n","protected":false},"excerpt":{"rendered":"<p>Il s\u2019agit d\u2019un projet de coop\u00e9ration transfrontali\u00e8re qui vise \u00e0 renforcer l\u2019int\u00e9gration transfrontali\u00e8re en mettant en valeur les aspects compl\u00e9mentaires dans le domaine de la formation professionnelle.<br \/>\nLe projet fut adopt\u00e9 lors de la premi\u00e8re phase de l\u2019appel \u00e0 projets du Programme op\u00e9rationnel de coop\u00e9ration territoriale&hellip;  <a href=\"https:\/\/projectes.xtec.cat\/pyirenefp\/dautres-projets\/pirefop\/\" title=\"Read PIREFOP (fr)\">Llegeix m\u00e9s\u00bb<\/a><\/p>\n","protected":false},"author":1,"featured_media":0,"parent":8754,"menu_order":0,"comment_status":"closed","ping_status":"closed","template":"","meta":{"_bbp_topic_count":0,"_bbp_reply_count":0,"_bbp_total_topic_count":0,"_bbp_total_reply_count":0,"_bbp_voice_count":0,"_bbp_anonymous_reply_count":0,"_bbp_topic_count_hidden":0,"_bbp_reply_count_hidden":0,"_bbp_forum_subforum_count":0,"footnotes":""},"class_list":["post-8760","page","type-page","status-publish","hentry"],"post_mailing_queue_ids":[],"_links":{"self":[{"href":"https:\/\/projectes.xtec.cat\/pyirenefp\/wp-json\/wp\/v2\/pages\/8760","targetHints":{"allow":["GET"]}}],"collection":[{"href":"https:\/\/projectes.xtec.cat\/pyirenefp\/wp-json\/wp\/v2\/pages"}],"about":[{"href":"https:\/\/projectes.xtec.cat\/pyirenefp\/wp-json\/wp\/v2\/types\/page"}],"author":[{"embeddable":true,"href":"https:\/\/projectes.xtec.cat\/pyirenefp\/wp-json\/wp\/v2\/users\/1"}],"replies":[{"embeddable":true,"href":"https:\/\/projectes.xtec.cat\/pyirenefp\/wp-json\/wp\/v2\/comments?post=8760"}],"version-history":[{"count":3,"href":"https:\/\/projectes.xtec.cat\/pyirenefp\/wp-json\/wp\/v2\/pages\/8760\/revisions"}],"predecessor-version":[{"id":10350,"href":"https:\/\/projectes.xtec.cat\/pyirenefp\/wp-json\/wp\/v2\/pages\/8760\/revisions\/10350"}],"up":[{"embeddable":true,"href":"https:\/\/projectes.xtec.cat\/pyirenefp\/wp-json\/wp\/v2\/pages\/8754"}],"wp:attachment":[{"href":"https:\/\/projectes.xtec.cat\/pyirenefp\/wp-json\/wp\/v2\/media?parent=8760"}],"curies":[{"name":"wp","href":"https:\/\/api.w.org\/{rel}","templated":true}]}}