{"id":8766,"date":"2017-07-07T18:10:46","date_gmt":"2017-07-07T16:10:46","guid":{"rendered":"http:\/\/projectes.xtec.cat\/pyirenefp\/?page_id=8766"},"modified":"2018-01-28T19:53:35","modified_gmt":"2018-01-28T18:53:35","slug":"piremobv","status":"publish","type":"page","link":"https:\/\/projectes.xtec.cat\/pyirenefp\/altres-projectes\/piremobv\/","title":{"rendered":"PIREMOBV (cat)"},"content":{"rendered":"<p>\u00c9s un\u00a0 projecte de cooperaci\u00f3 transfronterera dirigit a la millora de la qualitat de la formaci\u00f3 professional mitjan\u00e7ant la promoci\u00f3 i el desenvolupament de la mobilitat d&#8217;estudiants i formadors.<\/p>\n<p>El projecte va ser aprovat en la segona fase de la convocat\u00f2ria de projectes del <strong><span style=\"color: #800000;\">Programa Operatiu de Cooperaci\u00f3 Territorial Espanya &#8211; Fran\u00e7a &#8211; Andorra<\/span><\/strong> 2007-2013, amb una durada prevista de tres anys (2012-2014) i un pressupost aproximat de 1,1 milions d&#8217;euros.<\/p>\n<p><strong>Antecedents<\/strong><\/p>\n<p>El projecte parteix de l&#8217;experi\u00e8ncia de projectes FEDER anteriors, portats a terme en el marc del programa INTERREG III A (\u00abL&#8217;FP transfronterera\u00bb, \u00abL&#8217;FP i la mobilitats transfronterera\u00bb) i POCTEFA (\u00abPIREFOP-Pirineus Formaci\u00f3 Professional\u00bb), i es dirigeix a consolidar el millor coneixement dels sistemes de formaci\u00f3 i d&#8217;ocupaci\u00f3 i ampliar la mobilitat dels estudiants de l&#8217;FP i multiplicar el n\u00famero de beneficiaris.<\/p>\n<p>Respecte als projectes anteriors, el partenariat s&#8217;ha incrementat fins a 7 socis per abastar al conjunt de regions de la zona transfronterera i la totalitat de membres de la cTP, ampliant el territori d&#8217;actuaci\u00f3 del projecte i el n\u00famero de beneficiaris.<\/p>\n","protected":false},"excerpt":{"rendered":"<p>\u00c9s un\u00a0 projecte de cooperaci\u00f3 transfronterera dirigit a la millora de la qualitat de la formaci\u00f3 professional mitjan\u00e7ant la promoci\u00f3 i el desenvolupament de la mobilitat d&#8217;estudiants i formadors.<br \/>\nEl projecte va ser aprovat en la segona fase de la convocat\u00f2ria de projectes del Programa Operatiu&hellip;  <a href=\"https:\/\/projectes.xtec.cat\/pyirenefp\/altres-projectes\/piremobv\/\" title=\"Read PIREMOBV (cat)\">Llegeix m\u00e9s\u00bb<\/a><\/p>\n","protected":false},"author":1,"featured_media":0,"parent":8752,"menu_order":0,"comment_status":"closed","ping_status":"closed","template":"","meta":{"_bbp_topic_count":0,"_bbp_reply_count":0,"_bbp_total_topic_count":0,"_bbp_total_reply_count":0,"_bbp_voice_count":0,"_bbp_anonymous_reply_count":0,"_bbp_topic_count_hidden":0,"_bbp_reply_count_hidden":0,"_bbp_forum_subforum_count":0,"footnotes":""},"class_list":["post-8766","page","type-page","status-publish","hentry"],"post_mailing_queue_ids":[],"_links":{"self":[{"href":"https:\/\/projectes.xtec.cat\/pyirenefp\/wp-json\/wp\/v2\/pages\/8766","targetHints":{"allow":["GET"]}}],"collection":[{"href":"https:\/\/projectes.xtec.cat\/pyirenefp\/wp-json\/wp\/v2\/pages"}],"about":[{"href":"https:\/\/projectes.xtec.cat\/pyirenefp\/wp-json\/wp\/v2\/types\/page"}],"author":[{"embeddable":true,"href":"https:\/\/projectes.xtec.cat\/pyirenefp\/wp-json\/wp\/v2\/users\/1"}],"replies":[{"embeddable":true,"href":"https:\/\/projectes.xtec.cat\/pyirenefp\/wp-json\/wp\/v2\/comments?post=8766"}],"version-history":[{"count":3,"href":"https:\/\/projectes.xtec.cat\/pyirenefp\/wp-json\/wp\/v2\/pages\/8766\/revisions"}],"predecessor-version":[{"id":9100,"href":"https:\/\/projectes.xtec.cat\/pyirenefp\/wp-json\/wp\/v2\/pages\/8766\/revisions\/9100"}],"up":[{"embeddable":true,"href":"https:\/\/projectes.xtec.cat\/pyirenefp\/wp-json\/wp\/v2\/pages\/8752"}],"wp:attachment":[{"href":"https:\/\/projectes.xtec.cat\/pyirenefp\/wp-json\/wp\/v2\/media?parent=8766"}],"curies":[{"name":"wp","href":"https:\/\/api.w.org\/{rel}","templated":true}]}}