{"id":8768,"date":"2017-07-07T18:11:19","date_gmt":"2017-07-07T16:11:19","guid":{"rendered":"http:\/\/projectes.xtec.cat\/pyirenefp\/?page_id=8768"},"modified":"2018-06-20T08:09:38","modified_gmt":"2018-06-20T06:09:38","slug":"piremobv","status":"publish","type":"page","link":"https:\/\/projectes.xtec.cat\/pyirenefp\/dautres-projets\/piremobv\/","title":{"rendered":"PIREMOBV (fr)"},"content":{"rendered":"<p><span style=\"color: #000000;\">Il s\u2019agit d\u2019un projet de coop\u00e9ration transfrontali\u00e8re ayant pour objectif d\u2019am\u00e9liorer la qualit\u00e9 de la formation professionnelle gr\u00e2ce \u00e0 la promotion et au d\u00e9veloppement de la mobilit\u00e9 des \u00e9tudiants et des formateurs.<\/span><\/p>\n<p><span style=\"color: #000000;\">Le projet fut adopt\u00e9 lors de la seconde phase de l\u2019appel \u00e0 projets du Programme op\u00e9rationnel de coop\u00e9ration territoriale Espagne &#8211; France &#8211; Andorre\u00a02007-2013, pour une dur\u00e9e de trois ans (2012-2014) et un budget d\u2019environ 1,1\u00a0million d\u2019euros.<\/span><\/p>\n<p><strong><span style=\"color: #000000;\">Ant\u00e9c\u00e9dents<\/span><\/strong><\/p>\n<p><span style=\"color: #000000;\">Le projet part de l\u2019exp\u00e9rience de projets FEDER pr\u00e9c\u00e9dents, men\u00e9s dans le cadre du programme INTERREG\u00a0III A (\u00ab\u00a0La FP transfrontali\u00e8re\u00a0\u00bb, \u00ab\u00a0La FP et la mobilit\u00e9 transfrontali\u00e8re\u00a0\u00bb) et POCTEFA (\u00ab\u00a0PIREFOP-Pyr\u00e9n\u00e9es Formation Professionnelle\u00a0\u00bb). Il vise \u00e0 obtenir une meilleure connaissance des syst\u00e8mes de formation et d\u2019emploi et \u00e0 \u00e9largir la mobilit\u00e9 des \u00e9tudiants en FP, ainsi qu\u2019\u00e0 multiplier le nombre de b\u00e9n\u00e9ficiaires.<\/span><\/p>\n<p><span style=\"color: #000000;\">En ce qui concerne les pr\u00e9c\u00e9dents projets, le partenariat s\u2019est \u00e9largi \u00e0 7\u00a0membres afin de recouvrir l\u2019ensemble des r\u00e9gions de la zone transfrontali\u00e8re ainsi que la totalit\u00e9 des membres de la cTP, permettant d\u2019\u00e9tendre le territoire d\u2019action du projet et le nombre de b\u00e9n\u00e9ficiaires.<\/span><\/p>\n","protected":false},"excerpt":{"rendered":"<p>Il s\u2019agit d\u2019un projet de coop\u00e9ration transfrontali\u00e8re ayant pour objectif d\u2019am\u00e9liorer la qualit\u00e9 de la formation professionnelle gr\u00e2ce \u00e0 la promotion et au d\u00e9veloppement de la mobilit\u00e9 des \u00e9tudiants et des formateurs.<br \/>\nLe projet fut adopt\u00e9 lors de la seconde phase de l\u2019appel \u00e0 projets du&hellip;  <a href=\"https:\/\/projectes.xtec.cat\/pyirenefp\/dautres-projets\/piremobv\/\" title=\"Read PIREMOBV (fr)\">Llegeix m\u00e9s\u00bb<\/a><\/p>\n","protected":false},"author":1,"featured_media":0,"parent":8754,"menu_order":0,"comment_status":"closed","ping_status":"closed","template":"","meta":{"_bbp_topic_count":0,"_bbp_reply_count":0,"_bbp_total_topic_count":0,"_bbp_total_reply_count":0,"_bbp_voice_count":0,"_bbp_anonymous_reply_count":0,"_bbp_topic_count_hidden":0,"_bbp_reply_count_hidden":0,"_bbp_forum_subforum_count":0,"footnotes":""},"class_list":["post-8768","page","type-page","status-publish","hentry"],"post_mailing_queue_ids":[],"_links":{"self":[{"href":"https:\/\/projectes.xtec.cat\/pyirenefp\/wp-json\/wp\/v2\/pages\/8768","targetHints":{"allow":["GET"]}}],"collection":[{"href":"https:\/\/projectes.xtec.cat\/pyirenefp\/wp-json\/wp\/v2\/pages"}],"about":[{"href":"https:\/\/projectes.xtec.cat\/pyirenefp\/wp-json\/wp\/v2\/types\/page"}],"author":[{"embeddable":true,"href":"https:\/\/projectes.xtec.cat\/pyirenefp\/wp-json\/wp\/v2\/users\/1"}],"replies":[{"embeddable":true,"href":"https:\/\/projectes.xtec.cat\/pyirenefp\/wp-json\/wp\/v2\/comments?post=8768"}],"version-history":[{"count":3,"href":"https:\/\/projectes.xtec.cat\/pyirenefp\/wp-json\/wp\/v2\/pages\/8768\/revisions"}],"predecessor-version":[{"id":10345,"href":"https:\/\/projectes.xtec.cat\/pyirenefp\/wp-json\/wp\/v2\/pages\/8768\/revisions\/10345"}],"up":[{"embeddable":true,"href":"https:\/\/projectes.xtec.cat\/pyirenefp\/wp-json\/wp\/v2\/pages\/8754"}],"wp:attachment":[{"href":"https:\/\/projectes.xtec.cat\/pyirenefp\/wp-json\/wp\/v2\/media?parent=8768"}],"curies":[{"name":"wp","href":"https:\/\/api.w.org\/{rel}","templated":true}]}}