{"id":8770,"date":"2017-07-07T18:12:23","date_gmt":"2017-07-07T16:12:23","guid":{"rendered":"http:\/\/projectes.xtec.cat\/pyirenefp\/?page_id=8770"},"modified":"2018-05-26T18:20:08","modified_gmt":"2018-05-26T16:20:08","slug":"participants","status":"publish","type":"page","link":"https:\/\/projectes.xtec.cat\/pyirenefp\/pyirenefp-3\/participants\/","title":{"rendered":"Participants"},"content":{"rendered":"<p>Diversos col\u00b7lectius poden participar i beneficiar-se del projecte PyireneFP<\/p>\n<table class=\"noborder\" style=\"height: 200px; width: 805px;\">\n<tbody>\n<tr>\n<td style=\"width: 108px;\"><img loading=\"lazy\" decoding=\"async\" class=\"wp-image-8634 aligncenter\" src=\"http:\/\/projectes.xtec.cat\/pyirenefp\/wp-content\/uploads\/usu498\/2017\/03\/shutterstock_109792205-240x300.jpg\" alt=\"shutterstock_109792205\" width=\"64\" height=\"80\" srcset=\"https:\/\/projectes.xtec.cat\/pyirenefp\/wp-content\/uploads\/usu498\/2017\/03\/shutterstock_109792205-240x300.jpg 240w, https:\/\/projectes.xtec.cat\/pyirenefp\/wp-content\/uploads\/usu498\/2017\/03\/shutterstock_109792205-768x960.jpg 768w, https:\/\/projectes.xtec.cat\/pyirenefp\/wp-content\/uploads\/usu498\/2017\/03\/shutterstock_109792205.jpg 800w\" sizes=\"auto, (max-width: 64px) 100vw, 64px\" \/><\/td>\n<td style=\"width: 574px;\"><span style=\"font-size: 12pt;\">Estudiants i aprenents, que puguin accedir a serveis de mobilitat.<\/span><\/td>\n<\/tr>\n<tr>\n<td style=\"width: 108px;\"><img loading=\"lazy\" decoding=\"async\" class=\"alignleft wp-image-8639\" src=\"http:\/\/projectes.xtec.cat\/pyirenefp\/wp-content\/uploads\/usu498\/2017\/03\/shutterstock_115001128-v2-300x222.jpg\" alt=\"shutterstock_115001128 v2\" width=\"116\" height=\"85\" srcset=\"https:\/\/projectes.xtec.cat\/pyirenefp\/wp-content\/uploads\/usu498\/2017\/03\/shutterstock_115001128-v2-300x222.jpg 300w, https:\/\/projectes.xtec.cat\/pyirenefp\/wp-content\/uploads\/usu498\/2017\/03\/shutterstock_115001128-v2-768x569.jpg 768w, https:\/\/projectes.xtec.cat\/pyirenefp\/wp-content\/uploads\/usu498\/2017\/03\/shutterstock_115001128-v2-1024x759.jpg 1024w\" sizes=\"auto, (max-width: 116px) 100vw, 116px\" \/><\/td>\n<td style=\"width: 574px;\"><span style=\"font-size: 12pt;\">Poblaci\u00f3 general, necessitada d&#8217;informaci\u00f3 i orientaci\u00f3 per a la formaci\u00f3 i el reconeixement de l&#8217;experi\u00e8ncia laboral.<br \/>\n<\/span><\/td>\n<\/tr>\n<tr>\n<td style=\"width: 108px;\"><img loading=\"lazy\" decoding=\"async\" class=\"alignleft size-medium wp-image-8636\" src=\"http:\/\/projectes.xtec.cat\/pyirenefp\/wp-content\/uploads\/usu498\/2017\/03\/shutterstock_206731051-300x300.jpg\" alt=\"shutterstock_206731051\" width=\"300\" height=\"300\" srcset=\"https:\/\/projectes.xtec.cat\/pyirenefp\/wp-content\/uploads\/usu498\/2017\/03\/shutterstock_206731051-300x300.jpg 300w, https:\/\/projectes.xtec.cat\/pyirenefp\/wp-content\/uploads\/usu498\/2017\/03\/shutterstock_206731051-150x150.jpg 150w, https:\/\/projectes.xtec.cat\/pyirenefp\/wp-content\/uploads\/usu498\/2017\/03\/shutterstock_206731051-768x768.jpg 768w, https:\/\/projectes.xtec.cat\/pyirenefp\/wp-content\/uploads\/usu498\/2017\/03\/shutterstock_206731051.jpg 1000w\" sizes=\"auto, (max-width: 300px) 100vw, 300px\" \/><\/td>\n<td style=\"width: 574px;\"><span style=\"font-size: 12pt;\">Formadors i orientadors de formaci\u00f3 professional,\u00a0 que puguin rebre formaci\u00f3 a trav\u00e9s d&#8217;accions formatives o estades en empreses, o centres\/unitats per a, al seu torn, poder oferir serveis i oportunitats de formaci\u00f3 i qualificaci\u00f3 i de reconeixement i validaci\u00f3 de l&#8217;experi\u00e8ncia laboral existents en la zona transfronterera.<\/span><\/td>\n<\/tr>\n<tr>\n<td style=\"width: 108px;\"><img loading=\"lazy\" decoding=\"async\" class=\"alignleft wp-image-8638\" src=\"http:\/\/projectes.xtec.cat\/pyirenefp\/wp-content\/uploads\/usu498\/2017\/03\/shutterstock_133310282-300x225.jpg\" alt=\"shutterstock_133310282\" width=\"119\" height=\"88\" srcset=\"https:\/\/projectes.xtec.cat\/pyirenefp\/wp-content\/uploads\/usu498\/2017\/03\/shutterstock_133310282-300x225.jpg 300w, https:\/\/projectes.xtec.cat\/pyirenefp\/wp-content\/uploads\/usu498\/2017\/03\/shutterstock_133310282-768x576.jpg 768w, https:\/\/projectes.xtec.cat\/pyirenefp\/wp-content\/uploads\/usu498\/2017\/03\/shutterstock_133310282-1024x768.jpg 1024w, https:\/\/projectes.xtec.cat\/pyirenefp\/wp-content\/uploads\/usu498\/2017\/03\/shutterstock_133310282-200x150.jpg 200w\" sizes=\"auto, (max-width: 119px) 100vw, 119px\" \/><\/td>\n<td style=\"width: 574px;\"><span style=\"font-size: 12pt;\">Centres educatius, que ofereixin serveis de mobilitat a alumnes i formadors.<\/span><\/td>\n<\/tr>\n<tr>\n<td style=\"width: 108px;\"><img loading=\"lazy\" decoding=\"async\" class=\"alignleft size-medium wp-image-8632\" src=\"http:\/\/projectes.xtec.cat\/pyirenefp\/wp-content\/uploads\/usu498\/2017\/03\/shutterstock_147690386-300x245.jpg\" alt=\"shutterstock_147690386\" width=\"300\" height=\"245\" srcset=\"https:\/\/projectes.xtec.cat\/pyirenefp\/wp-content\/uploads\/usu498\/2017\/03\/shutterstock_147690386-300x245.jpg 300w, https:\/\/projectes.xtec.cat\/pyirenefp\/wp-content\/uploads\/usu498\/2017\/03\/shutterstock_147690386-768x626.jpg 768w, https:\/\/projectes.xtec.cat\/pyirenefp\/wp-content\/uploads\/usu498\/2017\/03\/shutterstock_147690386.jpg 1000w\" sizes=\"auto, (max-width: 300px) 100vw, 300px\" \/><\/td>\n<td style=\"width: 574px;\"><span style=\"font-size: 12pt;\">Unitats de servei o centres, que ofereixen serveis concertats d&#8217;informaci\u00f3 i orientaci\u00f3 professional respecte de les oportunitats de formaci\u00f3 i qualificaci\u00f3 i de reconeixement i validaci\u00f3 de l&#8217;experi\u00e8ncia laboral existents en la zona transfronterera.<\/span><\/td>\n<\/tr>\n<tr>\n<td style=\"width: 108px;\"><img loading=\"lazy\" decoding=\"async\" class=\"alignleft size-medium wp-image-8630\" src=\"http:\/\/projectes.xtec.cat\/pyirenefp\/wp-content\/uploads\/usu498\/2017\/03\/shutterstock_266996096-300x210.jpg\" alt=\"shutterstock_266996096\" width=\"300\" height=\"210\" srcset=\"https:\/\/projectes.xtec.cat\/pyirenefp\/wp-content\/uploads\/usu498\/2017\/03\/shutterstock_266996096-300x210.jpg 300w, https:\/\/projectes.xtec.cat\/pyirenefp\/wp-content\/uploads\/usu498\/2017\/03\/shutterstock_266996096-768x538.jpg 768w, https:\/\/projectes.xtec.cat\/pyirenefp\/wp-content\/uploads\/usu498\/2017\/03\/shutterstock_266996096.jpg 1000w\" sizes=\"auto, (max-width: 300px) 100vw, 300px\" \/><\/td>\n<td style=\"width: 574px;\"><span style=\"font-size: 12pt;\">Empreses de la zona transfronterera, que acullen alumnes, aprenents, formadors i orientadors per a completar la seva formaci\u00f3 o actualitzaci\u00f3 professional.<\/span><\/td>\n<\/tr>\n<\/tbody>\n<\/table>\n<p>&nbsp;<\/p>\n","protected":false},"excerpt":{"rendered":"<p>Diversos col\u00b7lectius poden participar i beneficiar-se del projecte PyireneFP<\/p>\n<p>Estudiants i aprenents, que puguin accedir a serveis de mobilitat.<\/p>\n<p>Poblaci\u00f3 general, necessitada d&#8217;informaci\u00f3 i orientaci\u00f3 per a la formaci\u00f3 i el reconeixement de l&#8217;experi\u00e8ncia laboral.<\/p>\n<p>Formadors i orientadors de formaci\u00f3 professional,\u00a0 que puguin rebre formaci\u00f3 a trav\u00e9s d&#8217;accions&hellip;  <a href=\"https:\/\/projectes.xtec.cat\/pyirenefp\/pyirenefp-3\/participants\/\" title=\"Read Participants\">Llegeix m\u00e9s\u00bb<\/a><\/p>\n","protected":false},"author":1,"featured_media":0,"parent":8794,"menu_order":30,"comment_status":"closed","ping_status":"closed","template":"","meta":{"_bbp_topic_count":0,"_bbp_reply_count":0,"_bbp_total_topic_count":0,"_bbp_total_reply_count":0,"_bbp_voice_count":0,"_bbp_anonymous_reply_count":0,"_bbp_topic_count_hidden":0,"_bbp_reply_count_hidden":0,"_bbp_forum_subforum_count":0,"footnotes":""},"class_list":["post-8770","page","type-page","status-publish","hentry"],"post_mailing_queue_ids":[],"_links":{"self":[{"href":"https:\/\/projectes.xtec.cat\/pyirenefp\/wp-json\/wp\/v2\/pages\/8770","targetHints":{"allow":["GET"]}}],"collection":[{"href":"https:\/\/projectes.xtec.cat\/pyirenefp\/wp-json\/wp\/v2\/pages"}],"about":[{"href":"https:\/\/projectes.xtec.cat\/pyirenefp\/wp-json\/wp\/v2\/types\/page"}],"author":[{"embeddable":true,"href":"https:\/\/projectes.xtec.cat\/pyirenefp\/wp-json\/wp\/v2\/users\/1"}],"replies":[{"embeddable":true,"href":"https:\/\/projectes.xtec.cat\/pyirenefp\/wp-json\/wp\/v2\/comments?post=8770"}],"version-history":[{"count":3,"href":"https:\/\/projectes.xtec.cat\/pyirenefp\/wp-json\/wp\/v2\/pages\/8770\/revisions"}],"predecessor-version":[{"id":9898,"href":"https:\/\/projectes.xtec.cat\/pyirenefp\/wp-json\/wp\/v2\/pages\/8770\/revisions\/9898"}],"up":[{"embeddable":true,"href":"https:\/\/projectes.xtec.cat\/pyirenefp\/wp-json\/wp\/v2\/pages\/8794"}],"wp:attachment":[{"href":"https:\/\/projectes.xtec.cat\/pyirenefp\/wp-json\/wp\/v2\/media?parent=8770"}],"curies":[{"name":"wp","href":"https:\/\/api.w.org\/{rel}","templated":true}]}}