{"id":8772,"date":"2017-07-07T18:12:58","date_gmt":"2017-07-07T16:12:58","guid":{"rendered":"http:\/\/projectes.xtec.cat\/pyirenefp\/?page_id=8772"},"modified":"2018-06-19T17:51:33","modified_gmt":"2018-06-19T15:51:33","slug":"participants-2","status":"publish","type":"page","link":"https:\/\/projectes.xtec.cat\/pyirenefp\/pyirenefp-9\/participants-2\/","title":{"rendered":"Participants"},"content":{"rendered":"<p><span style=\"color: #000000;\">Collectifs ayant la possibilit\u00e9 de participer et de b\u00e9n\u00e9ficier du projet PyireneFP<\/span><\/p>\n<table class=\"noborder\" style=\"height: 200px; width: 805px;\">\n<tbody>\n<tr>\n<td style=\"width: 108px;\"><span style=\"color: #000000;\"><img loading=\"lazy\" decoding=\"async\" class=\"wp-image-8634 aligncenter\" src=\"http:\/\/projectes.xtec.cat\/pyirenefp\/wp-content\/uploads\/usu498\/2017\/03\/shutterstock_109792205-240x300.jpg\" alt=\"shutterstock_109792205\" width=\"64\" height=\"80\" srcset=\"https:\/\/projectes.xtec.cat\/pyirenefp\/wp-content\/uploads\/usu498\/2017\/03\/shutterstock_109792205-240x300.jpg 240w, https:\/\/projectes.xtec.cat\/pyirenefp\/wp-content\/uploads\/usu498\/2017\/03\/shutterstock_109792205-768x960.jpg 768w, https:\/\/projectes.xtec.cat\/pyirenefp\/wp-content\/uploads\/usu498\/2017\/03\/shutterstock_109792205.jpg 800w\" sizes=\"auto, (max-width: 64px) 100vw, 64px\" \/><\/span><\/td>\n<td style=\"width: 574px;\"><span style=\"font-size: 12pt; color: #000000;\">\u00c9tudiants et apprentis, ayant la possibilit\u00e9 d\u2019acc\u00e9der \u00e0 des services de mobilit\u00e9.<\/span><\/td>\n<\/tr>\n<tr>\n<td style=\"width: 108px;\"><span style=\"color: #000000;\"><img loading=\"lazy\" decoding=\"async\" class=\"alignleft wp-image-8639\" src=\"http:\/\/projectes.xtec.cat\/pyirenefp\/wp-content\/uploads\/usu498\/2017\/03\/shutterstock_115001128-v2-300x222.jpg\" alt=\"shutterstock_115001128 v2\" width=\"116\" height=\"85\" srcset=\"https:\/\/projectes.xtec.cat\/pyirenefp\/wp-content\/uploads\/usu498\/2017\/03\/shutterstock_115001128-v2-300x222.jpg 300w, https:\/\/projectes.xtec.cat\/pyirenefp\/wp-content\/uploads\/usu498\/2017\/03\/shutterstock_115001128-v2-768x569.jpg 768w, https:\/\/projectes.xtec.cat\/pyirenefp\/wp-content\/uploads\/usu498\/2017\/03\/shutterstock_115001128-v2-1024x759.jpg 1024w\" sizes=\"auto, (max-width: 116px) 100vw, 116px\" \/><\/span><\/td>\n<td style=\"width: 574px;\"><span style=\"font-size: 12pt; color: #000000;\">Tout public en g\u00e9n\u00e9ral, ayant besoin d\u2019information et d\u2019orientation pour la formation et la reconnaissance de l\u2019exp\u00e9rience professionnelle<br \/>\n<\/span><\/td>\n<\/tr>\n<tr>\n<td style=\"width: 108px;\"><span style=\"color: #000000;\"><img loading=\"lazy\" decoding=\"async\" class=\"alignleft size-medium wp-image-8636\" src=\"http:\/\/projectes.xtec.cat\/pyirenefp\/wp-content\/uploads\/usu498\/2017\/03\/shutterstock_206731051-300x300.jpg\" alt=\"shutterstock_206731051\" width=\"300\" height=\"300\" srcset=\"https:\/\/projectes.xtec.cat\/pyirenefp\/wp-content\/uploads\/usu498\/2017\/03\/shutterstock_206731051-300x300.jpg 300w, https:\/\/projectes.xtec.cat\/pyirenefp\/wp-content\/uploads\/usu498\/2017\/03\/shutterstock_206731051-150x150.jpg 150w, https:\/\/projectes.xtec.cat\/pyirenefp\/wp-content\/uploads\/usu498\/2017\/03\/shutterstock_206731051-768x768.jpg 768w, https:\/\/projectes.xtec.cat\/pyirenefp\/wp-content\/uploads\/usu498\/2017\/03\/shutterstock_206731051.jpg 1000w\" sizes=\"auto, (max-width: 300px) 100vw, 300px\" \/><\/span><\/td>\n<td style=\"width: 574px;\">Formateurs et conseillers d\u2019orientation, ayant la possibilit\u00e9 de recevoir une formation par le biais d\u2019actions de formation ou de s\u00e9jours en entreprises, ou \u00e9tablissements\/unit\u00e9s afin de pouvoir, \u00e0 leur tour, offrir des services et possibilit\u00e9s de formation et de qualification, de reconnaissance et de validation de l\u2019exp\u00e9rience professionnelle existants dans la zone transfrontali\u00e8re.<\/td>\n<\/tr>\n<tr>\n<td style=\"width: 108px;\"><span style=\"color: #000000;\"><img loading=\"lazy\" decoding=\"async\" class=\"alignleft wp-image-8638\" src=\"http:\/\/projectes.xtec.cat\/pyirenefp\/wp-content\/uploads\/usu498\/2017\/03\/shutterstock_133310282-300x225.jpg\" alt=\"shutterstock_133310282\" width=\"119\" height=\"88\" srcset=\"https:\/\/projectes.xtec.cat\/pyirenefp\/wp-content\/uploads\/usu498\/2017\/03\/shutterstock_133310282-300x225.jpg 300w, https:\/\/projectes.xtec.cat\/pyirenefp\/wp-content\/uploads\/usu498\/2017\/03\/shutterstock_133310282-768x576.jpg 768w, https:\/\/projectes.xtec.cat\/pyirenefp\/wp-content\/uploads\/usu498\/2017\/03\/shutterstock_133310282-1024x768.jpg 1024w, https:\/\/projectes.xtec.cat\/pyirenefp\/wp-content\/uploads\/usu498\/2017\/03\/shutterstock_133310282-200x150.jpg 200w\" sizes=\"auto, (max-width: 119px) 100vw, 119px\" \/><\/span><\/td>\n<td style=\"width: 574px;\">\u00c9tablissements proposant des services de mobilit\u00e9 \u00e0 leurs \u00e9l\u00e8ves et formateurs.<\/td>\n<\/tr>\n<tr>\n<td style=\"width: 108px;\"><span style=\"color: #000000;\"><img loading=\"lazy\" decoding=\"async\" class=\"alignleft size-medium wp-image-8632\" src=\"http:\/\/projectes.xtec.cat\/pyirenefp\/wp-content\/uploads\/usu498\/2017\/03\/shutterstock_147690386-300x245.jpg\" alt=\"shutterstock_147690386\" width=\"300\" height=\"245\" srcset=\"https:\/\/projectes.xtec.cat\/pyirenefp\/wp-content\/uploads\/usu498\/2017\/03\/shutterstock_147690386-300x245.jpg 300w, https:\/\/projectes.xtec.cat\/pyirenefp\/wp-content\/uploads\/usu498\/2017\/03\/shutterstock_147690386-768x626.jpg 768w, https:\/\/projectes.xtec.cat\/pyirenefp\/wp-content\/uploads\/usu498\/2017\/03\/shutterstock_147690386.jpg 1000w\" sizes=\"auto, (max-width: 300px) 100vw, 300px\" \/><\/span><\/td>\n<td style=\"width: 574px;\">Unit\u00e9s de services ou \u00e9tablissements proposant des services concert\u00e9s d\u2019information et d\u2019orientation professionnelle correspondant aux possibilit\u00e9s de formation et de qualification, de reconnaissance et de validation de l\u2019exp\u00e9rience professionnelle existant dans la zone transfrontali\u00e8re<\/td>\n<\/tr>\n<tr>\n<td style=\"width: 108px;\"><span style=\"color: #000000;\"><img loading=\"lazy\" decoding=\"async\" class=\"alignleft size-medium wp-image-8630\" src=\"http:\/\/projectes.xtec.cat\/pyirenefp\/wp-content\/uploads\/usu498\/2017\/03\/shutterstock_266996096-300x210.jpg\" alt=\"shutterstock_266996096\" width=\"300\" height=\"210\" srcset=\"https:\/\/projectes.xtec.cat\/pyirenefp\/wp-content\/uploads\/usu498\/2017\/03\/shutterstock_266996096-300x210.jpg 300w, https:\/\/projectes.xtec.cat\/pyirenefp\/wp-content\/uploads\/usu498\/2017\/03\/shutterstock_266996096-768x538.jpg 768w, https:\/\/projectes.xtec.cat\/pyirenefp\/wp-content\/uploads\/usu498\/2017\/03\/shutterstock_266996096.jpg 1000w\" sizes=\"auto, (max-width: 300px) 100vw, 300px\" \/><\/span><\/td>\n<td style=\"width: 574px;\"><span style=\"font-size: 12pt; color: #000000;\">Entreprises de la zone transfrontali\u00e8re accueillant des \u00e9l\u00e8ves, apprentis, formateurs et conseillers d\u2019orientation pour compl\u00e9ter leur formation ou recevoir une mise \u00e0 jour de leurs connaissances professionnelles.<\/span><\/td>\n<\/tr>\n<\/tbody>\n<\/table>\n<p>&nbsp;<\/p>\n","protected":false},"excerpt":{"rendered":"<p>Collectifs ayant la possibilit\u00e9 de participer et de b\u00e9n\u00e9ficier du projet PyireneFP<\/p>\n<p>\u00c9tudiants et apprentis, ayant la possibilit\u00e9 d\u2019acc\u00e9der \u00e0 des services de mobilit\u00e9.<\/p>\n<p>Tout public en g\u00e9n\u00e9ral, ayant besoin d\u2019information et d\u2019orientation pour la formation et la reconnaissance de l\u2019exp\u00e9rience professionnelle<\/p>\n<p>Formateurs et conseillers d\u2019orientation, ayant la&hellip;  <a href=\"https:\/\/projectes.xtec.cat\/pyirenefp\/pyirenefp-9\/participants-2\/\" title=\"Read Participants\">Llegeix m\u00e9s\u00bb<\/a><\/p>\n","protected":false},"author":1,"featured_media":0,"parent":8796,"menu_order":30,"comment_status":"closed","ping_status":"closed","template":"","meta":{"_bbp_topic_count":0,"_bbp_reply_count":0,"_bbp_total_topic_count":0,"_bbp_total_reply_count":0,"_bbp_voice_count":0,"_bbp_anonymous_reply_count":0,"_bbp_topic_count_hidden":0,"_bbp_reply_count_hidden":0,"_bbp_forum_subforum_count":0,"footnotes":""},"class_list":["post-8772","page","type-page","status-publish","hentry"],"post_mailing_queue_ids":[],"_links":{"self":[{"href":"https:\/\/projectes.xtec.cat\/pyirenefp\/wp-json\/wp\/v2\/pages\/8772","targetHints":{"allow":["GET"]}}],"collection":[{"href":"https:\/\/projectes.xtec.cat\/pyirenefp\/wp-json\/wp\/v2\/pages"}],"about":[{"href":"https:\/\/projectes.xtec.cat\/pyirenefp\/wp-json\/wp\/v2\/types\/page"}],"author":[{"embeddable":true,"href":"https:\/\/projectes.xtec.cat\/pyirenefp\/wp-json\/wp\/v2\/users\/1"}],"replies":[{"embeddable":true,"href":"https:\/\/projectes.xtec.cat\/pyirenefp\/wp-json\/wp\/v2\/comments?post=8772"}],"version-history":[{"count":3,"href":"https:\/\/projectes.xtec.cat\/pyirenefp\/wp-json\/wp\/v2\/pages\/8772\/revisions"}],"predecessor-version":[{"id":10290,"href":"https:\/\/projectes.xtec.cat\/pyirenefp\/wp-json\/wp\/v2\/pages\/8772\/revisions\/10290"}],"up":[{"embeddable":true,"href":"https:\/\/projectes.xtec.cat\/pyirenefp\/wp-json\/wp\/v2\/pages\/8796"}],"wp:attachment":[{"href":"https:\/\/projectes.xtec.cat\/pyirenefp\/wp-json\/wp\/v2\/media?parent=8772"}],"curies":[{"name":"wp","href":"https:\/\/api.w.org\/{rel}","templated":true}]}}