{"id":8778,"date":"2017-07-07T18:16:27","date_gmt":"2017-07-07T16:16:27","guid":{"rendered":"http:\/\/projectes.xtec.cat\/pyirenefp\/?page_id=8778"},"modified":"2018-05-26T19:13:39","modified_gmt":"2018-05-26T17:13:39","slug":"partenaires","status":"publish","type":"page","link":"https:\/\/projectes.xtec.cat\/pyirenefp\/partenaires\/","title":{"rendered":"Partenaires"},"content":{"rendered":"<p><span style=\"color: #999999;\">Todos los socios de <strong>PyireneFP<\/strong> disponen de experiencia en materia de formaci\u00f3n, orientaci\u00f3n, movilidad y formaci\u00f3n profesional en su territorio.<\/span><\/p>\n<p><span style=\"color: #999999;\">Este conocimiento facilita el establecimiento y desarrollo de un entorno transfronterizo coordinado de servicios de informaci\u00f3n y orientaci\u00f3n profesional y de formaci\u00f3n para ayudar a las personas a seguir itinerarios de formaci\u00f3n y cualificaci\u00f3n en el territorio.<\/span><\/p>\n<p>&nbsp;<\/p>\n","protected":false},"excerpt":{"rendered":"<p>Todos los socios de PyireneFP disponen de experiencia en materia de formaci\u00f3n, orientaci\u00f3n, movilidad y formaci\u00f3n profesional en su territorio.<br \/>\nEste conocimiento facilita el establecimiento y desarrollo de un entorno transfronterizo coordinado de servicios de informaci\u00f3n y orientaci\u00f3n profesional y de formaci\u00f3n para ayudar a las&hellip;  <a href=\"https:\/\/projectes.xtec.cat\/pyirenefp\/partenaires\/\" title=\"Read Partenaires\">Llegeix m\u00e9s\u00bb<\/a><\/p>\n","protected":false},"author":1,"featured_media":0,"parent":0,"menu_order":0,"comment_status":"closed","ping_status":"closed","template":"","meta":{"_bbp_topic_count":0,"_bbp_reply_count":0,"_bbp_total_topic_count":0,"_bbp_total_reply_count":0,"_bbp_voice_count":0,"_bbp_anonymous_reply_count":0,"_bbp_topic_count_hidden":0,"_bbp_reply_count_hidden":0,"_bbp_forum_subforum_count":0,"footnotes":""},"class_list":["post-8778","page","type-page","status-publish","hentry"],"post_mailing_queue_ids":[],"_links":{"self":[{"href":"https:\/\/projectes.xtec.cat\/pyirenefp\/wp-json\/wp\/v2\/pages\/8778","targetHints":{"allow":["GET"]}}],"collection":[{"href":"https:\/\/projectes.xtec.cat\/pyirenefp\/wp-json\/wp\/v2\/pages"}],"about":[{"href":"https:\/\/projectes.xtec.cat\/pyirenefp\/wp-json\/wp\/v2\/types\/page"}],"author":[{"embeddable":true,"href":"https:\/\/projectes.xtec.cat\/pyirenefp\/wp-json\/wp\/v2\/users\/1"}],"replies":[{"embeddable":true,"href":"https:\/\/projectes.xtec.cat\/pyirenefp\/wp-json\/wp\/v2\/comments?post=8778"}],"version-history":[{"count":3,"href":"https:\/\/projectes.xtec.cat\/pyirenefp\/wp-json\/wp\/v2\/pages\/8778\/revisions"}],"predecessor-version":[{"id":9926,"href":"https:\/\/projectes.xtec.cat\/pyirenefp\/wp-json\/wp\/v2\/pages\/8778\/revisions\/9926"}],"wp:attachment":[{"href":"https:\/\/projectes.xtec.cat\/pyirenefp\/wp-json\/wp\/v2\/media?parent=8778"}],"curies":[{"name":"wp","href":"https:\/\/api.w.org\/{rel}","templated":true}]}}