{"id":8782,"date":"2017-07-07T18:19:00","date_gmt":"2017-07-07T16:19:00","guid":{"rendered":"http:\/\/projectes.xtec.cat\/pyirenefp\/?page_id=8782"},"modified":"2018-10-23T10:04:14","modified_gmt":"2018-10-23T08:04:14","slug":"nouvelle-aquitaine","status":"publish","type":"page","link":"https:\/\/projectes.xtec.cat\/pyirenefp\/socis\/nouvelle-aquitaine\/","title":{"rendered":"Nova- Aquitania"},"content":{"rendered":"<h4><strong><span style=\"color: #e6601e;\">Nouvelle-Aquitaine<\/span><\/strong><\/h4>\n<p>Es l&#8217;administraci\u00f3 p\u00fablica amb compet\u00e8ncies a l&#8217;\u00e0mbit de la formaci\u00f3 inicial, de l&#8217;aprenentatge i de la formaci\u00f3 professional continua en aquest territori i porta gestionant projectes estrat\u00e8gics territorials europeus des de fa anys, el que la converteix en una entitat experimentada en aquest camp.<\/p>\n<p><a href=\"https:\/\/www.nouvelle-aquitaine.fr\/\"><img loading=\"lazy\" decoding=\"async\" class=\"alignnone wp-image-8473\" src=\"http:\/\/projectes.xtec.cat\/pyirenefp\/wp-content\/uploads\/usu498\/2017\/03\/logo-NouvelleAquitaine_nou.png\" alt=\"logo-NouvelleAquitaine_nou\" width=\"160\" height=\"90\" srcset=\"https:\/\/projectes.xtec.cat\/pyirenefp\/wp-content\/uploads\/usu498\/2017\/03\/logo-NouvelleAquitaine_nou.png 999w, https:\/\/projectes.xtec.cat\/pyirenefp\/wp-content\/uploads\/usu498\/2017\/03\/logo-NouvelleAquitaine_nou-300x169.png 300w, https:\/\/projectes.xtec.cat\/pyirenefp\/wp-content\/uploads\/usu498\/2017\/03\/logo-NouvelleAquitaine_nou-768x432.png 768w\" sizes=\"auto, (max-width: 160px) 100vw, 160px\" \/><\/a><\/p>\n<p>Web: <a href=\"https:\/\/www.europe-en-nouvelle-aquitaine.eu\/fr\">https:\/\/www.europe-en-nouvelle-aquitaine.eu\/fr<\/a><\/p>\n<p>Contacte: <span lang=\"ES\"><a href=\"mailto:pyirenefp@nouvelle-aquitaine.fr\" target=\"_blank\" rel=\"noopener\">pyirenefp@nouvelle-aquitaine.<wbr \/>fr<\/a><\/span><\/p>\n","protected":false},"excerpt":{"rendered":"<p>Nouvelle-Aquitaine<br \/>\nEs l&#8217;administraci\u00f3 p\u00fablica amb compet\u00e8ncies a l&#8217;\u00e0mbit de la formaci\u00f3 inicial, de l&#8217;aprenentatge i de la formaci\u00f3 professional continua en aquest territori i porta gestionant projectes estrat\u00e8gics territorials europeus des de fa anys, el que la converteix en una entitat experimentada en aquest camp.<br \/>\n<a href=\"https:\/\/www.nouvelle-aquitaine.fr\/\"><\/a><br \/>\nWeb:&hellip;  <a href=\"https:\/\/projectes.xtec.cat\/pyirenefp\/socis\/nouvelle-aquitaine\/\" title=\"Read Nova- Aquitania\">Llegeix m\u00e9s\u00bb<\/a><\/p>\n","protected":false},"author":1,"featured_media":0,"parent":8776,"menu_order":0,"comment_status":"closed","ping_status":"closed","template":"","meta":{"_bbp_topic_count":0,"_bbp_reply_count":0,"_bbp_total_topic_count":0,"_bbp_total_reply_count":0,"_bbp_voice_count":0,"_bbp_anonymous_reply_count":0,"_bbp_topic_count_hidden":0,"_bbp_reply_count_hidden":0,"_bbp_forum_subforum_count":0,"footnotes":""},"class_list":["post-8782","page","type-page","status-publish","hentry"],"post_mailing_queue_ids":[],"_links":{"self":[{"href":"https:\/\/projectes.xtec.cat\/pyirenefp\/wp-json\/wp\/v2\/pages\/8782","targetHints":{"allow":["GET"]}}],"collection":[{"href":"https:\/\/projectes.xtec.cat\/pyirenefp\/wp-json\/wp\/v2\/pages"}],"about":[{"href":"https:\/\/projectes.xtec.cat\/pyirenefp\/wp-json\/wp\/v2\/types\/page"}],"author":[{"embeddable":true,"href":"https:\/\/projectes.xtec.cat\/pyirenefp\/wp-json\/wp\/v2\/users\/1"}],"replies":[{"embeddable":true,"href":"https:\/\/projectes.xtec.cat\/pyirenefp\/wp-json\/wp\/v2\/comments?post=8782"}],"version-history":[{"count":3,"href":"https:\/\/projectes.xtec.cat\/pyirenefp\/wp-json\/wp\/v2\/pages\/8782\/revisions"}],"predecessor-version":[{"id":10723,"href":"https:\/\/projectes.xtec.cat\/pyirenefp\/wp-json\/wp\/v2\/pages\/8782\/revisions\/10723"}],"up":[{"embeddable":true,"href":"https:\/\/projectes.xtec.cat\/pyirenefp\/wp-json\/wp\/v2\/pages\/8776"}],"wp:attachment":[{"href":"https:\/\/projectes.xtec.cat\/pyirenefp\/wp-json\/wp\/v2\/media?parent=8782"}],"curies":[{"name":"wp","href":"https:\/\/api.w.org\/{rel}","templated":true}]}}