{"id":8788,"date":"2017-07-07T18:20:44","date_gmt":"2017-07-07T16:20:44","guid":{"rendered":"http:\/\/projectes.xtec.cat\/pyirenefp\/?page_id=8788"},"modified":"2018-11-19T09:21:30","modified_gmt":"2018-11-19T08:21:30","slug":"euskadi","status":"publish","type":"page","link":"https:\/\/projectes.xtec.cat\/pyirenefp\/socis\/euskadi\/","title":{"rendered":"Pa\u00eds Basc"},"content":{"rendered":"<p>El Departament d&#8217;Educaci\u00f3, del Govern Basc t\u00e9 les compet\u00e8ncies en l&#8217;\u00e0mbit de la formaci\u00f3 professional i porta desenvolupant des dels seus inicis diversos projectes europeus de cooperaci\u00f3 com Erasmus + o Aquitania-Euskadi.<\/p>\n<p><img loading=\"lazy\" decoding=\"async\" class=\"wp-image-8291 alignleft\" src=\"http:\/\/projectes.xtec.cat\/pyirenefp\/wp-content\/uploads\/usu498\/2017\/03\/Jaurlaritza_logoa.jpg\" alt=\"jaurlaritza_logoa\" width=\"196\" height=\"88\" srcset=\"https:\/\/projectes.xtec.cat\/pyirenefp\/wp-content\/uploads\/usu498\/2017\/03\/Jaurlaritza_logoa.jpg 448w, https:\/\/projectes.xtec.cat\/pyirenefp\/wp-content\/uploads\/usu498\/2017\/03\/Jaurlaritza_logoa-300x135.jpg 300w\" sizes=\"auto, (max-width: 196px) 100vw, 196px\" \/><\/p>\n<p>&nbsp;<\/p>\n<p>&nbsp;<\/p>\n<p>&nbsp;<\/p>\n<p>Web: <a href=\"http:\/\/www.euskadi.eus\/informacion\/programas-europeos\/web01-a2heteik\/es\/\">http:\/\/www.euskadi.eus\/informacion\/programas-europeos\/web01-a2heteik\/es\/<\/a><\/p>\n<p>Contacte:\u00a0huisape1<span class=\"atwho-query\">@euskadi.eus<\/span><\/p>\n","protected":false},"excerpt":{"rendered":"<p>El Departament d&#8217;Educaci\u00f3, del Govern Basc t\u00e9 les compet\u00e8ncies en l&#8217;\u00e0mbit de la formaci\u00f3 professional i porta desenvolupant des dels seus inicis diversos projectes europeus de cooperaci\u00f3 com Erasmus + o Aquitania-Euskadi.<\/p>\n<p>&nbsp;<br \/>\n&nbsp;<br \/>\n&nbsp;<br \/>\nWeb: <a href=\"http:\/\/www.euskadi.eus\/informacion\/programas-europeos\/web01-a2heteik\/es\/\">http:\/\/www.euskadi.eus\/informacion\/programas-europeos\/web01-a2heteik\/es\/<\/a><br \/>\nContacte:\u00a0huisape1@euskadi.eus<\/p>\n","protected":false},"author":1,"featured_media":0,"parent":8776,"menu_order":0,"comment_status":"closed","ping_status":"closed","template":"","meta":{"_bbp_topic_count":0,"_bbp_reply_count":0,"_bbp_total_topic_count":0,"_bbp_total_reply_count":0,"_bbp_voice_count":0,"_bbp_anonymous_reply_count":0,"_bbp_topic_count_hidden":0,"_bbp_reply_count_hidden":0,"_bbp_forum_subforum_count":0,"footnotes":""},"class_list":["post-8788","page","type-page","status-publish","hentry"],"post_mailing_queue_ids":[],"_links":{"self":[{"href":"https:\/\/projectes.xtec.cat\/pyirenefp\/wp-json\/wp\/v2\/pages\/8788","targetHints":{"allow":["GET"]}}],"collection":[{"href":"https:\/\/projectes.xtec.cat\/pyirenefp\/wp-json\/wp\/v2\/pages"}],"about":[{"href":"https:\/\/projectes.xtec.cat\/pyirenefp\/wp-json\/wp\/v2\/types\/page"}],"author":[{"embeddable":true,"href":"https:\/\/projectes.xtec.cat\/pyirenefp\/wp-json\/wp\/v2\/users\/1"}],"replies":[{"embeddable":true,"href":"https:\/\/projectes.xtec.cat\/pyirenefp\/wp-json\/wp\/v2\/comments?post=8788"}],"version-history":[{"count":3,"href":"https:\/\/projectes.xtec.cat\/pyirenefp\/wp-json\/wp\/v2\/pages\/8788\/revisions"}],"predecessor-version":[{"id":10882,"href":"https:\/\/projectes.xtec.cat\/pyirenefp\/wp-json\/wp\/v2\/pages\/8788\/revisions\/10882"}],"up":[{"embeddable":true,"href":"https:\/\/projectes.xtec.cat\/pyirenefp\/wp-json\/wp\/v2\/pages\/8776"}],"wp:attachment":[{"href":"https:\/\/projectes.xtec.cat\/pyirenefp\/wp-json\/wp\/v2\/media?parent=8788"}],"curies":[{"name":"wp","href":"https:\/\/api.w.org\/{rel}","templated":true}]}}