{"id":8794,"date":"2017-07-07T18:22:41","date_gmt":"2017-07-07T16:22:41","guid":{"rendered":"http:\/\/projectes.xtec.cat\/pyirenefp\/?page_id=8794"},"modified":"2018-05-28T19:20:22","modified_gmt":"2018-05-28T17:20:22","slug":"pyirenefp-3","status":"publish","type":"page","link":"https:\/\/projectes.xtec.cat\/pyirenefp\/pyirenefp-3\/","title":{"rendered":"Pyirenefp"},"content":{"rendered":"<p>\u00c9s un projecte europeu de cooperaci\u00f3 transfronterera, dirigit a\u00a0oferir als joves i a les persones adultes serveis coordinats d&#8217;informaci\u00f3 i orientaci\u00f3 professional en relaci\u00f3 a les ofertes de formaci\u00f3 professional i de reconeixement de l&#8217;experi\u00e8ncia laboral existents en l&#8217;espai transfronterer entre Espanya i Fran\u00e7a.<\/p>\n<p>Aquest projecte s&#8217;inclou dins del programa de la Uni\u00f3 Europea Interreg V-A Espanya, Fran\u00e7a, Andorra (POCTEFA 2014-2020) i est\u00e0 cofinan\u00e7at al 65% pel Fons Europeu de Desenvolupament Regional (<em>FEDER<\/em>)<\/p>\n","protected":false},"excerpt":{"rendered":"<p>\u00c9s un projecte europeu de cooperaci\u00f3 transfronterera, dirigit a\u00a0oferir als joves i a les persones adultes serveis coordinats d&#8217;informaci\u00f3 i orientaci\u00f3 professional en relaci\u00f3 a les ofertes de formaci\u00f3 professional i de reconeixement de l&#8217;experi\u00e8ncia laboral existents en l&#8217;espai transfronterer entre Espanya i Fran\u00e7a.<br \/>\nAquest projecte&hellip;  <a href=\"https:\/\/projectes.xtec.cat\/pyirenefp\/pyirenefp-3\/\" title=\"Read Pyirenefp\">Llegeix m\u00e9s\u00bb<\/a><\/p>\n","protected":false},"author":1,"featured_media":0,"parent":0,"menu_order":0,"comment_status":"closed","ping_status":"closed","template":"","meta":{"_bbp_topic_count":0,"_bbp_reply_count":0,"_bbp_total_topic_count":0,"_bbp_total_reply_count":0,"_bbp_voice_count":0,"_bbp_anonymous_reply_count":0,"_bbp_topic_count_hidden":0,"_bbp_reply_count_hidden":0,"_bbp_forum_subforum_count":0,"footnotes":""},"class_list":["post-8794","page","type-page","status-publish","hentry"],"post_mailing_queue_ids":[],"_links":{"self":[{"href":"https:\/\/projectes.xtec.cat\/pyirenefp\/wp-json\/wp\/v2\/pages\/8794","targetHints":{"allow":["GET"]}}],"collection":[{"href":"https:\/\/projectes.xtec.cat\/pyirenefp\/wp-json\/wp\/v2\/pages"}],"about":[{"href":"https:\/\/projectes.xtec.cat\/pyirenefp\/wp-json\/wp\/v2\/types\/page"}],"author":[{"embeddable":true,"href":"https:\/\/projectes.xtec.cat\/pyirenefp\/wp-json\/wp\/v2\/users\/1"}],"replies":[{"embeddable":true,"href":"https:\/\/projectes.xtec.cat\/pyirenefp\/wp-json\/wp\/v2\/comments?post=8794"}],"version-history":[{"count":3,"href":"https:\/\/projectes.xtec.cat\/pyirenefp\/wp-json\/wp\/v2\/pages\/8794\/revisions"}],"predecessor-version":[{"id":9929,"href":"https:\/\/projectes.xtec.cat\/pyirenefp\/wp-json\/wp\/v2\/pages\/8794\/revisions\/9929"}],"wp:attachment":[{"href":"https:\/\/projectes.xtec.cat\/pyirenefp\/wp-json\/wp\/v2\/media?parent=8794"}],"curies":[{"name":"wp","href":"https:\/\/api.w.org\/{rel}","templated":true}]}}