{"id":8800,"date":"2017-07-07T18:24:30","date_gmt":"2017-07-07T16:24:30","guid":{"rendered":"http:\/\/projectes.xtec.cat\/pyirenefp\/?page_id=8800"},"modified":"2018-05-26T08:46:42","modified_gmt":"2018-05-26T06:46:42","slug":"objectius","status":"publish","type":"page","link":"https:\/\/projectes.xtec.cat\/pyirenefp\/pyirenefp-3\/objectius\/","title":{"rendered":"Objectius"},"content":{"rendered":"<p><strong>Objectiu general<\/strong><\/p>\n<p>Establir un entorn, transfronterer i coordinat, que ofereixi serveis d&#8217;informaci\u00f3 i orientaci\u00f3 professional i de formaci\u00f3 professional, amb reconeixement mutu i que condueixi a titulacions, que ajudi a les persones a seguir itineraris de formaci\u00f3 i qualificaci\u00f3 a trav\u00e9s de les ofertes formatives existents a l&#8217;espai transfronterer.<\/p>\n<p><b><i><br \/>\n<a href=\"http:\/\/projectes.xtec.cat\/pyirenefp\/wp-content\/uploads\/usu498\/2017\/03\/mapa-PYIRENEFP-web-03.jpg\"><img loading=\"lazy\" decoding=\"async\" class=\"alignleft size-medium wp-image-8643\" src=\"http:\/\/projectes.xtec.cat\/pyirenefp\/wp-content\/uploads\/usu498\/2017\/03\/mapa-PYIRENEFP-web-03-300x206.jpg\" alt=\"mapa PYIRENEFP web 03\" width=\"300\" height=\"206\" srcset=\"https:\/\/projectes.xtec.cat\/pyirenefp\/wp-content\/uploads\/usu498\/2017\/03\/mapa-PYIRENEFP-web-03-300x206.jpg 300w, https:\/\/projectes.xtec.cat\/pyirenefp\/wp-content\/uploads\/usu498\/2017\/03\/mapa-PYIRENEFP-web-03-768x528.jpg 768w, https:\/\/projectes.xtec.cat\/pyirenefp\/wp-content\/uploads\/usu498\/2017\/03\/mapa-PYIRENEFP-web-03-1024x704.jpg 1024w, https:\/\/projectes.xtec.cat\/pyirenefp\/wp-content\/uploads\/usu498\/2017\/03\/mapa-PYIRENEFP-web-03.jpg 1557w\" sizes=\"auto, (max-width: 300px) 100vw, 300px\" \/><\/a>Objectius espec\u00edfics <\/i><\/b><b><i>del <\/i><\/b><b><i>projecte <\/i><\/b><b><i>PyireneFP<\/i><\/b><\/p>\n<ul style=\"list-style-type: disc;\">\n<li>Mobilitzar estudiants, formadors i orientadors de formaci\u00f3 professional entre els centres, unitats de servei i empreses de la zona transfronterera mitjan\u00e7ant la coordinaci\u00f3 de les accions, l&#8217;aprenentatge conjunt i el reconeixement mutu de la formaci\u00f3 adquirida.<\/li>\n<li>Coordinar i oferir ofertes formatives de formaci\u00f3 professional compartides entre centres de les regions d&#8217;ambd\u00f3s costats de la frontera.<\/li>\n<li>Coordinar i oferir serveis concertats d&#8217;informaci\u00f3 i orientaci\u00f3 professional respecte de les oportunitats de formaci\u00f3 i qualificaci\u00f3 i de reconeixement i validaci\u00f3 de l&#8217;experi\u00e8ncia laboral existents en la zona transfronterera.<\/li>\n<\/ul>\n","protected":false},"excerpt":{"rendered":"<p>Objectiu general<br \/>\nEstablir un entorn, transfronterer i coordinat, que ofereixi serveis d&#8217;informaci\u00f3 i orientaci\u00f3 professional i de formaci\u00f3 professional, amb reconeixement mutu i que condueixi a titulacions, que ajudi a les persones a seguir itineraris de formaci\u00f3 i qualificaci\u00f3 a trav\u00e9s de les ofertes formatives existents&hellip;  <a href=\"https:\/\/projectes.xtec.cat\/pyirenefp\/pyirenefp-3\/objectius\/\" title=\"Read Objectius\">Llegeix m\u00e9s\u00bb<\/a><\/p>\n","protected":false},"author":1,"featured_media":0,"parent":8794,"menu_order":10,"comment_status":"closed","ping_status":"closed","template":"","meta":{"_bbp_topic_count":0,"_bbp_reply_count":0,"_bbp_total_topic_count":0,"_bbp_total_reply_count":0,"_bbp_voice_count":0,"_bbp_anonymous_reply_count":0,"_bbp_topic_count_hidden":0,"_bbp_reply_count_hidden":0,"_bbp_forum_subforum_count":0,"footnotes":""},"class_list":["post-8800","page","type-page","status-publish","hentry"],"post_mailing_queue_ids":[],"_links":{"self":[{"href":"https:\/\/projectes.xtec.cat\/pyirenefp\/wp-json\/wp\/v2\/pages\/8800","targetHints":{"allow":["GET"]}}],"collection":[{"href":"https:\/\/projectes.xtec.cat\/pyirenefp\/wp-json\/wp\/v2\/pages"}],"about":[{"href":"https:\/\/projectes.xtec.cat\/pyirenefp\/wp-json\/wp\/v2\/types\/page"}],"author":[{"embeddable":true,"href":"https:\/\/projectes.xtec.cat\/pyirenefp\/wp-json\/wp\/v2\/users\/1"}],"replies":[{"embeddable":true,"href":"https:\/\/projectes.xtec.cat\/pyirenefp\/wp-json\/wp\/v2\/comments?post=8800"}],"version-history":[{"count":3,"href":"https:\/\/projectes.xtec.cat\/pyirenefp\/wp-json\/wp\/v2\/pages\/8800\/revisions"}],"predecessor-version":[{"id":10989,"href":"https:\/\/projectes.xtec.cat\/pyirenefp\/wp-json\/wp\/v2\/pages\/8800\/revisions\/10989"}],"up":[{"embeddable":true,"href":"https:\/\/projectes.xtec.cat\/pyirenefp\/wp-json\/wp\/v2\/pages\/8794"}],"wp:attachment":[{"href":"https:\/\/projectes.xtec.cat\/pyirenefp\/wp-json\/wp\/v2\/media?parent=8800"}],"curies":[{"name":"wp","href":"https:\/\/api.w.org\/{rel}","templated":true}]}}