{"id":8802,"date":"2017-07-07T18:25:39","date_gmt":"2017-07-07T16:25:39","guid":{"rendered":"http:\/\/projectes.xtec.cat\/pyirenefp\/?page_id=8802"},"modified":"2018-06-19T17:42:12","modified_gmt":"2018-06-19T15:42:12","slug":"objectifs","status":"publish","type":"page","link":"https:\/\/projectes.xtec.cat\/pyirenefp\/pyirenefp-9\/objectifs\/","title":{"rendered":"Objectifs"},"content":{"rendered":"<p><span style=\"color: #000000;\"><strong>Objectif g\u00e9n\u00e9ral<\/strong><\/span><\/p>\n<p><span style=\"color: #000000;\">Mettre en place un environnement transfrontalier et coordonn\u00e9, offrant des services d\u2019information et d\u2019orientation professionnelle, avec reconnaissance mutuelle et obtention de dipl\u00f4mes, permettant aux personnes de suivre des parcours de formation et de qualification gr\u00e2ce aux offres de formation existant dans l\u2019espace transfrontalier.<\/span><\/p>\n<p><span style=\"color: #000000;\"><b><i><a style=\"color: #000000;\" href=\"http:\/\/projectes.xtec.cat\/pyirenefp\/wp-content\/uploads\/usu498\/2017\/03\/mapa-PYIRENEFP-web-03.jpg\"><img loading=\"lazy\" decoding=\"async\" class=\"alignleft size-medium wp-image-8643\" src=\"http:\/\/projectes.xtec.cat\/pyirenefp\/wp-content\/uploads\/usu498\/2017\/03\/mapa-PYIRENEFP-web-03-300x206.jpg\" alt=\"mapa PYIRENEFP web 03\" width=\"300\" height=\"206\" srcset=\"https:\/\/projectes.xtec.cat\/pyirenefp\/wp-content\/uploads\/usu498\/2017\/03\/mapa-PYIRENEFP-web-03-300x206.jpg 300w, https:\/\/projectes.xtec.cat\/pyirenefp\/wp-content\/uploads\/usu498\/2017\/03\/mapa-PYIRENEFP-web-03-768x528.jpg 768w, https:\/\/projectes.xtec.cat\/pyirenefp\/wp-content\/uploads\/usu498\/2017\/03\/mapa-PYIRENEFP-web-03-1024x704.jpg 1024w, https:\/\/projectes.xtec.cat\/pyirenefp\/wp-content\/uploads\/usu498\/2017\/03\/mapa-PYIRENEFP-web-03.jpg 1557w\" sizes=\"auto, (max-width: 300px) 100vw, 300px\" \/><\/a><\/i><\/b><strong><em>Objectifs sp\u00e9cifiques du projet PyireneF<\/em><\/strong><\/span><\/p>\n<ul>\n<li><span style=\"color: #000000;\">Mobiliser les \u00e9tudiants, les formateurs et conseillers d\u2019orientation issus de la formation professionnelle dans les \u00e9tablissements, les unit\u00e9s de service et les entreprises de la zone transfrontali\u00e8re par la coordination des actions, l\u2019apprentissage partag\u00e9 et la reconnaissance mutuelle de la formation suivie.<\/span><\/li>\n<li><span style=\"color: #000000;\">Coordonner et proposer des offres de formation professionnelle partag\u00e9es entre les \u00e9tablissements des r\u00e9gions des deux c\u00f4t\u00e9s de la fronti\u00e8re.<\/span><\/li>\n<li><span style=\"color: #000000;\">Coordonner et proposer des services concert\u00e9s d\u2019information et d\u2019orientation professionnelle correspondant aux opportunit\u00e9s de formation, de qualification, de reconnaissance et de validation de l\u2019exp\u00e9rience professionnelle existant dans la zone transfrontali\u00e8re<\/span><\/li>\n<\/ul>\n","protected":false},"excerpt":{"rendered":"<p>Objectif g\u00e9n\u00e9ral<br \/>\nMettre en place un environnement transfrontalier et coordonn\u00e9, offrant des services d\u2019information et d\u2019orientation professionnelle, avec reconnaissance mutuelle et obtention de dipl\u00f4mes, permettant aux personnes de suivre des parcours de formation et de qualification gr\u00e2ce aux offres de formation existant dans l\u2019espace transfrontalier.<br \/>\n<a style=\"color:&hellip;  <a href=\"https:\/\/projectes.xtec.cat\/pyirenefp\/pyirenefp-9\/objectifs\/\" title=\"Read Objectifs\">Llegeix m\u00e9s\u00bb<\/a><\/p>\n","protected":false},"author":1,"featured_media":0,"parent":8796,"menu_order":10,"comment_status":"closed","ping_status":"closed","template":"","meta":{"_bbp_topic_count":0,"_bbp_reply_count":0,"_bbp_total_topic_count":0,"_bbp_total_reply_count":0,"_bbp_voice_count":0,"_bbp_anonymous_reply_count":0,"_bbp_topic_count_hidden":0,"_bbp_reply_count_hidden":0,"_bbp_forum_subforum_count":0,"footnotes":""},"class_list":["post-8802","page","type-page","status-publish","hentry"],"post_mailing_queue_ids":[],"_links":{"self":[{"href":"https:\/\/projectes.xtec.cat\/pyirenefp\/wp-json\/wp\/v2\/pages\/8802","targetHints":{"allow":["GET"]}}],"collection":[{"href":"https:\/\/projectes.xtec.cat\/pyirenefp\/wp-json\/wp\/v2\/pages"}],"about":[{"href":"https:\/\/projectes.xtec.cat\/pyirenefp\/wp-json\/wp\/v2\/types\/page"}],"author":[{"embeddable":true,"href":"https:\/\/projectes.xtec.cat\/pyirenefp\/wp-json\/wp\/v2\/users\/1"}],"replies":[{"embeddable":true,"href":"https:\/\/projectes.xtec.cat\/pyirenefp\/wp-json\/wp\/v2\/comments?post=8802"}],"version-history":[{"count":3,"href":"https:\/\/projectes.xtec.cat\/pyirenefp\/wp-json\/wp\/v2\/pages\/8802\/revisions"}],"predecessor-version":[{"id":10288,"href":"https:\/\/projectes.xtec.cat\/pyirenefp\/wp-json\/wp\/v2\/pages\/8802\/revisions\/10288"}],"up":[{"embeddable":true,"href":"https:\/\/projectes.xtec.cat\/pyirenefp\/wp-json\/wp\/v2\/pages\/8796"}],"wp:attachment":[{"href":"https:\/\/projectes.xtec.cat\/pyirenefp\/wp-json\/wp\/v2\/media?parent=8802"}],"curies":[{"name":"wp","href":"https:\/\/api.w.org\/{rel}","templated":true}]}}