{"id":8806,"date":"2017-07-07T18:32:34","date_gmt":"2017-07-07T16:32:34","guid":{"rendered":"http:\/\/projectes.xtec.cat\/pyirenefp\/?page_id=8806"},"modified":"2018-01-25T12:42:33","modified_gmt":"2018-01-25T11:42:33","slug":"descripcio","status":"publish","type":"page","link":"https:\/\/projectes.xtec.cat\/pyirenefp\/pyirenefp-3\/descripcio\/","title":{"rendered":"Descripci\u00f3"},"content":{"rendered":"<p>Les persones, principalment joves, que viuen en les regions pirenaiques necessiten adquirir la formaci\u00f3 professional adequada a les necessitats de l&#8217;entorn socioecon\u00f2mic per a millorar la seva ocupabilitat. Les zones transfrontereres, per la seva proximitat geogr\u00e0fica, cultural i de mercat de treball es converteixen en l&#8217;espai prioritari per ocupar a la seva poblaci\u00f3.<\/p>\n<p>PiyreneFP desenvolupar\u00e0 accions amb la mirada posada en:<\/p>\n<table class=\"noborder\" style=\"width: 802px;\">\n<tbody>\n<tr>\n<td style=\"width: 116px;\"><a href=\"http:\/\/projectes.xtec.cat\/pyirenefp\/wp-content\/uploads\/usu498\/2017\/03\/Compass-96-1.png\"><img loading=\"lazy\" decoding=\"async\" class=\"alignnone wp-image-8336\" src=\"http:\/\/projectes.xtec.cat\/pyirenefp\/wp-content\/uploads\/usu498\/2017\/03\/Compass-96-1.png\" alt=\"compass-96\" width=\"68\" height=\"68\" \/><\/a><\/td>\n<td style=\"width: 678px;\"><span style=\"font-size: 12pt;\">Facilitar l&#8217;orientaci\u00f3 i l&#8217;acc\u00e9s als serveis i recursos de formaci\u00f3 i qualificaci\u00f3 de les regions d&#8217;ambd\u00f3s costats de la frontera. La interrelaci\u00f3 dels serveis d&#8217;orientaci\u00f3 professional, formaci\u00f3 i validaci\u00f3 i reconeixement de l&#8217;experi\u00e8ncia laboral pr\u00e8via adquirida per les persones pot ser un instrument potent per augmentar i millorar les oportunitats d&#8217;ocupaci\u00f3.<br \/>\n<\/span><\/td>\n<\/tr>\n<tr>\n<td style=\"width: 116px;\"><a href=\"http:\/\/projectes.xtec.cat\/pyirenefp\/wp-content\/uploads\/usu498\/2017\/03\/Treasure-Map-80.png\"><img loading=\"lazy\" decoding=\"async\" class=\"alignnone size-full wp-image-8339\" src=\"http:\/\/projectes.xtec.cat\/pyirenefp\/wp-content\/uploads\/usu498\/2017\/03\/Treasure-Map-80.png\" alt=\"treasure-map-80\" width=\"80\" height=\"80\" \/><\/a><\/td>\n<td style=\"width: 678px;\"><span style=\"font-size: 12pt;\">Oferir serveis d&#8217;informaci\u00f3 i orientaci\u00f3 professional, tenint en compte els recursos i serveis existents a la zona transfronterera, per a qu\u00e8 els joves puguin escollir aquelles ofertes de formaci\u00f3 o reconeixement de l&#8217;experi\u00e8ncia que m\u00e9s s&#8217;adeq\u00fci a les seves necessitats.<\/span><\/td>\n<\/tr>\n<tr>\n<td style=\"width: 116px;\"><a href=\"http:\/\/projectes.xtec.cat\/pyirenefp\/wp-content\/uploads\/usu498\/2017\/03\/Diploma-2-96.png\"><img loading=\"lazy\" decoding=\"async\" class=\"alignnone size-full wp-image-8337\" src=\"http:\/\/projectes.xtec.cat\/pyirenefp\/wp-content\/uploads\/usu498\/2017\/03\/Diploma-2-96.png\" alt=\"diploma-2-96\" width=\"96\" height=\"96\" \/><\/a><\/td>\n<td style=\"width: 678px;\"><span style=\"font-size: 12pt;\">Millorar la qualificaci\u00f3 dels alumnes de formaci\u00f3 professional, a trav\u00e9s de la mobilitat transfronterera, possibilitant que:<\/span><\/p>\n<ul>\n<li>cursin formaci\u00f3 professional reconeguda m\u00fatuament pels centres d&#8217;origen i de dest\u00ed.<\/li>\n<li>adquireixin aprenentatges en les empreses transfrontereres amb valor curricular.<\/li>\n<\/ul>\n<\/td>\n<\/tr>\n<\/tbody>\n<\/table>\n<p>&nbsp;<\/p>\n","protected":false},"excerpt":{"rendered":"<p>Les persones, principalment joves, que viuen en les regions pirenaiques necessiten adquirir la formaci\u00f3 professional adequada a les necessitats de l&#8217;entorn socioecon\u00f2mic per a millorar la seva ocupabilitat. Les zones transfrontereres, per la seva proximitat geogr\u00e0fica, cultural i de mercat de treball es converteixen en&hellip;  <a href=\"https:\/\/projectes.xtec.cat\/pyirenefp\/pyirenefp-3\/descripcio\/\" title=\"Read Descripci\u00f3\">Llegeix m\u00e9s\u00bb<\/a><\/p>\n","protected":false},"author":1,"featured_media":0,"parent":8794,"menu_order":20,"comment_status":"closed","ping_status":"closed","template":"","meta":{"_bbp_topic_count":0,"_bbp_reply_count":0,"_bbp_total_topic_count":0,"_bbp_total_reply_count":0,"_bbp_voice_count":0,"_bbp_anonymous_reply_count":0,"_bbp_topic_count_hidden":0,"_bbp_reply_count_hidden":0,"_bbp_forum_subforum_count":0,"footnotes":""},"class_list":["post-8806","page","type-page","status-publish","hentry"],"post_mailing_queue_ids":[],"_links":{"self":[{"href":"https:\/\/projectes.xtec.cat\/pyirenefp\/wp-json\/wp\/v2\/pages\/8806","targetHints":{"allow":["GET"]}}],"collection":[{"href":"https:\/\/projectes.xtec.cat\/pyirenefp\/wp-json\/wp\/v2\/pages"}],"about":[{"href":"https:\/\/projectes.xtec.cat\/pyirenefp\/wp-json\/wp\/v2\/types\/page"}],"author":[{"embeddable":true,"href":"https:\/\/projectes.xtec.cat\/pyirenefp\/wp-json\/wp\/v2\/users\/1"}],"replies":[{"embeddable":true,"href":"https:\/\/projectes.xtec.cat\/pyirenefp\/wp-json\/wp\/v2\/comments?post=8806"}],"version-history":[{"count":3,"href":"https:\/\/projectes.xtec.cat\/pyirenefp\/wp-json\/wp\/v2\/pages\/8806\/revisions"}],"predecessor-version":[{"id":9072,"href":"https:\/\/projectes.xtec.cat\/pyirenefp\/wp-json\/wp\/v2\/pages\/8806\/revisions\/9072"}],"up":[{"embeddable":true,"href":"https:\/\/projectes.xtec.cat\/pyirenefp\/wp-json\/wp\/v2\/pages\/8794"}],"wp:attachment":[{"href":"https:\/\/projectes.xtec.cat\/pyirenefp\/wp-json\/wp\/v2\/media?parent=8806"}],"curies":[{"name":"wp","href":"https:\/\/api.w.org\/{rel}","templated":true}]}}