{"id":8808,"date":"2017-07-07T18:33:01","date_gmt":"2017-07-07T16:33:01","guid":{"rendered":"http:\/\/projectes.xtec.cat\/pyirenefp\/?page_id=8808"},"modified":"2018-06-19T17:47:45","modified_gmt":"2018-06-19T15:47:45","slug":"description","status":"publish","type":"page","link":"https:\/\/projectes.xtec.cat\/pyirenefp\/pyirenefp-9\/description\/","title":{"rendered":"Description"},"content":{"rendered":"<p>Les personnes, principalement les jeunes, vivant dans les r\u00e9gions pyr\u00e9n\u00e9ennes ont besoin de recevoir une formation professionnelle adapt\u00e9e aux besoins de l\u2019environnement socio-\u00e9conomique afin de favoriser leur insertion professionnelle. Les zones transfrontali\u00e8res, en raison de leur proximit\u00e9 g\u00e9ographique, culturelle et du march\u00e9 du travail, constituent le bassin prioritaire d\u2019emploi pour leur population.<\/p>\n<p>PiyreneFP d\u00e9veloppera des actions orient\u00e9es vers les objectifs suivants\u00a0:<\/p>\n<table class=\"noborder\" style=\"width: 802px;\">\n<tbody>\n<tr>\n<td style=\"width: 116px;\"><a href=\"http:\/\/projectes.xtec.cat\/pyirenefp\/wp-content\/uploads\/usu498\/2017\/03\/Compass-96-1.png\"><img loading=\"lazy\" decoding=\"async\" class=\"alignnone wp-image-8336\" src=\"http:\/\/projectes.xtec.cat\/pyirenefp\/wp-content\/uploads\/usu498\/2017\/03\/Compass-96-1.png\" alt=\"compass-96\" width=\"68\" height=\"68\" \/><\/a><\/td>\n<td style=\"width: 678px;\"><span style=\"font-size: 12pt;\">Faciliter l\u2019orientation et l\u2019acc\u00e8s aux services et ressources de formation et de qualification des r\u00e9gions situ\u00e9es des deux c\u00f4t\u00e9s de la fronti\u00e8re. L\u2019interrelation entre les services d\u2019orientation et de formation professionnelle, de validation et de reconnaissance de l\u2019exp\u00e9rience professionnelle acquise par les personnes peut \u00eatre un puissant outil pour augmenter et am\u00e9liorer les possibilit\u00e9s d\u2019emploi.<br \/>\n<\/span><\/td>\n<\/tr>\n<tr>\n<td style=\"width: 116px;\"><a href=\"http:\/\/projectes.xtec.cat\/pyirenefp\/wp-content\/uploads\/usu498\/2017\/03\/Treasure-Map-80.png\"><img loading=\"lazy\" decoding=\"async\" class=\"alignnone size-full wp-image-8339\" src=\"http:\/\/projectes.xtec.cat\/pyirenefp\/wp-content\/uploads\/usu498\/2017\/03\/Treasure-Map-80.png\" alt=\"treasure-map-80\" width=\"80\" height=\"80\" \/><\/a><\/td>\n<td style=\"width: 678px;\">Offrir des services d\u2019information et d\u2019orientation professionnelle, en tenant compte des ressources et services existants dans la zone transfrontali\u00e8re, afin que les jeunes puissent choisir les offres de formation ou de reconnaissance de l\u2019exp\u00e9rience qui s\u2019adaptent le mieux \u00e0 leurs besoins.<\/td>\n<\/tr>\n<tr>\n<td style=\"width: 116px;\"><a href=\"http:\/\/projectes.xtec.cat\/pyirenefp\/wp-content\/uploads\/usu498\/2017\/03\/Diploma-2-96.png\"><img loading=\"lazy\" decoding=\"async\" class=\"alignnone size-full wp-image-8337\" src=\"http:\/\/projectes.xtec.cat\/pyirenefp\/wp-content\/uploads\/usu498\/2017\/03\/Diploma-2-96.png\" alt=\"diploma-2-96\" width=\"96\" height=\"96\" \/><\/a><\/td>\n<td style=\"width: 678px;\">la mobilit\u00e9 transfrontali\u00e8re leur permettant de\u00a0:<\/p>\n<ul>\n<li>suivre une formation professionnelle mutuellement reconnue par les \u00e9tablissements d\u2019origine et de destination.<\/li>\n<li>effectuer des apprentissages dans les entreprises transfrontali\u00e8res int\u00e9gr\u00e9s dans leur cursus.<\/li>\n<\/ul>\n<\/td>\n<\/tr>\n<\/tbody>\n<\/table>\n","protected":false},"excerpt":{"rendered":"<p>Les personnes, principalement les jeunes, vivant dans les r\u00e9gions pyr\u00e9n\u00e9ennes ont besoin de recevoir une formation professionnelle adapt\u00e9e aux besoins de l\u2019environnement socio-\u00e9conomique afin de favoriser leur insertion professionnelle. Les zones transfrontali\u00e8res, en raison de leur proximit\u00e9 g\u00e9ographique, culturelle et du march\u00e9 du travail, constituent&hellip;  <a href=\"https:\/\/projectes.xtec.cat\/pyirenefp\/pyirenefp-9\/description\/\" title=\"Read Description\">Llegeix m\u00e9s\u00bb<\/a><\/p>\n","protected":false},"author":1,"featured_media":0,"parent":8796,"menu_order":20,"comment_status":"closed","ping_status":"closed","template":"","meta":{"_bbp_topic_count":0,"_bbp_reply_count":0,"_bbp_total_topic_count":0,"_bbp_total_reply_count":0,"_bbp_voice_count":0,"_bbp_anonymous_reply_count":0,"_bbp_topic_count_hidden":0,"_bbp_reply_count_hidden":0,"_bbp_forum_subforum_count":0,"footnotes":""},"class_list":["post-8808","page","type-page","status-publish","hentry"],"post_mailing_queue_ids":[],"_links":{"self":[{"href":"https:\/\/projectes.xtec.cat\/pyirenefp\/wp-json\/wp\/v2\/pages\/8808","targetHints":{"allow":["GET"]}}],"collection":[{"href":"https:\/\/projectes.xtec.cat\/pyirenefp\/wp-json\/wp\/v2\/pages"}],"about":[{"href":"https:\/\/projectes.xtec.cat\/pyirenefp\/wp-json\/wp\/v2\/types\/page"}],"author":[{"embeddable":true,"href":"https:\/\/projectes.xtec.cat\/pyirenefp\/wp-json\/wp\/v2\/users\/1"}],"replies":[{"embeddable":true,"href":"https:\/\/projectes.xtec.cat\/pyirenefp\/wp-json\/wp\/v2\/comments?post=8808"}],"version-history":[{"count":3,"href":"https:\/\/projectes.xtec.cat\/pyirenefp\/wp-json\/wp\/v2\/pages\/8808\/revisions"}],"predecessor-version":[{"id":10289,"href":"https:\/\/projectes.xtec.cat\/pyirenefp\/wp-json\/wp\/v2\/pages\/8808\/revisions\/10289"}],"up":[{"embeddable":true,"href":"https:\/\/projectes.xtec.cat\/pyirenefp\/wp-json\/wp\/v2\/pages\/8796"}],"wp:attachment":[{"href":"https:\/\/projectes.xtec.cat\/pyirenefp\/wp-json\/wp\/v2\/media?parent=8808"}],"curies":[{"name":"wp","href":"https:\/\/api.w.org\/{rel}","templated":true}]}}