{"id":8812,"date":"2017-07-07T18:35:08","date_gmt":"2017-07-07T16:35:08","guid":{"rendered":"http:\/\/projectes.xtec.cat\/pyirenefp\/?page_id=8812"},"modified":"2019-03-01T08:11:48","modified_gmt":"2019-03-01T07:11:48","slug":"arago","status":"publish","type":"page","link":"https:\/\/projectes.xtec.cat\/pyirenefp\/socis\/arago\/","title":{"rendered":"Arag\u00f3"},"content":{"rendered":"<h4><strong><span style=\"color: #e6601e;\"><img loading=\"lazy\" decoding=\"async\" class=\"wp-image-8290 alignleft\" src=\"http:\/\/projectes.xtec.cat\/pyirenefp\/wp-content\/uploads\/usu498\/2017\/03\/logoDGA.jpg\" alt=\"logodga\" width=\"210\" height=\"75\" srcset=\"https:\/\/projectes.xtec.cat\/pyirenefp\/wp-content\/uploads\/usu498\/2017\/03\/logoDGA.jpg 713w, https:\/\/projectes.xtec.cat\/pyirenefp\/wp-content\/uploads\/usu498\/2017\/03\/logoDGA-300x107.jpg 300w\" sizes=\"auto, (max-width: 210px) 100vw, 210px\" \/><\/span><\/strong><\/h4>\n<p>Es el Departament d&#8217;Educaci\u00f3, Cultura i Esports, i concretament la Direcci\u00f3 general de Planificaci\u00f3 i Formaci\u00f3, del Govern d&#8217;Arag\u00f3 qui habitualment participa en projectes de mobilitat i formaci\u00f3 d&#8217;Interreg.<\/p>\n<p>&nbsp;<\/p>\n<p>Web:\u00a0<a href=\"http:\/\/www.aragon.es\/DepartamentosOrganismosPublicos\/Departamentos\/EducacionCulturaDeporte\">http:\/\/www.aragon.es\/DepartamentosOrganismosPublicos\/Departamentos\/EducacionCulturaDeporte<\/a><\/p>\n<p>Contacte:<\/p>\n","protected":false},"excerpt":{"rendered":"<p>Es el Departament d&#8217;Educaci\u00f3, Cultura i Esports, i concretament la Direcci\u00f3 general de Planificaci\u00f3 i Formaci\u00f3, del Govern d&#8217;Arag\u00f3 qui habitualment participa en projectes de mobilitat i formaci\u00f3 d&#8217;Interreg.<br \/>\n&nbsp;<br \/>\nWeb:\u00a0<a href=\"http:\/\/www.aragon.es\/DepartamentosOrganismosPublicos\/Departamentos\/EducacionCulturaDeporte\">http:\/\/www.aragon.es\/DepartamentosOrganismosPublicos\/Departamentos\/EducacionCulturaDeporte<\/a><br \/>\nContacte:<\/p>\n","protected":false},"author":1,"featured_media":0,"parent":8776,"menu_order":0,"comment_status":"closed","ping_status":"closed","template":"","meta":{"_bbp_topic_count":0,"_bbp_reply_count":0,"_bbp_total_topic_count":0,"_bbp_total_reply_count":0,"_bbp_voice_count":0,"_bbp_anonymous_reply_count":0,"_bbp_topic_count_hidden":0,"_bbp_reply_count_hidden":0,"_bbp_forum_subforum_count":0,"footnotes":""},"class_list":["post-8812","page","type-page","status-publish","hentry"],"post_mailing_queue_ids":[],"_links":{"self":[{"href":"https:\/\/projectes.xtec.cat\/pyirenefp\/wp-json\/wp\/v2\/pages\/8812","targetHints":{"allow":["GET"]}}],"collection":[{"href":"https:\/\/projectes.xtec.cat\/pyirenefp\/wp-json\/wp\/v2\/pages"}],"about":[{"href":"https:\/\/projectes.xtec.cat\/pyirenefp\/wp-json\/wp\/v2\/types\/page"}],"author":[{"embeddable":true,"href":"https:\/\/projectes.xtec.cat\/pyirenefp\/wp-json\/wp\/v2\/users\/1"}],"replies":[{"embeddable":true,"href":"https:\/\/projectes.xtec.cat\/pyirenefp\/wp-json\/wp\/v2\/comments?post=8812"}],"version-history":[{"count":3,"href":"https:\/\/projectes.xtec.cat\/pyirenefp\/wp-json\/wp\/v2\/pages\/8812\/revisions"}],"predecessor-version":[{"id":11011,"href":"https:\/\/projectes.xtec.cat\/pyirenefp\/wp-json\/wp\/v2\/pages\/8812\/revisions\/11011"}],"up":[{"embeddable":true,"href":"https:\/\/projectes.xtec.cat\/pyirenefp\/wp-json\/wp\/v2\/pages\/8776"}],"wp:attachment":[{"href":"https:\/\/projectes.xtec.cat\/pyirenefp\/wp-json\/wp\/v2\/media?parent=8812"}],"curies":[{"name":"wp","href":"https:\/\/api.w.org\/{rel}","templated":true}]}}