{"id":8814,"date":"2017-07-07T18:35:49","date_gmt":"2017-07-07T16:35:49","guid":{"rendered":"http:\/\/projectes.xtec.cat\/pyirenefp\/?page_id=8814"},"modified":"2019-03-01T08:13:10","modified_gmt":"2019-03-01T07:13:10","slug":"aragon","status":"publish","type":"page","link":"https:\/\/projectes.xtec.cat\/pyirenefp\/partenaires\/aragon\/","title":{"rendered":"Aragon"},"content":{"rendered":"<p><strong><span style=\"color: #e6601e;\">\u00a0<img loading=\"lazy\" decoding=\"async\" class=\"wp-image-8290 alignleft\" src=\"http:\/\/projectes.xtec.cat\/pyirenefp\/wp-content\/uploads\/usu498\/2017\/03\/logoDGA.jpg\" alt=\"logodga\" width=\"204\" height=\"73\" srcset=\"https:\/\/projectes.xtec.cat\/pyirenefp\/wp-content\/uploads\/usu498\/2017\/03\/logoDGA.jpg 713w, https:\/\/projectes.xtec.cat\/pyirenefp\/wp-content\/uploads\/usu498\/2017\/03\/logoDGA-300x107.jpg 300w\" sizes=\"auto, (max-width: 204px) 100vw, 204px\" \/><\/span><\/strong><span style=\"color: #000000;\">Le D\u00e9partement d\u2019enseignement, culture et sport, et plus particuli\u00e8rement la Direction g\u00e9n\u00e9rale de planification et de formation, du Gouvernement d\u2019Aragon participe habituellement aux projets de mobilit\u00e9 et de formation d\u2019Interreg.<\/span><\/p>\n<p>&nbsp;<\/p>\n<p><span style=\"color: #000000;\">Site Web:\u00a0<a style=\"color: #000000;\" href=\"http:\/\/www.aragon.es\/DepartamentosOrganismosPublicos\/Departamentos\/EducacionCulturaDeporte\">http:\/\/www.aragon.es\/DepartamentosOrganismosPublicos\/Departamentos\/EducacionCulturaDeporte<\/a><\/span><\/p>\n<p><span style=\"color: #000000;\">Contact:<\/span><\/p>\n","protected":false},"excerpt":{"rendered":"<p>\u00a0Le D\u00e9partement d\u2019enseignement, culture et sport, et plus particuli\u00e8rement la Direction g\u00e9n\u00e9rale de planification et de formation, du Gouvernement d\u2019Aragon participe habituellement aux projets de mobilit\u00e9 et de formation d\u2019Interreg.<br \/>\n&nbsp;<br \/>\nSite Web:\u00a0<a style=\"color: #000000;\" href=\"http:\/\/www.aragon.es\/DepartamentosOrganismosPublicos\/Departamentos\/EducacionCulturaDeporte\">http:\/\/www.aragon.es\/DepartamentosOrganismosPublicos\/Departamentos\/EducacionCulturaDeporte<\/a><br \/>\nContact:<\/p>\n","protected":false},"author":1,"featured_media":0,"parent":8778,"menu_order":0,"comment_status":"closed","ping_status":"closed","template":"","meta":{"_bbp_topic_count":0,"_bbp_reply_count":0,"_bbp_total_topic_count":0,"_bbp_total_reply_count":0,"_bbp_voice_count":0,"_bbp_anonymous_reply_count":0,"_bbp_topic_count_hidden":0,"_bbp_reply_count_hidden":0,"_bbp_forum_subforum_count":0,"footnotes":""},"class_list":["post-8814","page","type-page","status-publish","hentry"],"post_mailing_queue_ids":[],"_links":{"self":[{"href":"https:\/\/projectes.xtec.cat\/pyirenefp\/wp-json\/wp\/v2\/pages\/8814","targetHints":{"allow":["GET"]}}],"collection":[{"href":"https:\/\/projectes.xtec.cat\/pyirenefp\/wp-json\/wp\/v2\/pages"}],"about":[{"href":"https:\/\/projectes.xtec.cat\/pyirenefp\/wp-json\/wp\/v2\/types\/page"}],"author":[{"embeddable":true,"href":"https:\/\/projectes.xtec.cat\/pyirenefp\/wp-json\/wp\/v2\/users\/1"}],"replies":[{"embeddable":true,"href":"https:\/\/projectes.xtec.cat\/pyirenefp\/wp-json\/wp\/v2\/comments?post=8814"}],"version-history":[{"count":3,"href":"https:\/\/projectes.xtec.cat\/pyirenefp\/wp-json\/wp\/v2\/pages\/8814\/revisions"}],"predecessor-version":[{"id":11012,"href":"https:\/\/projectes.xtec.cat\/pyirenefp\/wp-json\/wp\/v2\/pages\/8814\/revisions\/11012"}],"up":[{"embeddable":true,"href":"https:\/\/projectes.xtec.cat\/pyirenefp\/wp-json\/wp\/v2\/pages\/8778"}],"wp:attachment":[{"href":"https:\/\/projectes.xtec.cat\/pyirenefp\/wp-json\/wp\/v2\/media?parent=8814"}],"curies":[{"name":"wp","href":"https:\/\/api.w.org\/{rel}","templated":true}]}}