{"id":8818,"date":"2017-07-07T18:37:26","date_gmt":"2017-07-07T16:37:26","guid":{"rendered":"http:\/\/projectes.xtec.cat\/pyirenefp\/?page_id=8818"},"modified":"2019-03-01T08:00:24","modified_gmt":"2019-03-01T07:00:24","slug":"catalunya","status":"publish","type":"page","link":"https:\/\/projectes.xtec.cat\/pyirenefp\/socis\/catalunya\/","title":{"rendered":"Catalunya"},"content":{"rendered":"<p><a href=\"https:\/\/projectes.xtec.cat\/pyirenefp\/wp-content\/uploads\/usu498\/2019\/03\/LOGO-EDUCACIO-CAT.png\"><img loading=\"lazy\" decoding=\"async\" class=\"wp-image-10991 alignleft\" src=\"https:\/\/projectes.xtec.cat\/pyirenefp\/wp-content\/uploads\/usu498\/2019\/03\/LOGO-EDUCACIO-CAT.png\" alt=\"\" width=\"365\" height=\"55\" srcset=\"https:\/\/projectes.xtec.cat\/pyirenefp\/wp-content\/uploads\/usu498\/2019\/03\/LOGO-EDUCACIO-CAT.png 881w, https:\/\/projectes.xtec.cat\/pyirenefp\/wp-content\/uploads\/usu498\/2019\/03\/LOGO-EDUCACIO-CAT-300x45.png 300w, https:\/\/projectes.xtec.cat\/pyirenefp\/wp-content\/uploads\/usu498\/2019\/03\/LOGO-EDUCACIO-CAT-768x116.png 768w\" sizes=\"auto, (max-width: 365px) 100vw, 365px\" \/><\/a>El Departament d&#8217;Ensenyament \u00e9s el departament competent en mat\u00e8ria de Formaci\u00f3 Professional en Catalunya per la qual cosa disposa d&#8217;una \u00e0mplia experi\u00e8ncia en el desenvolupament i impartici\u00f3 de continguts formatius i ha desenvolupat diversos projectes de col\u00b7laboraci\u00f3 europeus, molts d&#8217;ells, de mobilitats. \u00c9s el cap i l\u00edder responsable del projecte PyireneFP.<\/p>\n<p>Web:<a href=\"http:\/\/xtec.gencat.cat\/ca\/projectes\/mobinternacional\/projectes\/\">Pyirenefp Catalunya<\/a><\/p>\n<p>Contacte: <a href=\"mailto:pifp.ensenyament@gencat.cat\" target=\"_blank\" rel=\"noopener noreferrer\">pifp.ensenyament@gencat.cat<\/a><\/p>\n","protected":false},"excerpt":{"rendered":"<p><a href=\"https:\/\/projectes.xtec.cat\/pyirenefp\/wp-content\/uploads\/usu498\/2019\/03\/LOGO-EDUCACIO-CAT.png\"><\/a>El Departament d&#8217;Ensenyament \u00e9s el departament competent en mat\u00e8ria de Formaci\u00f3 Professional en Catalunya per la qual cosa disposa d&#8217;una \u00e0mplia experi\u00e8ncia en el desenvolupament i impartici\u00f3 de continguts formatius i ha desenvolupat diversos projectes de col\u00b7laboraci\u00f3 europeus, molts d&#8217;ells, de mobilitats. \u00c9s el&hellip;  <a href=\"https:\/\/projectes.xtec.cat\/pyirenefp\/socis\/catalunya\/\" title=\"Read Catalunya\">Llegeix m\u00e9s\u00bb<\/a><\/p>\n","protected":false},"author":1,"featured_media":0,"parent":8776,"menu_order":0,"comment_status":"closed","ping_status":"closed","template":"","meta":{"_bbp_topic_count":0,"_bbp_reply_count":0,"_bbp_total_topic_count":0,"_bbp_total_reply_count":0,"_bbp_voice_count":0,"_bbp_anonymous_reply_count":0,"_bbp_topic_count_hidden":0,"_bbp_reply_count_hidden":0,"_bbp_forum_subforum_count":0,"footnotes":""},"class_list":["post-8818","page","type-page","status-publish","hentry"],"post_mailing_queue_ids":[],"_links":{"self":[{"href":"https:\/\/projectes.xtec.cat\/pyirenefp\/wp-json\/wp\/v2\/pages\/8818","targetHints":{"allow":["GET"]}}],"collection":[{"href":"https:\/\/projectes.xtec.cat\/pyirenefp\/wp-json\/wp\/v2\/pages"}],"about":[{"href":"https:\/\/projectes.xtec.cat\/pyirenefp\/wp-json\/wp\/v2\/types\/page"}],"author":[{"embeddable":true,"href":"https:\/\/projectes.xtec.cat\/pyirenefp\/wp-json\/wp\/v2\/users\/1"}],"replies":[{"embeddable":true,"href":"https:\/\/projectes.xtec.cat\/pyirenefp\/wp-json\/wp\/v2\/comments?post=8818"}],"version-history":[{"count":3,"href":"https:\/\/projectes.xtec.cat\/pyirenefp\/wp-json\/wp\/v2\/pages\/8818\/revisions"}],"predecessor-version":[{"id":10999,"href":"https:\/\/projectes.xtec.cat\/pyirenefp\/wp-json\/wp\/v2\/pages\/8818\/revisions\/10999"}],"up":[{"embeddable":true,"href":"https:\/\/projectes.xtec.cat\/pyirenefp\/wp-json\/wp\/v2\/pages\/8776"}],"wp:attachment":[{"href":"https:\/\/projectes.xtec.cat\/pyirenefp\/wp-json\/wp\/v2\/media?parent=8818"}],"curies":[{"name":"wp","href":"https:\/\/api.w.org\/{rel}","templated":true}]}}