{"id":8820,"date":"2017-07-07T18:37:47","date_gmt":"2017-07-07T16:37:47","guid":{"rendered":"http:\/\/projectes.xtec.cat\/pyirenefp\/?page_id=8820"},"modified":"2019-03-01T08:02:17","modified_gmt":"2019-03-01T07:02:17","slug":"catalunya","status":"publish","type":"page","link":"https:\/\/projectes.xtec.cat\/pyirenefp\/partenaires\/catalunya\/","title":{"rendered":"Catalogne"},"content":{"rendered":"<p><a href=\"https:\/\/projectes.xtec.cat\/pyirenefp\/wp-content\/uploads\/usu498\/2019\/03\/LOGO-EDUCACIO-CAT.png\"><img loading=\"lazy\" decoding=\"async\" class=\"wp-image-10991 alignleft\" src=\"https:\/\/projectes.xtec.cat\/pyirenefp\/wp-content\/uploads\/usu498\/2019\/03\/LOGO-EDUCACIO-CAT.png\" alt=\"\" width=\"358\" height=\"54\" srcset=\"https:\/\/projectes.xtec.cat\/pyirenefp\/wp-content\/uploads\/usu498\/2019\/03\/LOGO-EDUCACIO-CAT.png 881w, https:\/\/projectes.xtec.cat\/pyirenefp\/wp-content\/uploads\/usu498\/2019\/03\/LOGO-EDUCACIO-CAT-300x45.png 300w, https:\/\/projectes.xtec.cat\/pyirenefp\/wp-content\/uploads\/usu498\/2019\/03\/LOGO-EDUCACIO-CAT-768x116.png 768w\" sizes=\"auto, (max-width: 358px) 100vw, 358px\" \/><\/a><span style=\"color: #000000;\">Formation professionnelle en Catalogne. Il dispose d\u2019une large exp\u00e9rience en mati\u00e8re de d\u00e9veloppement et d\u2019\u00e9laboration de contenus de formation et a d\u00e9velopp\u00e9 diff\u00e9rents projets de collaboration europ\u00e9ens, pour la plupart consacr\u00e9s \u00e0 la mobilit\u00e9. C\u2019est le chef de file et le responsable du projet PyireneFP.<\/span><\/p>\n<p>Web:<a href=\"http:\/\/xtec.gencat.cat\/ca\/projectes\/mobinternacional\/projectes\/\">Pyirenefp Catalunya<\/a><\/p>\n<p>Contact: <a href=\"mailto:pifp.ensenyament@gencat.cat\" target=\"_blank\" rel=\"noopener noreferrer\">pifp.ensenyament@gencat.cat<\/a><\/p>\n","protected":false},"excerpt":{"rendered":"<p><a href=\"https:\/\/projectes.xtec.cat\/pyirenefp\/wp-content\/uploads\/usu498\/2019\/03\/LOGO-EDUCACIO-CAT.png\"><\/a>Formation professionnelle en Catalogne. Il dispose d\u2019une large exp\u00e9rience en mati\u00e8re de d\u00e9veloppement et d\u2019\u00e9laboration de contenus de formation et a d\u00e9velopp\u00e9 diff\u00e9rents projets de collaboration europ\u00e9ens, pour la plupart consacr\u00e9s \u00e0 la mobilit\u00e9. C\u2019est le chef de file et le responsable du projet&hellip;  <a href=\"https:\/\/projectes.xtec.cat\/pyirenefp\/partenaires\/catalunya\/\" title=\"Read Catalogne\">Llegeix m\u00e9s\u00bb<\/a><\/p>\n","protected":false},"author":1,"featured_media":0,"parent":8778,"menu_order":0,"comment_status":"closed","ping_status":"closed","template":"","meta":{"_bbp_topic_count":0,"_bbp_reply_count":0,"_bbp_total_topic_count":0,"_bbp_total_reply_count":0,"_bbp_voice_count":0,"_bbp_anonymous_reply_count":0,"_bbp_topic_count_hidden":0,"_bbp_reply_count_hidden":0,"_bbp_forum_subforum_count":0,"footnotes":""},"class_list":["post-8820","page","type-page","status-publish","hentry"],"post_mailing_queue_ids":[],"_links":{"self":[{"href":"https:\/\/projectes.xtec.cat\/pyirenefp\/wp-json\/wp\/v2\/pages\/8820","targetHints":{"allow":["GET"]}}],"collection":[{"href":"https:\/\/projectes.xtec.cat\/pyirenefp\/wp-json\/wp\/v2\/pages"}],"about":[{"href":"https:\/\/projectes.xtec.cat\/pyirenefp\/wp-json\/wp\/v2\/types\/page"}],"author":[{"embeddable":true,"href":"https:\/\/projectes.xtec.cat\/pyirenefp\/wp-json\/wp\/v2\/users\/1"}],"replies":[{"embeddable":true,"href":"https:\/\/projectes.xtec.cat\/pyirenefp\/wp-json\/wp\/v2\/comments?post=8820"}],"version-history":[{"count":3,"href":"https:\/\/projectes.xtec.cat\/pyirenefp\/wp-json\/wp\/v2\/pages\/8820\/revisions"}],"predecessor-version":[{"id":11001,"href":"https:\/\/projectes.xtec.cat\/pyirenefp\/wp-json\/wp\/v2\/pages\/8820\/revisions\/11001"}],"up":[{"embeddable":true,"href":"https:\/\/projectes.xtec.cat\/pyirenefp\/wp-json\/wp\/v2\/pages\/8778"}],"wp:attachment":[{"href":"https:\/\/projectes.xtec.cat\/pyirenefp\/wp-json\/wp\/v2\/media?parent=8820"}],"curies":[{"name":"wp","href":"https:\/\/api.w.org\/{rel}","templated":true}]}}