{"id":8824,"date":"2017-07-07T18:39:23","date_gmt":"2017-07-07T16:39:23","guid":{"rendered":"http:\/\/projectes.xtec.cat\/pyirenefp\/?page_id=8824"},"modified":"2018-10-28T09:29:58","modified_gmt":"2018-10-28T08:29:58","slug":"navarra","status":"publish","type":"page","link":"https:\/\/projectes.xtec.cat\/pyirenefp\/socis\/navarra\/","title":{"rendered":"Navarra"},"content":{"rendered":"<h3><img loading=\"lazy\" decoding=\"async\" class=\"wp-image-8472 alignleft\" src=\"http:\/\/projectes.xtec.cat\/pyirenefp\/wp-content\/uploads\/usu498\/2017\/03\/logoNavarra_baixa_nou.png\" alt=\"logoNavarra_baixa_nou\" width=\"245\" height=\"60\" srcset=\"https:\/\/projectes.xtec.cat\/pyirenefp\/wp-content\/uploads\/usu498\/2017\/03\/logoNavarra_baixa_nou.png 453w, https:\/\/projectes.xtec.cat\/pyirenefp\/wp-content\/uploads\/usu498\/2017\/03\/logoNavarra_baixa_nou-300x74.png 300w\" sizes=\"auto, (max-width: 245px) 100vw, 245px\" \/><\/h3>\n<p>El Departament d&#8217;Educaci\u00f3 del Govern de Navarra, des de el Negociat d&#8217;internacionalitzaci\u00f3 de la FP, gestiona les mobilitats dels alumnes dels centres p\u00fablics de la Formaci\u00f3 Professional de la comunitat foral. Participem en diversos projectes europeus que promouen les mobilitats de centenars d&#8217;estudiants cada any, incloent aquelles que es desarrollen dins el projecte PyireneFP<\/p>\n<h3><\/h3>\n<p>Web:\u00a0<a href=\"https:\/\/www.educacion.navarra.es\/web\/dpto\/proyectos-europeos-de-movilidad\/otros-proyectos\">https:\/\/www.educacion.navarra.es\/web\/dpto\/formacion-profesional<\/a><\/p>\n<p>Contacte: fpeuropa@navarra.es<\/p>\n<p>&nbsp;<\/p>\n","protected":false},"excerpt":{"rendered":"<p>El Departament d&#8217;Educaci\u00f3 del Govern de Navarra, des de el Negociat d&#8217;internacionalitzaci\u00f3 de la FP, gestiona les mobilitats dels alumnes dels centres p\u00fablics de la Formaci\u00f3 Professional de la comunitat foral. Participem en diversos projectes europeus que promouen les mobilitats de centenars d&#8217;estudiants cada any,&hellip;  <a href=\"https:\/\/projectes.xtec.cat\/pyirenefp\/socis\/navarra\/\" title=\"Read Navarra\">Llegeix m\u00e9s\u00bb<\/a><\/p>\n","protected":false},"author":1,"featured_media":0,"parent":8776,"menu_order":0,"comment_status":"closed","ping_status":"closed","template":"","meta":{"_bbp_topic_count":0,"_bbp_reply_count":0,"_bbp_total_topic_count":0,"_bbp_total_reply_count":0,"_bbp_voice_count":0,"_bbp_anonymous_reply_count":0,"_bbp_topic_count_hidden":0,"_bbp_reply_count_hidden":0,"_bbp_forum_subforum_count":0,"footnotes":""},"class_list":["post-8824","page","type-page","status-publish","hentry"],"post_mailing_queue_ids":[],"_links":{"self":[{"href":"https:\/\/projectes.xtec.cat\/pyirenefp\/wp-json\/wp\/v2\/pages\/8824","targetHints":{"allow":["GET"]}}],"collection":[{"href":"https:\/\/projectes.xtec.cat\/pyirenefp\/wp-json\/wp\/v2\/pages"}],"about":[{"href":"https:\/\/projectes.xtec.cat\/pyirenefp\/wp-json\/wp\/v2\/types\/page"}],"author":[{"embeddable":true,"href":"https:\/\/projectes.xtec.cat\/pyirenefp\/wp-json\/wp\/v2\/users\/1"}],"replies":[{"embeddable":true,"href":"https:\/\/projectes.xtec.cat\/pyirenefp\/wp-json\/wp\/v2\/comments?post=8824"}],"version-history":[{"count":3,"href":"https:\/\/projectes.xtec.cat\/pyirenefp\/wp-json\/wp\/v2\/pages\/8824\/revisions"}],"predecessor-version":[{"id":10768,"href":"https:\/\/projectes.xtec.cat\/pyirenefp\/wp-json\/wp\/v2\/pages\/8824\/revisions\/10768"}],"up":[{"embeddable":true,"href":"https:\/\/projectes.xtec.cat\/pyirenefp\/wp-json\/wp\/v2\/pages\/8776"}],"wp:attachment":[{"href":"https:\/\/projectes.xtec.cat\/pyirenefp\/wp-json\/wp\/v2\/media?parent=8824"}],"curies":[{"name":"wp","href":"https:\/\/api.w.org\/{rel}","templated":true}]}}