{"id":8830,"date":"2017-07-07T18:42:41","date_gmt":"2017-07-07T16:42:41","guid":{"rendered":"http:\/\/projectes.xtec.cat\/pyirenefp\/?page_id=8830"},"modified":"2018-01-28T19:15:50","modified_gmt":"2018-01-28T18:15:50","slug":"occitanie","status":"publish","type":"page","link":"https:\/\/projectes.xtec.cat\/pyirenefp\/socis\/occitanie\/","title":{"rendered":"Occit\u00e0nia"},"content":{"rendered":"<p style=\"text-align: left;\">Aquesta administraci\u00f3 p\u00fablica \u00e9s membre de la comunitat de treball dels Pirineus i est\u00e0 implicada en projectes de cooperaci\u00f3 transfronterera des de l&#8217;any 2001 per la qual cosa \u00e9s evident que comparteix la voluntat d&#8217;aprofundir i ampliar la cooperaci\u00f3 interregional establerta en aquest projecte amb tots els socis integrants del mateix.<\/p>\n<table class=\"noborder\" style=\"height: 140px; width: 504px;\">\n<tbody>\n<tr style=\"height: 98px;\">\n<td style=\"width: 112px; height: 98px;\"><a href=\"http:\/\/www.laregion.fr\/\"><img loading=\"lazy\" decoding=\"async\" class=\"wp-image-8475 alignleft\" src=\"http:\/\/projectes.xtec.cat\/pyirenefp\/wp-content\/uploads\/usu498\/2017\/03\/logo_region_occitaniepyreneesmediterranee_nou.jpg\" alt=\"logo_region_occitaniepyreneesmediterranee_nou\" width=\"100\" height=\"100\" srcset=\"https:\/\/projectes.xtec.cat\/pyirenefp\/wp-content\/uploads\/usu498\/2017\/03\/logo_region_occitaniepyreneesmediterranee_nou.jpg 630w, https:\/\/projectes.xtec.cat\/pyirenefp\/wp-content\/uploads\/usu498\/2017\/03\/logo_region_occitaniepyreneesmediterranee_nou-150x150.jpg 150w, https:\/\/projectes.xtec.cat\/pyirenefp\/wp-content\/uploads\/usu498\/2017\/03\/logo_region_occitaniepyreneesmediterranee_nou-300x300.jpg 300w\" sizes=\"auto, (max-width: 100px) 100vw, 100px\" \/><\/a><\/td>\n<td style=\"width: 350px; height: 98px;\">Web:\u00a0<a href=\"http:\/\/www.midipyrenees.fr\/L-apprentissage-8208\">http:\/\/www.midipyrenees.fr\/L-apprentissage-8208<\/a><\/p>\n<p>Contacte:<\/td>\n<\/tr>\n<\/tbody>\n<\/table>\n<p>&nbsp;<\/p>\n","protected":false},"excerpt":{"rendered":"<p>Aquesta administraci\u00f3 p\u00fablica \u00e9s membre de la comunitat de treball dels Pirineus i est\u00e0 implicada en projectes de cooperaci\u00f3 transfronterera des de l&#8217;any 2001 per la qual cosa \u00e9s evident que comparteix la voluntat d&#8217;aprofundir i ampliar la cooperaci\u00f3 interregional establerta en aquest projecte amb&hellip;  <a href=\"https:\/\/projectes.xtec.cat\/pyirenefp\/socis\/occitanie\/\" title=\"Read Occit\u00e0nia\">Llegeix m\u00e9s\u00bb<\/a><\/p>\n","protected":false},"author":1,"featured_media":0,"parent":8776,"menu_order":0,"comment_status":"closed","ping_status":"closed","template":"","meta":{"_bbp_topic_count":0,"_bbp_reply_count":0,"_bbp_total_topic_count":0,"_bbp_total_reply_count":0,"_bbp_voice_count":0,"_bbp_anonymous_reply_count":0,"_bbp_topic_count_hidden":0,"_bbp_reply_count_hidden":0,"_bbp_forum_subforum_count":0,"footnotes":""},"class_list":["post-8830","page","type-page","status-publish","hentry"],"post_mailing_queue_ids":[],"_links":{"self":[{"href":"https:\/\/projectes.xtec.cat\/pyirenefp\/wp-json\/wp\/v2\/pages\/8830","targetHints":{"allow":["GET"]}}],"collection":[{"href":"https:\/\/projectes.xtec.cat\/pyirenefp\/wp-json\/wp\/v2\/pages"}],"about":[{"href":"https:\/\/projectes.xtec.cat\/pyirenefp\/wp-json\/wp\/v2\/types\/page"}],"author":[{"embeddable":true,"href":"https:\/\/projectes.xtec.cat\/pyirenefp\/wp-json\/wp\/v2\/users\/1"}],"replies":[{"embeddable":true,"href":"https:\/\/projectes.xtec.cat\/pyirenefp\/wp-json\/wp\/v2\/comments?post=8830"}],"version-history":[{"count":3,"href":"https:\/\/projectes.xtec.cat\/pyirenefp\/wp-json\/wp\/v2\/pages\/8830\/revisions"}],"predecessor-version":[{"id":9090,"href":"https:\/\/projectes.xtec.cat\/pyirenefp\/wp-json\/wp\/v2\/pages\/8830\/revisions\/9090"}],"up":[{"embeddable":true,"href":"https:\/\/projectes.xtec.cat\/pyirenefp\/wp-json\/wp\/v2\/pages\/8776"}],"wp:attachment":[{"href":"https:\/\/projectes.xtec.cat\/pyirenefp\/wp-json\/wp\/v2\/media?parent=8830"}],"curies":[{"name":"wp","href":"https:\/\/api.w.org\/{rel}","templated":true}]}}