{"id":8832,"date":"2017-07-07T18:43:06","date_gmt":"2017-07-07T16:43:06","guid":{"rendered":"http:\/\/projectes.xtec.cat\/pyirenefp\/?page_id=8832"},"modified":"2018-06-19T18:18:59","modified_gmt":"2018-06-19T16:18:59","slug":"occitanie","status":"publish","type":"page","link":"https:\/\/projectes.xtec.cat\/pyirenefp\/partenaires\/occitanie\/","title":{"rendered":"Occitanie"},"content":{"rendered":"<p>Cette administration publique est membre de la communaut\u00e9 de travail des Pyr\u00e9n\u00e9es et est engag\u00e9e dans des projets de coop\u00e9ration transfrontali\u00e8re depuis 2001. Forte de cette exp\u00e9rience, elle partage la volont\u00e9 d\u2019approfondir et d\u2019\u00e9tendre la coop\u00e9ration interr\u00e9gionale \u00e9tablie dans le cadre de ce projet avec tous les partenaires qui y participent.<\/p>\n<table class=\"noborder\" style=\"height: 140px; width: 504px;\">\n<tbody>\n<tr style=\"height: 98px;\">\n<td style=\"width: 112px; height: 98px;\"><a href=\"http:\/\/www.laregion.fr\/\"><img loading=\"lazy\" decoding=\"async\" class=\"wp-image-8475 alignleft\" src=\"http:\/\/projectes.xtec.cat\/pyirenefp\/wp-content\/uploads\/usu498\/2017\/03\/logo_region_occitaniepyreneesmediterranee_nou.jpg\" alt=\"logo_region_occitaniepyreneesmediterranee_nou\" width=\"100\" height=\"100\" srcset=\"https:\/\/projectes.xtec.cat\/pyirenefp\/wp-content\/uploads\/usu498\/2017\/03\/logo_region_occitaniepyreneesmediterranee_nou.jpg 630w, https:\/\/projectes.xtec.cat\/pyirenefp\/wp-content\/uploads\/usu498\/2017\/03\/logo_region_occitaniepyreneesmediterranee_nou-150x150.jpg 150w, https:\/\/projectes.xtec.cat\/pyirenefp\/wp-content\/uploads\/usu498\/2017\/03\/logo_region_occitaniepyreneesmediterranee_nou-300x300.jpg 300w\" sizes=\"auto, (max-width: 100px) 100vw, 100px\" \/><\/a><\/td>\n<td style=\"width: 350px; height: 98px;\">Web:\u00a0<a href=\"http:\/\/www.midipyrenees.fr\/L-apprentissage-8208\">http:\/\/www.midipyrenees.fr\/L-apprentissage-8208<\/a><\/p>\n<p><span style=\"color: #000000;\">Contact:<\/span><\/td>\n<\/tr>\n<\/tbody>\n<\/table>\n","protected":false},"excerpt":{"rendered":"<p>Cette administration publique est membre de la communaut\u00e9 de travail des Pyr\u00e9n\u00e9es et est engag\u00e9e dans des projets de coop\u00e9ration transfrontali\u00e8re depuis 2001. Forte de cette exp\u00e9rience, elle partage la volont\u00e9 d\u2019approfondir et d\u2019\u00e9tendre la coop\u00e9ration interr\u00e9gionale \u00e9tablie dans le cadre de ce projet avec&hellip;  <a href=\"https:\/\/projectes.xtec.cat\/pyirenefp\/partenaires\/occitanie\/\" title=\"Read Occitanie\">Llegeix m\u00e9s\u00bb<\/a><\/p>\n","protected":false},"author":1,"featured_media":0,"parent":8778,"menu_order":0,"comment_status":"closed","ping_status":"closed","template":"","meta":{"_bbp_topic_count":0,"_bbp_reply_count":0,"_bbp_total_topic_count":0,"_bbp_total_reply_count":0,"_bbp_voice_count":0,"_bbp_anonymous_reply_count":0,"_bbp_topic_count_hidden":0,"_bbp_reply_count_hidden":0,"_bbp_forum_subforum_count":0,"footnotes":""},"class_list":["post-8832","page","type-page","status-publish","hentry"],"post_mailing_queue_ids":[],"_links":{"self":[{"href":"https:\/\/projectes.xtec.cat\/pyirenefp\/wp-json\/wp\/v2\/pages\/8832","targetHints":{"allow":["GET"]}}],"collection":[{"href":"https:\/\/projectes.xtec.cat\/pyirenefp\/wp-json\/wp\/v2\/pages"}],"about":[{"href":"https:\/\/projectes.xtec.cat\/pyirenefp\/wp-json\/wp\/v2\/types\/page"}],"author":[{"embeddable":true,"href":"https:\/\/projectes.xtec.cat\/pyirenefp\/wp-json\/wp\/v2\/users\/1"}],"replies":[{"embeddable":true,"href":"https:\/\/projectes.xtec.cat\/pyirenefp\/wp-json\/wp\/v2\/comments?post=8832"}],"version-history":[{"count":3,"href":"https:\/\/projectes.xtec.cat\/pyirenefp\/wp-json\/wp\/v2\/pages\/8832\/revisions"}],"predecessor-version":[{"id":10302,"href":"https:\/\/projectes.xtec.cat\/pyirenefp\/wp-json\/wp\/v2\/pages\/8832\/revisions\/10302"}],"up":[{"embeddable":true,"href":"https:\/\/projectes.xtec.cat\/pyirenefp\/wp-json\/wp\/v2\/pages\/8778"}],"wp:attachment":[{"href":"https:\/\/projectes.xtec.cat\/pyirenefp\/wp-json\/wp\/v2\/media?parent=8832"}],"curies":[{"name":"wp","href":"https:\/\/api.w.org\/{rel}","templated":true}]}}