{"id":8836,"date":"2017-07-07T18:44:54","date_gmt":"2017-07-07T16:44:54","guid":{"rendered":"http:\/\/projectes.xtec.cat\/pyirenefp\/?page_id=8836"},"modified":"2018-05-29T18:44:38","modified_gmt":"2018-05-29T16:44:38","slug":"informacio-orientacio-comunicacio-i-xarxa","status":"publish","type":"page","link":"https:\/\/projectes.xtec.cat\/pyirenefp\/altres-projectes\/pirefop-2\/informacio-orientacio-comunicacio-i-xarxa\/","title":{"rendered":"Informaci\u00f3, orientaci\u00f3, comunicaci\u00f3 i xarxa"},"content":{"rendered":"<ul>\n<li>Creaci\u00f3 de xarxes per a l&#8217;intercanvi d&#8217;informacions, experi\u00e8ncies i bones pr\u00e0ctiques en mat\u00e8ria de formaci\u00f3<\/li>\n<li>Comunicaci\u00f3 i difusi\u00f3 de les activitats del projecte<\/li>\n<\/ul>\n<p><strong>Objectius<\/strong><\/p>\n<ul>\n<li>Consolidar el reconeixement dels sistemes de formaci\u00f3 inicial i de \u00abapprentissage\u00bb<\/li>\n<li>Afavorir la posada en xarxa i desenvolupar l&#8217;intercanvi de pr\u00e0ctiques i compet\u00e8ncies entre el personal de les estructures de formaci\u00f3<\/li>\n<li>Afavorir la transfer\u00e8ncia de coneixements, experi\u00e8ncies i de bones pr\u00e0ctiques<\/li>\n<li>Dinamitzar i organitzar la cooperaci\u00f3 entre els actors de formaci\u00f3<\/li>\n<li>Afavorir l&#8217;aprenentatge de lleng\u00fces europees per als beneficiaris de les accions de cooperaci\u00f3, Especialment per la formaci\u00f3 a dist\u00e0ncia<\/li>\n<\/ul>\n<p>&nbsp;<\/p>\n<p><strong>Activitats<\/strong><\/p>\n<p>Participaci\u00f3 dels socis en salons, manifestacions i altres esdeveniments organitzats sobre el territori transfronterer:<\/p>\n<ul>\n<li>Congr\u00e9s Internacional d&#8217;Ensenyaments Esportius de Muntanya (Osca, 24\/10\/2008)<\/li>\n<li>Olympiades des M\u00e9tiers (Aquit\u00e0nia, novembre 2008)<\/li>\n<li>Salon Aquitec (Bordeaux, 5-7 \/ 02\/2009)<\/li>\n<li>Confer\u00e8ncia Europea de les Regions per a la promoci\u00f3 de la mobilitat a la Formaci\u00f3 Professional (Barcelona, \u200b\u200b26-27 \/ 05\/2009)<\/li>\n<li>Salon Form&#8217;Avenir (Tolosa, 16-17 \/ 10\/2009)<\/li>\n<li>Fira de Sant Josep (Mollerussa, Lleida, 19-21 \/ 03\/2010)<\/li>\n<li>Olympiades des M\u00e9tiers (Bordeaux, 15-16 \/ 04\/2010)<\/li>\n<li>Sal\u00f3 Educaci\u00f3 i Ocupaci\u00f3 (Saragossa, 20-22 \/ 05\/2010)<\/li>\n<li>Jornada Pedag\u00f2gica PQPI (Programes de Qualificaci\u00f3 Professional Inicial) (Barcelona, \u200b\u200b15\/09\/2010)<\/li>\n<li>Jornada d&#8217;Ensenyaments Esportius (Lleida, 21-22 \/ 09\/2010)<\/li>\n<li>Confer\u00e9ncie \u00abLes r\u00e9gions au coeur de la mobilit\u00e9 europ\u00e9ene et internationale des jeunes\u00bb, dans le cadre de l&#8217;Iniciative \u00abYouth on the Move\u00bb (Bordeaux, 15\/10\/2010)<\/li>\n<li>Congr\u00e9s Internacional d&#8217;Ensenyaments Esportius de Muntanya (Saragossa, 21-22 \/ 10\/2010)<\/li>\n<li>Colloque National Co\u00f3pertions transfrontali\u00e8re sud els themes de l&#8217;Emploi et de la Formation Professionnelle (Sant-Louis, 16-17 \/ 11\/2010)<\/li>\n<li>Salon Form&#8217;Avenir (Tolosa, 28-29 \/ 01\/2011)<\/li>\n<li>Arag\u00f3 Skills (17-18 \/ 02\/2011)<\/li>\n<li>Fira de Formaci\u00f3 Professional i Treball (Lleida 17-19 \/ 02\/2011)<\/li>\n<\/ul>\n<p>Realitzaci\u00f3 de seminaris i de sessions tem\u00e0tiques de treball:<\/p>\n<ul>\n<li>Seminari de Lleida (17-18 \/ 12\/2008). Presentacions de Jordi Blanch i Fatima Rafik<\/li>\n<li>Seminari de Bordeaux (20-21 \/ 10\/2009). Presentaci\u00f3 de Xavier Farriols<\/li>\n<li>Seminari de Saragossa (01\/06\/2010). Presentacions introduct\u00f2ries: Carmen Navarro i Xavier Farriols. Presentacions sectorials: autom\u00f2bil, cuina, esports, energies renovables i sanitat. Presentacions de la taula rodona \u00abEl valor afegit de la ooperaci\u00f3n transfronterera a la formaci\u00f3 permanent del professorat\u00bb, representant d&#8217;Aquit\u00e0nia, Brigitte Babin, F. Bacqua i J. Durand, Roberto Santolaria i Sergio Mainar<\/li>\n<li>F\u00f2rum POCTEFA i tallers tem\u00e0tics al XXVIII Consell Plenari de la CTP (Bagn\u00e8res-de-Luchos, 28\/10\/2010) S\u00edntesi dels tallers (\u00e9s., Fr.)<\/li>\n<\/ul>\n<p>Seminari de Girona (26\/10\/2011)<\/p>\n<p>&nbsp;<\/p>\n<p><a href=\"http:\/\/projectes.xtec.cat\/pyirenefp\/wp-content\/uploads\/usu498\/2017\/03\/BannersocisPIREFOP.jpg\"><img loading=\"lazy\" decoding=\"async\" class=\"alignnone size-full wp-image-8398\" src=\"http:\/\/projectes.xtec.cat\/pyirenefp\/wp-content\/uploads\/usu498\/2017\/03\/BannersocisPIREFOP.jpg\" alt=\"BannersocisPIREFOP\" width=\"651\" height=\"48\" srcset=\"https:\/\/projectes.xtec.cat\/pyirenefp\/wp-content\/uploads\/usu498\/2017\/03\/BannersocisPIREFOP.jpg 651w, https:\/\/projectes.xtec.cat\/pyirenefp\/wp-content\/uploads\/usu498\/2017\/03\/BannersocisPIREFOP-300x22.jpg 300w\" sizes=\"auto, (max-width: 651px) 100vw, 651px\" \/><\/a><\/p>\n","protected":false},"excerpt":{"rendered":"<ul>\n<li>Creaci\u00f3 de xarxes per a l&#8217;intercanvi d&#8217;informacions, experi\u00e8ncies i bones pr\u00e0ctiques en mat\u00e8ria de formaci\u00f3<\/li>\n<li>Comunicaci\u00f3 i difusi\u00f3 de les activitats del projecte<\/li>\n<\/ul>\n<p>Objectius<\/p>\n<ul>\n<li>Consolidar el reconeixement dels sistemes de formaci\u00f3 inicial i de \u00abapprentissage\u00bb<\/li>\n<li>Afavorir la posada en xarxa i desenvolupar l&#8217;intercanvi de pr\u00e0ctiques i compet\u00e8ncies entre el&hellip;  <a href=\"https:\/\/projectes.xtec.cat\/pyirenefp\/altres-projectes\/pirefop-2\/informacio-orientacio-comunicacio-i-xarxa\/\" title=\"Read Informaci\u00f3, orientaci\u00f3, comunicaci\u00f3 i xarxa\">Llegeix m\u00e9s\u00bb<\/a><br \/>\n","protected":false},"author":1,"featured_media":0,"parent":8758,"menu_order":20,"comment_status":"closed","ping_status":"closed","template":"","meta":{"_bbp_topic_count":0,"_bbp_reply_count":0,"_bbp_total_topic_count":0,"_bbp_total_reply_count":0,"_bbp_voice_count":0,"_bbp_anonymous_reply_count":0,"_bbp_topic_count_hidden":0,"_bbp_reply_count_hidden":0,"_bbp_forum_subforum_count":0,"footnotes":""},"class_list":["post-8836","page","type-page","status-publish","hentry"],"post_mailing_queue_ids":[],"_links":{"self":[{"href":"https:\/\/projectes.xtec.cat\/pyirenefp\/wp-json\/wp\/v2\/pages\/8836","targetHints":{"allow":["GET"]}}],"collection":[{"href":"https:\/\/projectes.xtec.cat\/pyirenefp\/wp-json\/wp\/v2\/pages"}],"about":[{"href":"https:\/\/projectes.xtec.cat\/pyirenefp\/wp-json\/wp\/v2\/types\/page"}],"author":[{"embeddable":true,"href":"https:\/\/projectes.xtec.cat\/pyirenefp\/wp-json\/wp\/v2\/users\/1"}],"replies":[{"embeddable":true,"href":"https:\/\/projectes.xtec.cat\/pyirenefp\/wp-json\/wp\/v2\/comments?post=8836"}],"version-history":[{"count":3,"href":"https:\/\/projectes.xtec.cat\/pyirenefp\/wp-json\/wp\/v2\/pages\/8836\/revisions"}],"predecessor-version":[{"id":10034,"href":"https:\/\/projectes.xtec.cat\/pyirenefp\/wp-json\/wp\/v2\/pages\/8836\/revisions\/10034"}],"up":[{"embeddable":true,"href":"https:\/\/projectes.xtec.cat\/pyirenefp\/wp-json\/wp\/v2\/pages\/8758"}],"wp:attachment":[{"href":"https:\/\/projectes.xtec.cat\/pyirenefp\/wp-json\/wp\/v2\/media?parent=8836"}],"curies":[{"name":"wp","href":"https:\/\/api.w.org\/{rel}","templated":true}]}}