{"id":8838,"date":"2017-07-07T18:45:27","date_gmt":"2017-07-07T16:45:27","guid":{"rendered":"http:\/\/projectes.xtec.cat\/pyirenefp\/?page_id=8838"},"modified":"2018-06-20T08:27:42","modified_gmt":"2018-06-20T06:27:42","slug":"information-orientation-communication-et-reseau","status":"publish","type":"page","link":"https:\/\/projectes.xtec.cat\/pyirenefp\/dautres-projets\/pirefop\/information-orientation-communication-et-reseau\/","title":{"rendered":"Information, orientation, communication et r\u00e9seau"},"content":{"rendered":"<ul>\n<li>Cr\u00e9ation de r\u00e9seaux pour l\u2019\u00e9change d\u2019informations, d\u2019exp\u00e9riences et de bonnes pratiques en mati\u00e8re de formation<\/li>\n<li>Communication et diffusion des activit\u00e9s du projet<\/li>\n<\/ul>\n<p><strong>Objectifs<\/strong><\/p>\n<ul>\n<li>Consolider la reconnaissance des syst\u00e8mes de formation initiale et d\u2019\u00ab\u00a0apprentissage\u00a0\u00bb<\/li>\n<li>Favoriser la mise en r\u00e9seau et d\u00e9velopper l\u2019\u00e9change de pratiques et de comp\u00e9tences entre le personnel des structures de formation<\/li>\n<li>Favoriser le transfert de connaissances, d\u2019exp\u00e9riences et de bonnes pratiques<\/li>\n<li>Dynamiser et organiser la coop\u00e9ration entre les acteurs de formation<\/li>\n<li>Favoriser l\u2019apprentissage des langues europ\u00e9ennes pour les b\u00e9n\u00e9ficiaires des actions de coop\u00e9ration, en particulier \u00e0 travers la formation \u00e0 distance<\/li>\n<\/ul>\n<p><strong>Activit\u00e9s<\/strong><\/p>\n<p>Participation des partenaires \u00e0 des salons, manifestations et autres \u00e9v\u00e8nements organis\u00e9s sur le territoire transfrontalier\u00a0:<\/p>\n<ul>\n<li>Congr\u00e8s international d\u2019enseignement sportif de montagne (Huesca, 24\/10\/2008)<\/li>\n<li>Olympiades des M\u00e9tiers (Aquitaine, novembre 2008)<\/li>\n<li>Salon Aquitec (Bordeaux, 5-7\/02\/2009)<\/li>\n<li>Conf\u00e9rence europ\u00e9enne des r\u00e9gions pour la promotion de la mobilit\u00e9 de la Formation professionnelle (Barcelone, 26-27\/05\/2009)<\/li>\n<li>Salon Form\u2019Avenir (Toulouse, 16-17\/10\/2009)<\/li>\n<li>Foire de Sant Josep (Mollerussa, L\u00e9rida, 19-21\/03\/2010)<\/li>\n<li>Olympiades des M\u00e9tiers (Bordeaux, 15-16\/04\/2010)<\/li>\n<li>Salon \u00c9ducation et Emploi (Saragosse, 20-22\/05\/2010)<\/li>\n<li>Journ\u00e9e P\u00e9dagogique PQPI (Programmes de Qualification Professionnelle Initiale) (Barcelone, 15\/09\/2010)<\/li>\n<li>Journ\u00e9e d\u2019enseignement sportif (L\u00e9rida, 21-22\/09\/2010)<\/li>\n<li>Conf\u00e9rence \u00ab\u00a0Les r\u00e9gions au c\u0153ur de la mobilit\u00e9 europ\u00e9enne et internationale des jeunes\u00a0\u00bb,\u00a0dans le cadre de l\u2019Initiative \u00ab\u00a0Youth on the Move\u00a0\u00bb\u00a0(Bordeaux, 15\/10\/2010)<\/li>\n<li>Congr\u00e8s international d\u2019enseignement sportif de montagne (Saragosse, 21-22\/10\/2010)<\/li>\n<li>Colloque National Coop\u00e9ration transfrontali\u00e8re sur les th\u00e8mes de l\u2019Emploi et de la Formation Professionnelle\u00a0(Saint-Louis, 16-17\/11\/2010)<\/li>\n<li>Salon Form\u2019Avenir\u00a0(Toulouse, 28-29\/01\/2011)<\/li>\n<li>Arag\u00f3n Skills\u00a0(17-18\/02\/2011)<\/li>\n<li>Foire Formation Professionnelle et Travail (L\u00e9rida, 17-19\/02\/2011)<\/li>\n<\/ul>\n<p>Organisation de s\u00e9minaires et de sessions th\u00e9matiques de travail\u00a0:<\/p>\n<ul>\n<li>S\u00e9minaire de L\u00e9rida (17-18\/12\/2008). Pr\u00e9sentations de Jordi Blanch et Fatima Rafik<\/li>\n<li>S\u00e9minaire de Bordeaux (20-21\/10\/2009). Pr\u00e9sentation de Xavier Farriols<\/li>\n<li>S\u00e9minaire de Saragosse (01\/06\/2010). Pr\u00e9sentations d\u2019introduction\u00a0: Carmen Navarro et Xavier Farriols. Pr\u00e9sentations sectorielles\u00a0: automobile, cuisine, sports, \u00e9nergies renouvelables et sant\u00e9. Pr\u00e9sentations de la table ronde \u00ab\u00a0La valeur ajout\u00e9e de la coop\u00e9ration transfrontali\u00e8re dans la formation permanente du corps enseignant\u00a0\u00bb, repr\u00e9sentante de l\u2019Aquitaine, Brigitte Babin, F. Bacqua et J. Durand, Roberto Santolaria et Sergio Mainar<\/li>\n<li>Forum POCTEFA et ateliers th\u00e9matiques lors de la XXVIII<sup>e<\/sup> Assembl\u00e9e Pl\u00e9ni\u00e8re de la CTP (Bagn\u00e8res-de-Luchon, 28\/10\/2010) Synth\u00e8se des ateliers (es., fr.)<\/li>\n<li>S\u00e9minaire de G\u00e9rone (26\/10\/2011).<\/li>\n<\/ul>\n<p><a href=\"http:\/\/projectes.xtec.cat\/pyirenefp\/wp-content\/uploads\/usu498\/2017\/03\/BannersocisPIREFOP.jpg\"><img loading=\"lazy\" decoding=\"async\" class=\"alignnone size-full wp-image-8398\" src=\"http:\/\/projectes.xtec.cat\/pyirenefp\/wp-content\/uploads\/usu498\/2017\/03\/BannersocisPIREFOP.jpg\" alt=\"BannersocisPIREFOP\" width=\"651\" height=\"48\" srcset=\"https:\/\/projectes.xtec.cat\/pyirenefp\/wp-content\/uploads\/usu498\/2017\/03\/BannersocisPIREFOP.jpg 651w, https:\/\/projectes.xtec.cat\/pyirenefp\/wp-content\/uploads\/usu498\/2017\/03\/BannersocisPIREFOP-300x22.jpg 300w\" sizes=\"auto, (max-width: 651px) 100vw, 651px\" \/><\/a><\/p>\n","protected":false},"excerpt":{"rendered":"<ul>\n<li>Cr\u00e9ation de r\u00e9seaux pour l\u2019\u00e9change d\u2019informations, d\u2019exp\u00e9riences et de bonnes pratiques en mati\u00e8re de formation<\/li>\n<li>Communication et diffusion des activit\u00e9s du projet<\/li>\n<\/ul>\n<p>Objectifs<\/p>\n<ul>\n<li>Consolider la reconnaissance des syst\u00e8mes de formation initiale et d\u2019\u00ab\u00a0apprentissage\u00a0\u00bb<\/li>\n<li>Favoriser la mise en r\u00e9seau et d\u00e9velopper l\u2019\u00e9change de pratiques et de comp\u00e9tences entre le personnel&hellip;  <a href=\"https:\/\/projectes.xtec.cat\/pyirenefp\/dautres-projets\/pirefop\/information-orientation-communication-et-reseau\/\" title=\"Read Information, orientation, communication et r\u00e9seau\">Llegeix m\u00e9s\u00bb<\/a><br \/>\n","protected":false},"author":1,"featured_media":0,"parent":8760,"menu_order":20,"comment_status":"closed","ping_status":"closed","template":"","meta":{"_bbp_topic_count":0,"_bbp_reply_count":0,"_bbp_total_topic_count":0,"_bbp_total_reply_count":0,"_bbp_voice_count":0,"_bbp_anonymous_reply_count":0,"_bbp_topic_count_hidden":0,"_bbp_reply_count_hidden":0,"_bbp_forum_subforum_count":0,"footnotes":""},"class_list":["post-8838","page","type-page","status-publish","hentry"],"post_mailing_queue_ids":[],"_links":{"self":[{"href":"https:\/\/projectes.xtec.cat\/pyirenefp\/wp-json\/wp\/v2\/pages\/8838","targetHints":{"allow":["GET"]}}],"collection":[{"href":"https:\/\/projectes.xtec.cat\/pyirenefp\/wp-json\/wp\/v2\/pages"}],"about":[{"href":"https:\/\/projectes.xtec.cat\/pyirenefp\/wp-json\/wp\/v2\/types\/page"}],"author":[{"embeddable":true,"href":"https:\/\/projectes.xtec.cat\/pyirenefp\/wp-json\/wp\/v2\/users\/1"}],"replies":[{"embeddable":true,"href":"https:\/\/projectes.xtec.cat\/pyirenefp\/wp-json\/wp\/v2\/comments?post=8838"}],"version-history":[{"count":3,"href":"https:\/\/projectes.xtec.cat\/pyirenefp\/wp-json\/wp\/v2\/pages\/8838\/revisions"}],"predecessor-version":[{"id":10352,"href":"https:\/\/projectes.xtec.cat\/pyirenefp\/wp-json\/wp\/v2\/pages\/8838\/revisions\/10352"}],"up":[{"embeddable":true,"href":"https:\/\/projectes.xtec.cat\/pyirenefp\/wp-json\/wp\/v2\/pages\/8760"}],"wp:attachment":[{"href":"https:\/\/projectes.xtec.cat\/pyirenefp\/wp-json\/wp\/v2\/media?parent=8838"}],"curies":[{"name":"wp","href":"https:\/\/api.w.org\/{rel}","templated":true}]}}