{"id":8840,"date":"2017-07-07T18:46:59","date_gmt":"2017-07-07T16:46:59","guid":{"rendered":"http:\/\/projectes.xtec.cat\/pyirenefp\/?page_id=8840"},"modified":"2018-05-29T18:42:38","modified_gmt":"2018-05-29T16:42:38","slug":"informazioa-orientazioa-komunikazioa-eta-sare","status":"publish","type":"page","link":"https:\/\/projectes.xtec.cat\/pyirenefp\/beste-proiektu\/pirefop\/informazioa-orientazioa-komunikazioa-eta-sare\/","title":{"rendered":"Informazioa, orientazioa, komunikazioa eta sare"},"content":{"rendered":"<ul>\n<li>Sareak sortzea prestakuntzari buruzko informazioa, esperientziak eta jardun egokiak elkartrukatzeko.<\/li>\n<li>Proiektuaren jarduerak komunikatzea eta zabaltzea.<\/li>\n<\/ul>\n<p><strong>Helburuak<\/strong><\/p>\n<ul>\n<li>Hasierako eta \u201capprentissage\u201d-ko prestakuntza-sistemen aitorpena sendotzea.<\/li>\n<li>Sarean jartzea ahalbidetu nahi da eta, praktika eta gaitasunen trukea garatu prestakuntza-egituretako langileen artean.<\/li>\n<li>Ezagutzaren, esperientzien eta jardun egokien transferentzia sustatzea.<\/li>\n<li>Prestakuntza-eragileen arteko lankidetza dinamizatu eta antolatuko da.<\/li>\n<li>Europako hizkuntzen ikaskuntza sustatzea lankidetzako ekintzen onuradunen artean, bereziki urrutiko prestakuntzarako.<\/li>\n<\/ul>\n<p><strong>Jarduerak<\/strong><\/p>\n<p>Bazkideek parte hartzea aretoetan, manifestaldietan eta mugaz haraindiko lurraldeetan antolatutako bestelako gertakarietan.<\/p>\n<ul>\n<li>Mendiko Kirol Irakaskuntzei buruzko Nazioarteko Biltzarra (2008\/10\/24)<\/li>\n<li>Olympiades des M\u00e9tiers (Aquitaine, 2008ko azaroa)<\/li>\n<li>Salon Aquitec (Bordeaux, 2009\/02\/5-7)<\/li>\n<li>Lanbide Heziketan mugigarritasuna sustatzeko Eskualdeen Europako Hitzaldia (Bartzelona, 2009\/05\/26-27)<\/li>\n<li>Salon Form\u2019Avenir (Toulouse, 2009\/10\/16-17)<\/li>\n<li>Fira de Sant Josep (Mollerussa, Lleida, 2010\/03\/19-21)<\/li>\n<li>Olympiades des M\u00e9tiers (Bordeaux, 2010\/04\/15-16)<\/li>\n<li>Hezkuntzako eta Enpleguko Aretoa (Zaragoza, 2010\/05\/20-22)<\/li>\n<li>PQPI jardunaldi pedagogikoa (Hasierako lanbide-kualifikazioko Programak) (Bartzelona, 2010\/09\/15)<\/li>\n<li>Jornada d\u2019Ensenyaments Esportius (Lleida, 2010\/09\/21-22)<\/li>\n<li>HITZALDIA \u201cLes r\u00e9gions au coeur de la mobilit\u00e9 europ\u00e9ene et internationale des jeunes\u201d, dans le cadre de l\u2019Iniciative \u201cYouth on the Move\u201d (Bordeaux, 2010\/10\/15)<\/li>\n<li>Mendiko Kirol Irakaskuntzei buruzko Nazioarteko Biltzarra (Zaragoza, 2010\/10\/21-2)<\/li>\n<li>Colloque National Co\u00f3pertions Transfrontali\u00e8re sur les themes de l\u2019Emploi et de la Formation Professionnelle (Saint-Louis, 2010\/11\/16-17)<\/li>\n<li>Salon Form\u2019Avenir (Toulouse, 2011\/01\/28-29)<\/li>\n<li>Arag\u00f3n Skills (2011\/02\/17-18)<\/li>\n<li>Fira de Formaci\u00f3 Professional i Treball (<u>Lleida<\/u> 2011\/02\/17-19)<\/li>\n<\/ul>\n<p>Mintegiak eta lanari buruzko saioak egitea:<\/p>\n<ul>\n<li>Lleidako mintegia (2008\/12\/17-18) Jordi Blanch eta Fatima Rafik adituen aurkezpenak<\/li>\n<li>Bordeleko mintegia, 2009\/10\/20-21 Xavier Farriols-en aurkezpena<\/li>\n<li>Zaragozako mintegia, 2010\/06\/01 Sarrerako aurkezpenak: Carmen Navarro eta Xavier Farriols. Sektoreko aurkezpenak: automobila, sukaldaritza, kirolak, energia berriztagarriak eta osasuna. Mahai ingurua aurkeztea \u201cMugaz haraindiko lankidetzaren balio erantsia irakasleen etengabeko prestakuntzan\u201d, Akitaniako ordezkaria, Brigitte Babin, F. Bacqua eta J. Durand, Roberto Santolaria eta Sergio Mainar<\/li>\n<li>POCTEFA foroa eta gai bati buruzko lantegiak Pirinioetako Lan Elkartearen XXVIII. Osoko Bilkuran (Bagn\u00e8res-de-Luchon, 2010\/10\/28). Lantegien laburpena (es., fr.)<\/li>\n<\/ul>\n<p>Gironako mintegia, 2011\/10\/26<\/p>\n<p>&nbsp;<\/p>\n<p><a href=\"http:\/\/projectes.xtec.cat\/pyirenefp\/wp-content\/uploads\/usu498\/2017\/03\/BannersocisPIREFOP.jpg\"><img loading=\"lazy\" decoding=\"async\" class=\"alignnone size-full wp-image-8398\" src=\"http:\/\/projectes.xtec.cat\/pyirenefp\/wp-content\/uploads\/usu498\/2017\/03\/BannersocisPIREFOP.jpg\" alt=\"BannersocisPIREFOP\" width=\"651\" height=\"48\" srcset=\"https:\/\/projectes.xtec.cat\/pyirenefp\/wp-content\/uploads\/usu498\/2017\/03\/BannersocisPIREFOP.jpg 651w, https:\/\/projectes.xtec.cat\/pyirenefp\/wp-content\/uploads\/usu498\/2017\/03\/BannersocisPIREFOP-300x22.jpg 300w\" sizes=\"auto, (max-width: 651px) 100vw, 651px\" \/><\/a><\/p>\n<p><span id=\"result_box\" class=\"short_text\" lang=\"eu\"><span class=\"\">\u00a0<\/span><\/span><\/p>\n","protected":false},"excerpt":{"rendered":"<ul>\n<li>Sareak sortzea prestakuntzari buruzko informazioa, esperientziak eta jardun egokiak elkartrukatzeko.<\/li>\n<li>Proiektuaren jarduerak komunikatzea eta zabaltzea.<\/li>\n<\/ul>\n<p>Helburuak<\/p>\n<ul>\n<li>Hasierako eta \u201capprentissage\u201d-ko prestakuntza-sistemen aitorpena sendotzea.<\/li>\n<li>Sarean jartzea ahalbidetu nahi da eta, praktika eta gaitasunen trukea garatu prestakuntza-egituretako langileen artean.<\/li>\n<li>Ezagutzaren, esperientzien eta jardun egokien transferentzia sustatzea.<\/li>\n<li>Prestakuntza-eragileen arteko lankidetza dinamizatu eta antolatuko da.<\/li>\n<li>Europako hizkuntzen&hellip;  <a href=\"https:\/\/projectes.xtec.cat\/pyirenefp\/beste-proiektu\/pirefop\/informazioa-orientazioa-komunikazioa-eta-sare\/\" title=\"Read Informazioa, orientazioa, komunikazioa eta sare\">Llegeix m\u00e9s\u00bb<\/a><br \/>\n","protected":false},"author":1,"featured_media":0,"parent":8762,"menu_order":20,"comment_status":"closed","ping_status":"closed","template":"","meta":{"_bbp_topic_count":0,"_bbp_reply_count":0,"_bbp_total_topic_count":0,"_bbp_total_reply_count":0,"_bbp_voice_count":0,"_bbp_anonymous_reply_count":0,"_bbp_topic_count_hidden":0,"_bbp_reply_count_hidden":0,"_bbp_forum_subforum_count":0,"footnotes":""},"class_list":["post-8840","page","type-page","status-publish","hentry"],"post_mailing_queue_ids":[],"_links":{"self":[{"href":"https:\/\/projectes.xtec.cat\/pyirenefp\/wp-json\/wp\/v2\/pages\/8840","targetHints":{"allow":["GET"]}}],"collection":[{"href":"https:\/\/projectes.xtec.cat\/pyirenefp\/wp-json\/wp\/v2\/pages"}],"about":[{"href":"https:\/\/projectes.xtec.cat\/pyirenefp\/wp-json\/wp\/v2\/types\/page"}],"author":[{"embeddable":true,"href":"https:\/\/projectes.xtec.cat\/pyirenefp\/wp-json\/wp\/v2\/users\/1"}],"replies":[{"embeddable":true,"href":"https:\/\/projectes.xtec.cat\/pyirenefp\/wp-json\/wp\/v2\/comments?post=8840"}],"version-history":[{"count":3,"href":"https:\/\/projectes.xtec.cat\/pyirenefp\/wp-json\/wp\/v2\/pages\/8840\/revisions"}],"predecessor-version":[{"id":10033,"href":"https:\/\/projectes.xtec.cat\/pyirenefp\/wp-json\/wp\/v2\/pages\/8840\/revisions\/10033"}],"up":[{"embeddable":true,"href":"https:\/\/projectes.xtec.cat\/pyirenefp\/wp-json\/wp\/v2\/pages\/8762"}],"wp:attachment":[{"href":"https:\/\/projectes.xtec.cat\/pyirenefp\/wp-json\/wp\/v2\/media?parent=8840"}],"curies":[{"name":"wp","href":"https:\/\/api.w.org\/{rel}","templated":true}]}}