{"id":8842,"date":"2017-07-07T18:48:31","date_gmt":"2017-07-07T16:48:31","guid":{"rendered":"http:\/\/projectes.xtec.cat\/pyirenefp\/?page_id=8842"},"modified":"2018-05-29T19:13:57","modified_gmt":"2018-05-29T17:13:57","slug":"transparencia-i-correspondencia-de-qualificacions","status":"publish","type":"page","link":"https:\/\/projectes.xtec.cat\/pyirenefp\/altres-projectes\/pirefop-2\/transparencia-i-correspondencia-de-qualificacions\/","title":{"rendered":"Transpar\u00e8ncia i correspond\u00e8ncia de qualificacions"},"content":{"rendered":"<ul>\n<li>Harmonitzaci\u00f3 dels continguts i creaci\u00f3 d&#8217;una oferta de formaci\u00f3 transfronterera complement\u00e0ria als sistemes de formaci\u00f3 inicial i continuada existents, en els sectors elegits.<\/li>\n<li>Estandarditzaci\u00f3 de la metodologia utilitzada en els estudis realitzats per als t\u00edtols de cuina i electricitat en el marc del projecte anterior, i transfer\u00e8ncia a altres t\u00edtols.<\/li>\n<\/ul>\n<p><strong>Objectius<\/strong><\/p>\n<ul>\n<li>Afavorir la integraci\u00f3 i el desenvolupament de l&#8217;oferta de formaci\u00f3 destinada als p\u00fablics de la zona transfronterera<\/li>\n<li>Facilitar l&#8217;intercanvi d&#8217;informacions i experi\u00e8ncies sobre els continguts de les formacions i les qualificacions professionals.<\/li>\n<li>Desenvolupar nous estudis de formaci\u00f3 per tal de promoure el reconeixement mutu de les qualificacions i de les compet\u00e8ncies.<\/li>\n<li>Dur a terme accions conjuntes que afavoreixin la qualificaci\u00f3 i la inserci\u00f3 professional dels beneficiaris.<\/li>\n<\/ul>\n<p><strong>Metodologia<\/strong><\/p>\n<ol>\n<li>Analitzar les qualificacions comparables en els sectors professionals escollits, prioritzant els blocs d&#8217;activitats de la professi\u00f3 m\u00e9s apropiats per a la mobilitat.<\/li>\n<li>Identificar i dissenyar les unitats de resultats d&#8217;aprenentatge de transfer\u00e8ncia, susceptibles de ser reconegudes pels sistemes de certificaci\u00f3 nacionals o regionals.<\/li>\n<li>Definir per a cada unitat els criteris \/ indicadors i proc\u00e9s d&#8217;avaluaci\u00f3 dels resultats d&#8217;aprenentatge, i finalitzar la distribuci\u00f3 en unitats ECVET.<\/li>\n<li>Dissenyar el passaport de compet\u00e8ncies per a la mobilitat a partir dels resultats dels punts anteriors.<\/li>\n<li>Definir els procediments de reconeixement institucional (validaci\u00f3) en els sistemes de certificaci\u00f3 existents sobre la base de les possibilitats dels certificadors de cada regi\u00f3 o pa\u00eds.<\/li>\n<li>Organitzaci\u00f3 de la mobilitat amb aplicaci\u00f3 del passaport i reconeixement efectiu de les unitats adquirides.<\/li>\n<li>Avaluaci\u00f3 de l&#8217;aplicaci\u00f3 del projecte.<\/li>\n<\/ol>\n<p><strong>Sectors<\/strong><\/p>\n<p>Cinc sectors han estat escollits per dur a terme treballs de transpar\u00e8ncia de qualificacions professionals integrant les especificacions del sistema ECVET (European Credit for Vocational Education and Training), amb vista a desenvolupar la mobilitat i recon\u00e8ixer les compet\u00e8ncies adquirides durant aquesta.<\/p>\n<ul>\n<li>Cuina<\/li>\n<li>Energies renovables \/ efici\u00e8ncia energ\u00e8tica<\/li>\n<li>Esports<\/li>\n<li>Sanitat<\/li>\n<li>Serveis a l&#8217;autom\u00f2bil<\/li>\n<\/ul>\n<p>&nbsp;<\/p>\n<ul>\n<li><a href=\"http:\/\/projectes.xtec.cat\/pyirenefp\/wp-content\/uploads\/usu498\/2017\/03\/BannersocisPIREFOP.jpg\"><img loading=\"lazy\" decoding=\"async\" class=\"alignnone wp-image-8398\" src=\"http:\/\/projectes.xtec.cat\/pyirenefp\/wp-content\/uploads\/usu498\/2017\/03\/BannersocisPIREFOP.jpg\" alt=\"BannersocisPIREFOP\" width=\"909\" height=\"67\" srcset=\"https:\/\/projectes.xtec.cat\/pyirenefp\/wp-content\/uploads\/usu498\/2017\/03\/BannersocisPIREFOP.jpg 651w, https:\/\/projectes.xtec.cat\/pyirenefp\/wp-content\/uploads\/usu498\/2017\/03\/BannersocisPIREFOP-300x22.jpg 300w\" sizes=\"auto, (max-width: 909px) 100vw, 909px\" \/><\/a><\/li>\n<\/ul>\n","protected":false},"excerpt":{"rendered":"<ul>\n<li>Harmonitzaci\u00f3 dels continguts i creaci\u00f3 d&#8217;una oferta de formaci\u00f3 transfronterera complement\u00e0ria als sistemes de formaci\u00f3 inicial i continuada existents, en els sectors elegits.<\/li>\n<li>Estandarditzaci\u00f3 de la metodologia utilitzada en els estudis realitzats per als t\u00edtols de cuina i electricitat en el marc del projecte anterior, i&hellip;  <a href=\"https:\/\/projectes.xtec.cat\/pyirenefp\/altres-projectes\/pirefop-2\/transparencia-i-correspondencia-de-qualificacions\/\" title=\"Read Transpar\u00e8ncia i correspond\u00e8ncia de qualificacions\">Llegeix m\u00e9s\u00bb<\/a><br \/>\n","protected":false},"author":1,"featured_media":0,"parent":8758,"menu_order":30,"comment_status":"closed","ping_status":"closed","template":"","meta":{"_bbp_topic_count":0,"_bbp_reply_count":0,"_bbp_total_topic_count":0,"_bbp_total_reply_count":0,"_bbp_voice_count":0,"_bbp_anonymous_reply_count":0,"_bbp_topic_count_hidden":0,"_bbp_reply_count_hidden":0,"_bbp_forum_subforum_count":0,"footnotes":""},"class_list":["post-8842","page","type-page","status-publish","hentry"],"post_mailing_queue_ids":[],"_links":{"self":[{"href":"https:\/\/projectes.xtec.cat\/pyirenefp\/wp-json\/wp\/v2\/pages\/8842","targetHints":{"allow":["GET"]}}],"collection":[{"href":"https:\/\/projectes.xtec.cat\/pyirenefp\/wp-json\/wp\/v2\/pages"}],"about":[{"href":"https:\/\/projectes.xtec.cat\/pyirenefp\/wp-json\/wp\/v2\/types\/page"}],"author":[{"embeddable":true,"href":"https:\/\/projectes.xtec.cat\/pyirenefp\/wp-json\/wp\/v2\/users\/1"}],"replies":[{"embeddable":true,"href":"https:\/\/projectes.xtec.cat\/pyirenefp\/wp-json\/wp\/v2\/comments?post=8842"}],"version-history":[{"count":3,"href":"https:\/\/projectes.xtec.cat\/pyirenefp\/wp-json\/wp\/v2\/pages\/8842\/revisions"}],"predecessor-version":[{"id":10058,"href":"https:\/\/projectes.xtec.cat\/pyirenefp\/wp-json\/wp\/v2\/pages\/8842\/revisions\/10058"}],"up":[{"embeddable":true,"href":"https:\/\/projectes.xtec.cat\/pyirenefp\/wp-json\/wp\/v2\/pages\/8758"}],"wp:attachment":[{"href":"https:\/\/projectes.xtec.cat\/pyirenefp\/wp-json\/wp\/v2\/media?parent=8842"}],"curies":[{"name":"wp","href":"https:\/\/api.w.org\/{rel}","templated":true}]}}