{"id":8844,"date":"2017-07-07T18:51:55","date_gmt":"2017-07-07T16:51:55","guid":{"rendered":"http:\/\/projectes.xtec.cat\/pyirenefp\/?page_id=8844"},"modified":"2018-06-20T08:28:59","modified_gmt":"2018-06-20T06:28:59","slug":"la-transparence-et-la-correspondance-des-qualifications","status":"publish","type":"page","link":"https:\/\/projectes.xtec.cat\/pyirenefp\/dautres-projets\/pirefop\/la-transparence-et-la-correspondance-des-qualifications\/","title":{"rendered":"La transparence et la correspondance des qualifications"},"content":{"rendered":"<ul>\n<li>Harmonisation des contenus et cr\u00e9ation d\u2019une offre de formation transfrontali\u00e8re compl\u00e9mentaire aux syst\u00e8mes de formation initiale et continue existants, dans les secteurs choisis.<\/li>\n<li>Standardisation de la m\u00e9thodologie utilis\u00e9e dans les cursus suivis pour les dipl\u00f4mes dans les domaines de la cuisine et de l\u2019\u00e9lectricit\u00e9 dans le cadre du pr\u00e9c\u00e9dent projet et transfert vers d\u2019autres dipl\u00f4mes.<\/li>\n<\/ul>\n<p><strong>Objectifs<\/strong><\/p>\n<ul>\n<li>Favoriser l\u2019int\u00e9gration et le d\u00e9veloppement de l\u2019offre de formation en direction des publics de la zone transfrontali\u00e8re<\/li>\n<li>Faciliter l\u2019\u00e9change d\u2019informations et exp\u00e9riences sur les contenus des formations et dipl\u00f4mes professionnels.<\/li>\n<li>D\u00e9velopper de nouveaux cursus de formation afin de promouvoir la reconnaissance mutuelle des dipl\u00f4mes et des comp\u00e9tences.<\/li>\n<li>Mener des actions conjointes favorisant la qualification et l\u2019insertion professionnelle des b\u00e9n\u00e9ficiaires.<\/li>\n<\/ul>\n<p><strong>M\u00e9thodologie<\/strong><\/p>\n<ol>\n<li>Analyser les qualifications comparables dans les secteurs professionnels choisis, en accordant la priorit\u00e9 aux blocs d\u2019activit\u00e9s de la profession les plus adapt\u00e9s \u00e0 la mobilit\u00e9.<\/li>\n<li>Identifier et concevoir les unit\u00e9s de r\u00e9sultats d\u2019apprentissage de transfert, susceptibles d\u2019\u00eatre reconnues par les syst\u00e8mes de certification nationaux ou r\u00e9gionaux.<\/li>\n<li>D\u00e9finir pour chaque unit\u00e9 les crit\u00e8res\/indicateurs et le processus d\u2019\u00e9valuation des r\u00e9sultats d\u2019apprentissage, et finaliser la distribution en unit\u00e9s ECVET.<\/li>\n<li>Concevoir le passeport de comp\u00e9tences pour la mobilit\u00e9 \u00e0 partir des r\u00e9sultats des points pr\u00e9c\u00e9dents.<\/li>\n<li>D\u00e9finir les proc\u00e9dures de reconnaissance institutionnelle (validation) dans les syst\u00e8mes de certification existants sur la base des possibilit\u00e9s des agents de certification de chaque r\u00e9gion ou pays.<\/li>\n<li>Organisation de la mobilit\u00e9 avec application du passeport et reconnaissance effective des unit\u00e9s acquises.<\/li>\n<li>\u00c9valuation de l\u2019application du projet.<\/li>\n<\/ol>\n<p><strong>Secteurs<\/strong><\/p>\n<p>Cinq secteurs ont \u00e9t\u00e9 choisis pour r\u00e9aliser des travaux de transparence de dipl\u00f4mes professionnels en int\u00e9grant les sp\u00e9cifications du syst\u00e8me ECVET (European Credit for Vocational Education and Training), afin de d\u00e9velopper la mobilit\u00e9 et de reconna\u00eetre les comp\u00e9tences acquises dans le cadre de celle-ci.<\/p>\n<ul>\n<li>Cuisine<\/li>\n<li>\u00c9nergies renouvelables\u00a0\/\u00a0efficacit\u00e9 \u00e9nerg\u00e9tique<\/li>\n<li>Sports<\/li>\n<li>Sant\u00e9<\/li>\n<li>Services automobiles<\/li>\n<\/ul>\n<p><a href=\"http:\/\/projectes.xtec.cat\/pyirenefp\/wp-content\/uploads\/usu498\/2017\/03\/BannersocisPIREFOP.jpg\"><img loading=\"lazy\" decoding=\"async\" class=\"alignnone wp-image-8398\" src=\"http:\/\/projectes.xtec.cat\/pyirenefp\/wp-content\/uploads\/usu498\/2017\/03\/BannersocisPIREFOP.jpg\" alt=\"BannersocisPIREFOP\" width=\"909\" height=\"67\" srcset=\"https:\/\/projectes.xtec.cat\/pyirenefp\/wp-content\/uploads\/usu498\/2017\/03\/BannersocisPIREFOP.jpg 651w, https:\/\/projectes.xtec.cat\/pyirenefp\/wp-content\/uploads\/usu498\/2017\/03\/BannersocisPIREFOP-300x22.jpg 300w\" sizes=\"auto, (max-width: 909px) 100vw, 909px\" \/><\/a><\/p>\n","protected":false},"excerpt":{"rendered":"<ul>\n<li>Harmonisation des contenus et cr\u00e9ation d\u2019une offre de formation transfrontali\u00e8re compl\u00e9mentaire aux syst\u00e8mes de formation initiale et continue existants, dans les secteurs choisis.<\/li>\n<li>Standardisation de la m\u00e9thodologie utilis\u00e9e dans les cursus suivis pour les dipl\u00f4mes dans les domaines de la cuisine et de l\u2019\u00e9lectricit\u00e9 dans le&hellip;  <a href=\"https:\/\/projectes.xtec.cat\/pyirenefp\/dautres-projets\/pirefop\/la-transparence-et-la-correspondance-des-qualifications\/\" title=\"Read La transparence et la correspondance des qualifications\">Llegeix m\u00e9s\u00bb<\/a><br \/>\n","protected":false},"author":1,"featured_media":0,"parent":8760,"menu_order":30,"comment_status":"closed","ping_status":"closed","template":"","meta":{"_bbp_topic_count":0,"_bbp_reply_count":0,"_bbp_total_topic_count":0,"_bbp_total_reply_count":0,"_bbp_voice_count":0,"_bbp_anonymous_reply_count":0,"_bbp_topic_count_hidden":0,"_bbp_reply_count_hidden":0,"_bbp_forum_subforum_count":0,"footnotes":""},"class_list":["post-8844","page","type-page","status-publish","hentry"],"post_mailing_queue_ids":[],"_links":{"self":[{"href":"https:\/\/projectes.xtec.cat\/pyirenefp\/wp-json\/wp\/v2\/pages\/8844","targetHints":{"allow":["GET"]}}],"collection":[{"href":"https:\/\/projectes.xtec.cat\/pyirenefp\/wp-json\/wp\/v2\/pages"}],"about":[{"href":"https:\/\/projectes.xtec.cat\/pyirenefp\/wp-json\/wp\/v2\/types\/page"}],"author":[{"embeddable":true,"href":"https:\/\/projectes.xtec.cat\/pyirenefp\/wp-json\/wp\/v2\/users\/1"}],"replies":[{"embeddable":true,"href":"https:\/\/projectes.xtec.cat\/pyirenefp\/wp-json\/wp\/v2\/comments?post=8844"}],"version-history":[{"count":3,"href":"https:\/\/projectes.xtec.cat\/pyirenefp\/wp-json\/wp\/v2\/pages\/8844\/revisions"}],"predecessor-version":[{"id":10353,"href":"https:\/\/projectes.xtec.cat\/pyirenefp\/wp-json\/wp\/v2\/pages\/8844\/revisions\/10353"}],"up":[{"embeddable":true,"href":"https:\/\/projectes.xtec.cat\/pyirenefp\/wp-json\/wp\/v2\/pages\/8760"}],"wp:attachment":[{"href":"https:\/\/projectes.xtec.cat\/pyirenefp\/wp-json\/wp\/v2\/media?parent=8844"}],"curies":[{"name":"wp","href":"https:\/\/api.w.org\/{rel}","templated":true}]}}