{"id":8854,"date":"2017-07-07T18:56:20","date_gmt":"2017-07-07T16:56:20","guid":{"rendered":"http:\/\/projectes.xtec.cat\/pyirenefp\/?page_id=8854"},"modified":"2018-05-29T12:19:31","modified_gmt":"2018-05-29T10:19:31","slug":"informacio-comunicacio-fonts-i-cartografies","status":"publish","type":"page","link":"https:\/\/projectes.xtec.cat\/pyirenefp\/altres-projectes\/piremobv\/informacio-comunicacio-fonts-i-cartografies\/","title":{"rendered":"Informaci\u00f3, comunicaci\u00f3, fonts i cartografies"},"content":{"rendered":"<p><strong>Objectius<\/strong><\/p>\n<ul>\n<li>Promoure el coneixement dels sistemes de formacions i ocupacions<\/li>\n<li>Elaborar recursos tendents a facilitar i desenvolupar accions de mobilitat sobre el territori transfronterer<\/li>\n<li>Afavorir la creaci\u00f3 de xarxes i desenvolupar l&#8217;intercanvi de pr\u00e0ctiques i de compet\u00e8ncies entre el personal de les estructures de formaci\u00f3<\/li>\n<li>Afavorir la transfer\u00e8ncia de coneixement, experi\u00e8ncies i saber-fer<\/li>\n<li>Dinamitzar i organitzar la cooperaci\u00f3 entre els actors de formaci\u00f3<\/li>\n<\/ul>\n<hr \/>\n<p><strong>Resultats<\/strong><\/p>\n<ul>\n<li>Generaci\u00f3 d&#8217;una cartografia a escala del mass\u00eds pirinenc per a facilitar la realitzaci\u00f3 d&#8217;accions de mobilitat (oferta de formaci\u00f3 transfronterera, oferta d&#8217;allotjament de joves en mobilitat, etc.)<\/li>\n<li>Difusi\u00f3 d&#8217;una informaci\u00f3 de dimensi\u00f3 transfronterera en mat\u00e8ria de formaci\u00f3 professional, fomentant la cooperaci\u00f3 efectiva i la difusi\u00f3 de bones pr\u00e0ctiques entre els actors institucionals, econ\u00f2mics i operatius de banda i banda de la frontera.<\/li>\n<\/ul>\n<table style=\"width: 480px;\">\n<tbody>\n<tr style=\"height: 76px;\">\n<td style=\"width: 70px; height: 76px;\"><a href=\"http:\/\/projectes.xtec.cat\/pyirenefp\/wp-content\/uploads\/usu498\/2017\/04\/informe_cartografia.pdf\"><img loading=\"lazy\" decoding=\"async\" class=\"alignnone wp-image-8497 aligncenter\" src=\"http:\/\/projectes.xtec.cat\/pyirenefp\/wp-content\/uploads\/usu498\/2017\/03\/pdf_download.png\" alt=\"pdf_download\" width=\"39\" height=\"35\" \/><\/a><\/td>\n<td style=\"width: 210px; height: 76px;\"><a href=\"http:\/\/projectes.xtec.cat\/pyirenefp\/wp-content\/uploads\/usu498\/2017\/04\/informe_cartografia.pdf\">Informe final (castell\u00e0)<\/a><\/td>\n<td style=\"width: 118px; height: 76px;\"><a href=\"http:\/\/projectes.xtec.cat\/pyirenefp\/wp-content\/uploads\/usu498\/2017\/04\/rapport_cartographie.pdf\"><img loading=\"lazy\" decoding=\"async\" class=\"alignnone wp-image-8497 aligncenter\" src=\"http:\/\/projectes.xtec.cat\/pyirenefp\/wp-content\/uploads\/usu498\/2017\/03\/pdf_download.png\" alt=\"pdf_download\" width=\"39\" height=\"36\" \/><\/a><\/td>\n<td style=\"width: 154px; height: 76px;\"><a href=\"http:\/\/projectes.xtec.cat\/pyirenefp\/wp-content\/uploads\/usu498\/2017\/04\/rapport_cartographie.pdf\">Rapport (franc\u00e8s)<\/a><\/td>\n<\/tr>\n<\/tbody>\n<\/table>\n<table style=\"width: 706px;\">\n<tbody>\n<tr style=\"height: 33px;\">\n<td style=\"width: 281px; height: 33px;\"><strong>Regi\u00f3<\/strong><\/td>\n<td style=\"width: 281px; height: 33px;\"><strong>Enlla\u00e7os<\/strong><\/td>\n<td style=\"width: 194px; height: 33px;\"><strong>Regi\u00f3<\/strong><\/td>\n<td style=\"width: 377px; height: 33px;\"><strong>Enlla\u00e7os<\/strong><\/td>\n<\/tr>\n<tr style=\"height: 102px;\">\n<td style=\"width: 281px; height: 102px;\"><a href=\"http:\/\/projectes.xtec.cat\/pyirenefp\/wp-content\/uploads\/usu498\/2017\/03\/logo_cat.gif\"><img loading=\"lazy\" decoding=\"async\" class=\"wp-image-8425 aligncenter\" src=\"http:\/\/projectes.xtec.cat\/pyirenefp\/wp-content\/uploads\/usu498\/2017\/03\/logo_cat.gif\" alt=\"logo_cat\" width=\"152\" height=\"37\" \/><\/a><\/td>\n<td style=\"width: 281px; height: 102px;\">\n<ul style=\"list-style-type: circle;\">\n<li>Mapa escolar<\/li>\n<li>Llista de centres d&#8217; FP<\/li>\n<li>Xarxa d&#8217;albergs de Catalunya<\/li>\n<\/ul>\n<\/td>\n<td style=\"width: 194px; height: 102px;\"><a href=\"http:\/\/projectes.xtec.cat\/pyirenefp\/wp-content\/uploads\/usu498\/2017\/03\/logo_mid.gif\"><img loading=\"lazy\" decoding=\"async\" class=\"wp-image-8422 aligncenter\" src=\"http:\/\/projectes.xtec.cat\/pyirenefp\/wp-content\/uploads\/usu498\/2017\/03\/logo_mid.gif\" alt=\"logo_mid\" width=\"78\" height=\"78\" \/><\/a><\/td>\n<td style=\"width: 377px; height: 102px;\">\n<ul style=\"list-style-type: circle;\">\n<li>P\u00e0gina general<\/li>\n<li>Centres de formaci\u00f3<\/li>\n<li>Allotjaments<\/li>\n<\/ul>\n<\/td>\n<\/tr>\n<tr style=\"height: 118px;\">\n<td style=\"width: 281px; height: 118px;\"><a href=\"http:\/\/projectes.xtec.cat\/pyirenefp\/wp-content\/uploads\/usu498\/2017\/03\/logo_ara.gif\"><img loading=\"lazy\" decoding=\"async\" class=\"wp-image-8426 aligncenter\" src=\"http:\/\/projectes.xtec.cat\/pyirenefp\/wp-content\/uploads\/usu498\/2017\/03\/logo_ara.gif\" alt=\"logo_ara\" width=\"119\" height=\"37\" \/><\/a><\/td>\n<td style=\"width: 281px; height: 118px;\">\n<ul style=\"list-style-type: circle;\">\n<li>Oferta formativa a l&#8217;Arag\u00f3<\/li>\n<li>Albergs d&#8217;Arag\u00f3<\/li>\n<li>Allotjament a Saragossa<\/li>\n<\/ul>\n<\/td>\n<td style=\"width: 194px; height: 118px;\"><a href=\"http:\/\/projectes.xtec.cat\/pyirenefp\/wp-content\/uploads\/usu498\/2017\/03\/logo_aqu.gif\"><img loading=\"lazy\" decoding=\"async\" class=\"wp-image-8423 aligncenter\" src=\"http:\/\/projectes.xtec.cat\/pyirenefp\/wp-content\/uploads\/usu498\/2017\/03\/logo_aqu.gif\" alt=\"logo_aqu\" width=\"103\" height=\"97\" \/><\/a><\/td>\n<td style=\"width: 377px; height: 118px;\">\n<ul style=\"list-style-type: circle;\">\n<li>Centres formatius i allotjaments<\/li>\n<\/ul>\n<\/td>\n<\/tr>\n<tr style=\"height: 85px;\">\n<td style=\"width: 281px; height: 85px;\"><a href=\"http:\/\/projectes.xtec.cat\/pyirenefp\/wp-content\/uploads\/usu498\/2017\/03\/logo_nav-1.gif\"><img loading=\"lazy\" decoding=\"async\" class=\"size-full wp-image-8427 aligncenter\" src=\"http:\/\/projectes.xtec.cat\/pyirenefp\/wp-content\/uploads\/usu498\/2017\/03\/logo_nav-1.gif\" alt=\"logo_nav\" width=\"110\" height=\"50\" \/><\/a><\/td>\n<td style=\"width: 281px; height: 85px;\">\n<ul style=\"list-style-type: circle;\">\n<li>Oferta formativa en Navarra<\/li>\n<li>Aplicaci\u00f3 smartphone<\/li>\n<\/ul>\n<\/td>\n<td style=\"width: 194px; height: 85px;\"><a href=\"http:\/\/projectes.xtec.cat\/pyirenefp\/wp-content\/uploads\/usu498\/2017\/03\/logo_lan.gif\"><img loading=\"lazy\" decoding=\"async\" class=\"wp-image-8424 aligncenter\" src=\"http:\/\/projectes.xtec.cat\/pyirenefp\/wp-content\/uploads\/usu498\/2017\/03\/logo_lan.gif\" alt=\"logo_lan\" width=\"122\" height=\"65\" \/><\/a><\/td>\n<td style=\"width: 377px; height: 85px;\">Centres de formaci\u00f3<\/td>\n<\/tr>\n<tr style=\"height: 85px;\">\n<td style=\"width: 281px; height: 85px;\">\u00a0<a href=\"http:\/\/projectes.xtec.cat\/pyirenefp\/wp-content\/uploads\/usu498\/2017\/03\/logo_eus-1.gif\"><img loading=\"lazy\" decoding=\"async\" class=\"wp-image-8428 aligncenter\" src=\"http:\/\/projectes.xtec.cat\/pyirenefp\/wp-content\/uploads\/usu498\/2017\/03\/logo_eus-1.gif\" alt=\"logo_eus\" width=\"78\" height=\"64\" \/><\/a><\/td>\n<td style=\"width: 281px; height: 85px;\">\n<ul style=\"list-style-type: circle;\">\n<li>Oferta formativa en el Pa\u00eds Basc<\/li>\n<\/ul>\n<\/td>\n<td style=\"width: 194px; height: 85px;\"><\/td>\n<td style=\"width: 377px; height: 85px;\"><\/td>\n<\/tr>\n<\/tbody>\n<\/table>\n<hr \/>\n<p><strong>Activitats<\/strong><\/p>\n<ul style=\"list-style-type: disc;\">\n<li>Seminari de Bilbao, 04\/10\/2012<\/li>\n<\/ul>\n","protected":false},"excerpt":{"rendered":"<p>Objectius<\/p>\n<ul>\n<li>Promoure el coneixement dels sistemes de formacions i ocupacions<\/li>\n<li>Elaborar recursos tendents a facilitar i desenvolupar accions de mobilitat sobre el territori transfronterer<\/li>\n<li>Afavorir la creaci\u00f3 de xarxes i desenvolupar l&#8217;intercanvi de pr\u00e0ctiques i de compet\u00e8ncies entre el personal de les estructures de formaci\u00f3<\/li>\n<li>Afavorir la transfer\u00e8ncia de&hellip;  <a href=\"https:\/\/projectes.xtec.cat\/pyirenefp\/altres-projectes\/piremobv\/informacio-comunicacio-fonts-i-cartografies\/\" title=\"Read Informaci\u00f3, comunicaci\u00f3, fonts i cartografies\">Llegeix m\u00e9s\u00bb<\/a><br \/>\n","protected":false},"author":1,"featured_media":0,"parent":8766,"menu_order":10,"comment_status":"closed","ping_status":"closed","template":"","meta":{"_bbp_topic_count":0,"_bbp_reply_count":0,"_bbp_total_topic_count":0,"_bbp_total_reply_count":0,"_bbp_voice_count":0,"_bbp_anonymous_reply_count":0,"_bbp_topic_count_hidden":0,"_bbp_reply_count_hidden":0,"_bbp_forum_subforum_count":0,"footnotes":""},"class_list":["post-8854","page","type-page","status-publish","hentry"],"post_mailing_queue_ids":[],"_links":{"self":[{"href":"https:\/\/projectes.xtec.cat\/pyirenefp\/wp-json\/wp\/v2\/pages\/8854","targetHints":{"allow":["GET"]}}],"collection":[{"href":"https:\/\/projectes.xtec.cat\/pyirenefp\/wp-json\/wp\/v2\/pages"}],"about":[{"href":"https:\/\/projectes.xtec.cat\/pyirenefp\/wp-json\/wp\/v2\/types\/page"}],"author":[{"embeddable":true,"href":"https:\/\/projectes.xtec.cat\/pyirenefp\/wp-json\/wp\/v2\/users\/1"}],"replies":[{"embeddable":true,"href":"https:\/\/projectes.xtec.cat\/pyirenefp\/wp-json\/wp\/v2\/comments?post=8854"}],"version-history":[{"count":3,"href":"https:\/\/projectes.xtec.cat\/pyirenefp\/wp-json\/wp\/v2\/pages\/8854\/revisions"}],"predecessor-version":[{"id":9571,"href":"https:\/\/projectes.xtec.cat\/pyirenefp\/wp-json\/wp\/v2\/pages\/8854\/revisions\/9571"}],"up":[{"embeddable":true,"href":"https:\/\/projectes.xtec.cat\/pyirenefp\/wp-json\/wp\/v2\/pages\/8766"}],"wp:attachment":[{"href":"https:\/\/projectes.xtec.cat\/pyirenefp\/wp-json\/wp\/v2\/media?parent=8854"}],"curies":[{"name":"wp","href":"https:\/\/api.w.org\/{rel}","templated":true}]}}