{"id":8856,"date":"2017-07-07T18:57:14","date_gmt":"2017-07-07T16:57:14","guid":{"rendered":"http:\/\/projectes.xtec.cat\/pyirenefp\/?page_id=8856"},"modified":"2018-06-20T08:16:29","modified_gmt":"2018-06-20T06:16:29","slug":"information-communication-puissance-et-cartes","status":"publish","type":"page","link":"https:\/\/projectes.xtec.cat\/pyirenefp\/dautres-projets\/piremobv\/information-communication-puissance-et-cartes\/","title":{"rendered":"Information, communication, puissance et cartes"},"content":{"rendered":"<p><strong>Objectifs<\/strong><\/p>\n<ul>\n<li>Promouvoir la connaissance des syst\u00e8mes de formations et d\u2019emplois<\/li>\n<li>\u00c9laborer des ressources visant \u00e0 promouvoir et d\u00e9velopper des actions de mobilit\u00e9 sur le territoire transfrontalier<\/li>\n<li>Favoriser la mise en r\u00e9seau et d\u00e9velopper l\u2019\u00e9change de pratiques et de comp\u00e9tences entre le personnel des structures de formation<\/li>\n<li>Favoriser le transfert de connaissances, exp\u00e9riences et savoir-faire<\/li>\n<li>Dynamiser et organiser la coop\u00e9ration entre les acteurs de formation<\/li>\n<\/ul>\n<p><strong>R\u00e9sultats<\/strong><\/p>\n<ul>\n<li>Cr\u00e9ation d\u2019une cartographie \u00e0 l\u2019\u00e9chelle du massif pyr\u00e9n\u00e9en pour faciliter les actions de mobilit\u00e9 (offre de formation transfrontali\u00e8re, offre d\u2019h\u00e9bergement de jeunes en situation de mobilit\u00e9, etc.)<\/li>\n<li>Diffusion d\u2019une information \u00e0 l\u2019\u00e9chelle transfrontali\u00e8re en mati\u00e8re de formation professionnelle, dans le but d\u2019encourager la coop\u00e9ration effective et la diffusion de bonnes pratiques entre les acteurs institutionnels, \u00e9conomiques et op\u00e9rationnels de chaque c\u00f4t\u00e9 de la fronti\u00e8re.<\/li>\n<\/ul>\n<p>&nbsp;<\/p>\n<table style=\"width: 480px;\">\n<tbody>\n<tr style=\"height: 76px;\">\n<td style=\"width: 70px; height: 76px;\"><a href=\"http:\/\/projectes.xtec.cat\/pyirenefp\/wp-content\/uploads\/usu498\/2017\/04\/informe_cartografia.pdf\"><img loading=\"lazy\" decoding=\"async\" class=\"alignnone wp-image-8497 aligncenter\" src=\"http:\/\/projectes.xtec.cat\/pyirenefp\/wp-content\/uploads\/usu498\/2017\/03\/pdf_download.png\" alt=\"pdf_download\" width=\"39\" height=\"35\" \/><\/a><\/td>\n<td style=\"width: 210px; height: 76px;\"><a href=\"http:\/\/projectes.xtec.cat\/pyirenefp\/wp-content\/uploads\/usu498\/2017\/04\/informe_cartografia.pdf\">Informe final (castellano)<\/a><\/td>\n<td style=\"width: 118px; height: 76px;\"><a href=\"http:\/\/projectes.xtec.cat\/pyirenefp\/wp-content\/uploads\/usu498\/2017\/04\/rapport_cartographie.pdf\"><img loading=\"lazy\" decoding=\"async\" class=\"alignnone wp-image-8497 aligncenter\" src=\"http:\/\/projectes.xtec.cat\/pyirenefp\/wp-content\/uploads\/usu498\/2017\/03\/pdf_download.png\" alt=\"pdf_download\" width=\"39\" height=\"36\" \/><\/a><\/td>\n<td style=\"width: 154px; height: 76px;\"><a href=\"http:\/\/projectes.xtec.cat\/pyirenefp\/wp-content\/uploads\/usu498\/2017\/04\/rapport_cartographie.pdf\">Rapport (franc\u00e8s)<\/a><\/td>\n<\/tr>\n<\/tbody>\n<\/table>\n<table style=\"width: 706px;\">\n<tbody>\n<tr style=\"height: 33px;\">\n<td style=\"width: 281px; height: 33px;\"><span style=\"color: #999999;\"><strong>Regi\u00f3n<\/strong><\/span><\/td>\n<td style=\"width: 281px; height: 33px;\"><span style=\"color: #999999;\"><strong>Enlaces<\/strong><\/span><\/td>\n<td style=\"width: 194px; height: 33px;\"><span style=\"color: #999999;\"><strong>Regi\u00f3n<\/strong><\/span><\/td>\n<td style=\"width: 377px; height: 33px;\"><span style=\"color: #999999;\"><strong>Enlaces<\/strong><\/span><\/td>\n<\/tr>\n<tr style=\"height: 102px;\">\n<td style=\"width: 281px; height: 102px;\"><a href=\"http:\/\/projectes.xtec.cat\/pyirenefp\/wp-content\/uploads\/usu498\/2017\/03\/logo_cat.gif\"><img loading=\"lazy\" decoding=\"async\" class=\"wp-image-8425 aligncenter\" src=\"http:\/\/projectes.xtec.cat\/pyirenefp\/wp-content\/uploads\/usu498\/2017\/03\/logo_cat.gif\" alt=\"logo_cat\" width=\"152\" height=\"37\" \/><\/a><\/td>\n<td style=\"width: 281px; height: 102px;\">\n<ul style=\"list-style-type: circle;\">\n<li><span style=\"color: #999999;\">Mapa escolar<\/span><\/li>\n<li><span style=\"color: #999999;\">Lista de centros de FP<\/span><\/li>\n<li><span style=\"color: #999999;\">Red de albergues de Catalu\u00f1a<\/span><\/li>\n<\/ul>\n<\/td>\n<td style=\"width: 194px; height: 102px;\"><a href=\"http:\/\/projectes.xtec.cat\/pyirenefp\/wp-content\/uploads\/usu498\/2017\/03\/logo_mid.gif\"><img loading=\"lazy\" decoding=\"async\" class=\"wp-image-8422 aligncenter\" src=\"http:\/\/projectes.xtec.cat\/pyirenefp\/wp-content\/uploads\/usu498\/2017\/03\/logo_mid.gif\" alt=\"logo_mid\" width=\"78\" height=\"78\" \/><\/a><\/td>\n<td style=\"width: 377px; height: 102px;\">\n<ul style=\"list-style-type: circle;\">\n<li><span style=\"color: #999999;\">P\u00e1gina general<\/span><\/li>\n<li><span style=\"color: #999999;\">Centros de formaci\u00f3n<\/span><\/li>\n<li><span style=\"color: #999999;\">Alojamientos<\/span><\/li>\n<\/ul>\n<\/td>\n<\/tr>\n<tr style=\"height: 118px;\">\n<td style=\"width: 281px; height: 118px;\"><a href=\"http:\/\/projectes.xtec.cat\/pyirenefp\/wp-content\/uploads\/usu498\/2017\/03\/logo_ara.gif\"><img loading=\"lazy\" decoding=\"async\" class=\"wp-image-8426 aligncenter\" src=\"http:\/\/projectes.xtec.cat\/pyirenefp\/wp-content\/uploads\/usu498\/2017\/03\/logo_ara.gif\" alt=\"logo_ara\" width=\"119\" height=\"37\" \/><\/a><\/td>\n<td style=\"width: 281px; height: 118px;\">\n<ul style=\"list-style-type: circle;\">\n<li><span style=\"color: #999999;\">Oferta formativa en Arag\u00f3n<\/span><\/li>\n<li><span style=\"color: #999999;\">Albergues de Arag\u00f3n<\/span><\/li>\n<li><span style=\"color: #999999;\">Alojamiento en Zaragoza<\/span><\/li>\n<\/ul>\n<\/td>\n<td style=\"width: 194px; height: 118px;\"><a href=\"http:\/\/projectes.xtec.cat\/pyirenefp\/wp-content\/uploads\/usu498\/2017\/03\/logo_aqu.gif\"><img loading=\"lazy\" decoding=\"async\" class=\"wp-image-8423 aligncenter\" src=\"http:\/\/projectes.xtec.cat\/pyirenefp\/wp-content\/uploads\/usu498\/2017\/03\/logo_aqu.gif\" alt=\"logo_aqu\" width=\"103\" height=\"97\" \/><\/a><\/td>\n<td style=\"width: 377px; height: 118px;\">\n<ul style=\"list-style-type: circle;\">\n<li><span style=\"color: #999999;\">Centros formativos y alojamientos<\/span><\/li>\n<\/ul>\n<\/td>\n<\/tr>\n<tr style=\"height: 85px;\">\n<td style=\"width: 281px; height: 85px;\"><a href=\"http:\/\/projectes.xtec.cat\/pyirenefp\/wp-content\/uploads\/usu498\/2017\/03\/logo_nav-1.gif\"><img loading=\"lazy\" decoding=\"async\" class=\"size-full wp-image-8427 aligncenter\" src=\"http:\/\/projectes.xtec.cat\/pyirenefp\/wp-content\/uploads\/usu498\/2017\/03\/logo_nav-1.gif\" alt=\"logo_nav\" width=\"110\" height=\"50\" \/><\/a><\/td>\n<td style=\"width: 281px; height: 85px;\">\n<ul style=\"list-style-type: circle;\">\n<li><span style=\"color: #999999;\">Oferta formativa en Navarra<\/span><\/li>\n<li><span style=\"color: #999999;\">Aplicaci\u00f3n smartphone<\/span><\/li>\n<\/ul>\n<\/td>\n<td style=\"width: 194px; height: 85px;\"><a href=\"http:\/\/projectes.xtec.cat\/pyirenefp\/wp-content\/uploads\/usu498\/2017\/03\/logo_lan.gif\"><img loading=\"lazy\" decoding=\"async\" class=\"wp-image-8424 aligncenter\" src=\"http:\/\/projectes.xtec.cat\/pyirenefp\/wp-content\/uploads\/usu498\/2017\/03\/logo_lan.gif\" alt=\"logo_lan\" width=\"122\" height=\"65\" \/><\/a><\/td>\n<td style=\"width: 377px; height: 85px;\"><span style=\"color: #999999;\">Centros de formaci\u00f3n<\/span><\/td>\n<\/tr>\n<tr style=\"height: 85px;\">\n<td style=\"width: 281px; height: 85px;\">\u00a0<a href=\"http:\/\/projectes.xtec.cat\/pyirenefp\/wp-content\/uploads\/usu498\/2017\/03\/logo_eus-1.gif\"><img loading=\"lazy\" decoding=\"async\" class=\"wp-image-8428 aligncenter\" src=\"http:\/\/projectes.xtec.cat\/pyirenefp\/wp-content\/uploads\/usu498\/2017\/03\/logo_eus-1.gif\" alt=\"logo_eus\" width=\"78\" height=\"64\" \/><\/a><\/td>\n<td style=\"width: 281px; height: 85px;\">\n<ul style=\"list-style-type: circle;\">\n<li><span style=\"color: #999999;\">Oferta formativa en el Pa\u00eds Vasco<\/span><\/li>\n<\/ul>\n<\/td>\n<td style=\"width: 194px; height: 85px;\"><\/td>\n<td style=\"width: 377px; height: 85px;\"><\/td>\n<\/tr>\n<\/tbody>\n<\/table>\n<hr \/>\n<p><strong>Activit\u00e9s<\/strong><\/p>\n<p>S\u00e9minaire de Bilbao, 04\/10\/2012<\/p>\n<p>&nbsp;<\/p>\n","protected":false},"excerpt":{"rendered":"<p>Objectifs<\/p>\n<ul>\n<li>Promouvoir la connaissance des syst\u00e8mes de formations et d\u2019emplois<\/li>\n<li>\u00c9laborer des ressources visant \u00e0 promouvoir et d\u00e9velopper des actions de mobilit\u00e9 sur le territoire transfrontalier<\/li>\n<li>Favoriser la mise en r\u00e9seau et d\u00e9velopper l\u2019\u00e9change de pratiques et de comp\u00e9tences entre le personnel des structures de formation<\/li>\n<li>Favoriser le transfert&hellip;  <a href=\"https:\/\/projectes.xtec.cat\/pyirenefp\/dautres-projets\/piremobv\/information-communication-puissance-et-cartes\/\" title=\"Read Information, communication, puissance et cartes\">Llegeix m\u00e9s\u00bb<\/a><br \/>\n","protected":false},"author":1,"featured_media":0,"parent":8768,"menu_order":10,"comment_status":"closed","ping_status":"closed","template":"","meta":{"_bbp_topic_count":0,"_bbp_reply_count":0,"_bbp_total_topic_count":0,"_bbp_total_reply_count":0,"_bbp_voice_count":0,"_bbp_anonymous_reply_count":0,"_bbp_topic_count_hidden":0,"_bbp_reply_count_hidden":0,"_bbp_forum_subforum_count":0,"footnotes":""},"class_list":["post-8856","page","type-page","status-publish","hentry"],"post_mailing_queue_ids":[],"_links":{"self":[{"href":"https:\/\/projectes.xtec.cat\/pyirenefp\/wp-json\/wp\/v2\/pages\/8856","targetHints":{"allow":["GET"]}}],"collection":[{"href":"https:\/\/projectes.xtec.cat\/pyirenefp\/wp-json\/wp\/v2\/pages"}],"about":[{"href":"https:\/\/projectes.xtec.cat\/pyirenefp\/wp-json\/wp\/v2\/types\/page"}],"author":[{"embeddable":true,"href":"https:\/\/projectes.xtec.cat\/pyirenefp\/wp-json\/wp\/v2\/users\/1"}],"replies":[{"embeddable":true,"href":"https:\/\/projectes.xtec.cat\/pyirenefp\/wp-json\/wp\/v2\/comments?post=8856"}],"version-history":[{"count":3,"href":"https:\/\/projectes.xtec.cat\/pyirenefp\/wp-json\/wp\/v2\/pages\/8856\/revisions"}],"predecessor-version":[{"id":10346,"href":"https:\/\/projectes.xtec.cat\/pyirenefp\/wp-json\/wp\/v2\/pages\/8856\/revisions\/10346"}],"up":[{"embeddable":true,"href":"https:\/\/projectes.xtec.cat\/pyirenefp\/wp-json\/wp\/v2\/pages\/8768"}],"wp:attachment":[{"href":"https:\/\/projectes.xtec.cat\/pyirenefp\/wp-json\/wp\/v2\/media?parent=8856"}],"curies":[{"name":"wp","href":"https:\/\/api.w.org\/{rel}","templated":true}]}}