{"id":9206,"date":"2018-02-08T11:24:35","date_gmt":"2018-02-08T10:24:35","guid":{"rendered":"http:\/\/projectes.xtec.cat\/pyirenefp\/?page_id=9206"},"modified":"2019-05-08T10:55:28","modified_gmt":"2019-05-08T08:55:28","slug":"orientacion","status":"publish","type":"page","link":"https:\/\/projectes.xtec.cat\/pyirenefp\/orientacion\/","title":{"rendered":"Orientaci\u00f3n"},"content":{"rendered":"<h4><strong><span style=\"color: #ff6600;\">Objetivos de la Red de Orientaci\u00f3n Transfronteriza<\/span><\/strong><\/h4>\n<ul style=\"list-style-type: square;\">\n<li><span style=\"color: #000080;\">Informar y orientar a las personas interesadas, de las posibilidades de formaci\u00f3n, qualificaci\u00f3n y obtenci\u00f3n de t\u00edtulos de Formaci\u00f3n Profesional en Francia.<\/span><\/li>\n<li><span style=\"color: #000080;\">Orientar a las personas interesadas de las posibilidades y procesos de validaci\u00f3n y reconocimiento de su experiencia laboral para continuar los estudios de Formaci\u00f3n Profesional en Francia.<\/span><\/li>\n<\/ul>\n<h5><span style=\"color: #0000ff;\">Objetivos generales del Proyecto PyireneFP<\/span><\/h5>\n<ul style=\"list-style-type: square;\">\n<li><span style=\"color: #000080;\">Desarrollar un espacio transfronterizo y coordinado de la Formaci\u00f3n Profesional que ofrezca:<\/span><\/li>\n<li><span style=\"color: #000080;\">Servicios coordinados de informaci\u00f3n y orientaci\u00f3n profesional, en relaci\u00f3n a las ofertas de formaci\u00f3n profesional y de reconocimiento de la\u00a0 experiencia laboral existentes en el espacio transfronterizo.<\/span><\/li>\n<li><span style=\"color: #000080;\">Estudios de Formaci\u00f3n Profesional entre centros de los dos lados de los Pirineos que hagan posible la movilidad del alumno con reconocimiento directo de los aprendizajes adquiridos.<\/span><\/li>\n<li><span style=\"color: #000080;\">Intercambio de estudiantes, profesorado y orientadores profesionales entre centros y empresas de cada lado de los pirineos<\/span><\/li>\n<\/ul>\n<h4><strong><span style=\"color: #ff6600;\">Dirigido a:<\/span><\/strong><\/h4>\n<ul style=\"list-style-type: square;\">\n<li><span style=\"color: #000080;\">Poblaci\u00f3n general <\/span><\/li>\n<li><span style=\"color: #000080;\">Estudiantes y aprendices<\/span><\/li>\n<li><span style=\"color: #000080;\">Profesionales de los sectores productivos<\/span><\/li>\n<li><span style=\"color: #000080;\">Trabajadores<\/span><\/li>\n<\/ul>\n<h4><a href=\"https:\/\/projectes.xtec.cat\/pyirenefp\/wp-content\/uploads\/usu498\/2019\/05\/Folleto-red-orienta-ESP.pdf\">Folleto red orienta ESP<\/a><\/h4>\n","protected":false},"excerpt":{"rendered":"<p>Objetivos de la Red de Orientaci\u00f3n Transfronteriza<\/p>\n<ul style=\"list-style-type: square;\">\n<li>Informar y orientar a las personas interesadas, de las posibilidades de formaci\u00f3n, qualificaci\u00f3n y obtenci\u00f3n de t\u00edtulos de Formaci\u00f3n Profesional en Francia.<\/li>\n<li>Orientar a las personas interesadas de las posibilidades y procesos de validaci\u00f3n y reconocimiento de su&hellip;  <a href=\"https:\/\/projectes.xtec.cat\/pyirenefp\/orientacion\/\" title=\"Read Orientaci\u00f3n\">Llegeix m\u00e9s\u00bb<\/a><br \/>\n","protected":false},"author":1,"featured_media":0,"parent":0,"menu_order":0,"comment_status":"closed","ping_status":"closed","template":"","meta":{"_bbp_topic_count":0,"_bbp_reply_count":0,"_bbp_total_topic_count":0,"_bbp_total_reply_count":0,"_bbp_voice_count":0,"_bbp_anonymous_reply_count":0,"_bbp_topic_count_hidden":0,"_bbp_reply_count_hidden":0,"_bbp_forum_subforum_count":0,"footnotes":""},"class_list":["post-9206","page","type-page","status-publish","hentry"],"post_mailing_queue_ids":[],"_links":{"self":[{"href":"https:\/\/projectes.xtec.cat\/pyirenefp\/wp-json\/wp\/v2\/pages\/9206","targetHints":{"allow":["GET"]}}],"collection":[{"href":"https:\/\/projectes.xtec.cat\/pyirenefp\/wp-json\/wp\/v2\/pages"}],"about":[{"href":"https:\/\/projectes.xtec.cat\/pyirenefp\/wp-json\/wp\/v2\/types\/page"}],"author":[{"embeddable":true,"href":"https:\/\/projectes.xtec.cat\/pyirenefp\/wp-json\/wp\/v2\/users\/1"}],"replies":[{"embeddable":true,"href":"https:\/\/projectes.xtec.cat\/pyirenefp\/wp-json\/wp\/v2\/comments?post=9206"}],"version-history":[{"count":3,"href":"https:\/\/projectes.xtec.cat\/pyirenefp\/wp-json\/wp\/v2\/pages\/9206\/revisions"}],"predecessor-version":[{"id":11147,"href":"https:\/\/projectes.xtec.cat\/pyirenefp\/wp-json\/wp\/v2\/pages\/9206\/revisions\/11147"}],"wp:attachment":[{"href":"https:\/\/projectes.xtec.cat\/pyirenefp\/wp-json\/wp\/v2\/media?parent=9206"}],"curies":[{"name":"wp","href":"https:\/\/api.w.org\/{rel}","templated":true}]}}