{"id":9255,"date":"2018-02-12T17:46:36","date_gmt":"2018-02-12T16:46:36","guid":{"rendered":"http:\/\/projectes.xtec.cat\/pyirenefp\/?page_id=9255"},"modified":"2019-05-08T10:55:11","modified_gmt":"2019-05-08T08:55:11","slug":"orientacio","status":"publish","type":"page","link":"https:\/\/projectes.xtec.cat\/pyirenefp\/orientacio\/","title":{"rendered":"Orientaci\u00f3"},"content":{"rendered":"<h4><span style=\"color: #ff6600;\">Objetictius de la Xarxa d\u2019Orientaci\u00f3 Transfronterera<\/span><\/h4>\n<ul>\n<li><span style=\"color: #000080;\">Informar i orientar a les persones interessades, de las possibilitats de formaci\u00f3, qualificaci\u00f3 i obtenci\u00f3 de t\u00edtols de Formaci\u00f3 Professional a Fran\u00e7a.<\/span><\/li>\n<li><span style=\"color: #000080;\">Orientar a les persones interessades de les possibilitats i processos de validaci\u00f3 i reconeixement de la seva experi\u00e8ncia laboral per continuar els estudis de Formaci\u00f3 Professional a Fran\u00e7a<\/span><\/li>\n<\/ul>\n<h5><span style=\"color: #0000ff;\">Objectius generals del Projecte PyireneFP<\/span><\/h5>\n<ul>\n<li><span style=\"color: #000080;\">Desenvolupar un espai transfronterer i coordinat de la Formaci\u00f3 Professional que ofereixi:<\/span><\/li>\n<li><span style=\"color: #000080;\">Serveis coordinats d&#8217;informaci\u00f3 i orientaci\u00f3 professional, en relaci\u00f3 a les ofertes de formaci\u00f3 professional i de reconeixement de l&#8217;experi\u00e8ncia laboral existents en l&#8217;espai transfronterers.<\/span><\/li>\n<li><span style=\"color: #000080;\">Estudis d&#8217;FP entre centres d&#8217;ambd\u00f3s costats dels Pirineus que facin possible la mobilitat de l&#8217;alumnat amb el reconeixement directe dels aprenentatges adquirits.<\/span><\/li>\n<li><span style=\"color: #000080;\">Intercanvi d&#8217;estudiants, professorat i orientadors professionals entre centres i empreses a banda i banda dels Pirineus.<\/span><\/li>\n<\/ul>\n<h4><span style=\"color: #ff6600;\">Va dirigit a:<\/span><\/h4>\n<ul>\n<li><span style=\"color: #000080;\">Poblaci\u00f3 general<\/span><\/li>\n<li><span style=\"color: #000080;\">Estudiants i aprents<\/span><\/li>\n<li><span style=\"color: #000080;\">Professionals dels sectors productius<\/span><\/li>\n<li><span style=\"color: #000080;\">Traballadors<\/span><\/li>\n<\/ul>\n<p>&nbsp;<\/p>\n<h4><a href=\"https:\/\/projectes.xtec.cat\/pyirenefp\/wp-content\/uploads\/usu498\/2019\/05\/Folleto-red-orienta-ESP.pdf\">Folleto red orienta ESP<\/a><\/h4>\n","protected":false},"excerpt":{"rendered":"<p>Objetictius de la Xarxa d\u2019Orientaci\u00f3 Transfronterera<\/p>\n<ul>\n<li>Informar i orientar a les persones interessades, de las possibilitats de formaci\u00f3, qualificaci\u00f3 i obtenci\u00f3 de t\u00edtols de Formaci\u00f3 Professional a Fran\u00e7a.<\/li>\n<li>Orientar a les persones interessades de les possibilitats i processos de validaci\u00f3 i reconeixement de la seva experi\u00e8ncia laboral&hellip;  <a href=\"https:\/\/projectes.xtec.cat\/pyirenefp\/orientacio\/\" title=\"Read Orientaci\u00f3\">Llegeix m\u00e9s\u00bb<\/a><br \/>\n","protected":false},"author":1,"featured_media":0,"parent":0,"menu_order":0,"comment_status":"closed","ping_status":"closed","template":"","meta":{"_bbp_topic_count":0,"_bbp_reply_count":0,"_bbp_total_topic_count":0,"_bbp_total_reply_count":0,"_bbp_voice_count":0,"_bbp_anonymous_reply_count":0,"_bbp_topic_count_hidden":0,"_bbp_reply_count_hidden":0,"_bbp_forum_subforum_count":0,"footnotes":""},"class_list":["post-9255","page","type-page","status-publish","hentry"],"post_mailing_queue_ids":[],"_links":{"self":[{"href":"https:\/\/projectes.xtec.cat\/pyirenefp\/wp-json\/wp\/v2\/pages\/9255","targetHints":{"allow":["GET"]}}],"collection":[{"href":"https:\/\/projectes.xtec.cat\/pyirenefp\/wp-json\/wp\/v2\/pages"}],"about":[{"href":"https:\/\/projectes.xtec.cat\/pyirenefp\/wp-json\/wp\/v2\/types\/page"}],"author":[{"embeddable":true,"href":"https:\/\/projectes.xtec.cat\/pyirenefp\/wp-json\/wp\/v2\/users\/1"}],"replies":[{"embeddable":true,"href":"https:\/\/projectes.xtec.cat\/pyirenefp\/wp-json\/wp\/v2\/comments?post=9255"}],"version-history":[{"count":3,"href":"https:\/\/projectes.xtec.cat\/pyirenefp\/wp-json\/wp\/v2\/pages\/9255\/revisions"}],"predecessor-version":[{"id":11144,"href":"https:\/\/projectes.xtec.cat\/pyirenefp\/wp-json\/wp\/v2\/pages\/9255\/revisions\/11144"}],"wp:attachment":[{"href":"https:\/\/projectes.xtec.cat\/pyirenefp\/wp-json\/wp\/v2\/media?parent=9255"}],"curies":[{"name":"wp","href":"https:\/\/api.w.org\/{rel}","templated":true}]}}