{"id":9978,"date":"2018-05-29T09:35:19","date_gmt":"2018-05-29T07:35:19","guid":{"rendered":"http:\/\/projectes.xtec.cat\/pyirenefp\/?page_id=9978"},"modified":"2018-05-29T09:39:36","modified_gmt":"2018-05-29T07:39:36","slug":"movilidad-de-expertos-es","status":"publish","type":"page","link":"https:\/\/projectes.xtec.cat\/pyirenefp\/mobilidad\/movilidad-de-expertos-es\/","title":{"rendered":"Movilidad de expertos Es"},"content":{"rendered":"<p><span style=\"color: #999999;\">Movilidad de expertos Es<\/span><\/p>\n<p><strong>FORMACI\u00d3N DE FORMADORES EN MOVILIDAD<\/strong><br \/>\nLUGAR : H\u00f4tel de R\u00e9gion de Toulouse. 22<br \/>\nBoulevard du Mar\u00e9chal Juin, 31400 Toulouse<\/p>\n<p><strong>Documentaci\u00f3n del curso<\/strong><\/p>\n<p><a href=\"http:\/\/projectes.xtec.cat\/pyirenefp\/wp-content\/uploads\/usu498\/2018\/02\/PROGRAMA_FORMACION_DE_FORMADORES_EN_MOVILIDAD.pdf\" target=\"_blank\" rel=\"noopener noreferrer\">Programa de formaci\u00f3n<\/a><br \/>\n<a href=\"http:\/\/projectes.xtec.cat\/pyirenefp\/wp-content\/uploads\/usu498\/2018\/02\/Referentiel_DE_Aide_soignant.pdf\" target=\"_blank\" rel=\"noopener noreferrer\">R\u00e9f\u00e9rentiel de formation du dipl\u00f4me professionnel d\u2019aide-soignant<\/a><br \/>\n<a href=\"http:\/\/projectes.xtec.cat\/pyirenefp\/wp-content\/uploads\/usu498\/2018\/02\/ssc_t_ate_per_sit_dep_dcb_01_c.pdf\" target=\"_blank\" rel=\"noopener noreferrer\">Pa\u00eds Vasco: \u00abT\u00e9cnico en atenci\u00f3n a personas en situaci\u00f3n de dependencia\u00bb<\/a><br \/>\n<a href=\"http:\/\/projectes.xtec.cat\/pyirenefp\/wp-content\/uploads\/usu498\/2018\/02\/T_Atenci\u00f3n_dependencia_Arag\u00f3n.pdf\" target=\"_blank\" rel=\"noopener noreferrer\">Arag\u00f3n: \u00abT\u00e9cnico en atenci\u00f3n a personas en situaci\u00f3n de dependencia\u00bb<\/a><br \/>\n<a href=\"http:\/\/projectes.xtec.cat\/pyirenefp\/wp-content\/uploads\/usu498\/2018\/02\/T_Atencio_persones_en_situacio_de_dependencia.pdf\" target=\"_blank\" rel=\"noopener noreferrer\">Bolet\u00edn oficial del estado: \u00abT\u00e9cnico en atenci\u00f3n a personas en situaci\u00f3n de dependencia\u00bb<\/a><\/p>\n<p><strong><a href=\"http:\/\/projectes.xtec.cat\/pyirenefp\/mobilidad\/formacion\/documentacion-para-la-gestion-de-la-mobilidad\/\" target=\"_blank\" rel=\"noopener noreferrer\">Documentaci\u00f3n para la gesti\u00f3n de la mobilidad<\/a><\/strong><\/p>\n","protected":false},"excerpt":{"rendered":"<p>Movilidad de expertos Es<br \/>\nFORMACI\u00d3N DE FORMADORES EN MOVILIDAD<br \/>\nLUGAR : H\u00f4tel de R\u00e9gion de Toulouse. 22<br \/>\nBoulevard du Mar\u00e9chal Juin, 31400 Toulouse<br \/>\nDocumentaci\u00f3n del curso<br \/>\n<a href=\"http:\/\/projectes.xtec.cat\/pyirenefp\/wp-content\/uploads\/usu498\/2018\/02\/PROGRAMA_FORMACION_DE_FORMADORES_EN_MOVILIDAD.pdf\" target=\"_blank\" rel=\"noopener noreferrer\">Programa de formaci\u00f3n<\/a><br \/>\n<a href=\"http:\/\/projectes.xtec.cat\/pyirenefp\/wp-content\/uploads\/usu498\/2018\/02\/Referentiel_DE_Aide_soignant.pdf\" target=\"_blank\" rel=\"noopener noreferrer\">R\u00e9f\u00e9rentiel de formation du dipl\u00f4me professionnel d\u2019aide-soignant<\/a><br \/>\n<a href=\"http:\/\/projectes.xtec.cat\/pyirenefp\/wp-content\/uploads\/usu498\/2018\/02\/ssc_t_ate_per_sit_dep_dcb_01_c.pdf\" target=\"_blank\" rel=\"noopener noreferrer\">Pa\u00eds Vasco: \u00abT\u00e9cnico en&hellip;  <a href=\"https:\/\/projectes.xtec.cat\/pyirenefp\/mobilidad\/movilidad-de-expertos-es\/\" title=\"Read Movilidad de expertos Es\">Llegeix m\u00e9s\u00bb<\/a><\/p>\n","protected":false},"author":1,"featured_media":0,"parent":9130,"menu_order":10,"comment_status":"closed","ping_status":"closed","template":"","meta":{"_bbp_topic_count":0,"_bbp_reply_count":0,"_bbp_total_topic_count":0,"_bbp_total_reply_count":0,"_bbp_voice_count":0,"_bbp_anonymous_reply_count":0,"_bbp_topic_count_hidden":0,"_bbp_reply_count_hidden":0,"_bbp_forum_subforum_count":0,"footnotes":""},"class_list":["post-9978","page","type-page","status-publish","hentry"],"post_mailing_queue_ids":[],"_links":{"self":[{"href":"https:\/\/projectes.xtec.cat\/pyirenefp\/wp-json\/wp\/v2\/pages\/9978","targetHints":{"allow":["GET"]}}],"collection":[{"href":"https:\/\/projectes.xtec.cat\/pyirenefp\/wp-json\/wp\/v2\/pages"}],"about":[{"href":"https:\/\/projectes.xtec.cat\/pyirenefp\/wp-json\/wp\/v2\/types\/page"}],"author":[{"embeddable":true,"href":"https:\/\/projectes.xtec.cat\/pyirenefp\/wp-json\/wp\/v2\/users\/1"}],"replies":[{"embeddable":true,"href":"https:\/\/projectes.xtec.cat\/pyirenefp\/wp-json\/wp\/v2\/comments?post=9978"}],"version-history":[{"count":2,"href":"https:\/\/projectes.xtec.cat\/pyirenefp\/wp-json\/wp\/v2\/pages\/9978\/revisions"}],"predecessor-version":[{"id":9986,"href":"https:\/\/projectes.xtec.cat\/pyirenefp\/wp-json\/wp\/v2\/pages\/9978\/revisions\/9986"}],"up":[{"embeddable":true,"href":"https:\/\/projectes.xtec.cat\/pyirenefp\/wp-json\/wp\/v2\/pages\/9130"}],"wp:attachment":[{"href":"https:\/\/projectes.xtec.cat\/pyirenefp\/wp-json\/wp\/v2\/media?parent=9978"}],"curies":[{"name":"wp","href":"https:\/\/api.w.org\/{rel}","templated":true}]}}