{"id":306,"date":"2015-11-24T18:02:44","date_gmt":"2015-11-24T17:02:44","guid":{"rendered":"http:\/\/projectes.xtec.cat\/qualitatfp\/?page_id=306"},"modified":"2025-03-14T20:02:47","modified_gmt":"2025-03-14T19:02:47","slug":"equip","status":"publish","type":"page","link":"https:\/\/projectes.xtec.cat\/qualitatfp\/pla-pqimc\/equip\/","title":{"rendered":"Equip"},"content":{"rendered":"<p><img loading=\"lazy\" decoding=\"async\" class=\"aligncenter wp-image-12954 size-large\" src=\"https:\/\/projectes.xtec.cat\/qualitatfp\/wp-content\/uploads\/usu772\/2024\/09\/FOTO-NODES-EQUIP-PQiMC-24-25-1024x671.jpg\" alt=\"\" width=\"1024\" height=\"671\" srcset=\"https:\/\/projectes.xtec.cat\/qualitatfp\/wp-content\/uploads\/usu772\/2024\/09\/FOTO-NODES-EQUIP-PQiMC-24-25-1024x671.jpg 1024w, https:\/\/projectes.xtec.cat\/qualitatfp\/wp-content\/uploads\/usu772\/2024\/09\/FOTO-NODES-EQUIP-PQiMC-24-25-300x197.jpg 300w, https:\/\/projectes.xtec.cat\/qualitatfp\/wp-content\/uploads\/usu772\/2024\/09\/FOTO-NODES-EQUIP-PQiMC-24-25-768x503.jpg 768w, https:\/\/projectes.xtec.cat\/qualitatfp\/wp-content\/uploads\/usu772\/2024\/09\/FOTO-NODES-EQUIP-PQiMC-24-25.jpg 1096w\" sizes=\"auto, (max-width: 1024px) 100vw, 1024px\" \/><\/p>\n<p style=\"background: white; margin: 0cm 0cm 15.0pt 0cm;\"><span style=\"font-family: 'Arial',sans-serif; color: #444444;\">Referents:<\/span><\/p>\n<p><span style=\"font-family: 'Arial',sans-serif; color: #444444;\"><strong>Marisa Iglesias: <\/strong><\/span><br \/>\n<span style=\"font-family: 'Arial',sans-serif; color: #444444;\">93-551-69-00 &#8211; ext. 3535<\/span><\/p>\n<p><span style=\"font-family: 'Arial',sans-serif; color: #444444;\"><strong>Tom\u00e0s Vi\u00f1as:<\/strong><\/span><br \/>\n<span style=\"font-family: 'Arial',sans-serif; color: #444444;\"> 93-551-69-00 &#8211; ext. 2207<\/span><\/p>\n<p><i><span style=\"font-weight: 400;\">Per columnes, d\u2019esquerra a dreta, de dalt a baix<\/span><\/i><span style=\"font-weight: 400;\">: Dolors Calabuig,\u00a0 Judith Alabau, Xavier Damunt, Mar Bruna, Cati Palom, Marta Bosch, Jorge Lorenzo, Pepita Oms,\u00a0 Gemma Olmo, Jordi Sabat\u00e9, Carme Cerd\u00e0, Eva Cuello, Ra\u00fal Richard, M. Pau Escobar, C\u00e8sar Riola, Gema Almagro,<\/span><span style=\"font-weight: 400;\"> Leslie Olalla, <\/span><span style=\"font-weight: 400;\">Marisa Iglesias,Joan Daniel Subirats, Joan A. Farreres, Raquel L\u00f3pez, Nedi Bosch, Asunci\u00f3n Donaire, Tom\u00e1s Vi\u00f1as, Montse Farr\u00e9<\/span><\/p>\n","protected":false},"excerpt":{"rendered":"<p>Referents:<br \/>\nMarisa Iglesias:<br \/>\n93-551-69-00 &#8211; ext. 3535<br \/>\nTom\u00e0s Vi\u00f1as:<br \/>\n 93-551-69-00 &#8211; ext. 2207<br \/>\nPer columnes, d\u2019esquerra a dreta, de dalt a baix: Dolors Calabuig,\u00a0 Judith Alabau, Xavier Damunt, Mar Bruna, Cati Palom, Marta Bosch, Jorge Lorenzo, Pepita Oms,\u00a0 Gemma Olmo, Jordi Sabat\u00e9, Carme Cerd\u00e0, Eva Cuello, Ra\u00fal Richard,&hellip;  <a href=\"https:\/\/projectes.xtec.cat\/qualitatfp\/pla-pqimc\/equip\/\" title=\"Read Equip\">Llegeix m\u00e9s\u00bb<\/a><\/p>\n","protected":false},"author":1,"featured_media":0,"parent":8387,"menu_order":7,"comment_status":"closed","ping_status":"closed","template":"page-templates\/side-menu.php","meta":{"_bbp_topic_count":0,"_bbp_reply_count":0,"_bbp_total_topic_count":0,"_bbp_total_reply_count":0,"_bbp_voice_count":0,"_bbp_anonymous_reply_count":0,"_bbp_topic_count_hidden":0,"_bbp_reply_count_hidden":0,"_bbp_forum_subforum_count":0,"footnotes":""},"class_list":["post-306","page","type-page","status-publish","hentry"],"post_mailing_queue_ids":[],"_links":{"self":[{"href":"https:\/\/projectes.xtec.cat\/qualitatfp\/wp-json\/wp\/v2\/pages\/306","targetHints":{"allow":["GET"]}}],"collection":[{"href":"https:\/\/projectes.xtec.cat\/qualitatfp\/wp-json\/wp\/v2\/pages"}],"about":[{"href":"https:\/\/projectes.xtec.cat\/qualitatfp\/wp-json\/wp\/v2\/types\/page"}],"author":[{"embeddable":true,"href":"https:\/\/projectes.xtec.cat\/qualitatfp\/wp-json\/wp\/v2\/users\/1"}],"replies":[{"embeddable":true,"href":"https:\/\/projectes.xtec.cat\/qualitatfp\/wp-json\/wp\/v2\/comments?post=306"}],"version-history":[{"count":5,"href":"https:\/\/projectes.xtec.cat\/qualitatfp\/wp-json\/wp\/v2\/pages\/306\/revisions"}],"predecessor-version":[{"id":12955,"href":"https:\/\/projectes.xtec.cat\/qualitatfp\/wp-json\/wp\/v2\/pages\/306\/revisions\/12955"}],"up":[{"embeddable":true,"href":"https:\/\/projectes.xtec.cat\/qualitatfp\/wp-json\/wp\/v2\/pages\/8387"}],"wp:attachment":[{"href":"https:\/\/projectes.xtec.cat\/qualitatfp\/wp-json\/wp\/v2\/media?parent=306"}],"curies":[{"name":"wp","href":"https:\/\/api.w.org\/{rel}","templated":true}]}}