{"id":806,"date":"2015-11-28T21:29:55","date_gmt":"2015-11-28T20:29:55","guid":{"rendered":"http:\/\/projectes.xtec.cat\/qualitatfp\/?page_id=806"},"modified":"2021-09-17T12:43:08","modified_gmt":"2021-09-17T10:43:08","slug":"el-projecte","status":"publish","type":"page","link":"https:\/\/projectes.xtec.cat\/qualitatfp\/el-projecte\/","title":{"rendered":"El projecte"},"content":{"rendered":"<p>Des del curs 1998-1999 el Departament d&#8217;Educaci\u00f3 impulsa, mitjan\u00e7ant el Projecte de Qualitat i Millora Cont\u00ednua, experi\u00e8ncies per a la millora de la gesti\u00f3 en els centres educatius.<\/p>\n<p>El Projecte de Qualitat i Millora Cont\u00ednua per a la millora de la qualitat dels centres educatius est\u00e0 regulat per l\u2019Ordre EDU\/432\/2006, de 30 d&#8217;agost i les corresponents resolucions anuals.\u00a0El Projecte t\u00e9 com a refer\u00e8ncia la recomanaci\u00f3 que estableix el Marc de Refer\u00e8ncia Europeu aprovada per el Parlament Europeu i el Consell, de 18 de juny de 2009 i el Reial Decret 1147\/2011, de 30 de juliol, d\u2019ordenaci\u00f3 general de la formaci\u00f3 professional del sistema educatiu on s\u2019estableix el Marc de Refer\u00e8ncia de la Garantia de la Qualitat en la Formaci\u00f3 Professional del Sistema Educatiu.<\/p>\n<p>Aquest projecte es desenvolupa a trav\u00e9s de cursos i seminaris espec\u00edfics, de jornades d\u2019intercanvi d\u2019experi\u00e8ncies i, sobretot, de l\u2019agrupaci\u00f3 dels centres en xarxes de treball, organitzades en nivells, amb l\u2019objectiu de donar-se suport m\u00fatuament i compartir experi\u00e8ncies, metodologies i noves eines de gesti\u00f3 i millora.<\/p>\n<p>El PQiMC s&#8217;organitza en tres programes diferenciats, que s\u00f3n:<\/p>\n<ul>\n<li>El <strong>Programa d\u2019Assegurament de la Qualitat<\/strong> t\u00e9 com a finalitat millorar els resultats educatius i la cohesi\u00f3 social en els centres educatius, aix\u00ed com garantir la confian\u00e7a dels grups d\u2019inter\u00e8s, mitjan\u00e7ant la implantaci\u00f3 de sistemes de gesti\u00f3 de la qualitat en base a la norma ISO 9001.<\/li>\n<li>El\u00a0<strong>Programa de millora cont\u00ednua de la qualitat<\/strong>\u00a0t\u00e9 com a finalitat ajudar a assolir la millora en totes les \u00e0rees i processos dels centres educatius, a trav\u00e9s de la implantaci\u00f3 de sistemes de gesti\u00f3 de la qualitat d\u2019excel\u00b7l\u00e8ncia, en base al model europeu (EFQM), adaptats al sector educatiu (e2Cat).<\/li>\n<li>El <strong>Programa d\u2019excel\u2022l\u00e8ncia en gesti\u00f3 educativa<\/strong> t\u00e9 com a finalitat ajudar a assolir uns resultats excel\u00b7lents de manera sostinguda a partir de l\u2019organitzaci\u00f3, gesti\u00f3 i desenvolupament d\u2019accions en un conjunt de dimensions o eixos que configuren l\u2019univers global de processos d\u2019una organitzaci\u00f3 educativa que aspira a satisfer i excel\u00b7lir en la seva relaci\u00f3 amb l\u2019alumnat i la resta de parts interessades a trav\u00e9s del model e2cat, l\u2019adaptaci\u00f3 del model europeu (EFQM).<\/li>\n<\/ul>\n<p>Mitjan\u00e7ant aquests sistemes de gesti\u00f3 es vol ajudar els centres a: orientar les actuacions per donar resposta a les necessitats formatives de l&#8217;alumnat, les fam\u00edlies, les empreses, l&#8217;entorn social i els requeriments establerts; potenciar estrat\u00e8gies de desenvolupament i implicaci\u00f3 de les persones que hi treballen; gestionar, de manera sistem\u00e0tica i transparent, els processos que es desenvolupen; fonamentar la gesti\u00f3 dels processos en els fets, la mesura i la informaci\u00f3; fomentar la cultura de la millora cont\u00ednua, la innovaci\u00f3 i l&#8217;intercanvi de bones pr\u00e0ctiques amb altres centres; promoure el comprom\u00eds col\u00b7lectiu i la coher\u00e8ncia d&#8217;objectius en la definici\u00f3 i el desenvolupament dels valors, les pol\u00edtiques i les estrat\u00e8gies de centre, i orientar el centre cap a la consecuci\u00f3 de bons resultats en relaci\u00f3 amb els seus objectius.<\/p>\n","protected":false},"excerpt":{"rendered":"<p>Des del curs 1998-1999 el Departament d&#8217;Educaci\u00f3 impulsa, mitjan\u00e7ant el Projecte de Qualitat i Millora Cont\u00ednua, experi\u00e8ncies per a la millora de la gesti\u00f3 en els centres educatius.<br \/>\nEl Projecte de Qualitat i Millora Cont\u00ednua per a la millora de la qualitat dels centres educatius est\u00e0&hellip;  <a href=\"https:\/\/projectes.xtec.cat\/qualitatfp\/el-projecte\/\" title=\"Read El projecte\">Llegeix m\u00e9s\u00bb<\/a><\/p>\n","protected":false},"author":1,"featured_media":0,"parent":0,"menu_order":0,"comment_status":"closed","ping_status":"closed","template":"page-templates\/side-menu.php","meta":{"_bbp_topic_count":0,"_bbp_reply_count":0,"_bbp_total_topic_count":0,"_bbp_total_reply_count":0,"_bbp_voice_count":0,"_bbp_anonymous_reply_count":0,"_bbp_topic_count_hidden":0,"_bbp_reply_count_hidden":0,"_bbp_forum_subforum_count":0,"footnotes":""},"class_list":["post-806","page","type-page","status-publish","hentry"],"post_mailing_queue_ids":[],"_links":{"self":[{"href":"https:\/\/projectes.xtec.cat\/qualitatfp\/wp-json\/wp\/v2\/pages\/806","targetHints":{"allow":["GET"]}}],"collection":[{"href":"https:\/\/projectes.xtec.cat\/qualitatfp\/wp-json\/wp\/v2\/pages"}],"about":[{"href":"https:\/\/projectes.xtec.cat\/qualitatfp\/wp-json\/wp\/v2\/types\/page"}],"author":[{"embeddable":true,"href":"https:\/\/projectes.xtec.cat\/qualitatfp\/wp-json\/wp\/v2\/users\/1"}],"replies":[{"embeddable":true,"href":"https:\/\/projectes.xtec.cat\/qualitatfp\/wp-json\/wp\/v2\/comments?post=806"}],"version-history":[{"count":1,"href":"https:\/\/projectes.xtec.cat\/qualitatfp\/wp-json\/wp\/v2\/pages\/806\/revisions"}],"predecessor-version":[{"id":8490,"href":"https:\/\/projectes.xtec.cat\/qualitatfp\/wp-json\/wp\/v2\/pages\/806\/revisions\/8490"}],"wp:attachment":[{"href":"https:\/\/projectes.xtec.cat\/qualitatfp\/wp-json\/wp\/v2\/media?parent=806"}],"curies":[{"name":"wp","href":"https:\/\/api.w.org\/{rel}","templated":true}]}}