{"id":8261,"date":"2020-04-16T10:47:37","date_gmt":"2020-04-16T08:47:37","guid":{"rendered":"https:\/\/projectes.xtec.cat\/qualitatfp\/?page_id=8261"},"modified":"2021-09-17T13:32:26","modified_gmt":"2021-09-17T11:32:26","slug":"programa-qualitat","status":"publish","type":"page","link":"https:\/\/projectes.xtec.cat\/qualitatfp\/projectes\/programa-qualitat\/","title":{"rendered":"Programa Qualitat: ISO 9001"},"content":{"rendered":"<p><a href=\"https:\/\/projectes.xtec.cat\/qualitatfp\/wp-content\/uploads\/usu772\/2020\/04\/xarxes.png\"><img loading=\"lazy\" decoding=\"async\" class=\"aligncenter wp-image-8262 size-large\" src=\"https:\/\/projectes.xtec.cat\/qualitatfp\/wp-content\/uploads\/usu772\/2020\/04\/xarxes-1024x741.png\" alt=\"Esquema projecte de qualitat i millora\" width=\"1024\" height=\"741\" srcset=\"https:\/\/projectes.xtec.cat\/qualitatfp\/wp-content\/uploads\/usu772\/2020\/04\/xarxes-1024x741.png 1024w, https:\/\/projectes.xtec.cat\/qualitatfp\/wp-content\/uploads\/usu772\/2020\/04\/xarxes-300x217.png 300w, https:\/\/projectes.xtec.cat\/qualitatfp\/wp-content\/uploads\/usu772\/2020\/04\/xarxes-768x556.png 768w, https:\/\/projectes.xtec.cat\/qualitatfp\/wp-content\/uploads\/usu772\/2020\/04\/xarxes.png 1097w\" sizes=\"auto, (max-width: 1024px) 100vw, 1024px\" \/><\/a><\/p>\n<p><strong>1. NIVELLS DEL PROGRAMA D\u2019ASSEGURAMENT<\/strong><\/p>\n<p>En el programa d\u2019assegurament trobem 3 nivells, des del moment en qu\u00e8 el centre entra en el Programa, fins que assoleix la certificaci\u00f3 ISO i la desplega completament. Els centres han d\u2019estar suportats per un Pla Estrat\u00e8gic de Centre, desenvolupat a partir d\u2019un avantprojecte inicial, revisat despr\u00e9s de les corresponents sessions d\u2019avaluaci\u00f3 i acompanyament.<\/p>\n<p>Els 3 nivells s\u00f3n:<\/p>\n<ul>\n<li><strong>Nivell 1 (xarxa Q1)<\/strong> \u2013 Iniciaci\u00f3: adre\u00e7at als centres que s\u2019incorporen al Projecte i comencen a formar-se i treballar en el Programa.<\/li>\n<li><strong>Nivell 2 (xarxa Q2)<\/strong> \u2013 Elaboraci\u00f3: formada pels centres que fan el segon curs del programa. Correspon amb un nivell mitj\u00e0 de desenvolupament del sistema de gesti\u00f3.<\/li>\n<li><strong>Nivell 3 (xarxa Q3)<\/strong> \u2013 Certificaci\u00f3: formada pels centres que est\u00e0 previst que passin l\u2019auditoria externa pr\u00e8via a la certificaci\u00f3 del seu sistema de gesti\u00f3. Correspon a un nivell alt de desenvolupament.<\/li>\n<\/ul>\n<p><strong>2. NIVELLS DEL PROGRAMA DE MILLORA<\/strong><\/p>\n<p>Un \u00fanic nivell que s\u2019inicia despr\u00e9s de la certificaci\u00f3 ISO 9001, a partir de la qual els centres treballen per augmentar-ne la maduresa i efic\u00e0cia i culmina amb l\u2019assoliment de la certificaci\u00f3 e2cat, independentment de de la puntuaci\u00f3 obtinguda al contrast (fins 300 o m\u00e9s de 300 punts).<\/p>\n<p><strong>3. NIVELLS DEL PROGRAMA D\u2019EXCEL\u00b7L\u00c8NCIA<\/strong><\/p>\n<p>Un \u00fanic nivell que comen\u00e7a a partir de la certificaci\u00f3 e2cat i la desplega completament, obtenint puntuacions superiors als 400 punts.<\/p>\n<p>Aquest programa engloba els centres ja acreditats en el model e2cat. En aquest nivell es treballa per a la consolidaci\u00f3 del model de gesti\u00f3 a la vegada que es mant\u00e9 la millora continua. Tamb\u00e9 inclou als centres ja consolidats amb puntuacions superiors a 400 punts en el model e2cat i que es preparen, si \u00e9s el cas, per donar el pas per a assolir la certificaci\u00f3 europea d\u2019excel\u00b7l\u00e8ncia EFQM i presentar-se, si s\u2019escau, al premi europeu.<\/p>\n","protected":false},"excerpt":{"rendered":"<p><a href=\"https:\/\/projectes.xtec.cat\/qualitatfp\/wp-content\/uploads\/usu772\/2020\/04\/xarxes.png\"><\/a><br \/>\n1. NIVELLS DEL PROGRAMA D\u2019ASSEGURAMENT<br \/>\nEn el programa d\u2019assegurament trobem 3 nivells, des del moment en qu\u00e8 el centre entra en el Programa, fins que assoleix la certificaci\u00f3 ISO i la desplega completament. Els centres han d\u2019estar suportats per un Pla Estrat\u00e8gic de Centre, desenvolupat&hellip;  <a href=\"https:\/\/projectes.xtec.cat\/qualitatfp\/projectes\/programa-qualitat\/\" title=\"Read Programa Qualitat: ISO 9001\">Llegeix m\u00e9s\u00bb<\/a><\/p>\n","protected":false},"author":4,"featured_media":0,"parent":10070,"menu_order":10,"comment_status":"closed","ping_status":"closed","template":"page-templates\/side-menu.php","meta":{"_bbp_topic_count":0,"_bbp_reply_count":0,"_bbp_total_topic_count":0,"_bbp_total_reply_count":0,"_bbp_voice_count":0,"_bbp_anonymous_reply_count":0,"_bbp_topic_count_hidden":0,"_bbp_reply_count_hidden":0,"_bbp_forum_subforum_count":0,"footnotes":""},"class_list":["post-8261","page","type-page","status-publish","hentry"],"post_mailing_queue_ids":[],"_links":{"self":[{"href":"https:\/\/projectes.xtec.cat\/qualitatfp\/wp-json\/wp\/v2\/pages\/8261","targetHints":{"allow":["GET"]}}],"collection":[{"href":"https:\/\/projectes.xtec.cat\/qualitatfp\/wp-json\/wp\/v2\/pages"}],"about":[{"href":"https:\/\/projectes.xtec.cat\/qualitatfp\/wp-json\/wp\/v2\/types\/page"}],"author":[{"embeddable":true,"href":"https:\/\/projectes.xtec.cat\/qualitatfp\/wp-json\/wp\/v2\/users\/4"}],"replies":[{"embeddable":true,"href":"https:\/\/projectes.xtec.cat\/qualitatfp\/wp-json\/wp\/v2\/comments?post=8261"}],"version-history":[{"count":4,"href":"https:\/\/projectes.xtec.cat\/qualitatfp\/wp-json\/wp\/v2\/pages\/8261\/revisions"}],"predecessor-version":[{"id":13408,"href":"https:\/\/projectes.xtec.cat\/qualitatfp\/wp-json\/wp\/v2\/pages\/8261\/revisions\/13408"}],"up":[{"embeddable":true,"href":"https:\/\/projectes.xtec.cat\/qualitatfp\/wp-json\/wp\/v2\/pages\/10070"}],"wp:attachment":[{"href":"https:\/\/projectes.xtec.cat\/qualitatfp\/wp-json\/wp\/v2\/media?parent=8261"}],"curies":[{"name":"wp","href":"https:\/\/api.w.org\/{rel}","templated":true}]}}