{"id":8451,"date":"2020-05-21T12:20:57","date_gmt":"2020-05-21T10:20:57","guid":{"rendered":"https:\/\/projectes.xtec.cat\/qualitatfp\/?page_id=8451"},"modified":"2025-03-15T17:38:38","modified_gmt":"2025-03-15T16:38:38","slug":"publicacions-2","status":"publish","type":"page","link":"https:\/\/projectes.xtec.cat\/qualitatfp\/recursos\/publicacions-2\/","title":{"rendered":"Publicacions"},"content":{"rendered":"<p><strong><a href=\"https:\/\/educacio.gencat.cat\/ca\/departament\/publicacions\/monografies\/gestio-centre\/interpretacio-norma-iso\/\" target=\"_blank\" rel=\"noopener\">Interpretaci\u00f3 de la norma ISO 9001:2015 per a centres educatius<\/a><\/strong><\/p>\n<p><strong><a href=\"https:\/\/drive.google.com\/file\/d\/1PyblOTivtHrRLxplMzYL9TVLYFrWut00\/view\" target=\"_blank\" rel=\"noopener\">Addenda ISO 9001:2015<\/a><\/strong><\/p>\n<p><strong><a href=\"https:\/\/educacio.gencat.cat\/ca\/departament\/publicacions\/monografies\/gestio-centre\/implementacio-gestio-ambiental-centre\/\" target=\"_blank\" rel=\"noopener\">Implementaci\u00f3 de la gesti\u00f3 ambiental d\u2019acord amb la norma ISO 14001:2015<\/a><\/strong><\/p>\n<p><strong><a title=\"https:\/\/educacio.gencat.cat\/ca\/departament\/publicacions\/monografies\/gestio-centre\/e2cat-2020\/\" href=\"https:\/\/educacio.gencat.cat\/ca\/departament\/publicacions\/monografies\/gestio-centre\/e2cat-2020\/\" target=\"_blank\" rel=\"noopener\">Model e2cat 2020<\/a><\/strong><\/p>\n<p><strong><a href=\"https:\/\/odissea.xtec.cat\/pluginfile.php\/3128578\/mod_resource\/content\/2\/R%C3%BAbriques%20dautoavaluaci%C3%B3%20model%20e2cat.pdf\" target=\"_blank\" rel=\"noopener\">R\u00fabriques d&#8217;autoavaluaci\u00f3 model e2cat<\/a><\/strong><\/p>\n<p><strong><a href=\"https:\/\/odissea.xtec.cat\/pluginfile.php\/1021416\/mod_resource\/content\/1\/curs%20BV%2019011%202018%20abril%202019.pdf\" target=\"_blank\" rel=\"noopener\">Orientacions del procediment d&#8217;auditoria<\/a>\u00a0\u00a0<\/strong><\/p>\n<p><strong><a href=\"https:\/\/sites.google.com\/xtec.cat\/eina-aplec-pqimc\/\" target=\"_blank\" rel=\"noopener\">Eina APLEC e2Cat<\/a><\/strong><\/p>\n<p><strong><a href=\"https:\/\/sites.google.com\/xtec.cat\/indicadorspqimc\/\" target=\"_blank\" rel=\"noopener\">EPIQ: Eina Pels Indicadors de Qualitat<\/a><\/strong><\/p>\n<p><strong><a href=\"https:\/\/drive.google.com\/file\/d\/1yrdxMB5EbDEkQFGIj3i0BNnWyXY8Z4Gm\/view\" target=\"_blank\" rel=\"noopener\">UNE-ISO\/UNDP PAS 53002<\/a><\/strong><\/p>\n<p><strong><a href=\"https:\/\/projectes.xtec.cat\/qualitatfp\/wp-content\/uploads\/usu772\/2020\/05\/guia04.pdf\" target=\"_blank\" rel=\"noopener noreferrer\">La gesti\u00f3 per processos en els centres educatius basada en la norma ISO 9001:2000<\/a><\/strong><\/p>\n<p><strong><a href=\"https:\/\/projectes.xtec.cat\/qualitatfp\/wp-content\/uploads\/usu772\/2020\/05\/guia2520exc.pdf\" target=\"_blank\" rel=\"noopener noreferrer\">Excel\u00b7l\u00e8ncia en l&#8217;educaci\u00f3. El model europeu de qualitat aplicat a la gesti\u00f3 dels centres educatius<\/a><\/strong><\/p>\n<p><strong><a href=\"https:\/\/projectes.xtec.cat\/qualitatfp\/wp-content\/uploads\/usu772\/2020\/05\/QCI_PE_v2.xlsx\" target=\"_blank\" rel=\"noopener noreferrer\">Excel per fer el seguiment del Pla Estrat\u00e8gic de centre<\/a><\/strong><\/p>\n<p><strong><a href=\"https:\/\/projectes.xtec.cat\/qualitatfp\/wp-content\/uploads\/usu772\/2020\/05\/manual_edm2005.pdf\" target=\"_blank\" rel=\"noopener noreferrer\">Manual dels Equips de Millora<\/a><\/strong><\/p>\n<p><strong><a href=\"https:\/\/projectes.xtec.cat\/qualitatfp\/wp-content\/uploads\/usu772\/2020\/05\/questionari_autoavaluacio_e2cat_octubre_2014.docx\" target=\"_blank\" rel=\"noopener noreferrer\">Guia per a l\u2019autoavaluaci\u00f3 de centres educatius amb el model d\u2019excel\u2022l\u00e8ncia en la gesti\u00f3 e2Cat<\/a><\/strong><\/p>\n<p><strong><a href=\"https:\/\/projectes.xtec.cat\/qualitatfp\/wp-content\/uploads\/usu772\/2020\/05\/m5_ISO9001.pdf\" target=\"_blank\" rel=\"noopener noreferrer\">Desplegament norma ISO 9001:2015<\/a><\/strong><\/p>\n<p><strong><a href=\"https:\/\/projectes.xtec.cat\/qualitatfp\/wp-content\/uploads\/usu772\/2020\/05\/INTERPRETACIO-I-DESPLEGAMENT-DEL-MODEL-EFQM_EN_CENTRES_EDUCATIUS.pdf\" target=\"_blank\" rel=\"noopener noreferrer\">Interpretaci\u00f3, i desplegament, del model EFQM en centres educatius<\/a><\/strong><\/p>\n<p><strong><a href=\"https:\/\/projectes.xtec.cat\/qualitatfp\/wp-content\/uploads\/usu772\/2020\/05\/Introduccio-a-la-gestio-per-processos-en-centres-educatius.pdf\" target=\"_blank\" rel=\"noopener noreferrer\">Introducci\u00f3 a la gesti\u00f3 per processos en centres educatius<\/a><\/strong><\/p>\n<p><strong><a href=\"https:\/\/projectes.xtec.cat\/qualitatfp\/wp-content\/uploads\/usu772\/2020\/05\/Integracio-dels-sistemes-de-gestio-dels-centres-educatius.-Normes-ISO-9001-14001-i-45001.pdf\" target=\"_blank\" rel=\"noopener noreferrer\">Integraci\u00f3 dels sistemes de gesti\u00f3 dels centres educatius. Normes \u00a0ISO 9001, 14001 i 45001<\/a><\/strong><\/p>\n<p><strong><a href=\"https:\/\/projectes.xtec.cat\/qualitatfp\/wp-content\/uploads\/usu772\/2020\/05\/Desplegament-del-model-dexcellencia-E2CAT-en-centres-educatius.pdf\" target=\"_blank\" rel=\"noopener noreferrer\">Desplegament del model d&#8217;excel\u00b7l\u00e8ncia E2CAT en centres educatius<\/a><\/strong><\/p>\n","protected":false},"excerpt":{"rendered":"<p><a href=\"https:\/\/educacio.gencat.cat\/ca\/departament\/publicacions\/monografies\/gestio-centre\/interpretacio-norma-iso\/\" target=\"_blank\" rel=\"noopener\">Interpretaci\u00f3 de la norma ISO 9001:2015 per a centres educatius<\/a><br \/>\n<a href=\"https:\/\/drive.google.com\/file\/d\/1PyblOTivtHrRLxplMzYL9TVLYFrWut00\/view\" target=\"_blank\" rel=\"noopener\">Addenda ISO 9001:2015<\/a><br \/>\n<a href=\"https:\/\/educacio.gencat.cat\/ca\/departament\/publicacions\/monografies\/gestio-centre\/implementacio-gestio-ambiental-centre\/\" target=\"_blank\" rel=\"noopener\">Implementaci\u00f3 de la gesti\u00f3 ambiental d\u2019acord amb la norma ISO 14001:2015<\/a><br \/>\n<a title=\"https:\/\/educacio.gencat.cat\/ca\/departament\/publicacions\/monografies\/gestio-centre\/e2cat-2020\/\" href=\"https:\/\/educacio.gencat.cat\/ca\/departament\/publicacions\/monografies\/gestio-centre\/e2cat-2020\/\" target=\"_blank\" rel=\"noopener\">Model e2cat 2020<\/a><br \/>\n<a href=\"https:\/\/odissea.xtec.cat\/pluginfile.php\/3128578\/mod_resource\/content\/2\/R%C3%BAbriques%20dautoavaluaci%C3%B3%20model%20e2cat.pdf\" target=\"_blank\" rel=\"noopener\">R\u00fabriques d&#8217;autoavaluaci\u00f3 model e2cat<\/a><br \/>\n<a href=\"https:\/\/odissea.xtec.cat\/pluginfile.php\/1021416\/mod_resource\/content\/1\/curs%20BV%2019011%202018%20abril%202019.pdf\" target=\"_blank\"&hellip;  <a href=\"https:\/\/projectes.xtec.cat\/qualitatfp\/recursos\/publicacions-2\/\" title=\"Read Publicacions\">Llegeix m\u00e9s\u00bb<\/a><\/p>\n","protected":false},"author":1,"featured_media":0,"parent":10094,"menu_order":1,"comment_status":"closed","ping_status":"closed","template":"page-templates\/side-menu.php","meta":{"_bbp_topic_count":0,"_bbp_reply_count":0,"_bbp_total_topic_count":0,"_bbp_total_reply_count":0,"_bbp_voice_count":0,"_bbp_anonymous_reply_count":0,"_bbp_topic_count_hidden":0,"_bbp_reply_count_hidden":0,"_bbp_forum_subforum_count":0,"footnotes":""},"class_list":["post-8451","page","type-page","status-publish","hentry"],"post_mailing_queue_ids":[],"_links":{"self":[{"href":"https:\/\/projectes.xtec.cat\/qualitatfp\/wp-json\/wp\/v2\/pages\/8451","targetHints":{"allow":["GET"]}}],"collection":[{"href":"https:\/\/projectes.xtec.cat\/qualitatfp\/wp-json\/wp\/v2\/pages"}],"about":[{"href":"https:\/\/projectes.xtec.cat\/qualitatfp\/wp-json\/wp\/v2\/types\/page"}],"author":[{"embeddable":true,"href":"https:\/\/projectes.xtec.cat\/qualitatfp\/wp-json\/wp\/v2\/users\/1"}],"replies":[{"embeddable":true,"href":"https:\/\/projectes.xtec.cat\/qualitatfp\/wp-json\/wp\/v2\/comments?post=8451"}],"version-history":[{"count":6,"href":"https:\/\/projectes.xtec.cat\/qualitatfp\/wp-json\/wp\/v2\/pages\/8451\/revisions"}],"predecessor-version":[{"id":13434,"href":"https:\/\/projectes.xtec.cat\/qualitatfp\/wp-json\/wp\/v2\/pages\/8451\/revisions\/13434"}],"up":[{"embeddable":true,"href":"https:\/\/projectes.xtec.cat\/qualitatfp\/wp-json\/wp\/v2\/pages\/10094"}],"wp:attachment":[{"href":"https:\/\/projectes.xtec.cat\/qualitatfp\/wp-json\/wp\/v2\/media?parent=8451"}],"curies":[{"name":"wp","href":"https:\/\/api.w.org\/{rel}","templated":true}]}}