{"id":8525,"date":"2020-05-22T00:41:11","date_gmt":"2020-05-21T22:41:11","guid":{"rendered":"https:\/\/projectes.xtec.cat\/qualitatfp\/?page_id=8525"},"modified":"2026-03-13T11:28:47","modified_gmt":"2026-03-13T10:28:47","slug":"normativa","status":"publish","type":"page","link":"https:\/\/projectes.xtec.cat\/qualitatfp\/pla-pqimc\/normativa\/","title":{"rendered":"Normativa"},"content":{"rendered":"<h1>Resoluci\u00f3 EDF\/3683\/2025, de 6 d\u2019octubre, per la qual es modifiquen la Resoluci\u00f3 EDU\/643\/2022, de 9 de mar\u00e7, del Programa d&#8217;innovaci\u00f3 Projecte de qualitat i millora cont\u00ednua dels centres educatius, i la Resoluci\u00f3 EDU\/918\/2023, de 17 de mar\u00e7, per la qual es convoca concurs per seleccionar centres p\u00fablics que imparteixen ensenyaments professionals per ser inclosos, a partir del curs 2023-2024, en el Projecte de qualitat i millora cont\u00ednua del Departament d\u2019Educaci\u00f3<\/h1>\n<div>\n<div>\n<div>\n<p>La Resoluci\u00f3 EDU\/643\/2022, de 9 de mar\u00e7, del Programa d&#8217;innovaci\u00f3 Projecte de qualitat i millora cont\u00ednua dels centres educatius (DOGC n\u00fam. 8625, de 14.03.2022), inclou les accions que donen dret a la certificaci\u00f3 de la innovaci\u00f3 pedag\u00f2gica del programa.<\/p>\n<p>Amb l&#8217;objectiu de posar en valor la certificaci\u00f3 de la innovaci\u00f3 docent, que reconeix i valida la tasca i l&#8217;esfor\u00e7 del professorat, aix\u00ed com la promoci\u00f3 de la innovaci\u00f3, la millora cont\u00ednua i la qualitat educativa, es considera necessari establir el nombre de docents per centre que poden obtenir aquesta certificaci\u00f3.<\/p>\n<\/div>\n<div>\n<p>Altrament, mitjan\u00e7ant la Resoluci\u00f3 EDU\/918\/2023, de 17 de mar\u00e7, publicada al DOGC n\u00fam. 8881, de 23.03.2023, es convoca concurs per seleccionar centres p\u00fablics que imparteixen ensenyaments professionals per ser inclosos, a partir del curs 2023-2024, en el Projecte de qualitat i millora cont\u00ednua del Departament d&#8217;Educaci\u00f3.<\/p>\n<p>Amb la voluntat de garantir la coher\u00e8ncia en el funcionament de la comissi\u00f3 de selecci\u00f3 de centres educatius a les diferents convocat\u00f2ries, per al conjunt dels programes d&#8217;innovaci\u00f3, es considera necessari establir una composici\u00f3 \u00fanica de la comissi\u00f3.<\/p>\n<p>En conseq\u00fc\u00e8ncia,<\/p>\n<p>Resolc:<\/p>\n<p>-1 Es modifica l&#8217;apartat 8.2 de l&#8217;annex de la Resoluci\u00f3 EDU\/643\/2022, de 9 de mar\u00e7, que queda redactat de la manera seg\u00fcent:<\/p>\n<p>\u201c8.2 En els centres educatius sostinguts amb fons p\u00fablics, t\u00e9 la consideraci\u00f3 d&#8217;activitat d&#8217;innovaci\u00f3 educativa, sempre que es dugui a terme durant tot un curs acad\u00e8mic, la participaci\u00f3 en el programa d&#8217;innovaci\u00f3 educativa.<\/p>\n<p>La certificaci\u00f3 d&#8217;innovaci\u00f3 educativa es dur\u00e0 a terme sempre i quan la mem\u00f2ria anual presentada pel centre educatiu tingui una valoraci\u00f3 positiva per part del\/de la responsable del programa.<\/p>\n<\/div>\n<div>\n<p>La certificaci\u00f3 es reconeix, segons el nombre de grups de formaci\u00f3 professional, de la seg\u00fcent manera:<\/p>\n<p>a) Centres de Tipus A:<\/p>\n<p>Instituts amb 71 o m\u00e9s grups: coordinador\/a de centre del programa d&#8217;innovaci\u00f3 + 8 participants.<\/p>\n<p>Instituts amb 61 fins a 70 grups: coordinador\/a de centre del programa d&#8217;innovaci\u00f3 + 7 participants.<\/p>\n<p>Instituts amb 51 fins a 60 grups: coordinador\/a de centre del programa d&#8217;innovaci\u00f3 + 6 participants.<\/p>\n<p>Instituts amb 41 fins a 50 grups: coordinador\/a de centre del programa d&#8217;innovaci\u00f3 + 5 participants.<\/p>\n<p>Instituts amb 31 fins a 40 grups: coordinador\/a de centre del programa d&#8217;innovaci\u00f3 + 4 participants.<\/p>\n<p>b) Centres de Tipus B:<\/p>\n<p>Instituts amb 22 fins a 30 grups: coordinador\/a de centre del programa d&#8217;innovaci\u00f3 + 3 participants.<\/p>\n<p>c) Centres de Tipus C:<\/p>\n<p>Instituts amb 12 fins a 21 grups: coordinador\/a de centre del programa d&#8217;innovaci\u00f3 + 2 participants.<\/p>\n<p>d) Centres de Tipus D:<\/p>\n<p>Instituts i seccions de fins a 11 grups: coordinador\/a de centre del programa d&#8217;innovaci\u00f3 + 1 participant.\u201d.<\/p>\n<p>-2 Es modifica l&#8217;apartat 8.3 de l&#8217;annex de la Resoluci\u00f3 EDU\/643\/2022, de 9 de mar\u00e7, que queda redactat de la manera seg\u00fcent:<\/p>\n<\/div>\n<div>\n<p>\u201c8.3 Als efectes que la Direcci\u00f3 General de Formaci\u00f3 Professional n&#8217;emeti el certificat corresponent, la direcci\u00f3 del centre educatiu ha de trametre el nom, cognoms i NIF de la persona\/es participants a l&#8217;aplicatiu de gesti\u00f3 de les certificacions d&#8217;innovaci\u00f3 AGAI. Respecte del professorat, la direcci\u00f3 n&#8217;ha de justificar la participaci\u00f3 en la mem\u00f2ria lliurada i de forma motivada.\u201d.<\/p>\n<p>-3 Es modifica l&#8217;apartat 9 de l&#8217;annex de la Resoluci\u00f3 EDU\/643\/2022, de 9 de mar\u00e7, que queda redactat de la manera seg\u00fcent:<\/p>\n<p>\u201c9. Mem\u00f2ria de seguiment i avaluaci\u00f3 del Programa d&#8217;innovaci\u00f3 Projecte de qualitat i millora cont\u00ednua (PQiMC)<\/p>\n<p>Els centres educatius han de trametre anualment a la Direcci\u00f3 General de Formaci\u00f3 Professional una mem\u00f2ria del desplegament del Programa on hauran de constar les evid\u00e8ncies de les tasques realitzades pels docents a certificar, els resultats assolits, l&#8217;avaluaci\u00f3 de les accions i resultats, les propostes de futur en relaci\u00f3 al Programa i d&#8217;altres informacions rellevants per al desenvolupament del programa d&#8217;Innovaci\u00f3 educativa PQiMC. Aix\u00ed mateix, la mem\u00f2ria anual estar\u00e0 signada per la direcci\u00f3 del centre educatiu.<\/p>\n<\/div>\n<div>\n<p>Del resultat d&#8217;aquesta mem\u00f2ria i de la valoraci\u00f3 que en facin els responsables del programa d&#8217;innovaci\u00f3 PQiMC, es derivar\u00e0 la decisi\u00f3 de romandre en el mateix nivell, de passar al seg\u00fcent o de finalitzar la participaci\u00f3 en aquest programa.<\/p>\n<p>La participaci\u00f3 en el Programa tindr\u00e0 el reconeixement d&#8217;innovaci\u00f3 educativa un cop avaluada la mem\u00f2ria de forma positiva.\u201d.<\/p>\n<p>-4 Es modifica l&#8217;apartat 2 de l&#8217;annex de la Resoluci\u00f3 EDU\/918\/2023, de 17 de mar\u00e7, que queda redactat de la manera seg\u00fcent:<\/p>\n<p>\u201c2.1 El termini de presentaci\u00f3 de les sol\u00b7licituds \u00e9s el previst a la Resoluci\u00f3 de convocat\u00f2ria unificada de programes d&#8217;innovaci\u00f3 educativa publicada al DOGC cada curs escolar.<\/p>\n<p>2.2 La tramitaci\u00f3 de la sol\u00b7licitud s&#8217;ha de fer de manera telem\u00e0tica, seguint les indicacions de la Intranet- Portal de Centre.\u201d.<\/p>\n<p>-5 Es modifica l&#8217;apartat 4, de l&#8217;annex de la Resoluci\u00f3 EDU\/918\/2023, de 17 de mar\u00e7, que queda redactat de la manera seg\u00fcent:<\/p>\n<p>\u201c4. Resoluci\u00f3 de la convocat\u00f2ria<\/p>\n<p>La comissi\u00f3 de selecci\u00f3 formula la proposta de centres admesos i seleccionats a la persona titular de la Direcci\u00f3 General de Formaci\u00f3 Professional, amb la composici\u00f3 seg\u00fcent:<\/p>\n<\/div>\n<div>\n<p>a) La persona titular de la Subdirecci\u00f3 General de Programes i Projectes, que la presideix.<\/p>\n<p>b) El\/la cap de Servei de Programes i Projectes de Foment dels Ensenyaments Professionals.<\/p>\n<p>c) Un\/a t\u00e8cnic\/a responsable del Servei de Programes i Projectes de Foment dels Ensenyaments Professionals.<\/p>\n<p>d) Un\/a administratiu\/iva del Servei de Programes i Projectes de Foment dels Ensenyaments Professionals, que actua com a secretari o secret\u00e0ria.\u201d.<\/p>\n<p>-6 Es modifica l&#8217;apartat 5, de l&#8217;annex de la Resoluci\u00f3 EDU\/918\/2023, de 17 de mar\u00e7, que queda redactat de la manera seg\u00fcent:<\/p>\n<p>\u201c5. Funcions de la comissi\u00f3 de selecci\u00f3 i llista provisional de centres admesos, exclosos i inadmesos<\/p>\n<p>Correspon a la comissi\u00f3 de selecci\u00f3:<\/p>\n<p>a) Valorar les sol\u00b7licituds presentades i redactar la proposta de centres admesos.<\/p>\n<p>b) Demanar, si cal, informaci\u00f3 complement\u00e0ria als serveis territorials d&#8217;Educaci\u00f3, a la coordinaci\u00f3 territorial de la formaci\u00f3 professional, al Consorci d&#8217;Educaci\u00f3 de Barcelona i a la direcci\u00f3 del centre sol\u00b7licitant.<\/p>\n<p>c) Publicar, al Portal de centre, la relaci\u00f3 provisional de projectes admesos amb la puntuaci\u00f3 obtinguda.<\/p>\n<\/div>\n<div>\n<p>d) Resoldre les eventuals reclamacions que es presentin a la relaci\u00f3 provisional de centres admesos.<\/p>\n<p>e) Elevar a la persona titular de la Direcci\u00f3 General de Formaci\u00f3 Professional, un cop passat el tr\u00e0mit de reclamaci\u00f3, la relaci\u00f3 definitiva dels centres admesos i la relaci\u00f3 de centres seleccionats participants al Programa.\u201d.<\/p>\n<p>-7 Es modifica l&#8217;apartat 6 de l&#8217;annex de la Resoluci\u00f3 EDU\/918\/2023, de 17 de mar\u00e7, que queda redactat de la manera seg\u00fcent:<\/p>\n<p>\u201c6. Llista de centres seleccionats i dels no seleccionats<\/p>\n<p>La resoluci\u00f3 de centres seleccionats i dels no seleccionats s&#8217;ha de fer p\u00fablica segons el previst a la Resoluci\u00f3 de convocat\u00f2ria unificada de programes d&#8217;innovaci\u00f3 educativa publicada al DOGC cada curs escolar.\u201d.<\/p>\n<p>Contra aquesta Resoluci\u00f3, que no exhaureix la via administrativa, les persones interessades poden interposar recurs d&#8217;al\u00e7ada davant la consellera d&#8217;Educaci\u00f3 i Formaci\u00f3 Professional, en el termini d&#8217;un mes a comptar de l&#8217;endem\u00e0 de la seva publicaci\u00f3 al DOGC segons el que disposa l&#8217;article 76 de la Llei 26\/2010, del 3 d&#8217;agost, de r\u00e8gim jur\u00eddic i de procediment de els administracions p\u00fabliques de Catalunya, i els articles 121 i 122 de la Llei 39\/2015, d&#8217;1 d&#8217;octubre, del procediment administratiu com\u00fa de les administracions p\u00fabliques, o qualsevol altre recurs que considerin convenient per a la defensa dels seus interessos.<\/p>\n<\/div>\n<div>\n<p>Barcelona, 6 d&#8217;octubre de 2025<\/p>\n<\/div>\n<\/div>\n<\/div>\n","protected":false},"excerpt":{"rendered":"<p>Resoluci\u00f3 EDF\/3683\/2025, de 6 d\u2019octubre, per la qual es modifiquen la Resoluci\u00f3 EDU\/643\/2022, de 9 de mar\u00e7, del Programa d&#8217;innovaci\u00f3 Projecte de qualitat i millora cont\u00ednua dels centres educatius, i la Resoluci\u00f3 EDU\/918\/2023, de 17 de mar\u00e7, per la qual es convoca concurs per seleccionar&hellip;  <a href=\"https:\/\/projectes.xtec.cat\/qualitatfp\/pla-pqimc\/normativa\/\" title=\"Read Normativa\">Llegeix m\u00e9s\u00bb<\/a><\/p>\n","protected":false},"author":1,"featured_media":0,"parent":8387,"menu_order":4,"comment_status":"closed","ping_status":"closed","template":"page-templates\/side-menu.php","meta":{"_bbp_topic_count":0,"_bbp_reply_count":0,"_bbp_total_topic_count":0,"_bbp_total_reply_count":0,"_bbp_voice_count":0,"_bbp_anonymous_reply_count":0,"_bbp_topic_count_hidden":0,"_bbp_reply_count_hidden":0,"_bbp_forum_subforum_count":0,"footnotes":""},"class_list":["post-8525","page","type-page","status-publish","hentry"],"post_mailing_queue_ids":[],"_links":{"self":[{"href":"https:\/\/projectes.xtec.cat\/qualitatfp\/wp-json\/wp\/v2\/pages\/8525","targetHints":{"allow":["GET"]}}],"collection":[{"href":"https:\/\/projectes.xtec.cat\/qualitatfp\/wp-json\/wp\/v2\/pages"}],"about":[{"href":"https:\/\/projectes.xtec.cat\/qualitatfp\/wp-json\/wp\/v2\/types\/page"}],"author":[{"embeddable":true,"href":"https:\/\/projectes.xtec.cat\/qualitatfp\/wp-json\/wp\/v2\/users\/1"}],"replies":[{"embeddable":true,"href":"https:\/\/projectes.xtec.cat\/qualitatfp\/wp-json\/wp\/v2\/comments?post=8525"}],"version-history":[{"count":5,"href":"https:\/\/projectes.xtec.cat\/qualitatfp\/wp-json\/wp\/v2\/pages\/8525\/revisions"}],"predecessor-version":[{"id":13970,"href":"https:\/\/projectes.xtec.cat\/qualitatfp\/wp-json\/wp\/v2\/pages\/8525\/revisions\/13970"}],"up":[{"embeddable":true,"href":"https:\/\/projectes.xtec.cat\/qualitatfp\/wp-json\/wp\/v2\/pages\/8387"}],"wp:attachment":[{"href":"https:\/\/projectes.xtec.cat\/qualitatfp\/wp-json\/wp\/v2\/media?parent=8525"}],"curies":[{"name":"wp","href":"https:\/\/api.w.org\/{rel}","templated":true}]}}