{"id":8551,"date":"2020-05-22T02:44:35","date_gmt":"2020-05-22T00:44:35","guid":{"rendered":"https:\/\/projectes.xtec.cat\/qualitatfp\/?page_id=8551"},"modified":"2025-06-03T19:49:19","modified_gmt":"2025-06-03T17:49:19","slug":"jornada-de-cloenda","status":"publish","type":"page","link":"https:\/\/projectes.xtec.cat\/qualitatfp\/projectes\/jornades-de-difusio\/jornada-de-cloenda\/","title":{"rendered":"Jornada de cloenda"},"content":{"rendered":"<h5 style=\"text-align: center; background: white; margin: 2.4pt 0cm 6.0pt 0cm;\" align=\"center\"><strong><span style=\"color: #000000;\"><span lang=\"CA\" style=\"font-size: 13.5pt; line-height: 107%; font-family: Arial, sans-serif;\">Programes i projectes de Formaci\u00f3 Professional<\/span><\/span><\/strong><\/h5>\n<p class=\"CDt4Ke zfr3Q\" dir=\"ltr\">Totes les xarxes de centres que participen en els programes i projectes de la Subdirecci\u00f3 General de Programes i Projectes de la Direcci\u00f3 General de Formaci\u00f3 Professional del Departament d\u2019Educaci\u00f3 i Formaci\u00f3 Professional realitzen conjuntament aquesta jornada de cloenda.<\/p>\n<h6><a href=\"https:\/\/triaeducativa.gencat.cat\/ca\/viver-fp\/jornada-cloenda-programes-innovacio\/\" target=\"_blank\" rel=\"noopener\"><span style=\"font-weight: 400;\"><span style=\"text-decoration: underline;\"><strong><span style=\"color: #2f5d5d;\">Acc\u00e9s a la Jornada de Cloenda 2025 i Inscripcions<\/span><\/strong><\/span><\/span><\/a><\/h6>\n<table style=\"border-collapse: collapse; width: 100%;\">\n<tbody>\n<tr>\n<td style=\"width: 50%; border-style: hidden;\"><img loading=\"lazy\" decoding=\"async\" class=\"aligncenter size-full wp-image-13603\" src=\"https:\/\/projectes.xtec.cat\/qualitatfp\/wp-content\/uploads\/usu772\/2025\/05\/JORNADA-DE-CLOENDA-2025.jpg\" alt=\"\" width=\"1275\" height=\"315\" srcset=\"https:\/\/projectes.xtec.cat\/qualitatfp\/wp-content\/uploads\/usu772\/2025\/05\/JORNADA-DE-CLOENDA-2025.jpg 1275w, https:\/\/projectes.xtec.cat\/qualitatfp\/wp-content\/uploads\/usu772\/2025\/05\/JORNADA-DE-CLOENDA-2025-300x74.jpg 300w, https:\/\/projectes.xtec.cat\/qualitatfp\/wp-content\/uploads\/usu772\/2025\/05\/JORNADA-DE-CLOENDA-2025-1024x253.jpg 1024w, https:\/\/projectes.xtec.cat\/qualitatfp\/wp-content\/uploads\/usu772\/2025\/05\/JORNADA-DE-CLOENDA-2025-768x190.jpg 768w\" sizes=\"auto, (max-width: 1275px) 100vw, 1275px\" \/><\/td>\n<td style=\"width: 50%; border-style: hidden;\"><img loading=\"lazy\" decoding=\"async\" class=\"aligncenter size-full wp-image-13604\" src=\"https:\/\/projectes.xtec.cat\/qualitatfp\/wp-content\/uploads\/usu772\/2025\/05\/JORNADA-DE-CLOENDA-2025-2.jpg\" alt=\"\" width=\"1899\" height=\"1068\" srcset=\"https:\/\/projectes.xtec.cat\/qualitatfp\/wp-content\/uploads\/usu772\/2025\/05\/JORNADA-DE-CLOENDA-2025-2.jpg 1899w, https:\/\/projectes.xtec.cat\/qualitatfp\/wp-content\/uploads\/usu772\/2025\/05\/JORNADA-DE-CLOENDA-2025-2-300x169.jpg 300w, https:\/\/projectes.xtec.cat\/qualitatfp\/wp-content\/uploads\/usu772\/2025\/05\/JORNADA-DE-CLOENDA-2025-2-1024x576.jpg 1024w, https:\/\/projectes.xtec.cat\/qualitatfp\/wp-content\/uploads\/usu772\/2025\/05\/JORNADA-DE-CLOENDA-2025-2-768x432.jpg 768w, https:\/\/projectes.xtec.cat\/qualitatfp\/wp-content\/uploads\/usu772\/2025\/05\/JORNADA-DE-CLOENDA-2025-2-1536x864.jpg 1536w\" sizes=\"auto, (max-width: 1899px) 100vw, 1899px\" \/><\/td>\n<\/tr>\n<\/tbody>\n<\/table>\n<p><strong>Acc\u00e9s a les edicions anteriors<\/strong><\/p>\n<p><a href=\"https:\/\/drive.google.com\/file\/d\/1X81Etj3CWXApmDoSzvtiXUVByrEFEMGn\/view?usp=sharing\" target=\"_blank\" rel=\"noopener\"><span style=\"font-weight: 400;\"><span style=\"text-decoration: underline;\"><strong><span style=\"color: #2f5d5d;\">Jornada de Cloenda 2024<\/span><\/strong><\/span><\/span><\/a><\/p>\n<p><a href=\"https:\/\/sites.google.com\/xtec.cat\/jornada-de-cloenda-2023\/jornada-de-cloenda-2023\" target=\"_blank\" rel=\"noopener\"><span style=\"font-weight: 400;\"><span style=\"text-decoration: underline;\"><strong><span style=\"color: #2f5d5d;\">Jornada de Cloenda 2023<\/span><\/strong><\/span><\/span><\/a><\/p>\n<p><a href=\"https:\/\/sites.google.com\/xtec.cat\/jornada-de-cloenda-2022\" target=\"_blank\" rel=\"noopener noreferrer\"><span style=\"font-weight: 400;\"><span style=\"text-decoration: underline;\"><strong><span style=\"color: #0000ff;\"><span style=\"font-weight: 400;\"><span style=\"text-decoration: underline;\"><strong><span style=\"color: #2f5d5d;\">Jornada de Cloenda 2022<\/span><\/strong><\/span><\/span><\/span><\/strong><\/span><\/span><\/a><\/p>\n<p><a href=\"https:\/\/projectes.xtec.cat\/qualitatfp\/jornada-de-cloenda\/jornada-de-cloenda-2021\/\" target=\"_blank\" rel=\"noopener noreferrer\"><span style=\"font-weight: 400;\"><span style=\"text-decoration: underline;\"><strong><span style=\"color: #0000ff;\"><span style=\"font-weight: 400;\"><span style=\"text-decoration: underline;\"><strong><span style=\"color: #2f5d5d;\">Jornada de Cloenda 2021<\/span><\/strong><\/span><\/span><\/span><\/strong><\/span><\/span><\/a><\/p>\n<p><a href=\"https:\/\/projectes.xtec.cat\/qualitatfp\/jornada-de-cloenda\/jornada-de-cloenda-2020\/\" target=\"_blank\" rel=\"noopener noreferrer\"><span style=\"font-weight: 400;\"><span style=\"text-decoration: underline;\"><strong><span style=\"color: #0000ff;\"><span style=\"font-weight: 400;\"><span style=\"text-decoration: underline;\"><strong><span style=\"color: #2f5d5d;\">Jornada de Cloenda 2020<\/span><\/strong><\/span><\/span><\/span><\/strong><\/span><\/span><\/a><\/p>\n","protected":false},"excerpt":{"rendered":"<p>Programes i projectes de Formaci\u00f3 Professional<br \/>\nTotes les xarxes de centres que participen en els programes i projectes de la Subdirecci\u00f3 General de Programes i Projectes de la Direcci\u00f3 General de Formaci\u00f3 Professional del Departament d\u2019Educaci\u00f3 i Formaci\u00f3 Professional realitzen conjuntament aquesta jornada de cloenda.<br \/>\n<a href=\"https:\/\/triaeducativa.gencat.cat\/ca\/viver-fp\/jornada-cloenda-programes-innovacio\/\"&hellip;  <a href=\"https:\/\/projectes.xtec.cat\/qualitatfp\/projectes\/jornades-de-difusio\/jornada-de-cloenda\/\" title=\"Read Jornada de cloenda\">Llegeix m\u00e9s\u00bb<\/a><\/p>\n","protected":false},"author":1,"featured_media":0,"parent":10099,"menu_order":3,"comment_status":"closed","ping_status":"closed","template":"page-templates\/side-menu.php","meta":{"_bbp_topic_count":0,"_bbp_reply_count":0,"_bbp_total_topic_count":0,"_bbp_total_reply_count":0,"_bbp_voice_count":0,"_bbp_anonymous_reply_count":0,"_bbp_topic_count_hidden":0,"_bbp_reply_count_hidden":0,"_bbp_forum_subforum_count":0,"footnotes":""},"class_list":["post-8551","page","type-page","status-publish","hentry"],"post_mailing_queue_ids":[],"_links":{"self":[{"href":"https:\/\/projectes.xtec.cat\/qualitatfp\/wp-json\/wp\/v2\/pages\/8551","targetHints":{"allow":["GET"]}}],"collection":[{"href":"https:\/\/projectes.xtec.cat\/qualitatfp\/wp-json\/wp\/v2\/pages"}],"about":[{"href":"https:\/\/projectes.xtec.cat\/qualitatfp\/wp-json\/wp\/v2\/types\/page"}],"author":[{"embeddable":true,"href":"https:\/\/projectes.xtec.cat\/qualitatfp\/wp-json\/wp\/v2\/users\/1"}],"replies":[{"embeddable":true,"href":"https:\/\/projectes.xtec.cat\/qualitatfp\/wp-json\/wp\/v2\/comments?post=8551"}],"version-history":[{"count":6,"href":"https:\/\/projectes.xtec.cat\/qualitatfp\/wp-json\/wp\/v2\/pages\/8551\/revisions"}],"predecessor-version":[{"id":13623,"href":"https:\/\/projectes.xtec.cat\/qualitatfp\/wp-json\/wp\/v2\/pages\/8551\/revisions\/13623"}],"up":[{"embeddable":true,"href":"https:\/\/projectes.xtec.cat\/qualitatfp\/wp-json\/wp\/v2\/pages\/10099"}],"wp:attachment":[{"href":"https:\/\/projectes.xtec.cat\/qualitatfp\/wp-json\/wp\/v2\/media?parent=8551"}],"curies":[{"name":"wp","href":"https:\/\/api.w.org\/{rel}","templated":true}]}}