{"id":8556,"date":"2020-05-22T02:47:59","date_gmt":"2020-05-22T00:47:59","guid":{"rendered":"https:\/\/projectes.xtec.cat\/qualitatfp\/?page_id=8556"},"modified":"2021-10-21T21:26:42","modified_gmt":"2021-10-21T19:26:42","slug":"bones-practiques","status":"publish","type":"page","link":"https:\/\/projectes.xtec.cat\/qualitatfp\/bones-practiques\/","title":{"rendered":"Bones pr\u00e0ctiques"},"content":{"rendered":"<ol>\n<li><strong> Introducci\u00f3<\/strong><\/li>\n<\/ol>\n<p>L\u2019objectiu d\u2019aquest document \u00e9s l\u2019establiment d\u2019una sistem\u00e0tica per definir, detectar, validar, promocionar i transferir les Bones Pr\u00e0ctiques en un centre educatiu en que la gesti\u00f3 es basa en les metodologies de la qualitat, est\u00e0 certificat segons la norma ISO 9001 o fins tot, ha desenvolupat en el seu sistema de gesti\u00f3 models d\u2019excel\u00b7l\u00e8ncia (e2cat o EFQM).<\/p>\n<p>Tamb\u00e9 volem fer esment en destacar la diferencia entre \u201cmillora i innovaci\u00f3\u201d.<\/p>\n<ol start=\"2\">\n<li><strong> Bona Pr\u00e0ctica<\/strong><\/li>\n<\/ol>\n<p>Una bona pr\u00e0ctica educativa \u00e9s qualsevol petita o gran actuaci\u00f3, activitat o\u00a0experi\u00e8ncia, relacionada amb els processos d\u2019E\/A d\u2019un centre educatiu. Una BP ha\u00a0d\u2019estar planificada, implantada i avaluada satisfact\u00f2riament, ha de donar resposta a\u00a0una problem\u00e0tica determinada, els resultats obtinguts, a m\u00e9s a m\u00e9s de ser\u00a0satisfactoris, han d\u2019evidenciar, d\u2019alguna manera i, en m\u00e9s o menys valoraci\u00f3, una\u00a0millora de la efici\u00e8ncia i de l\u2019efic\u00e0cia del proc\u00e9s ( PQiMC).<\/p>\n<ol start=\"3\">\n<li><strong> Millors pr\u00e0ctiques<\/strong><\/li>\n<\/ol>\n<p>Nom que reben els processos o activitats reconeguts com exemplars, s\u2019identifiquen\u00a0normalment en els processos de benchmarquing.<\/p>\n<ol start=\"4\">\n<li><strong> Innovaci\u00f3<\/strong><\/li>\n<\/ol>\n<p>Transformaci\u00f3 pr\u00e0ctica d\u2019idees en nous productes, serveis, processos o activitats. Una\u00a0innovaci\u00f3 \u00e9s un trencament, un salt entre abans i despr\u00e9s, a difer\u00e8ncia de la millora en\u00a0que solsament \u00e9s fer-ho en m\u00e9s efici\u00e8ncia per\u00f2 seguin les metodologies o els\u00a0par\u00e0metres coneguts. Una innovaci\u00f3 POT mantenir el QUE fem, per\u00f2 canvia\u00a0completament el COM ho fem. (PQiMC).<\/p>\n<ol start=\"5\">\n<li><strong> Caracter\u00edstiques d\u2019una Bona Pr\u00e0ctica<\/strong><\/li>\n<\/ol>\n<p>Les principals caracter\u00edstiques que una Bona practica ha de tenir, s\u00f3n:<\/p>\n<ol>\n<li>Innovadora<\/li>\n<li>Transferible<\/li>\n<li>Factible<\/li>\n<li>Impacte positiu<\/li>\n<li>Planificaci\u00f3<\/li>\n<li>Lideratge s\u00f2lid<\/li>\n<li>Responsabilitats definides<\/li>\n<li>Sistema d\u2019avaluaci\u00f3 establert<\/li>\n<li>Implicaci\u00f3 dels grups d\u2019inter\u00e8s<\/li>\n<li>Peer recognition ( reconeixement dels professionals)<\/li>\n<li>Rellev\u00e0ncia<\/li>\n<li>Sosteniabilitat<\/li>\n<\/ol>\n<ol start=\"6\">\n<li><strong> Criteris per detectar i triar bones pr\u00e0ctiques<\/strong><\/li>\n<\/ol>\n<p>Els criteris per seleccionar una Bona Pr\u00e0ctica per avalar la seva presentaci\u00f3 en una jornada\u00a0o en un cat\u00e0leg de bones pr\u00e0ctiques s\u00f3n:<\/p>\n<ul>\n<li>Donar resposta a una problem\u00e0tica pr\u00e8via, detectada en el centre.<\/li>\n<li>L\u2019experi\u00e8ncia que es presenta com a BP ha estat planificada, s\u2019ha desenvolupat en\u00a0el centre i s\u2019ha avaluat.<\/li>\n<li>Tenim indicadors de resultat d\u2019abans i despr\u00e8s de la seva aplicaci\u00f3, per petita que\u00a0sigui l\u2019experi\u00e8ncia i per simples que puguin ser els seus indicadors.<\/li>\n<li>Compleix , clarament, al menys en la meitat de les caracter\u00edstiques d\u2019una BP<\/li>\n<li>Esta situada en un dels eixos del model d\u2019excel\u00b7l\u00e8ncia e2cat; lideratge, marc\u00a0estrat\u00e8gic, Gesti\u00f3 de les persones, Aliances, &#8230;<\/li>\n<\/ul>\n<ol start=\"7\">\n<li><strong> Divulgaci\u00f3<\/strong><\/li>\n<\/ol>\n<p>La divulgaci\u00f3 de la Bona pr\u00e0ctica es far\u00e0, banda de la seva presentaci\u00f3 a la xarxa, a traves\u00a0de la web del Projecte o d\u2019altres d\u2019 organitzacions associades per tal de fer-ne la\u00a0transfer\u00e8ncia.<\/p>\n<p>Els centres triaran la BP que considerin que reuneix millor les caracter\u00edstiques definides per a\u00a0una bona pr\u00e0ctica.<\/p>\n<ol start=\"8\">\n<li><strong> Fitxa per presentar bones pr\u00e0ctiques<\/strong><\/li>\n<\/ol>\n<p>Veure annex :\u00a01 <a href=\"https:\/\/projectes.xtec.cat\/qualitatfp\/wp-content\/uploads\/usu772\/2020\/05\/BP_Fitxa.doc\"><strong>Fitxa de Bones pr\u00e0ctiques<\/strong><\/a><\/p>\n<ol start=\"9\">\n<li><strong> Model per presentar BP<\/strong><\/li>\n<\/ol>\n<p>Enviar la fitxa a la\u00a0\u00a0<a href=\"mailto:fpqualitat@gmail.com?subject=Bona%20pr%C3%A0ctica&amp;body=Cal%20que%20la%20bona%20pr%C3%A0ctica%20compleixi%20els%20requisits\"><strong>coordinaci\u00f3 del PQiMC<\/strong><\/a>\u00a0o b\u00e9 publicar-la directament a la\u00a0<a href=\"http:\/\/odissea.xtec.cat\/mod\/data\/view.php?id=351068\"><strong>base de dades del Moodle<\/strong><\/a>,\u00a0despr\u00e8s de la seva validaci\u00f3 es publicar\u00e0 al curs Moodle del PQiMC.<\/p>\n<ol start=\"10\">\n<li>Lloc per accedir a l&#8217;intercanvi de bones pr\u00e0ctiques<\/li>\n<\/ol>\n<p>Cal accedir al curs\u00a0<a href=\"http:\/\/odissea.xtec.cat\/course\/view.php?id=2290\"><strong>Moodle del PQiMC<\/strong><\/a>, apartat del tema de bones pr\u00e0ctiques.<\/p>\n<p>*** Important: l&#8217;acc\u00e9s es permet com a visitant<\/p>\n","protected":false},"excerpt":{"rendered":"<ol>\n<li> Introducci\u00f3<\/li>\n<\/ol>\n<p>L\u2019objectiu d\u2019aquest document \u00e9s l\u2019establiment d\u2019una sistem\u00e0tica per definir, detectar, validar, promocionar i transferir les Bones Pr\u00e0ctiques en un centre educatiu en que la gesti\u00f3 es basa en les metodologies de la qualitat, est\u00e0 certificat segons la norma ISO 9001 o fins tot, ha&hellip;  <a href=\"https:\/\/projectes.xtec.cat\/qualitatfp\/bones-practiques\/\" title=\"Read Bones pr\u00e0ctiques\">Llegeix m\u00e9s\u00bb<\/a><\/p>\n","protected":false},"author":1,"featured_media":0,"parent":0,"menu_order":0,"comment_status":"closed","ping_status":"closed","template":"page-templates\/side-menu.php","meta":{"_bbp_topic_count":0,"_bbp_reply_count":0,"_bbp_total_topic_count":0,"_bbp_total_reply_count":0,"_bbp_voice_count":0,"_bbp_anonymous_reply_count":0,"_bbp_topic_count_hidden":0,"_bbp_reply_count_hidden":0,"_bbp_forum_subforum_count":0,"footnotes":""},"class_list":["post-8556","page","type-page","status-publish","hentry"],"post_mailing_queue_ids":[],"_links":{"self":[{"href":"https:\/\/projectes.xtec.cat\/qualitatfp\/wp-json\/wp\/v2\/pages\/8556","targetHints":{"allow":["GET"]}}],"collection":[{"href":"https:\/\/projectes.xtec.cat\/qualitatfp\/wp-json\/wp\/v2\/pages"}],"about":[{"href":"https:\/\/projectes.xtec.cat\/qualitatfp\/wp-json\/wp\/v2\/types\/page"}],"author":[{"embeddable":true,"href":"https:\/\/projectes.xtec.cat\/qualitatfp\/wp-json\/wp\/v2\/users\/1"}],"replies":[{"embeddable":true,"href":"https:\/\/projectes.xtec.cat\/qualitatfp\/wp-json\/wp\/v2\/comments?post=8556"}],"version-history":[{"count":3,"href":"https:\/\/projectes.xtec.cat\/qualitatfp\/wp-json\/wp\/v2\/pages\/8556\/revisions"}],"predecessor-version":[{"id":10274,"href":"https:\/\/projectes.xtec.cat\/qualitatfp\/wp-json\/wp\/v2\/pages\/8556\/revisions\/10274"}],"wp:attachment":[{"href":"https:\/\/projectes.xtec.cat\/qualitatfp\/wp-json\/wp\/v2\/media?parent=8556"}],"curies":[{"name":"wp","href":"https:\/\/api.w.org\/{rel}","templated":true}]}}