{"id":8568,"date":"2020-05-22T02:54:07","date_gmt":"2020-05-22T00:54:07","guid":{"rendered":"https:\/\/projectes.xtec.cat\/qualitatfp\/?page_id=8568"},"modified":"2025-05-12T20:24:12","modified_gmt":"2025-05-12T18:24:12","slug":"qcampusfp","status":"publish","type":"page","link":"https:\/\/projectes.xtec.cat\/qualitatfp\/formacio-en-qualitat\/qcampusfp\/","title":{"rendered":"qCampusFP#"},"content":{"rendered":"<p dir=\"ltr\" style=\"text-align: justify;\">Neix com el campus d&#8217;estiu de formaci\u00f3 dels programes i projectes de la Subdirecci\u00f3 General de Programes i Projectes dins de la Direcci\u00f3 General d&#8217;FP.<\/p>\n<p dir=\"ltr\" style=\"text-align: justify;\">Parteix del <strong>qCampus<\/strong>, una experi\u00e8ncia pionera a nivell europeu, en qu\u00e8 durant una setmana a l&#8217;any, professors i professores d&#8217;arreu de Catalunya, des de l&#8217;any 2006, participen en activitats formatives amb l&#8217;objectiu d&#8217;incrementar el coneixement de conceptes, eines i sistemes de gesti\u00f3 de la Qualitat, tant pel professorat dels centres que formen part d&#8217;algun dels programes i projectes d&#8217;aquesta sub-direcci\u00f3 del Departament d&#8217;Educaci\u00f3, com pel professorat d&#8217;altres centres que puguin estar interessats. La formaci\u00f3 \u00e9s complement\u00e0ria o b\u00e9 d&#8217;introducci\u00f3 a la desenvolupada dins dels grups de treballs i Xarxes dels Programes d&#8217;aquesta subdirecci\u00f3; la metodologia emprada combina els conceptes, l&#8217;estudi de casos i la realitzaci\u00f3 d&#8217;activitats, amb la finalitat d&#8217;establir xarxes de coneixement i incrementar el valor de les relacions i la cooperaci\u00f3 que es cre\u00ef durant la setmana que dura l&#8217;esdeveniment.<\/p>\n<p>Un curs m\u00e9s us presentem una nova edici\u00f3 del qCampusFP. A continuaci\u00f3 podeu trobar les formacions que, des del PQiMC, hem preparat per tots\/totes vosaltres amb els enlla\u00e7os per fer les inscripcions.<\/p>\n<p><strong>Tots els cursos que ofereix el programa de qualitat seran en l\u00ednia sincr\u00f2nics en horari de 9.00 a 14.00 h excepte el curs <a href=\"https:\/\/aplicacions.gestioeducativa.gencat.cat\/ords\/pls\/soloas\/pk_for_mod_ins.p_for_detall_activitat?p_header=Llista%20d%27activitats%5Epk_for_mod_ins.p_for_cons_activitats?p_any=2024-2025%26p_totes=N%26p_inici=91%26p_excloure_crp_rec=T&amp;p_codi=0004950600&amp;p_curs=2024-2025&amp;p_excloure_crp_rec=T\" target=\"_blank\" rel=\"noopener\"><span style=\"font-weight: 400;\"><span style=\"text-decoration: underline;\"><span style=\"color: #2f5d5d;\">Gesti\u00f3 documental de qualitat amb eines Google, web, Moodle<\/span><\/span><\/span><\/a> que es realitzar\u00e0 de 15 a 20 h.<\/strong><\/p>\n<p>El curs amb codi IQ \u00e9s de 15 h: tres sessions de 5 h cadascuna. A l&#8217;igual que el curs amb codi GQA.<\/p>\n<p>La resta s\u00f3n cursos de 5 h (una sola sessi\u00f3).<\/p>\n<table style=\"height: 317px; width: 100%; border-collapse: collapse; border-style: solid; border-color: #000000;\">\n<tbody>\n<tr style=\"height: 32px;\">\n<td style=\"width: 20%; height: 32px; border-style: solid; border-color: #000000;\"><strong>DILLUNS 7<\/strong><\/td>\n<td style=\"width: 20%; height: 32px; border-style: solid; border-color: #000000;\"><strong>DIMARTS 8<\/strong><\/td>\n<td style=\"width: 20%; height: 32px; border-style: solid; border-color: #000000;\"><strong>DIMECRES 9<\/strong><\/td>\n<td style=\"width: 20%; height: 32px; border-style: solid; border-color: #000000;\"><strong>DIJOUS 10<\/strong><\/td>\n<td style=\"width: 20%; height: 32px; border-style: solid; border-color: #000000;\"><strong>DIVENDRES 11<\/strong><\/td>\n<\/tr>\n<tr style=\"height: 63px;\">\n<td style=\"width: 20%; height: 63px; border-style: solid; border-color: #000000;\"><a href=\"https:\/\/aplicacions.gestioeducativa.gencat.cat\/ords\/pls\/soloas\/pk_for_mod_ins.p_for_detall_activitat?p_header=Llista%20d%27activitats%5Epk_for_mod_ins.p_for_cons_activitats?p_any=2024-2025%26p_totes=N%26p_inici=51%26p_excloure_crp_rec=T&amp;p_codi=0004470600&amp;p_curs=2024-2025&amp;p_excloure_crp_rec=T\" target=\"_blank\" rel=\"noopener\"><span style=\"font-weight: 400;\"><span style=\"text-decoration: underline;\"><strong><span style=\"color: #2f5d5d;\">IQ: 1-Introducci\u00f3 a la gesti\u00f3 de qualitat en un centre educatiu<\/span><\/strong><\/span><\/span><\/a><\/td>\n<td style=\"width: 20%; height: 63px; border-style: solid; border-color: #000000;\"><a href=\"https:\/\/aplicacions.gestioeducativa.gencat.cat\/ords\/pls\/soloas\/pk_for_mod_ins.p_for_detall_activitat?p_header=Llista%20d%27activitats%5Epk_for_mod_ins.p_for_cons_activitats?p_any=2024-2025%26p_totes=N%26p_inici=61%26p_excloure_crp_rec=T&amp;p_codi=0004530600&amp;p_curs=2024-2025&amp;p_excloure_crp_rec=T\" target=\"_blank\" rel=\"noopener\"><span style=\"font-weight: 400;\"><span style=\"text-decoration: underline;\"><strong><span style=\"color: #2f5d5d;\">GQA: 1-Eines per la detecci\u00f3, l&#8217;an\u00e0lisi i avaluaci\u00f3 dels riscos<\/span><\/strong><\/span><\/span><\/a><\/td>\n<td style=\"width: 20%; height: 63px; border-style: solid; border-color: #000000;\"><a href=\"https:\/\/aplicacions.gestioeducativa.gencat.cat\/ords\/pls\/soloas\/pk_for_mod_ins.p_for_detall_activitat?p_header=Llista%20d%27activitats%5Epk_for_mod_ins.p_for_cons_activitats?p_any=2024-2025%26p_totes=N%26p_inici=51%26p_excloure_crp_rec=T&amp;p_codi=0004470600&amp;p_curs=2024-2025&amp;p_excloure_crp_rec=T\" target=\"_blank\" rel=\"noopener\"><span style=\"font-weight: 400;\"><span style=\"text-decoration: underline;\"><strong><span style=\"color: #2f5d5d;\">IQ: 2-La gesti\u00f3 per processos<\/span><\/strong><\/span><\/span><\/a><\/td>\n<td style=\"width: 20%; height: 63px; border-style: solid; border-color: #000000;\"><a href=\"https:\/\/aplicacions.gestioeducativa.gencat.cat\/ords\/pls\/soloas\/pk_for_mod_ins.p_for_detall_activitat?p_header=Llista%20d%27activitats%5Epk_for_mod_ins.p_for_cons_activitats?p_any=2024-2025%26p_totes=N%26p_inici=51%26p_excloure_crp_rec=T&amp;p_codi=0004460600&amp;p_curs=2024-2025&amp;p_excloure_crp_rec=T\" target=\"_blank\" rel=\"noopener\"><span style=\"font-weight: 400;\"><span style=\"text-decoration: underline;\"><strong><span style=\"color: #2f5d5d;\">Introducci\u00f3 d&#8217;un sistema integrat de gesti\u00f3 ISO 9001, ISO 14001, ISO 45001<\/span><\/strong><\/span><\/span><\/a><\/td>\n<td style=\"width: 20%; height: 63px; border-style: solid; border-color: #000000;\"><a href=\"https:\/\/aplicacions.gestioeducativa.gencat.cat\/ords\/pls\/soloas\/pk_for_mod_ins.p_for_detall_activitat?p_header=Llista%20d%27activitats%5Epk_for_mod_ins.p_for_cons_activitats?p_any=2024-2025%26p_totes=N%26p_inici=51%26p_excloure_crp_rec=T&amp;p_codi=0004470600&amp;p_curs=2024-2025&amp;p_excloure_crp_rec=T\" target=\"_blank\" rel=\"noopener\"><span style=\"font-weight: 400;\"><span style=\"text-decoration: underline;\"><strong><span style=\"color: #2f5d5d;\">IQ: 3-Auditories internes<\/span><\/strong><\/span><\/span><\/a><\/td>\n<\/tr>\n<tr style=\"height: 32px;\">\n<td style=\"width: 20%; height: 32px; border-style: double; border-color: #000000;\">C\u00e8sar Riola<\/td>\n<td style=\"width: 20%; height: 32px; border-style: solid; border-color: #000000;\">Joan Daniel Subirats<\/td>\n<td style=\"width: 20%; height: 32px; border-style: solid; border-color: #000000;\">Nedi Bosch<\/td>\n<td style=\"width: 20%; height: 32px; border-style: solid; border-color: #000000;\">Pepita Oms<\/td>\n<td style=\"width: 20%; height: 32px; border-style: solid; border-color: #000000;\">Mar Costa<\/td>\n<\/tr>\n<tr style=\"height: 63px;\">\n<td style=\"width: 20%; height: 63px; background-color: #ffffff; border-style: none;\"><\/td>\n<td style=\"width: 20%; height: 63px; border-style: solid; border-color: #000000;\"><a href=\"https:\/\/aplicacions.gestioeducativa.gencat.cat\/ords\/pls\/soloas\/pk_for_mod_ins.p_for_detall_activitat?p_header=Llista%20d%27activitats%5Epk_for_mod_ins.p_for_cons_activitats?p_any=2024-2025%26p_totes=N%26p_inici=81%26p_excloure_crp_rec=T&amp;p_codi=0005120600&amp;p_curs=2024-2025&amp;p_excloure_crp_rec=T\" target=\"_blank\" rel=\"noopener\"><span style=\"font-weight: 400;\"><span style=\"text-decoration: underline;\"><strong><span style=\"color: #2f5d5d;\">Gesti\u00f3 i desenvolupament de les auditories integrades ISO 9001, 14001 i 45001<\/span><\/strong><\/span><\/span><\/a><\/td>\n<td style=\"width: 20%; height: 63px; border-style: solid; border-color: #000000;\"><a href=\"https:\/\/aplicacions.gestioeducativa.gencat.cat\/ords\/pls\/soloas\/pk_for_mod_ins.p_for_detall_activitat?p_header=Llista%20d%27activitats%5Epk_for_mod_ins.p_for_cons_activitats?p_any=2024-2025%26p_totes=N%26p_inici=61%26p_excloure_crp_rec=T&amp;p_codi=0004530600&amp;p_curs=2024-2025&amp;p_excloure_crp_rec=T\" target=\"_blank\" rel=\"noopener\"><span style=\"font-weight: 400;\"><span style=\"text-decoration: underline;\"><strong><span style=\"color: #2f5d5d;\">GQA: 2-Gesti\u00f3 dels indicadors amb l&#8217;eina EPIQ<\/span><\/strong><\/span><\/span><\/a><\/td>\n<td style=\"width: 20%; height: 63px; border-style: solid; border-color: #000000;\"><a href=\"https:\/\/aplicacions.gestioeducativa.gencat.cat\/ords\/pls\/soloas\/pk_for_mod_ins.p_for_detall_activitat?p_header=Llista%20d%27activitats%5Epk_for_mod_ins.p_for_cons_activitats?p_any=2024-2025%26p_totes=N%26p_inici=61%26p_excloure_crp_rec=T&amp;p_codi=0004530600&amp;p_curs=2024-2025&amp;p_excloure_crp_rec=T\" target=\"_blank\" rel=\"noopener\"><span style=\"font-weight: 400;\"><span style=\"text-decoration: underline;\"><strong><span style=\"color: #2f5d5d;\">GQA: 3-La gesti\u00f3 de la revisi\u00f3 a c\u00e0rrec de la direcci\u00f3 en un centre educatiu<\/span><\/strong><\/span><\/span><\/a><\/td>\n<td style=\"width: 20%; height: 63px; border-style: solid; border-color: #000000;\"><a href=\"https:\/\/aplicacions.gestioeducativa.gencat.cat\/ords\/pls\/soloas\/pk_for_mod_ins.p_for_detall_activitat?p_header=Llista%20d%27activitats%5Epk_for_mod_ins.p_for_cons_activitats?p_any=2024-2025%26p_totes=N%26p_inici=41%26p_excloure_crp_rec=T&amp;p_codi=0004420600&amp;p_curs=2024-2025&amp;p_excloure_crp_rec=T\" target=\"_blank\" rel=\"noopener\"><span style=\"font-weight: 400;\"><span style=\"text-decoration: underline;\"><strong><span style=\"color: #2f5d5d;\">El model e2cat: introducci\u00f3, autoavaluaci\u00f3 i redacci\u00f3 de mem\u00f2ria<\/span><\/strong><\/span><\/span><\/a><\/td>\n<\/tr>\n<tr style=\"height: 32px;\">\n<td style=\"width: 20%; height: 32px; background-color: #ffffff; border-color: #FFFFFF; border-style: none;\"><\/td>\n<td style=\"width: 20%; height: 32px; border-style: solid; border-color: #000000;\">Marta Monreal<\/td>\n<td style=\"width: 20%; height: 32px; border-style: solid; border-color: #000000;\">Xavier Damunt<\/td>\n<td style=\"width: 20%; height: 32px; border-style: solid; border-color: #000000;\">Jordi Sabat\u00e9<\/td>\n<td style=\"width: 20%; height: 32px; border-style: solid; border-color: #000000;\">Dolors Calabuig<\/td>\n<\/tr>\n<tr style=\"height: 63px;\">\n<td style=\"width: 20%; height: 63px; border-style: none; background-color: #ffffff;\"><\/td>\n<td style=\"width: 20%; height: 63px; background-color: #ffffff; border-style: none;\"><\/td>\n<td style=\"width: 20%; height: 63px; border-style: solid; border-color: #000000;\"><a href=\"https:\/\/aplicacions.gestioeducativa.gencat.cat\/ords\/pls\/soloas\/pk_for_mod_ins.p_for_detall_activitat?p_header=Llista%20d%27activitats%5Epk_for_mod_ins.p_for_cons_activitats?p_any=2024-2025%26p_totes=N%26p_inici=91%26p_excloure_crp_rec=T&amp;p_codi=0004950600&amp;p_curs=2024-2025&amp;p_excloure_crp_rec=T\" target=\"_blank\" rel=\"noopener\"><span style=\"font-weight: 400;\"><span style=\"text-decoration: underline;\"><strong><span style=\"color: #2f5d5d;\">Gesti\u00f3 documental de qualitat amb eines Google, web, Moodle<\/span><\/strong><\/span><\/span><\/a><\/td>\n<td style=\"width: 20%; height: 63px; background-color: #ffffff; border-style: none;\"><\/td>\n<td style=\"width: 20%; height: 63px; background-color: #ffffff; border-style: none;\"><\/td>\n<\/tr>\n<tr style=\"height: 32px;\">\n<td style=\"width: 20%; height: 32px; border-style: none;\"><\/td>\n<td style=\"width: 20%; height: 32px; border-style: none; background-color: #ffffff;\"><\/td>\n<td style=\"width: 20%; height: 32px; border-style: solid; border-color: #000000;\">Ricardo Mart\u00ednez<\/td>\n<td style=\"width: 20%; height: 32px; border-style: none;\"><\/td>\n<td style=\"width: 20%; height: 32px; border-style: none;\"><\/td>\n<\/tr>\n<\/tbody>\n<\/table>\n<p>&nbsp;<\/p>\n<p><strong><a href=\"https:\/\/sites.google.com\/xtec.cat\/qcampusfp2024\/inici?pli=1\" target=\"_blank\" rel=\"noopener\"><span style=\"font-weight: 400;\"><span style=\"text-decoration: underline;\"><strong><span style=\"color: #2f5d5d;\">qCampusFP#2024<\/span><\/strong><\/span><\/span><\/a><\/strong><\/p>\n<p><strong><a href=\"https:\/\/sites.google.com\/xtec.cat\/qcampusfp2023\/inici\" target=\"_blank\" rel=\"noopener\"><span style=\"font-weight: 400;\"><span style=\"text-decoration: underline;\"><strong><span style=\"color: #2f5d5d;\">qCampusFP#2023<\/span><\/strong><\/span><\/span><\/a><\/strong><\/p>\n<p><strong><a href=\"https:\/\/sites.google.com\/xtec.cat\/qcampusfp2022\" target=\"_blank\" rel=\"noopener\"><span style=\"font-weight: 400;\"><span style=\"text-decoration: underline;\"><strong><span style=\"color: #2f5d5d;\">qCampusFP#2022<\/span><\/strong><\/span><\/span><\/a><\/strong><\/p>\n<p><strong><a href=\"https:\/\/sites.google.com\/xtec.cat\/qcampusfp2021\" target=\"_blank\" rel=\"noopener\"><span style=\"font-weight: 400;\"><span style=\"text-decoration: underline;\"><strong><span style=\"color: #2f5d5d;\">qCampusFP#2021<\/span><\/strong><\/span><\/span><\/a><\/strong><\/p>\n<p><strong><a href=\"https:\/\/sites.google.com\/xtec.cat\/qcampusfp2020\" target=\"_blank\" rel=\"noopener\"><span style=\"font-weight: 400;\"><span style=\"text-decoration: underline;\"><strong><span style=\"color: #2f5d5d;\"><strong>qCampusFP#2020<\/strong><\/span><\/strong><\/span><\/span><\/a><\/strong><\/p>\n<p><strong><a href=\"https:\/\/projectes.xtec.cat\/qualitatfp\/wp-content\/uploads\/usu772\/2020\/06\/q_campus_1819_xtec_v1.pdf\" target=\"_blank\" rel=\"noopener\"><span style=\"font-weight: 400;\"><span style=\"text-decoration: underline;\"><strong><span style=\"color: #2f5d5d;\"><strong>qCampusFP#2019<\/strong><\/span><\/strong><\/span><\/span><\/a><\/strong><\/p>\n<p><strong><a href=\"https:\/\/projectes.xtec.cat\/qualitatfp\/wp-content\/uploads\/usu772\/2020\/06\/q_campus_1718.pdf\" target=\"_blank\" rel=\"noopener\"><span style=\"font-weight: 400;\"><span style=\"text-decoration: underline;\"><strong><span style=\"color: #2f5d5d;\">qCampusFP#2018<\/span><\/strong><\/span><\/span><\/a><\/strong><\/p>\n","protected":false},"excerpt":{"rendered":"<p>Neix com el campus d&#8217;estiu de formaci\u00f3 dels programes i projectes de la Subdirecci\u00f3 General de Programes i Projectes dins de la Direcci\u00f3 General d&#8217;FP.<br \/>\nParteix del qCampus, una experi\u00e8ncia pionera a nivell europeu, en qu\u00e8 durant una setmana a l&#8217;any, professors i professores d&#8217;arreu de&hellip;  <a href=\"https:\/\/projectes.xtec.cat\/qualitatfp\/formacio-en-qualitat\/qcampusfp\/\" title=\"Read qCampusFP#\">Llegeix m\u00e9s\u00bb<\/a><\/p>\n","protected":false},"author":1,"featured_media":0,"parent":10118,"menu_order":10,"comment_status":"closed","ping_status":"closed","template":"page-templates\/side-menu.php","meta":{"_bbp_topic_count":0,"_bbp_reply_count":0,"_bbp_total_topic_count":0,"_bbp_total_reply_count":0,"_bbp_voice_count":0,"_bbp_anonymous_reply_count":0,"_bbp_topic_count_hidden":0,"_bbp_reply_count_hidden":0,"_bbp_forum_subforum_count":0,"footnotes":""},"class_list":["post-8568","page","type-page","status-publish","hentry"],"post_mailing_queue_ids":[],"_links":{"self":[{"href":"https:\/\/projectes.xtec.cat\/qualitatfp\/wp-json\/wp\/v2\/pages\/8568","targetHints":{"allow":["GET"]}}],"collection":[{"href":"https:\/\/projectes.xtec.cat\/qualitatfp\/wp-json\/wp\/v2\/pages"}],"about":[{"href":"https:\/\/projectes.xtec.cat\/qualitatfp\/wp-json\/wp\/v2\/types\/page"}],"author":[{"embeddable":true,"href":"https:\/\/projectes.xtec.cat\/qualitatfp\/wp-json\/wp\/v2\/users\/1"}],"replies":[{"embeddable":true,"href":"https:\/\/projectes.xtec.cat\/qualitatfp\/wp-json\/wp\/v2\/comments?post=8568"}],"version-history":[{"count":6,"href":"https:\/\/projectes.xtec.cat\/qualitatfp\/wp-json\/wp\/v2\/pages\/8568\/revisions"}],"predecessor-version":[{"id":13553,"href":"https:\/\/projectes.xtec.cat\/qualitatfp\/wp-json\/wp\/v2\/pages\/8568\/revisions\/13553"}],"up":[{"embeddable":true,"href":"https:\/\/projectes.xtec.cat\/qualitatfp\/wp-json\/wp\/v2\/pages\/10118"}],"wp:attachment":[{"href":"https:\/\/projectes.xtec.cat\/qualitatfp\/wp-json\/wp\/v2\/media?parent=8568"}],"curies":[{"name":"wp","href":"https:\/\/api.w.org\/{rel}","templated":true}]}}