{"id":9325,"date":"2021-03-09T21:41:47","date_gmt":"2021-03-09T20:41:47","guid":{"rendered":"https:\/\/projectes.xtec.cat\/qualitatfp\/?page_id=9325"},"modified":"2023-07-15T19:42:05","modified_gmt":"2023-07-15T17:42:05","slug":"xvii-jornada-de-qualitat","status":"publish","type":"page","link":"https:\/\/projectes.xtec.cat\/qualitatfp\/projectes\/jornades-de-difusio\/jornada-de-qualitat\/xvii-jornada-de-qualitat\/","title":{"rendered":"XVII Jornada de qualitat"},"content":{"rendered":"<p>7 de novembre de 2019, de 08.30 a 14.30h, Campus de la Universitat Aut\u00f2noma de Barcelona, Hotel exe Campus<\/p>\n<p><a href=\"https:\/\/projectes.xtec.cat\/qualitatfp\/wp-content\/uploads\/usu772\/2021\/03\/Fullet-programa-2019.pdf\" target=\"_blank\" rel=\"noopener noreferrer\">Tr\u00edptic informatiu de la XVII Jornada de Qualitat a l&#8217;Ensenyament<\/a><\/p>\n<p><a href=\"https:\/\/projectes.xtec.cat\/qualitatfp\/wp-content\/uploads\/usu772\/2021\/03\/programa_xvii_jornada_qualitat.pdf\" target=\"_blank\" rel=\"noopener noreferrer\">Programa de la XVII Jornada de Qualitat de l&#8217;Ensenyament<\/a><\/p>\n<p>Acc\u00e9s a les inscripcions de professorat amb compte XTEC<\/p>\n<p>Acc\u00e9s a les inscripcions per al p\u00fablic que NO t\u00e9 compte XTEC<\/p>\n<p><a href=\"https:\/\/projectes.xtec.cat\/qualitatfp\/wp-content\/uploads\/usu772\/2021\/03\/Presentacio-de-la-XVII-Jornada-de-Qualitat-a-lEnsenyament_vd.pdf\" target=\"_blank\" rel=\"noopener noreferrer\">Presentaci\u00f3 de la XVII Jornada de Qualitat a l&#8217;Ensenyament<\/a><\/p>\n<p><a href=\"https:\/\/projectes.xtec.cat\/qualitatfp\/wp-content\/uploads\/usu772\/2021\/03\/DG_XVII-Jornada-de-Qualitat-a-lEnsenyament.pdf\" target=\"_blank\" rel=\"noopener noreferrer\">Reptes de la Formaci\u00f3 Professional i dels Ensenyaments de R\u00e8gim Especial. Joan-Llu\u00eds Espin\u00f3s<\/a><\/p>\n<p><a href=\"https:\/\/projectes.xtec.cat\/qualitatfp\/wp-content\/uploads\/usu772\/2021\/03\/Simon-Dolan-presentacio-JdQ.pdf\" target=\"_blank\" rel=\"noopener noreferrer\">La gesti\u00f3n del talento en las organizaciones. Simon Dolan<\/a><\/p>\n<p><a href=\"https:\/\/view.genial.ly\/5db9c48569e09e0f461b9171\/presentation-lescaperoom-i-laprenentatge-competencial\" target=\"_blank\" rel=\"noopener noreferrer\">Activitat interactiva: Escape Room, l&#8217;enigma de la qualitat<\/a><\/p>\n<p><a href=\"https:\/\/projectes.xtec.cat\/qualitatfp\/wp-content\/uploads\/usu772\/2021\/03\/SDG-e2cat-XVII-JdQ.pdf\" target=\"_blank\" rel=\"noopener noreferrer\">El model d&#8217;excel\u00b7l\u00e8ncia en la gesti\u00f3 e2cat. J.A. Andr\u00e9s Villena<\/a><\/p>\n<p><a href=\"https:\/\/projectes.xtec.cat\/qualitatfp\/wp-content\/uploads\/usu772\/2021\/03\/Amelia-Tey-presentacio-JdQ.pdf\" target=\"_blank\" rel=\"noopener noreferrer\">La gesti\u00f3 del talent a l\u2019aula. Am\u00e8lia Tey<\/a><\/p>\n<p><a href=\"https:\/\/govern.cat\/salapremsa\/notes-premsa\/378925\/bargallo-la-maxima-fonamental-politica-educativa-qual-trobem-avui-millora\" target=\"_blank\" rel=\"noopener noreferrer\">Not\u00edcia de premsa de la Jornada<\/a><\/p>\n<p><a href=\"https:\/\/photos.app.goo.gl\/LGCEj5pkVubWejUS6\" target=\"_blank\" rel=\"noopener noreferrer\">Recull fotogr\u00e0fic<\/a><\/p>\n<p><a href=\"https:\/\/www.youtube.com\/watch?v=pCscsexYp1w\" target=\"_blank\" rel=\"noopener noreferrer\">V\u00eddeos de la Jornada<\/a><\/p>\n<p><a href=\"https:\/\/projectes.xtec.cat\/qualitatfp\/wp-content\/uploads\/usu772\/2021\/03\/Informe-enquesta-valoracio-XVII-Jornada-de-Qualitat-a-lensenyament.pdf\" target=\"_blank\" rel=\"noopener noreferrer\">Resultat de les enquestes de satisfacci\u00f3<\/a><\/p>\n","protected":false},"excerpt":{"rendered":"<p>7 de novembre de 2019, de 08.30 a 14.30h, Campus de la Universitat Aut\u00f2noma de Barcelona, Hotel exe Campus<br \/>\n<a href=\"https:\/\/projectes.xtec.cat\/qualitatfp\/wp-content\/uploads\/usu772\/2021\/03\/Fullet-programa-2019.pdf\" target=\"_blank\" rel=\"noopener noreferrer\">Tr\u00edptic informatiu de la XVII Jornada de Qualitat a l&#8217;Ensenyament<\/a><br \/>\n<a href=\"https:\/\/projectes.xtec.cat\/qualitatfp\/wp-content\/uploads\/usu772\/2021\/03\/programa_xvii_jornada_qualitat.pdf\" target=\"_blank\" rel=\"noopener noreferrer\">Programa de la XVII Jornada de Qualitat de l&#8217;Ensenyament<\/a><br \/>\nAcc\u00e9s a&hellip;  <a href=\"https:\/\/projectes.xtec.cat\/qualitatfp\/projectes\/jornades-de-difusio\/jornada-de-qualitat\/xvii-jornada-de-qualitat\/\" title=\"Read XVII Jornada de qualitat\">Llegeix m\u00e9s\u00bb<\/a><\/p>\n","protected":false},"author":1,"featured_media":0,"parent":8565,"menu_order":30,"comment_status":"closed","ping_status":"closed","template":"page-templates\/side-menu.php","meta":{"_bbp_topic_count":0,"_bbp_reply_count":0,"_bbp_total_topic_count":0,"_bbp_total_reply_count":0,"_bbp_voice_count":0,"_bbp_anonymous_reply_count":0,"_bbp_topic_count_hidden":0,"_bbp_reply_count_hidden":0,"_bbp_forum_subforum_count":0,"footnotes":""},"class_list":["post-9325","page","type-page","status-publish","hentry"],"post_mailing_queue_ids":[],"_links":{"self":[{"href":"https:\/\/projectes.xtec.cat\/qualitatfp\/wp-json\/wp\/v2\/pages\/9325","targetHints":{"allow":["GET"]}}],"collection":[{"href":"https:\/\/projectes.xtec.cat\/qualitatfp\/wp-json\/wp\/v2\/pages"}],"about":[{"href":"https:\/\/projectes.xtec.cat\/qualitatfp\/wp-json\/wp\/v2\/types\/page"}],"author":[{"embeddable":true,"href":"https:\/\/projectes.xtec.cat\/qualitatfp\/wp-json\/wp\/v2\/users\/1"}],"replies":[{"embeddable":true,"href":"https:\/\/projectes.xtec.cat\/qualitatfp\/wp-json\/wp\/v2\/comments?post=9325"}],"version-history":[{"count":3,"href":"https:\/\/projectes.xtec.cat\/qualitatfp\/wp-json\/wp\/v2\/pages\/9325\/revisions"}],"predecessor-version":[{"id":12096,"href":"https:\/\/projectes.xtec.cat\/qualitatfp\/wp-json\/wp\/v2\/pages\/9325\/revisions\/12096"}],"up":[{"embeddable":true,"href":"https:\/\/projectes.xtec.cat\/qualitatfp\/wp-json\/wp\/v2\/pages\/8565"}],"wp:attachment":[{"href":"https:\/\/projectes.xtec.cat\/qualitatfp\/wp-json\/wp\/v2\/media?parent=9325"}],"curies":[{"name":"wp","href":"https:\/\/api.w.org\/{rel}","templated":true}]}}