{"id":9358,"date":"2021-03-09T22:17:19","date_gmt":"2021-03-09T21:17:19","guid":{"rendered":"https:\/\/projectes.xtec.cat\/qualitatfp\/?page_id=9358"},"modified":"2023-07-15T19:42:59","modified_gmt":"2023-07-15T17:42:59","slug":"xv-jornada-de-qualitat","status":"publish","type":"page","link":"https:\/\/projectes.xtec.cat\/qualitatfp\/projectes\/jornades-de-difusio\/jornada-de-qualitat\/xv-jornada-de-qualitat\/","title":{"rendered":"XV Jornada de qualitat"},"content":{"rendered":"<p>9 de novembre de 2017, de 08.30 a 14.30 h, Campus de la Universitat Aut\u00f2noma de Barcelona, Hotel Campus de la UAB<\/p>\n<p><a href=\"https:\/\/projectes.xtec.cat\/qualitatfp\/wp-content\/uploads\/usu772\/2021\/03\/Fullet-programa-2017.pdf\" target=\"_blank\" rel=\"noopener noreferrer\">Tr\u00edptic informatiu de la XV Jornada de Qualitat a l&#8217;Ensenyament<\/a><\/p>\n<p><a href=\"https:\/\/projectes.xtec.cat\/qualitatfp\/wp-content\/uploads\/usu772\/2021\/03\/programa_xv_jornada_qualitat_v03.pdf\" target=\"_blank\" rel=\"noopener noreferrer\">Programa de la XV Jornada de Qualitat a l&#8217;Ensenyament<\/a><\/p>\n<p>Acc\u00e9s a les inscripcions de professorat amb compte XTEC<\/p>\n<p>Acc\u00e9s a les inscripcions per al p\u00fablic que NO t\u00e9 compte XTEC<\/p>\n<p><a title=\"Presentaci\u00f3 de la XV Jornada de Qualitat a l'Ensenyament\" href=\"https:\/\/projectes.xtec.cat\/qualitatfp\/wp-content\/uploads\/usu772\/2021\/03\/0_presentacio_XV_jornada_qualitat_ensenyament.pdf\" target=\"_blank\" rel=\"noopener noreferrer\">Presentaci\u00f3 de la XV Jornada de Qualitat a l&#8217;Ensenyament<\/a><\/p>\n<p><a title=\"Presentaci\u00f3 del PQiMC\" href=\"https:\/\/projectes.xtec.cat\/qualitatfp\/wp-content\/uploads\/usu772\/2021\/03\/1_presentacio_del_PQiMC.pdf\" target=\"_blank\" rel=\"noopener noreferrer\">Presentaci\u00f3 del PQiMC<\/a><\/p>\n<p><a title=\"Els agents del model e2Cat INS Baix Camp de Reus\" href=\"https:\/\/projectes.xtec.cat\/qualitatfp\/wp-content\/uploads\/usu772\/2021\/03\/2_els_agents_model_e2cat_INS_Baix_Camp_Reus.pdf\" target=\"_blank\" rel=\"noopener noreferrer\">Els agents del model e2Cat INS Baix Camp de Reus<\/a><\/p>\n<p><a title=\"Lideratge pel canvi. Escola Virolai.\" href=\"https:\/\/projectes.xtec.cat\/qualitatfp\/wp-content\/uploads\/usu772\/2021\/03\/3_lideratge_pel_canvi_Escola_Virolai.pdf\" target=\"_blank\" rel=\"noopener noreferrer\">Lideratge pel canvi. Escola Virolai.<\/a><\/p>\n<p><a title=\"Comunicacci\u00f3. Pau Font.\" href=\"https:\/\/projectes.xtec.cat\/qualitatfp\/wp-content\/uploads\/usu772\/2021\/03\/4_comuniaccio_Pau_Font.pdf\" target=\"_blank\" rel=\"noopener noreferrer\">Comunicacci\u00f3. Pau Font.<\/a><\/p>\n<p><a href=\"https:\/\/projectes.xtec.cat\/qualitatfp\/wp-content\/uploads\/usu772\/2021\/03\/FPC0403_ENQUESTA-XV-JORNADA-DE-QUALITAT-A-LENSENYAMENT-17_18.pdf\" target=\"_blank\" rel=\"noopener noreferrer\">Resultats de les enquestes de satisfacci\u00f3<\/a><\/p>\n<p><a href=\"https:\/\/photos.google.com\/share\/AF1QipNApTPPJ8qg-GF_BeSUg8lqS-_XnReBEsaaVpU15EQ61aNPrtfn_FOoouaJSOpKAg?key=Nl9HNk9FQnluSE1ZU19aSHBlOEJYV3ZfdDdZeVRn\" target=\"_blank\" rel=\"noopener noreferrer\">Recull fotogr\u00e0fic i v\u00eddeos de la Jornada<\/a><\/p>\n","protected":false},"excerpt":{"rendered":"<p>9 de novembre de 2017, de 08.30 a 14.30 h, Campus de la Universitat Aut\u00f2noma de Barcelona, Hotel Campus de la UAB<br \/>\n<a href=\"https:\/\/projectes.xtec.cat\/qualitatfp\/wp-content\/uploads\/usu772\/2021\/03\/Fullet-programa-2017.pdf\" target=\"_blank\" rel=\"noopener noreferrer\">Tr\u00edptic informatiu de la XV Jornada de Qualitat a l&#8217;Ensenyament<\/a><br \/>\n<a href=\"https:\/\/projectes.xtec.cat\/qualitatfp\/wp-content\/uploads\/usu772\/2021\/03\/programa_xv_jornada_qualitat_v03.pdf\" target=\"_blank\" rel=\"noopener noreferrer\">Programa de la XV Jornada de Qualitat&hellip;  <a href=\"https:\/\/projectes.xtec.cat\/qualitatfp\/projectes\/jornades-de-difusio\/jornada-de-qualitat\/xv-jornada-de-qualitat\/\" title=\"Read XV Jornada de qualitat\">Llegeix m\u00e9s\u00bb<\/a><\/p>\n","protected":false},"author":1,"featured_media":0,"parent":8565,"menu_order":50,"comment_status":"closed","ping_status":"closed","template":"page-templates\/side-menu.php","meta":{"_bbp_topic_count":0,"_bbp_reply_count":0,"_bbp_total_topic_count":0,"_bbp_total_reply_count":0,"_bbp_voice_count":0,"_bbp_anonymous_reply_count":0,"_bbp_topic_count_hidden":0,"_bbp_reply_count_hidden":0,"_bbp_forum_subforum_count":0,"footnotes":""},"class_list":["post-9358","page","type-page","status-publish","hentry"],"post_mailing_queue_ids":[],"_links":{"self":[{"href":"https:\/\/projectes.xtec.cat\/qualitatfp\/wp-json\/wp\/v2\/pages\/9358","targetHints":{"allow":["GET"]}}],"collection":[{"href":"https:\/\/projectes.xtec.cat\/qualitatfp\/wp-json\/wp\/v2\/pages"}],"about":[{"href":"https:\/\/projectes.xtec.cat\/qualitatfp\/wp-json\/wp\/v2\/types\/page"}],"author":[{"embeddable":true,"href":"https:\/\/projectes.xtec.cat\/qualitatfp\/wp-json\/wp\/v2\/users\/1"}],"replies":[{"embeddable":true,"href":"https:\/\/projectes.xtec.cat\/qualitatfp\/wp-json\/wp\/v2\/comments?post=9358"}],"version-history":[{"count":3,"href":"https:\/\/projectes.xtec.cat\/qualitatfp\/wp-json\/wp\/v2\/pages\/9358\/revisions"}],"predecessor-version":[{"id":12098,"href":"https:\/\/projectes.xtec.cat\/qualitatfp\/wp-json\/wp\/v2\/pages\/9358\/revisions\/12098"}],"up":[{"embeddable":true,"href":"https:\/\/projectes.xtec.cat\/qualitatfp\/wp-json\/wp\/v2\/pages\/8565"}],"wp:attachment":[{"href":"https:\/\/projectes.xtec.cat\/qualitatfp\/wp-json\/wp\/v2\/media?parent=9358"}],"curies":[{"name":"wp","href":"https:\/\/api.w.org\/{rel}","templated":true}]}}