{"id":9402,"date":"2021-03-09T23:03:06","date_gmt":"2021-03-09T22:03:06","guid":{"rendered":"https:\/\/projectes.xtec.cat\/qualitatfp\/?page_id=9402"},"modified":"2023-07-15T19:44:03","modified_gmt":"2023-07-15T17:44:03","slug":"xii-jornada-de-qualitat","status":"publish","type":"page","link":"https:\/\/projectes.xtec.cat\/qualitatfp\/projectes\/jornades-de-difusio\/jornada-de-qualitat\/xii-jornada-de-qualitat\/","title":{"rendered":"XII Jornada de qualitat"},"content":{"rendered":"<p><strong>13 de novembre de 2014, Campus de la UAB, Hotel Campus<\/strong><\/p>\n<p><a href=\"https:\/\/projectes.xtec.cat\/qualitatfp\/wp-content\/uploads\/usu772\/2021\/03\/programa_xii_jornada_qualitat.pdf\" target=\"_blank\" rel=\"noopener noreferrer\">Programa de la XII Jornada de Qualitat a l&#8217;Ensenyament<\/a><\/p>\n<p>Acc\u00e9s a les inscripcions de professorat amb compte XTEC<\/p>\n<p>Acc\u00e9s a les inscripcions per al p\u00fablic que no t\u00e9 compte XTEC<\/p>\n<p><a href=\"https:\/\/projectes.xtec.cat\/qualitatfp\/wp-content\/uploads\/usu772\/2021\/03\/Fullet-programa-2014.pdf\" target=\"_blank\" rel=\"noopener noreferrer\">Tr\u00edptic informatiu de la XII Jornada de Qualitat a l&#8217;Ensenyament<\/a><\/p>\n<p><a href=\"https:\/\/projectes.xtec.cat\/qualitatfp\/wp-content\/uploads\/usu772\/2021\/03\/resultats_enquesta_14nov14.pdf\" target=\"_blank\" rel=\"noopener noreferrer\">Resultats Enquesta<\/a><\/p>\n<p><a href=\"https:\/\/projectes.xtec.cat\/qualitatfp\/wp-content\/uploads\/usu772\/2021\/03\/noticia_jq14_web_gencat.pdf\" target=\"_blank\" rel=\"noopener noreferrer\">Not\u00edcia de premsa<\/a><\/p>\n<p><a href=\"https:\/\/projectes.xtec.cat\/qualitatfp\/wp-content\/uploads\/usu772\/2021\/03\/presentacio_genral_14.pdf\" target=\"_blank\" rel=\"noopener noreferrer\">Presentaci\u00f3 Jornada<\/a><\/p>\n<p><a href=\"https:\/\/projectes.xtec.cat\/qualitatfp\/wp-content\/uploads\/usu772\/2021\/03\/DG_2014_v3.pdf\" target=\"_blank\" rel=\"noopener noreferrer\">Presentaci\u00f3 DGFPIERE Melcior Arcarons<\/a><\/p>\n<p><a href=\"https:\/\/projectes.xtec.cat\/qualitatfp\/wp-content\/uploads\/usu772\/2021\/03\/rs.pdf\" target=\"_blank\" rel=\"noopener noreferrer\">Presentaci\u00f3 Roser Salavert<\/a><\/p>\n<p><a href=\"https:\/\/photos.google.com\/share\/AF1QipMJ1vGAukJCrrqJgEOlg1CRE55wkvfmDv2KWVrPjhqpVU8K3FEJGQCtp96__j0Q1g?key=Nlo3NnBiWFhzZ1BTTjc2LXREY0RIYzRjY21Sb0FR\">Fotografies<\/a><\/p>\n<p><strong>Proposta inicial de:<\/strong><strong>\u00a0<\/strong><\/p>\n<div class=\"table-responsive pd-15 pd-30 taula_2\">\n<table class=\"table\" width=\"688\">\n<tbody>\n<tr>\n<td width=\"64\"><strong>TAULES<\/strong><\/td>\n<td width=\"624\"><strong>TEMES DE TREBALL:<\/strong><\/td>\n<\/tr>\n<tr>\n<td width=\"64\">1<\/td>\n<td width=\"624\">Metodologies per tal d\u2019assolir els resultats d\u2019aprenentatge d\u2019angl\u00e8s a l\u2019FP<\/td>\n<\/tr>\n<tr>\n<td width=\"64\">2<\/td>\n<td width=\"624\">Seguiment de l&#8217;alumnat: assist\u00e8ncia i incid\u00e8ncies<\/td>\n<\/tr>\n<tr>\n<td width=\"64\">3<\/td>\n<td width=\"624\">L&#8217;FP dual i en alternan\u00e7a<\/td>\n<\/tr>\n<tr>\n<td width=\"64\">4<\/td>\n<td width=\"624\">La tutoria a l&#8217;FP<\/td>\n<\/tr>\n<tr>\n<td width=\"64\">5<\/td>\n<td width=\"624\">La internacionalitzaci\u00f3 de la Formaci\u00f3 Professional<\/td>\n<\/tr>\n<tr>\n<td width=\"64\">6<\/td>\n<td width=\"624\">La gesti\u00f3 del proc\u00e9s d\u2019assessorament i reconeixement de l\u2019experi\u00e8ncia professional<\/td>\n<\/tr>\n<tr>\n<td width=\"64\">7<\/td>\n<td width=\"624\">La gesti\u00f3 de la conviv\u00e8ncia i la cohesi\u00f3 social en els centres<\/td>\n<\/tr>\n<tr>\n<td width=\"64\">8<\/td>\n<td width=\"624\">Gesti\u00f3 de l\u2019emprenedoria en el centre<\/td>\n<\/tr>\n<tr>\n<td width=\"64\">9<\/td>\n<td width=\"624\">Qualitat i la formaci\u00f3 Cont\u00ednua en les Escoles Agr\u00e0ries del Departament d\u2019Agricultura, Ramaderia, Pesca i Alimentaci\u00f3<\/td>\n<\/tr>\n<tr>\n<td width=\"64\">10<\/td>\n<td width=\"624\">La gesti\u00f3 de Qualitat a les Escoles Oficials d\u2019Idiomes<\/td>\n<\/tr>\n<tr>\n<td width=\"64\">11<\/td>\n<td width=\"624\">Els projectes de col\u00b7laboraci\u00f3 de les escoles de m\u00fasica i els centres educatius del seu entorn<\/td>\n<\/tr>\n<tr>\n<td width=\"64\">12<\/td>\n<td width=\"624\">El treball amb la Realitat Augmentada a l\u2019aula<\/td>\n<\/tr>\n<tr>\n<td width=\"64\">13<\/td>\n<td width=\"624\">Les eines 2.0 a l&#8217;aula<\/td>\n<\/tr>\n<tr>\n<td width=\"64\">14<\/td>\n<td width=\"624\">Entorns personals d\u2019aprenentatge<\/td>\n<\/tr>\n<tr>\n<td width=\"64\">15<\/td>\n<td width=\"624\">Flipped classroom<\/td>\n<\/tr>\n<tr>\n<td width=\"64\">16<\/td>\n<td width=\"624\">L\u2019e-portfoli<\/td>\n<\/tr>\n<tr>\n<td width=\"64\">17<\/td>\n<td width=\"624\">Els programaris de gesti\u00f3 de la qualitat als centres<\/td>\n<\/tr>\n<tr>\n<td width=\"64\">18<\/td>\n<td width=\"624\">Treball a l&#8217;aula amb m\u00f2bils i tauletes<\/td>\n<\/tr>\n<tr>\n<td width=\"64\">19<\/td>\n<td width=\"624\">La gesti\u00f3 del proc\u00e9s del sistema inform\u00e0tic<\/td>\n<\/tr>\n<tr>\n<td width=\"64\">20<\/td>\n<td width=\"624\">Impressi\u00f3 en 3D<\/td>\n<\/tr>\n<tr>\n<td width=\"64\">21<\/td>\n<td width=\"624\">Les aliances amb empreses a trav\u00e9s d&#8217;una Fundaci\u00f3<\/td>\n<\/tr>\n<tr>\n<td width=\"64\">22<\/td>\n<td width=\"624\">Els projectes de col\u00b7laboraci\u00f3\u00a0 entre les escoles d\u2019Art\u00a0 i el centres educatius del seu entorn<\/td>\n<\/tr>\n<tr>\n<td width=\"64\">23<\/td>\n<td width=\"624\">Reconeixement dels estudis en projectes de mobilitat internacional (experimentaci\u00f3 ECVET)<\/td>\n<\/tr>\n<tr>\n<td width=\"64\">24<\/td>\n<td width=\"624\">La gesti\u00f3 dels valors<\/td>\n<\/tr>\n<tr>\n<td width=\"64\">25<\/td>\n<td width=\"624\">La gesti\u00f3 del pla de comunicaci\u00f3 del centre<\/td>\n<\/tr>\n<tr>\n<td width=\"64\">26<\/td>\n<td width=\"624\">La gesti\u00f3 de projectes a\u00a0 l&#8217;ESO i BATX<\/td>\n<\/tr>\n<tr>\n<td width=\"64\">27<\/td>\n<td width=\"624\">La gesti\u00f3 de l&#8217;aula \u00a0a les escoles oficials d\u2019idiomes<\/td>\n<\/tr>\n<tr>\n<td width=\"64\">28<\/td>\n<td width=\"624\">L&#8217;avaluaci\u00f3 amb r\u00fabriques<\/td>\n<\/tr>\n<tr>\n<td width=\"64\">29<\/td>\n<td width=\"624\">Aprenentatge cooperatiu<\/td>\n<\/tr>\n<tr>\n<td width=\"64\">30<\/td>\n<td width=\"624\">El centre i la seva\u00a0 vinculaci\u00f3 amb l&#8217;entorn<\/td>\n<\/tr>\n<tr>\n<td width=\"64\">31<\/td>\n<td width=\"624\">Metodologies per realitzar l\u2019auditoria interna del sistema de gesti\u00f3<\/td>\n<\/tr>\n<tr>\n<td width=\"64\">32<\/td>\n<td width=\"624\">L\u2019autoavaluaci\u00f3 del centre<\/td>\n<\/tr>\n<tr>\n<td width=\"64\">33<\/td>\n<td width=\"624\">Els reptes de la nova funci\u00f3 directiva<\/td>\n<\/tr>\n<tr>\n<td width=\"64\">34<\/td>\n<td width=\"624\">La gesti\u00f3 de la innovaci\u00f3<\/td>\n<\/tr>\n<tr>\n<td width=\"64\">35<\/td>\n<td width=\"624\">La gesti\u00f3 de les activitats (complement\u00e0ries) i sortides del centre<\/td>\n<\/tr>\n<tr>\n<td width=\"64\">36<\/td>\n<td width=\"624\">Del pla de direcci\u00f3 al pla estrat\u00e8gic de centre<\/td>\n<\/tr>\n<tr>\n<td width=\"64\">37<\/td>\n<td width=\"624\">L&#8217;\u00fas del qBID per part de les empreses<\/td>\n<\/tr>\n<tr>\n<td width=\"64\">38<\/td>\n<td width=\"624\">Implementaci\u00f3 del sistema de gesti\u00f3 ambiental a l\u2019Institut<\/td>\n<\/tr>\n<tr>\n<td width=\"64\">39<\/td>\n<td width=\"624\">L\u2019impacte de les mesures flexibilitzadores de l\u2019FP, en el proc\u00e9s de la informaci\u00f3 i la matriculaci\u00f3<\/td>\n<\/tr>\n<tr>\n<td width=\"64\">40<\/td>\n<td width=\"624\">La gesti\u00f3 de qualitat en els processos de secret\u00e0ria en l\u2019\u00e0mbit econ\u00f2mic<\/td>\n<\/tr>\n<tr>\n<td width=\"64\">41<\/td>\n<td width=\"624\">Dinamitzaci\u00f3 equips de treball al centre<\/td>\n<\/tr>\n<tr>\n<td width=\"64\">42<\/td>\n<td width=\"624\">La gesti\u00f3 del proc\u00e9s d\u2019ensenyament i aprenentatge<\/td>\n<\/tr>\n<tr>\n<td width=\"64\">43<\/td>\n<td width=\"624\">La gesti\u00f3 dels indicadors i la presa de decisions en la revisi\u00f3 per la direcci\u00f3<\/td>\n<\/tr>\n<tr>\n<td width=\"64\">44<\/td>\n<td width=\"624\">Gesti\u00f3 de les persones del centre<\/td>\n<\/tr>\n<tr>\n<td width=\"64\">45<\/td>\n<td width=\"624\">La gesti\u00f3 del proc\u00e9s de la Prevenci\u00f3 de Riscos Laborals<\/td>\n<\/tr>\n<tr>\n<td width=\"64\">46<\/td>\n<td width=\"624\">La gesti\u00f3 de l\u2019efici\u00e8ncia energ\u00e8tica<\/td>\n<\/tr>\n<tr>\n<td width=\"64\">47<\/td>\n<td width=\"624\">El tractament de les intel\u00b7lig\u00e8ncies m\u00faltiples a l\u2019escola<\/td>\n<\/tr>\n<tr>\n<td width=\"64\">48<\/td>\n<td width=\"624\">Les aliances entre empreses, organitzacions i instituts<\/td>\n<\/tr>\n<tr>\n<td width=\"64\">49<\/td>\n<td width=\"624\">La metodologia de simulaci\u00f3 en els cicles formatius\u00a0 de serveis<\/td>\n<\/tr>\n<tr>\n<td width=\"64\">50<\/td>\n<td width=\"624\">L&#8217;assegurament de la qualitat en l&#8217;FP\u00a0 semipresencial, dual\u00a0 i a dist\u00e0ncia<\/td>\n<\/tr>\n<tr>\n<td width=\"64\">51<\/td>\n<td width=\"624\">La metodologia de simulaci\u00f3 en els cicles formatius\u00a0 de Sanitat<\/td>\n<\/tr>\n<tr>\n<td width=\"64\">52<\/td>\n<td width=\"624\">Seguiment i avaluaci\u00f3 de les activitats a l&#8217;aula<\/td>\n<\/tr>\n<tr>\n<td width=\"64\">53<\/td>\n<td width=\"624\">Activitats de servei a la comunitat de l\u2019alumnat de l\u2019ESO<\/td>\n<\/tr>\n<tr>\n<td width=\"64\">54<\/td>\n<td width=\"624\">Metodologia PBL<\/td>\n<\/tr>\n<tr>\n<td width=\"64\">55<\/td>\n<td width=\"624\">Entorns d\u2019aprenentatge al centre: la cooperaci\u00f3 entre fam\u00edlies professionals<\/td>\n<\/tr>\n<tr>\n<td width=\"64\">56<\/td>\n<td width=\"624\">Aplicacions m\u00f2bils per a les fam\u00edlies professionals d&#8217;Administraci\u00f3 i Gesti\u00f3, i de Comer\u00e7 i M\u00e0rqueting<\/td>\n<\/tr>\n<\/tbody>\n<\/table>\n<\/div>\n<p>El dia de la Jornada es comunicar\u00e0 la taula assignada al Work-caf\u00e8. Nom\u00e9s es mantindran les taules que disposin d\u2019una inscripci\u00f3 suficient. En cas de no poder assignar la primera taula sol\u00b7licitada s\u2019assignar\u00e0 la seg\u00fcent per odre estricte de prioritat en la inscripci\u00f3.<\/p>\n<p><strong><a href=\"http:\/\/xtec.gencat.cat\/web\/.content\/alfresco\/d\/d\/workspace\/SpacesStore\/0074\/ae5701c2-982a-4ec8-8b36-98bd1c3fc713\/webxtec.png\"><img decoding=\"async\" src=\"http:\/\/xtec.gencat.cat\/web\/.content\/alfresco\/d\/d\/workspace\/SpacesStore\/0074\/ae5701c2-982a-4ec8-8b36-98bd1c3fc713\/webxtec.png\" alt=\"jq14\" \/><\/a><\/strong><\/p>\n","protected":false},"excerpt":{"rendered":"<p>13 de novembre de 2014, Campus de la UAB, Hotel Campus<br \/>\n<a href=\"https:\/\/projectes.xtec.cat\/qualitatfp\/wp-content\/uploads\/usu772\/2021\/03\/programa_xii_jornada_qualitat.pdf\" target=\"_blank\" rel=\"noopener noreferrer\">Programa de la XII Jornada de Qualitat a l&#8217;Ensenyament<\/a><br \/>\nAcc\u00e9s a les inscripcions de professorat amb compte XTEC<br \/>\nAcc\u00e9s a les inscripcions per al p\u00fablic que no t\u00e9 compte XTEC<br \/>\n<a href=\"https:\/\/projectes.xtec.cat\/qualitatfp\/wp-content\/uploads\/usu772\/2021\/03\/Fullet-programa-2014.pdf\" target=\"_blank\" rel=\"noopener&hellip;  <a href=\"https:\/\/projectes.xtec.cat\/qualitatfp\/projectes\/jornades-de-difusio\/jornada-de-qualitat\/xii-jornada-de-qualitat\/\" title=\"Read XII Jornada de qualitat\">Llegeix m\u00e9s\u00bb<\/a><\/p>\n","protected":false},"author":1,"featured_media":0,"parent":8565,"menu_order":80,"comment_status":"closed","ping_status":"closed","template":"page-templates\/side-menu.php","meta":{"_bbp_topic_count":0,"_bbp_reply_count":0,"_bbp_total_topic_count":0,"_bbp_total_reply_count":0,"_bbp_voice_count":0,"_bbp_anonymous_reply_count":0,"_bbp_topic_count_hidden":0,"_bbp_reply_count_hidden":0,"_bbp_forum_subforum_count":0,"footnotes":""},"class_list":["post-9402","page","type-page","status-publish","hentry"],"post_mailing_queue_ids":[],"_links":{"self":[{"href":"https:\/\/projectes.xtec.cat\/qualitatfp\/wp-json\/wp\/v2\/pages\/9402","targetHints":{"allow":["GET"]}}],"collection":[{"href":"https:\/\/projectes.xtec.cat\/qualitatfp\/wp-json\/wp\/v2\/pages"}],"about":[{"href":"https:\/\/projectes.xtec.cat\/qualitatfp\/wp-json\/wp\/v2\/types\/page"}],"author":[{"embeddable":true,"href":"https:\/\/projectes.xtec.cat\/qualitatfp\/wp-json\/wp\/v2\/users\/1"}],"replies":[{"embeddable":true,"href":"https:\/\/projectes.xtec.cat\/qualitatfp\/wp-json\/wp\/v2\/comments?post=9402"}],"version-history":[{"count":3,"href":"https:\/\/projectes.xtec.cat\/qualitatfp\/wp-json\/wp\/v2\/pages\/9402\/revisions"}],"predecessor-version":[{"id":9542,"href":"https:\/\/projectes.xtec.cat\/qualitatfp\/wp-json\/wp\/v2\/pages\/9402\/revisions\/9542"}],"up":[{"embeddable":true,"href":"https:\/\/projectes.xtec.cat\/qualitatfp\/wp-json\/wp\/v2\/pages\/8565"}],"wp:attachment":[{"href":"https:\/\/projectes.xtec.cat\/qualitatfp\/wp-json\/wp\/v2\/media?parent=9402"}],"curies":[{"name":"wp","href":"https:\/\/api.w.org\/{rel}","templated":true}]}}